{"id":69811,"date":"2025-08-19T13:02:04","date_gmt":"2025-08-19T10:02:04","guid":{"rendered":"https:\/\/www.tekislastik.com\/?post_type=product&#038;p=69811"},"modified":"2026-04-01T12:17:06","modified_gmt":"2026-04-01T09:17:06","slug":"8mm-polyester-kordon-ip","status":"publish","type":"product","link":"https:\/\/www.tekislastik.com\/tr\/8mm-polyester-kordon-ip\/","title":{"rendered":"8mm Polyester Kordon \u0130p"},"content":{"rendered":"<h1><strong>8mm Polyester Kordon \u0130p<br \/>\n<\/strong><\/h1>\n<p>8mm Polyester kordon ip, y\u00fcksek mukavemetli i\u00e7 dolgusuyla ve estetik d\u0131\u015f yap\u0131s\u0131yla \u00f6ne \u00e7\u0131kan \u00e7ok ama\u00e7l\u0131 bir \u00fcr\u00fcnd\u00fcr. Tres \u00f6rg\u00fc tekni\u011fiyle \u00fcretilmi\u015f olan bu <a href=\"https:\/\/www.tekislastik.com\/tr\/urunler\/kordon\/\">kordon<\/a>, i\u00e7 k\u0131sm\u0131ndaki naylon dolgusu sayesinde ekstra dayan\u0131kl\u0131l\u0131k sunar.<br \/>\nKullan\u0131m alan\u0131 son derece geni\u015ftir: tasma, \u00e7anta sap\u0131, el i\u015fi, makrome, kamp ekipman\u0131, hatta dekoratif ba\u011flama i\u015flerinde rahatl\u0131kla\u00a0kullan\u0131labilir.<\/p>\n<table class=\"w-fit min-w-(--thread-content-width)\" data-start=\"980\" data-end=\"1776\">\n<thead data-start=\"980\" data-end=\"1059\">\n<tr data-start=\"980\" data-end=\"1059\">\n<th data-start=\"980\" data-end=\"1005\" data-col-size=\"sm\">\u00d6zellik<\/th>\n<th data-start=\"1005\" data-end=\"1059\" data-col-size=\"md\">A\u00e7\u0131klama<\/th>\n<\/tr>\n<\/thead>\n<tbody data-start=\"1140\" data-end=\"1776\">\n<tr data-start=\"1140\" data-end=\"1219\">\n<td data-start=\"1140\" data-end=\"1165\" data-col-size=\"sm\"><strong data-start=\"1142\" data-end=\"1149\">\u00c7ap<\/strong><\/td>\n<td data-start=\"1165\" data-end=\"1219\" data-col-size=\"md\">8 mm<\/td>\n<\/tr>\n<tr data-start=\"1220\" data-end=\"1299\">\n<td data-start=\"1220\" data-end=\"1245\" data-col-size=\"sm\"><strong data-start=\"1222\" data-end=\"1232\">\u0130\u00e7erik<\/strong><\/td>\n<td data-start=\"1245\" data-end=\"1299\" data-col-size=\"md\">Naylon dolgulu \u2013 d\u0131\u015f y\u00fczey pamuk g\u00f6r\u00fcn\u00fcml\u00fc \u00f6rg\u00fc<\/td>\n<\/tr>\n<tr data-start=\"1300\" data-end=\"1379\">\n<td data-start=\"1300\" data-end=\"1325\" data-col-size=\"sm\"><strong data-start=\"1302\" data-end=\"1318\">\u00d6rg\u00fc Tekni\u011fi<\/strong><\/td>\n<td data-start=\"1325\" data-end=\"1379\" data-col-size=\"md\">Tres \u00f6rg\u00fc<\/td>\n<\/tr>\n<tr data-start=\"1380\" data-end=\"1459\">\n<td data-start=\"1380\" data-end=\"1405\" data-col-size=\"sm\"><strong data-start=\"1382\" data-end=\"1402\">Renk Se\u00e7enekleri<\/strong><\/td>\n<td data-start=\"1405\" data-end=\"1459\" data-col-size=\"md\">Siyah, beyaz, gri, haki, k\u0131rm\u0131z\u0131, lacivert vb.<\/td>\n<\/tr>\n<tr data-start=\"1460\" data-end=\"1538\">\n<td data-start=\"1460\" data-end=\"1485\" data-col-size=\"sm\"><strong data-start=\"1462\" data-end=\"1473\">Ambalaj<\/strong><\/td>\n<td data-start=\"1485\" data-end=\"1538\" data-col-size=\"md\">40 metre\u00a0 bobin<\/td>\n<\/tr>\n<tr data-start=\"1539\" data-end=\"1618\">\n<td data-start=\"1539\" data-end=\"1564\" data-col-size=\"sm\"><strong data-start=\"1541\" data-end=\"1558\">Kopma Direnci<\/strong><\/td>\n<td data-start=\"1564\" data-end=\"1618\" data-col-size=\"md\">Y\u00fcksek mukavemetli naylon sayesinde art\u0131r\u0131lm\u0131\u015f<\/td>\n<\/tr>\n<tr data-start=\"1619\" data-end=\"1697\">\n<td data-start=\"1619\" data-end=\"1644\" data-col-size=\"sm\"><strong data-start=\"1621\" data-end=\"1633\">Esneklik<\/strong><\/td>\n<td data-start=\"1644\" data-end=\"1697\" data-col-size=\"md\">Yar\u0131 esnek yap\u0131 (sabitleme + \u015fekillendirme uygun)<\/td>\n<\/tr>\n<tr data-start=\"1698\" data-end=\"1776\">\n<td data-start=\"1698\" data-end=\"1723\" data-col-size=\"sm\"><strong data-start=\"1700\" data-end=\"1710\">Men\u015fei<\/strong><\/td>\n<td data-start=\"1723\" data-end=\"1776\" data-col-size=\"md\">T\u00fcrkiye<\/td>\n<\/tr>\n<\/tbody>\n<\/table>\n<hr data-start=\"1448\" data-end=\"1451\" \/>\n<h2 data-start=\"1453\" data-end=\"1477\"><strong>8mm Polyester Kordon \u0130p Uygulama Alanlar\u0131<\/strong><\/h2>\n<ul data-start=\"1479\" data-end=\"1752\">\n<li data-start=\"1479\" data-end=\"1512\">\n<p data-start=\"1481\" data-end=\"1512\"><a href=\"https:\/\/www.habbypet.com\/rope-dog-leash\/\" target=\"_blank\" rel=\"noopener\">Evcil hayvan tasma yap\u0131m\u0131<\/a><\/p>\n<\/li>\n<li data-start=\"1513\" data-end=\"1548\">\n<p data-start=\"1515\" data-end=\"1548\">\u00c7anta sap\u0131 ve ask\u0131 tasar\u0131m\u0131<\/p>\n<\/li>\n<li data-start=\"1549\" data-end=\"1590\">\n<p data-start=\"1551\" data-end=\"1590\">El i\u015fi \u2013 hobi \u2013 makrome projeleri<\/p>\n<\/li>\n<li data-start=\"1591\" data-end=\"1643\">\n<p data-start=\"1593\" data-end=\"1643\">Dekoratif d\u00fc\u011f\u00fcm, ba\u011flama ve sabitleme i\u015fleri<\/p>\n<\/li>\n<li data-start=\"1644\" data-end=\"1693\">\n<p data-start=\"1646\" data-end=\"1693\">Ticari \u00fcr\u00fcn etiketleme ve ambalaj s\u00fcsleme<\/p>\n<\/li>\n<li data-start=\"1694\" data-end=\"1752\">\n<p data-start=\"1696\" data-end=\"1752\">Kamp, \u00e7ad\u0131r, branda gibi alanlarda pratik kullan\u0131m<\/p>\n<\/li>\n<\/ul>\n<hr data-start=\"1754\" data-end=\"1757\" \/>\n<h2 data-start=\"1759\" data-end=\"1784\"><strong>\u00a0\u00dcr\u00fcn\u00fcn Avantajlar\u0131<\/strong><\/h2>\n<ul data-start=\"1786\" data-end=\"2090\">\n<li data-start=\"1786\" data-end=\"1840\">\n<p data-start=\"1788\" data-end=\"1840\">Naylon dolgulu yap\u0131s\u0131yla uzun \u00f6m\u00fcrl\u00fc ve sa\u011flam<\/p>\n<\/li>\n<li data-start=\"1841\" data-end=\"1901\">\n<p data-start=\"1843\" data-end=\"1901\">Tres \u00f6rg\u00fcs\u00fc sayesinde yumu\u015fak ve do\u011fal dokunu\u015f hissi<\/p>\n<\/li>\n<li data-start=\"1902\" data-end=\"1970\">\n<p data-start=\"1904\" data-end=\"1970\">Yar\u0131 esnek yap\u0131s\u0131yla hem sabitleme hem d\u00fc\u011f\u00fcm i\u015flerinde ideal<\/p>\n<\/li>\n<li data-start=\"1971\" data-end=\"2026\">\n<p data-start=\"1973\" data-end=\"2026\">Geni\u015f renk yelpazesiyle her projeye uyum sa\u011flar<\/p>\n<\/li>\n<li data-start=\"2027\" data-end=\"2090\">\n<p data-start=\"2029\" data-end=\"2090\">Yerel \u00fcretim olmas\u0131 nedeniyle istikrarl\u0131 tedarik imk\u00e2n\u0131<\/p>\n<\/li>\n<\/ul>\n","protected":false},"excerpt":{"rendered":"<p>8mm Polyester Kordon \u0130p 8mm Polyester kordon ip, y\u00fcksek mukavemetli i\u00e7 dolgusuyla ve estetik d\u0131\u015f yap\u0131s\u0131yla \u00f6ne \u00e7\u0131kan \u00e7ok ama\u00e7l\u0131 bir \u00fcr\u00fcnd\u00fcr. Tres \u00f6rg\u00fc tekni\u011fiyle \u00fcretilmi\u015f olan bu kordon, i\u00e7 k\u0131sm\u0131ndaki naylon dolgusu sayesinde ekstra dayan\u0131kl\u0131l\u0131k sunar. Kullan\u0131m alan\u0131 son&#8230;<\/p>\n","protected":false},"featured_media":69854,"comment_status":"open","ping_status":"closed","template":"","meta":[],"product_brand":[],"product_cat":[2233],"product_tag":[6820,6944,8298,4638,6772,4639,6809,4642,6270,8292,8347,8349,8694,8707,8314,8130,2621,8708,8661,4667,6811,4546,8627,6783,8205,4673,8297,8709,6787],"class_list":{"0":"post-69811","1":"product","2":"type-product","3":"status-publish","4":"has-post-thumbnail","6":"product_cat-kordon","7":"product_tag-8mm","8":"product_tag-ambalaj","9":"product_tag-beyaz","10":"product_tag-dayanikli","11":"product_tag-dayaniklilik","12":"product_tag-dogal","13":"product_tag-el-isi","14":"product_tag-esnek","15":"product_tag-esneklik","16":"product_tag-estetik","17":"product_tag-evcil-hayvan","18":"product_tag-evcil-hayvan-tasma","19":"product_tag-gri","20":"product_tag-haki","21":"product_tag-hobi","22":"product_tag-ip","23":"product_tag-kordon","24":"product_tag-kordon-ip","25":"product_tag-lacivert","26":"product_tag-naylon","27":"product_tag-pamuk","28":"product_tag-polyester","29":"product_tag-polyester-kordon","30":"product_tag-renk","31":"product_tag-saglam","32":"product_tag-siyah","33":"product_tag-tasarim","34":"product_tag-tres-orgu","35":"product_tag-yumusak","36":"pa_renk-gri","37":"pa_renk-kirmizi","38":"pa_renk-krem","39":"pa_renk-lila-2","40":"pa_renk-mavi-tr","41":"pa_renk-pembe","42":"pa_renk-sari","43":"pa_renk-siyah","44":"pa_renk-turuncu","46":"first","47":"instock","48":"taxable","49":"shipping-taxable","50":"purchasable","51":"product-type-variable","52":"has-default-attributes"},"_links":{"self":[{"href":"https:\/\/www.tekislastik.com\/tr\/wp-json\/wp\/v2\/product\/69811","targetHints":{"allow":["GET"]}}],"collection":[{"href":"https:\/\/www.tekislastik.com\/tr\/wp-json\/wp\/v2\/product"}],"about":[{"href":"https:\/\/www.tekislastik.com\/tr\/wp-json\/wp\/v2\/types\/product"}],"replies":[{"embeddable":true,"href":"https:\/\/www.tekislastik.com\/tr\/wp-json\/wp\/v2\/comments?post=69811"}],"wp:featuredmedia":[{"embeddable":true,"href":"https:\/\/www.tekislastik.com\/tr\/wp-json\/wp\/v2\/media\/69854"}],"wp:attachment":[{"href":"https:\/\/www.tekislastik.com\/tr\/wp-json\/wp\/v2\/media?parent=69811"}],"wp:term":[{"taxonomy":"product_brand","embeddable":true,"href":"https:\/\/www.tekislastik.com\/tr\/wp-json\/wp\/v2\/product_brand?post=69811"},{"taxonomy":"product_cat","embeddable":true,"href":"https:\/\/www.tekislastik.com\/tr\/wp-json\/wp\/v2\/product_cat?post=69811"},{"taxonomy":"product_tag","embeddable":true,"href":"https:\/\/www.tekislastik.com\/tr\/wp-json\/wp\/v2\/product_tag?post=69811"}],"curies":[{"name":"wp","href":"https:\/\/api.w.org\/{rel}","templated":true}]}}