{"id":68676,"date":"2025-08-14T12:33:27","date_gmt":"2025-08-14T09:33:27","guid":{"rendered":"https:\/\/www.tekislastik.com\/?post_type=product&#038;p=68676"},"modified":"2026-04-01T16:32:20","modified_gmt":"2026-04-01T13:32:20","slug":"30mm-renkli-lastik","status":"publish","type":"product","link":"https:\/\/www.tekislastik.com\/tr\/30mm-renkli-lastik\/","title":{"rendered":"30mm Renkli Lastik"},"content":{"rendered":"<h1><strong>30mm Renkli Lastik<br \/>\n<\/strong><\/h1>\n<p>30mm renkli lastik, %65 polyester ve %35 elastan kar\u0131\u015f\u0131m\u0131yla y\u00fcksek dayan\u0131kl\u0131l\u0131k sunar. Dokuma yap\u0131s\u0131 sayesinde \u00fcr\u00fcn, hem esnek hem de uzun \u00f6m\u00fcrl\u00fcd\u00fcr. 22 farkl\u0131 canl\u0131 stok rengi mevcuttur. Ayr\u0131ca iste\u011fe \u00f6zel renk \u00fcretimi yap\u0131labilir. 10 metre ve 25 metre olmak \u00fczere iki ambalaj se\u00e7ene\u011fi ile sunulur.<\/p>\n<h2><strong>Teknik \u00d6zellikler<\/strong><\/h2>\n<p>&#8211; Geni\u015flik: 30 mm<br \/>\n&#8211; \u0130\u00e7erik: %65 Polyester \/ %35 Elastan<br \/>\n&#8211; Renk: 22 stok rengi + \u00f6zel renk \u00fcretimi<br \/>\n&#8211; Paketleme: 10 m ve 25 m rulo<br \/>\n&#8211; \u00dcretim: Apre ve fikse i\u015fleminden ge\u00e7irilmi\u015f, \u00e7ekmez yap\u0131l\u0131<\/p>\n<h2><strong>30mm Renkli Lastik Kullan\u0131m Alanlar\u0131<\/strong><\/h2>\n<p>&#8211; Outdoor giyim \u00fcr\u00fcnleri (ceket, pantolon kemer lastikleri)<br \/>\n&#8211; Moda ve konfeksiyon projeleri<br \/>\n&#8211; Hobi ve DIY tasar\u0131mlar<br \/>\n&#8211; Medikal aksesuar \u00fcretimi (bel korsesi, dizlik lasti\u011fi)<br \/>\n&#8211; Spor ve kamp ekipmanlar\u0131<br \/>\n<a href=\"https:\/\/www.tekislastik.com\/tr\/ayakkabi-endustrisi\/\">&#8211; Ayakkab\u0131 bileklikleri ve diz sabitleyiciler<\/a><\/p>\n<h2><strong>\u00dcretim G\u00fcc\u00fc ve Stok Avantaj\u0131<\/strong><\/h2>\n<p>\u00dcr\u00fcn, y\u00fcksek gramajl\u0131 yap\u0131s\u0131yla uzun \u00f6m\u00fcrl\u00fc kullan\u0131m sa\u011flar. 22 renk sto\u011fu sayesinde hemen teslim avantaj\u0131 sunar. Minimum 2000 metre sipari\u015fle \u00f6zel renk \u00fcretimi yap\u0131labilir. \u00dcr\u00fcnlerimiz hepsi <a href=\"https:\/\/www.oeko-tex.com\/en\/\" target=\"_blank\" rel=\"noopener\">OEKO-TEX<\/a> sertifikal\u0131d\u0131r. G\u00fcnl\u00fck y\u00fcksek metrajl\u0131 \u00fcretim kapasitesi ile tedarik s\u00fcreklili\u011fi garantilenir.<\/p>\n<p>&nbsp;<\/p>\n","protected":false},"excerpt":{"rendered":"<p>30mm Renkli Lastik 30mm renkli lastik, %65 polyester ve %35 elastan kar\u0131\u015f\u0131m\u0131yla y\u00fcksek dayan\u0131kl\u0131l\u0131k sunar. Dokuma yap\u0131s\u0131 sayesinde \u00fcr\u00fcn, hem esnek hem de uzun \u00f6m\u00fcrl\u00fcd\u00fcr. 22 farkl\u0131 canl\u0131 stok rengi mevcuttur. Ayr\u0131ca iste\u011fe \u00f6zel renk \u00fcretimi yap\u0131labilir. 10 metre ve&#8230;<\/p>\n","protected":false},"featured_media":68539,"comment_status":"open","ping_status":"closed","template":"","meta":[],"product_brand":[],"product_cat":[2308,2240,2231],"product_tag":[6792,3132,3079,3080,6793,3081,8168,6791,3083,4650,8294,6944,8663,3158,4545,4547,1055,4637,4850,4638,6772,6773,4548,4549,6774,4639,4640,4851,3669,2622,3100,4641,4550,1888,4551,3659,4642,6270,6775,6776,8665,4552,4553,4651,6777,4554,4555,8314,4556,4643,4845,4848,6778,6824,4674,6802,2671,2619,4657,4557,4659,4660,4558,4840,4841,4644,6779,6780,4559,4645,4653,4546,4849,4560,6782,4842,8305,6783,8313,3154,8625,4839,4561,4562,4673,3152,6784,6785,4563,3109,4564,4869,4565,4566,4567,7336,4568,4569,6786,4647,6788],"class_list":{"0":"post-68676","1":"product","2":"type-product","3":"status-publish","4":"has-post-thumbnail","6":"product_cat-dokuma-lastik","7":"product_cat-lastik","8":"product_cat-paca-lastik","9":"product_tag-20mm","10":"product_tag-20mm-dokuma-lastik","11":"product_tag-20mm-konfeksiyon-lastik","12":"product_tag-20mm-super-konfeksiyon-lastik","13":"product_tag-25mm","14":"product_tag-25mm-konfeksiyon-lastik","15":"product_tag-30-mm","16":"product_tag-30mm","17":"product_tag-30mm-konfeksiyon-lastik","18":"product_tag-agir-kumas","19":"product_tag-aksesuar","20":"product_tag-ambalaj","21":"product_tag-apre","22":"product_tag-beyaz-dokuma-lastik","23":"product_tag-black","24":"product_tag-breathable","25":"product_tag-color","26":"product_tag-dar-dokuma","27":"product_tag-dar-dokuma-teknigi","28":"product_tag-dayanikli","29":"product_tag-dayaniklilik","30":"product_tag-deformasyon","31":"product_tag-diy","32":"product_tag-diy-projects","33":"product_tag-diy-projeleri","34":"product_tag-dogal","35":"product_tag-dogal-kaucuk","36":"product_tag-dogal-kaucuk-lateks","37":"product_tag-dokuma","38":"product_tag-dokuma-lastik","39":"product_tag-dokuma-lastik-ureticisi","40":"product_tag-dokuma-teknigi","41":"product_tag-durability","42":"product_tag-elastic","43":"product_tag-elasticity","44":"product_tag-elastik","45":"product_tag-esnek","46":"product_tag-esneklik","47":"product_tag-ev-tekstilinde-kullanilabilir","48":"product_tag-farkli-renk-ve-beden","49":"product_tag-fikse","50":"product_tag-flexibility","51":"product_tag-garments","52":"product_tag-giyim","53":"product_tag-guvenli","54":"product_tag-heavy-fabrics","55":"product_tag-high-quality","56":"product_tag-hobi","57":"product_tag-home-textiles","58":"product_tag-iplik","59":"product_tag-kaliteli","60":"product_tag-kaucuk","61":"product_tag-kaucuk-lateks","62":"product_tag-kemer","63":"product_tag-kendin-yap","64":"product_tag-konfeksiyon","65":"product_tag-konfeksiyon-lastik","66":"product_tag-lastik","67":"product_tag-lateks","68":"product_tag-latex","69":"product_tag-medikal","70":"product_tag-moda","71":"product_tag-narrow-weaving","72":"product_tag-narrow-weaving-technique","73":"product_tag-natural-rubber-latex","74":"product_tag-nefes-alabilir","75":"product_tag-oeko-tex","76":"product_tag-orta-ve-agir-kumasli-projeler","77":"product_tag-packaging","78":"product_tag-paketleme","79":"product_tag-pantolon","80":"product_tag-polyester","81":"product_tag-polyester-iplik","82":"product_tag-polyester-yarn","83":"product_tag-projeler","84":"product_tag-quality","85":"product_tag-rd","86":"product_tag-renk","87":"product_tag-renkli","88":"product_tag-renkli-dokuma-lastik","89":"product_tag-renkli-lastik","90":"product_tag-rubber","91":"product_tag-sewing","92":"product_tag-sewing-projects","93":"product_tag-siyah","94":"product_tag-siyah-dokuma-lastik","95":"product_tag-standard","96":"product_tag-standard-100-oeko-tex","97":"product_tag-suitable","98":"product_tag-super-konfeksiyon-lastik","99":"product_tag-trousers","100":"product_tag-uzun-omurlu","101":"product_tag-washable","102":"product_tag-weaving","103":"product_tag-weaving-technique","104":"product_tag-woven","105":"product_tag-woven-rubber","106":"product_tag-yarn","107":"product_tag-yastik","108":"product_tag-yikanabilir","109":"product_tag-yuksek-kaliteli","110":"pa_renk-bebe-mavi","111":"pa_renk-bej","112":"pa_renk-beyaz","113":"pa_renk-bordo","114":"pa_renk-fusya","115":"pa_renk-gri","116":"pa_renk-gul-kurusu","117":"pa_renk-haki","118":"pa_renk-kahverengi","119":"pa_renk-kirmizi","120":"pa_renk-koyu-mavi","121":"pa_renk-lacivert","122":"pa_renk-mor","123":"pa_renk-neon-pembe","124":"pa_renk-neon-sari","125":"pa_renk-neon-turuncu","126":"pa_renk-neon-yesil","127":"pa_renk-pudra","128":"pa_renk-siyah","129":"pa_renk-turkuaz","130":"pa_renk-turuncu","131":"pa_renk-yesil","133":"first","134":"instock","135":"taxable","136":"shipping-taxable","137":"purchasable","138":"product-type-variable","139":"has-default-attributes"},"_links":{"self":[{"href":"https:\/\/www.tekislastik.com\/tr\/wp-json\/wp\/v2\/product\/68676","targetHints":{"allow":["GET"]}}],"collection":[{"href":"https:\/\/www.tekislastik.com\/tr\/wp-json\/wp\/v2\/product"}],"about":[{"href":"https:\/\/www.tekislastik.com\/tr\/wp-json\/wp\/v2\/types\/product"}],"replies":[{"embeddable":true,"href":"https:\/\/www.tekislastik.com\/tr\/wp-json\/wp\/v2\/comments?post=68676"}],"wp:featuredmedia":[{"embeddable":true,"href":"https:\/\/www.tekislastik.com\/tr\/wp-json\/wp\/v2\/media\/68539"}],"wp:attachment":[{"href":"https:\/\/www.tekislastik.com\/tr\/wp-json\/wp\/v2\/media?parent=68676"}],"wp:term":[{"taxonomy":"product_brand","embeddable":true,"href":"https:\/\/www.tekislastik.com\/tr\/wp-json\/wp\/v2\/product_brand?post=68676"},{"taxonomy":"product_cat","embeddable":true,"href":"https:\/\/www.tekislastik.com\/tr\/wp-json\/wp\/v2\/product_cat?post=68676"},{"taxonomy":"product_tag","embeddable":true,"href":"https:\/\/www.tekislastik.com\/tr\/wp-json\/wp\/v2\/product_tag?post=68676"}],"curies":[{"name":"wp","href":"https:\/\/api.w.org\/{rel}","templated":true}]}}