{"id":61728,"date":"2023-06-14T13:55:57","date_gmt":"2023-06-15T07:01:38","guid":{"rendered":"https:\/\/www.tekislastik.com\/?post_type=product&#038;p=61728"},"modified":"2024-07-11T15:59:09","modified_gmt":"2024-07-11T12:59:09","slug":"25mm-baskili-tasma-kolonu","status":"publish","type":"product","link":"https:\/\/www.tekislastik.com\/tr\/25mm-baskili-tasma-kolonu\/","title":{"rendered":"25mm Bask\u0131l\u0131 Tasma Kolonu"},"content":{"rendered":"<div class=\"flex-shrink-0 flex flex-col relative items-end\">\n<div>\n<div class=\"pt-0.5 juice:pt-0\">\n<div class=\"gizmo-bot-avatar flex h-6 w-6 items-center justify-center overflow-hidden rounded-full juice:h-8 juice:w-8\">\n<div class=\"relative p-1 rounded-sm flex items-center justify-center bg-token-main-surface-primary text-token-text-primary h-8 w-8\"><\/div>\n<\/div>\n<\/div>\n<\/div>\n<\/div>\n<div class=\"group\/conversation-turn relative flex w-full min-w-0 flex-col agent-turn\">\n<div class=\"flex-col gap-1 md:gap-3\">\n<div class=\"flex flex-grow flex-col max-w-full\">\n<div class=\"min-h-[20px] text-message flex flex-col items-start whitespace-pre-wrap break-words [.text-message+&amp;]:mt-5 juice:w-full juice:items-end overflow-x-auto gap-2\" dir=\"auto\" data-message-author-role=\"assistant\" data-message-id=\"08e25b4b-0675-4007-b0d1-cd8bfcaaf94b\">\n<div class=\"flex w-full flex-col gap-1 juice:empty:hidden juice:first:pt-[3px]\">\n<div class=\"markdown prose w-full break-words dark:prose-invert light\">\n<ul>\n<li><strong>Kullan\u0131m\u0131 Kolay<\/strong><\/li>\n<\/ul>\n<p>25mm bask\u0131l\u0131 tasma kolonu, istenilen uzunlukta kolayca kesilebilen bir yap\u0131ya sahiptir. \u00c7e\u015fitli renk ve beden se\u00e7enekleriyle, \u00fcr\u00fcn\u00fcm\u00fcz\u00fc ihtiya\u00e7lar\u0131n\u0131za uygun \u015fekilde rahatl\u0131kla kullanabilirsiniz. G\u00fcnl\u00fck kullan\u0131m i\u00e7in ideal olan tasma kolonumuz, y\u00fcksek kaliteli malzemeden \u00fcretilmi\u015ftir ve dayan\u0131kl\u0131l\u0131\u011f\u0131, sa\u011flaml\u0131\u011f\u0131 ve a\u015f\u0131nmaya kar\u015f\u0131 direnciyle \u00f6ne \u00e7\u0131kar.<\/p>\n<ul>\n<li><strong>Dayan\u0131kl\u0131l\u0131k ve Yumu\u015fakl\u0131k<\/strong><\/li>\n<\/ul>\n<p>\u00dcr\u00fcn\u00fcm\u00fczde kullan\u0131lan y\u00fcksek kaliteli malzemeler sayesinde 25mm bask\u0131l\u0131 tasma kolonu son derece dayan\u0131kl\u0131, uzun \u00f6m\u00fcrl\u00fc ve yumu\u015fakt\u0131r. \u0130yi bir a\u015f\u0131nma direncine sahip olan tasma kolonumuz kolayca buru\u015fmaz. Ayr\u0131ca y\u0131kanabilir \u00f6zelli\u011fiyle de kullan\u0131m\u0131 pratiktir. Dayan\u0131kl\u0131l\u0131\u011f\u0131n\u0131n yan\u0131 s\u0131ra nefes alabilir ve kullan\u0131m\u0131 rahatt\u0131r. Bu \u00f6zellikler, uzun bir hizmet \u00f6mr\u00fc sunar.<\/p>\n<ul>\n<li><strong>Malzeme<\/strong><\/li>\n<\/ul>\n<p>25mm bask\u0131l\u0131 tasma kolonu, y\u00fcksek kaliteli polyester malzemeden \u00fcretilir. Bu malzeme, dayan\u0131kl\u0131l\u0131\u011f\u0131n\u0131 art\u0131rarak uzun s\u00fcreli kullan\u0131ma uygun hale getirir.<\/p>\n<ul>\n<li><strong>Kullan\u0131m Alan\u0131<\/strong><\/li>\n<\/ul>\n<p>25mm bask\u0131l\u0131 tasma kolonu, farkl\u0131 renkteki tasmalar i\u00e7in ideal bir se\u00e7enektir. \u015e\u0131k ve dekoratif bask\u0131lar\u0131yla tasmalar\u0131n\u0131za \u00f6zel bir g\u00f6r\u00fcn\u00fcm katar. Farkl\u0131 beden se\u00e7enekleriyle ihtiya\u00e7lar\u0131n\u0131za uygun bir tasma kolonu se\u00e7ebilirsiniz.<\/p>\n<ul>\n<li><strong>Kolay Temizlenir<\/strong><\/li>\n<\/ul>\n<p>25mm bask\u0131l\u0131 tasma kolonu, temizlenmesi ve bak\u0131m\u0131 kolayd\u0131r. Bir bezle silerek veya hafif bir sabunlu suyla temizleyerek tasma kolonunuzu temiz tutabilirsiniz.<\/p>\n<ul>\n<li><strong>Renk ve Beden<\/strong><\/li>\n<\/ul>\n<p>\u00c7e\u015fitli renk ve beden se\u00e7enekleriyle tasma kolonunuzu istedi\u011finiz gibi \u00f6zelle\u015ftirebilirsiniz.<\/p>\n<ul>\n<li><strong>Paketleme<\/strong><\/li>\n<\/ul>\n<p>\u00dcr\u00fcn\u00fcm\u00fcz, uygun ve g\u00fcvenli bir \u015fekilde paketlenerek size ula\u015ft\u0131r\u0131l\u0131r. B\u00f6ylece \u00fcr\u00fcn\u00fcm\u00fczde herhangi bir deformasyon veya kirlenme riski olmadan kullan\u0131m\u0131na ba\u015flayabilirsiniz.<\/p>\n<\/div>\n<\/div>\n<\/div>\n<\/div>\n<\/div>\n<\/div>\n","protected":false},"excerpt":{"rendered":"<p>Kullan\u0131m\u0131 Kolay 25mm bask\u0131l\u0131 tasma kolonu, istenilen uzunlukta kolayca kesilebilen bir yap\u0131ya sahiptir. \u00c7e\u015fitli renk ve beden se\u00e7enekleriyle, \u00fcr\u00fcn\u00fcm\u00fcz\u00fc ihtiya\u00e7lar\u0131n\u0131za uygun \u015fekilde rahatl\u0131kla kullanabilirsiniz. G\u00fcnl\u00fck kullan\u0131m i\u00e7in ideal olan tasma kolonumuz, y\u00fcksek kaliteli malzemeden \u00fcretilmi\u015ftir ve dayan\u0131kl\u0131l\u0131\u011f\u0131, sa\u011flaml\u0131\u011f\u0131 ve a\u015f\u0131nmaya&#8230;<\/p>\n","protected":false},"featured_media":61708,"comment_status":"open","ping_status":"closed","template":"","meta":[],"product_brand":[],"product_cat":[2307,2230],"product_tag":[6793,4844,8187,8188,4638,6772,6773,6777,8171,4845,6803,4644,4645,4648,6783,7241,7242,6812,4647,6788],"class_list":{"0":"post-61728","1":"product","2":"type-product","3":"status-publish","4":"has-post-thumbnail","6":"product_cat-serit","7":"product_cat-tasma-kolonu","8":"product_tag-25mm","9":"product_tag-baski","10":"product_tag-baskili-tasma","11":"product_tag-baskili-tasma-kolonu","12":"product_tag-dayanikli","13":"product_tag-dayaniklilik","14":"product_tag-deformasyon","15":"product_tag-guvenli","16":"product_tag-hafif","17":"product_tag-kaliteli","18":"product_tag-kullanimi-kolay","19":"product_tag-nefes-alabilir","20":"product_tag-paketleme","21":"product_tag-polyester-tr","22":"product_tag-renk","23":"product_tag-tasma-tr","24":"product_tag-tasma-kolonu-tr","25":"product_tag-tekis-lastik","26":"product_tag-yikanabilir","27":"product_tag-yuksek-kaliteli","29":"first","30":"instock","31":"taxable","32":"shipping-taxable","33":"purchasable","34":"product-type-variable","35":"has-default-attributes"},"_links":{"self":[{"href":"https:\/\/www.tekislastik.com\/tr\/wp-json\/wp\/v2\/product\/61728","targetHints":{"allow":["GET"]}}],"collection":[{"href":"https:\/\/www.tekislastik.com\/tr\/wp-json\/wp\/v2\/product"}],"about":[{"href":"https:\/\/www.tekislastik.com\/tr\/wp-json\/wp\/v2\/types\/product"}],"replies":[{"embeddable":true,"href":"https:\/\/www.tekislastik.com\/tr\/wp-json\/wp\/v2\/comments?post=61728"}],"wp:featuredmedia":[{"embeddable":true,"href":"https:\/\/www.tekislastik.com\/tr\/wp-json\/wp\/v2\/media\/61708"}],"wp:attachment":[{"href":"https:\/\/www.tekislastik.com\/tr\/wp-json\/wp\/v2\/media?parent=61728"}],"wp:term":[{"taxonomy":"product_brand","embeddable":true,"href":"https:\/\/www.tekislastik.com\/tr\/wp-json\/wp\/v2\/product_brand?post=61728"},{"taxonomy":"product_cat","embeddable":true,"href":"https:\/\/www.tekislastik.com\/tr\/wp-json\/wp\/v2\/product_cat?post=61728"},{"taxonomy":"product_tag","embeddable":true,"href":"https:\/\/www.tekislastik.com\/tr\/wp-json\/wp\/v2\/product_tag?post=61728"}],"curies":[{"name":"wp","href":"https:\/\/api.w.org\/{rel}","templated":true}]}}