{"id":61134,"date":"2023-06-05T12:20:18","date_gmt":"2023-06-09T06:11:42","guid":{"rendered":"https:\/\/www.tekislastik.com\/?post_type=product&#038;p=61134"},"modified":"2026-04-01T17:46:01","modified_gmt":"2026-04-01T14:46:01","slug":"8mm-tekis-yassi-lastik","status":"publish","type":"product","link":"https:\/\/www.tekislastik.com\/tr\/8mm-tekis-yassi-lastik\/","title":{"rendered":"8mm Teki\u015f Yass\u0131 Lastik"},"content":{"rendered":"<ul>\n<li>\n<h2 class=\"aciklama-h2\"><strong>Kolay Kullan\u0131m:<\/strong><\/h2>\n<\/li>\n<\/ul>\n<p>8mm Teki\u015f Yass\u0131 lastiklerimiz makasla istedi\u011finiz uzunlukta kesmenize uygundur. Rahat esneme ve toparlanma \u00f6zelli\u011fi sayesinde kullan\u0131m\u0131 olduk\u00e7a rahatt\u0131r. Farkl\u0131 renk ve beden se\u00e7enekleri ile \u00fcr\u00fcnlerimizi kullan\u0131m alan\u0131n\u0131za g\u00f6re rahatl\u0131kla kullanabilirsiniz.<\/p>\n<ul>\n<li>\n<h2 class=\"aciklama-h2\"><strong>Dayan\u0131kl\u0131l\u0131k ve Esneklik:<\/strong><\/h2>\n<\/li>\n<\/ul>\n<p>8mm Teki\u015f Yass\u0131 lastiklerimizde kullan\u0131lan y\u00fcksek kaliteli malzemeler sayesinde y\u00fcksek esnekli\u011fe ula\u015fabilmektedir. Esnek kald\u0131\u011f\u0131 s\u00fcrece dahi eski haline d\u00f6nebilir, esnekli\u011fini kolay kolay kaybetmez; Dayan\u0131kl\u0131d\u0131r ve uzun s\u00fcre deforme olmaz. 40\u00b0\u2019ye kadar y\u0131kanabilir. Dayan\u0131kl\u0131l\u0131\u011f\u0131n\u0131n yan\u0131 s\u0131ra nefes alabilir ve kullan\u0131m\u0131 rahatt\u0131r. Bu size uzun bir hizmet \u00f6mr\u00fc sa\u011flar.<\/p>\n<ul>\n<li>\n<h2 class=\"aciklama-h2\"><strong>Materyal:<\/strong><\/h2>\n<\/li>\n<\/ul>\n<p>8mm Teki\u015f Yass\u0131 lastiklerimiz \u00f6rg\u00fc dokuma tekni\u011fi ile \u00fcretilir.<\/p>\n<ul>\n<li>\n<h2 class=\"aciklama-h2\"><strong>Kolay Kullan\u0131m:<\/strong><\/h2>\n<\/li>\n<\/ul>\n<p>8mm Teki\u015f Yass\u0131 lastiklerimiz makasla istedi\u011finiz uzunlukta kesmenize uygundur. Rahat esneme ve toparlanma \u00f6zelli\u011fi sayesinde kullan\u0131m\u0131 olduk\u00e7a rahatt\u0131r. Farkl\u0131 renk ve beden se\u00e7enekleri ile \u00fcr\u00fcnlerimizi kullan\u0131m alan\u0131n\u0131za g\u00f6re rahatl\u0131kla kullanabilirsiniz.<\/p>\n<ul>\n<li>\n<h2 class=\"aciklama-h2\"><strong>Dayan\u0131kl\u0131l\u0131k ve Esneklik:<\/strong><\/h2>\n<\/li>\n<\/ul>\n<p>Yass\u0131 lastiklerimizde kullan\u0131lan y\u00fcksek kaliteli malzemeler sayesinde y\u00fcksek esnekli\u011fe ula\u015fabilmektedir. Esnek kald\u0131\u011f\u0131 s\u00fcrece dahi eski haline d\u00f6nebilir, esnekli\u011fini kolay kolay kaybetmez; Dayan\u0131kl\u0131d\u0131r ve uzun s\u00fcre deforme olmaz. 40\u00b0\u2019ye kadar y\u0131kanabilir. Dayan\u0131kl\u0131l\u0131\u011f\u0131n\u0131n yan\u0131 s\u0131ra nefes alabilir ve kullan\u0131m\u0131 rahatt\u0131r. Bu size uzun bir hizmet \u00f6mr\u00fc sa\u011flar.<\/p>\n<ul>\n<li>\n<h2 class=\"aciklama-h2\"><strong>Materyal:<\/strong><\/h2>\n<\/li>\n<\/ul>\n<p>Yass\u0131 lastiklerimiz \u00f6rg\u00fc dokuma tekni\u011fi ile \u00fcretilmektedir. Y\u00fcksek kaliteli polyester iplik ve do\u011fal kau\u00e7uk lateksten olu\u015fur. \u00dcr\u00fcnlerimiz Standard 100 Oeko-Tex sertifikas\u0131na sahiptir. \u00dcr\u00fcn ve hizmetlerimizi bu belgelendirme standartlar\u0131na uygun olarak sunuyoruz. %65 Polyester ve %35 Do\u011fal Kau\u00e7uk Lateks<\/p>\n<ul>\n<li>\n<h2 class=\"aciklama-h2\"><strong>Geni\u015f Kullan\u0131m Alan\u0131<\/strong>:<\/h2>\n<\/li>\n<\/ul>\n<p>Yass\u0131 lastikler y\u00fcz maskesi, medikal malzeme, kendin yap projeleri, diki\u015f projeleri, tuhafiye, ev tekstili, ayakkab\u0131, ajanda gibi bir\u00e7ok alanda kullan\u0131labilir.<\/p>\n<ul>\n<li>\n<h2 class=\"aciklama-h2\"><strong>Renk ve Beden:<\/strong><\/h2>\n<\/li>\n<\/ul>\n<p>Bu kaliteli yass\u0131 lastikleri farkl\u0131 varyasyonlarda renk ve ebat se\u00e7enekleri ile istedi\u011finiz kullan\u0131m alan\u0131na g\u00f6re kullanabilirsiniz.<\/p>\n<ul>\n<li>\n<h2 class=\"aciklama-h2\"><strong>Paketleme:<\/strong><\/h2>\n<\/li>\n<\/ul>\n<p>En uygun ve g\u00fcvenli \u015fekilde yapt\u0131\u011f\u0131m\u0131z paketleme ile yass\u0131 lastiklerimizin tozlanma, deforme olma ve kirlenme olas\u0131l\u0131\u011f\u0131n\u0131 ortadan kald\u0131r\u0131yoruz.<\/p>\n","protected":false},"excerpt":{"rendered":"<p>Kolay Kullan\u0131m: 8mm Teki\u015f Yass\u0131 lastiklerimiz makasla istedi\u011finiz uzunlukta kesmenize uygundur. Rahat esneme ve toparlanma \u00f6zelli\u011fi sayesinde kullan\u0131m\u0131 olduk\u00e7a rahatt\u0131r. Farkl\u0131 renk ve beden se\u00e7enekleri ile \u00fcr\u00fcnlerimizi kullan\u0131m alan\u0131n\u0131za g\u00f6re rahatl\u0131kla kullanabilirsiniz. Dayan\u0131kl\u0131l\u0131k ve Esneklik: 8mm Teki\u015f Yass\u0131 lastiklerimizde kullan\u0131lan&#8230;<\/p>\n","protected":false},"featured_media":61104,"comment_status":"open","ping_status":"closed","template":"","meta":[],"product_brand":[],"product_cat":[2240,2242,1130],"product_tag":[6820,4547,1055,4548,4549,4550,4573,1888,4551,4552,4606,4555,4556,4557,4841,6779,4559,4546,4560,4842,6267,4839,4843,4561,4562,4608,6784,6785,4565,4566,4567,4569],"class_list":{"0":"post-61134","1":"product","2":"type-product","3":"status-publish","4":"has-post-thumbnail","6":"product_cat-lastik","7":"product_cat-tres-lastik","8":"product_cat-yassi-lastik","9":"product_tag-8mm","10":"product_tag-breathable","11":"product_tag-color","12":"product_tag-diy","13":"product_tag-diy-projects","14":"product_tag-durability","15":"product_tag-durable","16":"product_tag-elastic","17":"product_tag-elasticity","18":"product_tag-flexibility","19":"product_tag-flexible","20":"product_tag-high-quality","21":"product_tag-home-textiles","22":"product_tag-latex","23":"product_tag-natural-rubber-latex","24":"product_tag-oeko-tex","25":"product_tag-packaging","26":"product_tag-polyester","27":"product_tag-polyester-yarn","28":"product_tag-quality","29":"product_tag-comfortable-tr","30":"product_tag-rubber","31":"product_tag-service-life","32":"product_tag-sewing","33":"product_tag-sewing-projects","34":"product_tag-shoes","35":"product_tag-standard","36":"product_tag-standard-100-oeko-tex","37":"product_tag-washable","38":"product_tag-weaving","39":"product_tag-weaving-technique","40":"product_tag-yarn","41":"pa_renk-beyaz","42":"pa_renk-siyah","44":"first","45":"instock","46":"taxable","47":"shipping-taxable","48":"purchasable","49":"product-type-variable","50":"has-default-attributes"},"_links":{"self":[{"href":"https:\/\/www.tekislastik.com\/tr\/wp-json\/wp\/v2\/product\/61134","targetHints":{"allow":["GET"]}}],"collection":[{"href":"https:\/\/www.tekislastik.com\/tr\/wp-json\/wp\/v2\/product"}],"about":[{"href":"https:\/\/www.tekislastik.com\/tr\/wp-json\/wp\/v2\/types\/product"}],"replies":[{"embeddable":true,"href":"https:\/\/www.tekislastik.com\/tr\/wp-json\/wp\/v2\/comments?post=61134"}],"wp:featuredmedia":[{"embeddable":true,"href":"https:\/\/www.tekislastik.com\/tr\/wp-json\/wp\/v2\/media\/61104"}],"wp:attachment":[{"href":"https:\/\/www.tekislastik.com\/tr\/wp-json\/wp\/v2\/media?parent=61134"}],"wp:term":[{"taxonomy":"product_brand","embeddable":true,"href":"https:\/\/www.tekislastik.com\/tr\/wp-json\/wp\/v2\/product_brand?post=61134"},{"taxonomy":"product_cat","embeddable":true,"href":"https:\/\/www.tekislastik.com\/tr\/wp-json\/wp\/v2\/product_cat?post=61134"},{"taxonomy":"product_tag","embeddable":true,"href":"https:\/\/www.tekislastik.com\/tr\/wp-json\/wp\/v2\/product_tag?post=61134"}],"curies":[{"name":"wp","href":"https:\/\/api.w.org\/{rel}","templated":true}]}}