{"id":48103,"date":"2022-07-04T07:28:46","date_gmt":"2022-11-09T13:31:37","guid":{"rendered":"https:\/\/www.tekislastik.com\/?post_type=product&#038;p=48103"},"modified":"2026-04-02T12:22:36","modified_gmt":"2026-04-02T09:22:36","slug":"40mm-renkli-lastik","status":"publish","type":"product","link":"https:\/\/www.tekislastik.com\/tr\/40mm-renkli-lastik\/","title":{"rendered":"40mm Renkli Lastik"},"content":{"rendered":"<h1><strong>40mm Renkli Lastik<br \/>\n<\/strong><\/h1>\n<p>40mm renkli lastik, Teki\u015f\u2019in y\u00fcksek kalite standartlar\u0131yla \u00fcretilmi\u015f, \u00e7ekmez \u00f6zellikli ve apre-fikse i\u015flemlerinden ge\u00e7mi\u015f, esnek yap\u0131l\u0131 bir \u00fcr\u00fcnd\u00fcr. Polyester ve elastan i\u00e7eri\u011fiyle dayan\u0131kl\u0131l\u0131\u011f\u0131 art\u0131r\u0131lm\u0131\u015f olan bu lastik, konfeksiyon, medikal ve promosyon sekt\u00f6rlerinde s\u0131k\u00e7a tercih edilmektedir. 22 farkl\u0131 stok rengiyle kullan\u0131c\u0131ya renk \u00e7e\u015fitlili\u011fi sunar, ayr\u0131ca \u00f6zel renk \u00fcretimi de m\u00fcmk\u00fcnd\u00fcr.<\/p>\n<h2><strong>Teknik \u00d6zellikler:<\/strong><\/h2>\n<ul>\n<li><strong>Geni\u015flik<\/strong>: 40mm<\/li>\n<li><strong>\u0130\u00e7erik<\/strong>: %65 Polyester, %35 Elastan<\/li>\n<li><strong>Renk<\/strong>: Siyah, Beyaz + 22 Stok Renk<\/li>\n<li><strong>\u00dcretim<\/strong>: Apre ve Fikse i\u015flemleri ile \u00e7ekmez yap\u0131<\/li>\n<li><strong>Ambalaj<\/strong>: 10 metre ve 25 metre<\/li>\n<li><strong>\u00dcretim Tipi<\/strong>: Renkli dokuma (y\u00fcksek mukavemet)<\/li>\n<li><strong>Kalite<\/strong>:<a href=\"https:\/\/www.oeko-tex.com\/en\/\" target=\"_blank\" rel=\"noopener\"> OEKO-TEX Sertifikal\u0131<\/a><\/li>\n<\/ul>\n<h2><strong><br \/>\n40mm Renkli Lastik Kullan\u0131m ve Uygulama Alanlar\u0131:<\/strong><\/h2>\n<ul>\n<li>\u00c7anta saplar\u0131, valiz bantlar\u0131 ve bavul i\u00e7 d\u00fczenleyicileri<\/li>\n<li>Y\u00fcksek mukavemet gerektiren spor tekstili \u00fcr\u00fcnleri<\/li>\n<li>Sa\u011fl\u0131k sekt\u00f6r\u00fc \u2013 ortopedik destek \u00fcr\u00fcnleri<\/li>\n<li>Kurumsal promosyon \u00fcr\u00fcnleri<\/li>\n<li>DIY el i\u015fleri ve tasar\u0131m uygulamalar\u0131<\/li>\n<li><a href=\"https:\/\/www.tekislastik.com\/tr\/ayakkabi-endustrisi\/\">Ayakkab\u0131 ve sandal lastik destekleri<\/a><\/li>\n<\/ul>\n<h2><strong><br \/>\n\u00dcretim G\u00fcc\u00fc ve Stok Avantaj\u0131:<\/strong><\/h2>\n<p>Teki\u015f, renkli dokuma lastik \u00fcretiminde apre-fikse i\u015flemi uygulayarak \u00e7ekmezlik sa\u011flayan az say\u0131da \u00fcreticiden biridir. Y\u00fcksek adetli renk sto\u011fu sayesinde projeleriniz i\u00e7in zaman kaybetmeden \u00fcretim ve teslimat yap\u0131labilir. Kendi iplik ve dokuma tesisimiz ile tam entegre sistemde \u00fcretim sa\u011fl\u0131yoruz.<\/p>\n<h1><strong>\u00a0<\/strong><\/h1>\n","protected":false},"excerpt":{"rendered":"<p>40mm Renkli Lastik 40mm renkli lastik, Teki\u015f\u2019in y\u00fcksek kalite standartlar\u0131yla \u00fcretilmi\u015f, \u00e7ekmez \u00f6zellikli ve apre-fikse i\u015flemlerinden ge\u00e7mi\u015f, esnek yap\u0131l\u0131 bir \u00fcr\u00fcnd\u00fcr. Polyester ve elastan i\u00e7eri\u011fiyle dayan\u0131kl\u0131l\u0131\u011f\u0131 art\u0131r\u0131lm\u0131\u015f olan bu lastik, konfeksiyon, medikal ve promosyon sekt\u00f6rlerinde s\u0131k\u00e7a tercih edilmektedir. 22 farkl\u0131&#8230;<\/p>\n","protected":false},"featured_media":68770,"comment_status":"open","ping_status":"closed","template":"","meta":[],"product_brand":[],"product_cat":[2308,2240,2231],"product_tag":[6790,3138,3672,3094,4650,6944,8663,8298,3158,4545,4547,1055,4637,4850,4638,6772,6773,4548,4549,6774,4639,4640,4851,3669,2622,3100,4641,4550,1888,4551,3659,4642,6270,6775,6776,8665,4552,4553,6777,4554,4555,4556,4643,4845,4848,6778,4674,6802,2671,8680,2619,4657,4557,4659,4558,4840,4841,4644,6779,6780,4559,4645,4653,4546,4849,4560,6782,4670,4842,8305,6783,8313,3154,8625,4839,4561,4562,4673,3152,4563,3109,8297,4564,4565,4566,4567,7336,4568,4569,6786,4647,6274,6788,8700],"class_list":{"0":"post-48103","1":"product","2":"type-product","3":"status-publish","4":"has-post-thumbnail","6":"product_cat-dokuma-lastik","7":"product_cat-lastik","8":"product_cat-paca-lastik","9":"product_tag-40mm","10":"product_tag-40mm-dokuma-lastik","11":"product_tag-40mm-konfeksiyon-lastik","12":"product_tag-40mm-super-konfeksiyon-lastik","13":"product_tag-agir-kumas","14":"product_tag-ambalaj","15":"product_tag-apre","16":"product_tag-beyaz","17":"product_tag-beyaz-dokuma-lastik","18":"product_tag-black","19":"product_tag-breathable","20":"product_tag-color","21":"product_tag-dar-dokuma","22":"product_tag-dar-dokuma-teknigi","23":"product_tag-dayanikli","24":"product_tag-dayaniklilik","25":"product_tag-deformasyon","26":"product_tag-diy","27":"product_tag-diy-projects","28":"product_tag-diy-projeleri","29":"product_tag-dogal","30":"product_tag-dogal-kaucuk","31":"product_tag-dogal-kaucuk-lateks","32":"product_tag-dokuma","33":"product_tag-dokuma-lastik","34":"product_tag-dokuma-lastik-ureticisi","35":"product_tag-dokuma-teknigi","36":"product_tag-durability","37":"product_tag-elastic","38":"product_tag-elasticity","39":"product_tag-elastik","40":"product_tag-esnek","41":"product_tag-esneklik","42":"product_tag-ev-tekstilinde-kullanilabilir","43":"product_tag-farkli-renk-ve-beden","44":"product_tag-fikse","45":"product_tag-flexibility","46":"product_tag-garments","47":"product_tag-guvenli","48":"product_tag-heavy-fabrics","49":"product_tag-high-quality","50":"product_tag-home-textiles","51":"product_tag-iplik","52":"product_tag-kaliteli","53":"product_tag-kaucuk","54":"product_tag-kaucuk-lateks","55":"product_tag-kendin-yap","56":"product_tag-konfeksiyon","57":"product_tag-konfeksiyon-lastik","58":"product_tag-kurumsal","59":"product_tag-lastik","60":"product_tag-lateks","61":"product_tag-latex","62":"product_tag-medikal","63":"product_tag-narrow-weaving","64":"product_tag-narrow-weaving-technique","65":"product_tag-natural-rubber-latex","66":"product_tag-nefes-alabilir","67":"product_tag-oeko-tex","68":"product_tag-orta-ve-agir-kumasli-projeler","69":"product_tag-packaging","70":"product_tag-paketleme","71":"product_tag-pantolon","72":"product_tag-polyester","73":"product_tag-polyester-iplik","74":"product_tag-polyester-yarn","75":"product_tag-projeler","76":"product_tag-promosyon","77":"product_tag-quality","78":"product_tag-rd","79":"product_tag-renk","80":"product_tag-renkli","81":"product_tag-renkli-dokuma-lastik","82":"product_tag-renkli-lastik","83":"product_tag-rubber","84":"product_tag-sewing","85":"product_tag-sewing-projects","86":"product_tag-siyah","87":"product_tag-siyah-dokuma-lastik","88":"product_tag-suitable","89":"product_tag-super-konfeksiyon-lastik","90":"product_tag-tasarim","91":"product_tag-trousers","92":"product_tag-washable","93":"product_tag-weaving","94":"product_tag-weaving-technique","95":"product_tag-woven","96":"product_tag-woven-rubber","97":"product_tag-yarn","98":"product_tag-yastik","99":"product_tag-yikanabilir","100":"product_tag-yuksek-kalite","101":"product_tag-yuksek-kaliteli","102":"product_tag-yuksek-mukavemet","103":"pa_renk-bebe-mavi","104":"pa_renk-bej","105":"pa_renk-beyaz","106":"pa_renk-bordo","107":"pa_renk-fusya","108":"pa_renk-gri","109":"pa_renk-gul-kurusu","110":"pa_renk-haki","111":"pa_renk-kahverengi","112":"pa_renk-kirmizi","113":"pa_renk-koyu-mavi","114":"pa_renk-lacivert","115":"pa_renk-mor","116":"pa_renk-neon-pembe","117":"pa_renk-neon-sari","118":"pa_renk-neon-turuncu","119":"pa_renk-neon-yesil","120":"pa_renk-pudra","121":"pa_renk-siyah","122":"pa_renk-turkuaz","123":"pa_renk-turuncu","124":"pa_renk-yesil","126":"first","127":"instock","128":"taxable","129":"shipping-taxable","130":"purchasable","131":"product-type-variable","132":"has-default-attributes"},"_links":{"self":[{"href":"https:\/\/www.tekislastik.com\/tr\/wp-json\/wp\/v2\/product\/48103","targetHints":{"allow":["GET"]}}],"collection":[{"href":"https:\/\/www.tekislastik.com\/tr\/wp-json\/wp\/v2\/product"}],"about":[{"href":"https:\/\/www.tekislastik.com\/tr\/wp-json\/wp\/v2\/types\/product"}],"replies":[{"embeddable":true,"href":"https:\/\/www.tekislastik.com\/tr\/wp-json\/wp\/v2\/comments?post=48103"}],"wp:featuredmedia":[{"embeddable":true,"href":"https:\/\/www.tekislastik.com\/tr\/wp-json\/wp\/v2\/media\/68770"}],"wp:attachment":[{"href":"https:\/\/www.tekislastik.com\/tr\/wp-json\/wp\/v2\/media?parent=48103"}],"wp:term":[{"taxonomy":"product_brand","embeddable":true,"href":"https:\/\/www.tekislastik.com\/tr\/wp-json\/wp\/v2\/product_brand?post=48103"},{"taxonomy":"product_cat","embeddable":true,"href":"https:\/\/www.tekislastik.com\/tr\/wp-json\/wp\/v2\/product_cat?post=48103"},{"taxonomy":"product_tag","embeddable":true,"href":"https:\/\/www.tekislastik.com\/tr\/wp-json\/wp\/v2\/product_tag?post=48103"}],"curies":[{"name":"wp","href":"https:\/\/api.w.org\/{rel}","templated":true}]}}