{"id":77842,"date":"2026-01-22T11:26:48","date_gmt":"2026-01-22T08:26:48","guid":{"rendered":"https:\/\/www.tekislastik.com\/?page_id=77842"},"modified":"2026-03-11T12:29:30","modified_gmt":"2026-03-11T09:29:30","slug":"oem-ozel-etiketleme-ureticisi","status":"publish","type":"page","link":"https:\/\/www.tekislastik.com\/tr\/oem-ozel-etiketleme-ureticisi\/","title":{"rendered":"OEM \u2013 \u00d6zel Etiketleme \u00dcreticisi"},"content":{"rendered":"[vc_section pix_over_visibility=&#8221;&#8221;][vc_row pix_particles_check=&#8221;&#8221;][vc_column]<div class=\"text-center \"><div><h1 class=\"pix-headline my-3  loading-bar text-heading-default font-weight-bold   animate-in\" style=\"\" data-anim-type=\"fade-in-left-big\" data-anim-delay=\"0\" ><span>Oem - \u00d6zel Etiketleme <\/span><span class=\"pix-words-wrapper\"><span class=\"is-visible text-secondary\" >\u00dcreticisi<\/span> <span class=\"pix-bar bg-heading-default\" ><\/span><\/span><span><\/span><\/h1><\/div><\/div><div  class=\"pix-heading-el text-center \"><div><div class=\"slide-in-container\"><h3 class=\"text-gradient-primary font-weight-bold heading-text el-title_custom_color mb-12\" style=\"\" data-anim-type=\"\" data-anim-delay=\"0\">Teki\u015f Lastik, markalar, distrib\u00fct\u00f6rler ve end\u00fcstriyel i\u015f ortaklar\u0131 i\u00e7in \u00f6zel dar dokuma \u00fcretimi sunan bir OEM \u2013 \u00f6zel etiketleme \u00fcreticisidir. Geli\u015ftirmeden teslimata kadar t\u00fcm s\u00fcre\u00e7lerde i\u015f birli\u011fi yaparak \u00fcr\u00fcn tutarl\u0131l\u0131\u011f\u0131, gizlilik ve \u00f6l\u00e7eklenebilir \u00fcretim sa\u011flar.<\/h3><\/div><\/div><\/div>[vc_separator][vc_row_inner][vc_column_inner width=&#8221;1\/2&#8243;]<div class=\"d-inline-block \" ><div class=\"pix-img-el  vc_custom_1768903722522   text-left d-inline-block  w-100 rounded-10\"  ><img loading=\"lazy\" decoding=\"async\" class=\"card-img2 pix-img-elem rounded-10  h-1002\" style=\"height:auto;\" width=\"1024\" height=\"1024\" srcset=\"https:\/\/www.tekislastik.com\/wp-content\/uploads\/2026\/01\/oem_private_label_manufacturer.png 1024w, https:\/\/www.tekislastik.com\/wp-content\/uploads\/2026\/01\/oem_private_label_manufacturer-300x300.png 300w, https:\/\/www.tekislastik.com\/wp-content\/uploads\/2026\/01\/oem_private_label_manufacturer-150x150.png 150w, https:\/\/www.tekislastik.com\/wp-content\/uploads\/2026\/01\/oem_private_label_manufacturer-768x768.png 768w, https:\/\/www.tekislastik.com\/wp-content\/uploads\/2026\/01\/oem_private_label_manufacturer-400x400.png 400w, https:\/\/www.tekislastik.com\/wp-content\/uploads\/2026\/01\/oem_private_label_manufacturer-75x75.png 75w, https:\/\/www.tekislastik.com\/wp-content\/uploads\/2026\/01\/oem_private_label_manufacturer-460x460.png 460w, https:\/\/www.tekislastik.com\/wp-content\/uploads\/2026\/01\/oem_private_label_manufacturer-600x600.png 600w, https:\/\/www.tekislastik.com\/wp-content\/uploads\/2026\/01\/oem_private_label_manufacturer-100x100.png 100w, https:\/\/www.tekislastik.com\/wp-content\/uploads\/2026\/01\/oem_private_label_manufacturer-50x50.png 50w\" sizes=\"auto, (max-width: 1024px) 100vw, 1024px\" src=\"https:\/\/www.tekislastik.com\/wp-content\/uploads\/2026\/01\/oem_private_label_manufacturer.png\" alt=\"\" title=\"\"><\/div><\/div>[\/vc_column_inner][vc_column_inner width=&#8221;1\/2&#8243;]<div  class=\"pix-heading-el text-center  vc_custom_1769070851182\"><div><div class=\"slide-in-container\"><h2 class=\"text-body-default font-weight-bold heading-text el-title_custom_color mb-12\" style=\"\" data-anim-type=\"\" data-anim-delay=\"0\">Teki\u015f Lastik\u2019te OEM \u00dcretim S\u00fcreci<\/h2><\/div><\/div><\/div>[vc_column_text el_class=&#8221;sofia-font&#8221; css=&#8221;.vc_custom_1769070864004{margin-top: 20px !important;}&#8221;]\r\n<p data-start=\"1032\" data-end=\"1284\">OEM \u00fcretim s\u00fcrecimiz, uzun vadeli B2B i\u015f ortakl\u0131klar\u0131n\u0131 destekleyecek \u015fekilde yap\u0131land\u0131r\u0131lm\u0131\u015ft\u0131r. \u0130htiya\u00e7 analizi, numune geli\u015ftirme ve seri \u00fcretime kadar t\u00fcm a\u015famalar, teknik do\u011fruluk ve \u00fcretim tutarl\u0131l\u0131\u011f\u0131 sa\u011flamak amac\u0131yla firma b\u00fcnyesinde y\u00f6netilir.<\/p>\r\n[\/vc_column_text]<div  class=\"pix-heading-el text-center  vc_custom_1769070870686\"><div><div class=\"slide-in-container\"><h2 class=\"text-body-default font-weight-bold heading-text el-title_custom_color mb-12\" style=\"\" data-anim-type=\"\" data-anim-delay=\"0\">\u00d6zel Etiketleme \u00dcretimi ve Paketleme<\/h2><\/div><\/div><\/div>[vc_column_text el_class=&#8221;sofia-font&#8221; css=&#8221;.vc_custom_1769070930919{margin-top: 20px !important;}&#8221;]\r\n<p data-start=\"1337\" data-end=\"1609\">Teki\u015f Lastik; \u00f6zel markalama, paketleme formatlar\u0131 ve etiketleme se\u00e7eneklerini kapsayan \u00f6zel etiketleme \u00fcretim \u00e7\u00f6z\u00fcmleri sunar. \u00d6zel etiketleme programlar\u0131m\u0131z, i\u015f ortaklar\u0131m\u0131z\u0131n tedarik g\u00fcvenilirli\u011finden \u00f6d\u00fcn vermeden pazardaki konumlar\u0131n\u0131 g\u00fc\u00e7lendirmelerine yard\u0131mc\u0131 olur.<\/p>\r\n[\/vc_column_text][\/vc_column_inner][\/vc_row_inner][\/vc_column][\/vc_row][\/vc_section][vc_row pix_particles_check=&#8221;&#8221;][vc_column][vc_separator border_width=&#8221;4&#8243; css=&#8221;.vc_custom_1742892436320{margin-top: 30px !important;}&#8221;][\/vc_column][\/vc_row][vc_section pix_over_visibility=&#8221;&#8221;][vc_row pix_particles_check=&#8221;&#8221; css=&#8221;.vc_custom_1742905794949{margin-top: 30px !important;}&#8221;][vc_column width=&#8221;2\/3&#8243;]<div class=\"d-inline-block \" ><div class=\"pix-img-el  vc_custom_1768904618062   text-left d-inline-block  w-100 rounded-10\"  ><img loading=\"lazy\" decoding=\"async\" class=\"card-img2 pix-img-elem rounded-10  h-1002\" style=\"height:auto;\" width=\"1195\" height=\"896\" srcset=\"https:\/\/www.tekislastik.com\/wp-content\/uploads\/2026\/01\/oem_private_label_manufacturers.jpg 1195w, https:\/\/www.tekislastik.com\/wp-content\/uploads\/2026\/01\/oem_private_label_manufacturers-300x225.jpg 300w, https:\/\/www.tekislastik.com\/wp-content\/uploads\/2026\/01\/oem_private_label_manufacturers-1024x768.jpg 1024w, https:\/\/www.tekislastik.com\/wp-content\/uploads\/2026\/01\/oem_private_label_manufacturers-768x576.jpg 768w, https:\/\/www.tekislastik.com\/wp-content\/uploads\/2026\/01\/oem_private_label_manufacturers-600x450.jpg 600w\" sizes=\"auto, (max-width: 1195px) 100vw, 1195px\" src=\"https:\/\/www.tekislastik.com\/wp-content\/uploads\/2026\/01\/oem_private_label_manufacturers.jpg\" alt=\"\" title=\"\"><\/div><\/div>[\/vc_column][vc_column width=&#8221;1\/3&#8243;]<div  class=\"pix-heading-el text-center \"><div><div class=\"slide-in-container\"><h2 class=\"text-primary font-weight-bold heading-text el-title_custom_color mb-12\" style=\"\" data-anim-type=\"\" data-anim-delay=\"0\">OEM \u00dcretim \u0130\u00e7in Sunulan \u00dcr\u00fcn Gruplar\u0131<\/h2><\/div><\/div><\/div><div class=\"pix-el-text w-100   vc_custom_1769070951050\" ><p class=\"text-18  text-dark-opacity-7  font-weight-bold\" >Teki\u015f Lastik, birden fazla dar dokuma \u00fcr\u00fcn grubunda OEM \u2013 \u00f6zel etiketleme \u00fcreticisi projelerini destekler.<\/p><\/div><div id=\"duo-icon-57689015\" class=\"slide-in-container w-100  \" ><div class=\"py-2 \"  ><div class=\"pix-feature-list text-18  font-weight-bold     py-2 d-flex align-items-center\" ><i class=\"pixicon-scissors-2 mr-2 text-primary\" ><\/i><span class=\"text-dark-opacity-7\">Lastik<\/span><\/div><div class=\"pix-feature-list text-18  font-weight-bold     py-2 d-flex align-items-center\" ><i class=\"pixicon-bag-3 mr-2 text-primary\" ><\/i><span class=\"text-dark-opacity-7\">Dokuma \u015eerit & Kolon<\/span><\/div><div class=\"pix-feature-list text-18  font-weight-bold     py-2 d-flex align-items-center\" ><i class=\"pixicon-cart-down mr-2 text-primary\" ><\/i><span class=\"text-dark-opacity-7\">Kordon<\/span><\/div><div class=\"pix-feature-list text-18  font-weight-bold     py-2 d-flex align-items-center\" ><i class=\"pixicon-note2 mr-2 text-primary\" ><\/i><span class=\"text-dark-opacity-7\">Paracord<\/span><\/div><\/div><\/div><div  class=\"pix-heading-el text-center \"><div><div class=\"slide-in-container\"><h2 class=\"text-primary font-weight-bold heading-text el-title_custom_color mb-12\" style=\"\" data-anim-type=\"\" data-anim-delay=\"0\">\u00d6zel Tasar\u0131m ve \u00dcr\u00fcn Geli\u015ftirme Deste\u011fi<\/h2><\/div><\/div><\/div><div class=\"pix-el-text w-100   vc_custom_1769071035724\" ><p class=\"text-18  text-dark-opacity-7  font-weight-bold\" >OEM projeleri; \u00f6zel yap\u0131 geli\u015ftirme, renk e\u015fle\u015ftirme ve performans ayarlamalar\u0131 ile desteklenir. Teknik ekibimiz, tasar\u0131m fikirlerini \u00fcretilebilir dar dokuma \u00e7\u00f6z\u00fcmlerine d\u00f6n\u00fc\u015ft\u00fcrmek i\u00e7in i\u015f ortaklar\u0131m\u0131zla yak\u0131n i\u015f birli\u011fi i\u00e7inde \u00e7al\u0131\u015f\u0131r.<\/p><\/div>[\/vc_column][\/vc_row][vc_row pix_particles_check=&#8221;&#8221; css=&#8221;.vc_custom_1742822809279{margin-top: 70px !important;}&#8221;][vc_column width=&#8221;1\/2&#8243;][vc_column_text el_class=&#8221;sofia-font&#8221; css=&#8221;.vc_custom_1769071629732{margin-top: 90px !important;}&#8221;]\r\n<h2><strong>Minimum Sipari\u015f Adedi, Termin S\u00fcresi ve Gizlilik<\/strong><\/h2>\r\n&nbsp;\r\n<p data-start=\"1967\" data-end=\"2254\">Esnek minimum sipari\u015f adetleri, istikrarl\u0131 termin s\u00fcreleri ve s\u0131k\u0131 gizlilik uygulamalar\u0131, OEM \u2013 \u00f6zel etiketleme \u00fcreticisi yakla\u015f\u0131m\u0131m\u0131z\u0131n temel bile\u015fenleridir. Bu prensipler, i\u015f ortaklar\u0131m\u0131z\u0131n \u00fcretim planlamas\u0131n\u0131 verimli \u015fekilde yapmas\u0131n\u0131 ve operasyonlar\u0131n\u0131 g\u00fcvenle \u00f6l\u00e7eklendirmesini sa\u011flar.<\/p>\r\n\r\n<h2 data-start=\"471\" data-end=\"512\"><strong>Neden OEM \u2013 \u00d6zel Etiketleme \u00dcreticisi \u0130\u00e7in<a href=\"http:\/\/www.tekislastik.com\"> Teki\u015f Lastik<\/a>?<\/strong><\/h2>\r\n&nbsp;\r\n<ul>\r\n \t<li>Entegre firma i\u00e7i \u00fcretim altyap\u0131s\u0131<\/li>\r\n \t<li><a href=\"https:\/\/www.habbyaccessories.com\/product\/10mm-elastic-tape\/\" target=\"_blank\" rel=\"noopener\">Dokuma<\/a>, tres ve \u00f6rme \u00fcretim kabiliyeti<\/li>\r\n \t<li>\u00d6zel \u00fcr\u00fcn geli\u015ftirme ve teknik destek<\/li>\r\n \t<li>Esnek MOQ ve \u00f6l\u00e7eklenebilir \u00fcretim kapasitesi<\/li>\r\n \t<li>Global B2B i\u015f ortaklar\u0131 i\u00e7in g\u00fcvenilir tedarik<\/li>\r\n<\/ul>\r\n[\/vc_column_text][vc_row_inner][vc_column_inner width=&#8221;1\/2&#8243;]<a href=\"https:\/\/wa.me\/905464291331?text=Merhaba, Teki\u015f Lastik \u00fcr\u00fcnleri hakk\u0131nda bilgi almak istiyorum.\" class=\"btn mb-2    vc_custom_1769071966142  shadow-lg btn-primary d-inline-block pix-hover-item      btn-rounded btn-md\" target=\"_blank\" rel=\"noopener\"><i class=\"font-weight-bold pixicon-whatsapp2  pix-hover-left  mr-1\"><\/i> <span class=\"font-weight-bold \" >Whatsapp'tan \u0130leti\u015fime Ge\u00e7in!<\/span><\/a>[\/vc_column_inner][\/vc_row_inner][\/vc_column][vc_column width=&#8221;1\/2&#8243;]<div class=\"d-inline-block \" ><div class=\"pix-img-el  vc_custom_1768904860425   text-left d-inline-block  w-100 rounded-10\"  ><img loading=\"lazy\" decoding=\"async\" class=\"card-img2 pix-img-elem rounded-10  h-1002\" style=\"height:auto;\" width=\"1024\" height=\"1024\" srcset=\"https:\/\/www.tekislastik.com\/wp-content\/uploads\/2026\/01\/oem_private_label_manufacturer_2.png 1024w, https:\/\/www.tekislastik.com\/wp-content\/uploads\/2026\/01\/oem_private_label_manufacturer_2-300x300.png 300w, https:\/\/www.tekislastik.com\/wp-content\/uploads\/2026\/01\/oem_private_label_manufacturer_2-150x150.png 150w, https:\/\/www.tekislastik.com\/wp-content\/uploads\/2026\/01\/oem_private_label_manufacturer_2-768x768.png 768w, https:\/\/www.tekislastik.com\/wp-content\/uploads\/2026\/01\/oem_private_label_manufacturer_2-400x400.png 400w, https:\/\/www.tekislastik.com\/wp-content\/uploads\/2026\/01\/oem_private_label_manufacturer_2-75x75.png 75w, https:\/\/www.tekislastik.com\/wp-content\/uploads\/2026\/01\/oem_private_label_manufacturer_2-460x460.png 460w, https:\/\/www.tekislastik.com\/wp-content\/uploads\/2026\/01\/oem_private_label_manufacturer_2-600x600.png 600w, https:\/\/www.tekislastik.com\/wp-content\/uploads\/2026\/01\/oem_private_label_manufacturer_2-100x100.png 100w, https:\/\/www.tekislastik.com\/wp-content\/uploads\/2026\/01\/oem_private_label_manufacturer_2-50x50.png 50w\" sizes=\"auto, (max-width: 1024px) 100vw, 1024px\" src=\"https:\/\/www.tekislastik.com\/wp-content\/uploads\/2026\/01\/oem_private_label_manufacturer_2.png\" alt=\"\" title=\"\"><\/div><\/div>[\/vc_column][\/vc_row][\/vc_section]","protected":false},"excerpt":{"rendered":"[vc_section pix_over_visibility=&#8221;&#8221;][vc_row pix_particles_check=&#8221;&#8221;][vc_column][vc_separator][vc_row_inner][vc_column_inner width=&#8221;1\/2&#8243;][\/vc_column_inner][vc_column_inner width=&#8221;1\/2&#8243;][vc_column_text el_class=&#8221;sofia-font&#8221; css=&#8221;.vc_custom_1769070864004{margin-top: 20px !important;}&#8221;] OEM \u00fcretim s\u00fcrecimiz, uzun vadeli B2B i\u015f ortakl\u0131klar\u0131n\u0131 destekleyecek \u015fekilde yap\u0131land\u0131r\u0131lm\u0131\u015ft\u0131r. \u0130htiya\u00e7 analizi, numune geli\u015ftirme ve seri \u00fcretime kadar t\u00fcm a\u015famalar, teknik do\u011fruluk ve \u00fcretim tutarl\u0131l\u0131\u011f\u0131 sa\u011flamak amac\u0131yla firma b\u00fcnyesinde y\u00f6netilir&#8230;.","protected":false},"author":1,"featured_media":77719,"parent":0,"menu_order":0,"comment_status":"closed","ping_status":"closed","template":"","meta":{"footnotes":""},"class_list":["post-77842","page","type-page","status-publish","has-post-thumbnail","hentry"],"_links":{"self":[{"href":"https:\/\/www.tekislastik.com\/tr\/wp-json\/wp\/v2\/pages\/77842","targetHints":{"allow":["GET"]}}],"collection":[{"href":"https:\/\/www.tekislastik.com\/tr\/wp-json\/wp\/v2\/pages"}],"about":[{"href":"https:\/\/www.tekislastik.com\/tr\/wp-json\/wp\/v2\/types\/page"}],"author":[{"embeddable":true,"href":"https:\/\/www.tekislastik.com\/tr\/wp-json\/wp\/v2\/users\/1"}],"replies":[{"embeddable":true,"href":"https:\/\/www.tekislastik.com\/tr\/wp-json\/wp\/v2\/comments?post=77842"}],"version-history":[{"count":4,"href":"https:\/\/www.tekislastik.com\/tr\/wp-json\/wp\/v2\/pages\/77842\/revisions"}],"predecessor-version":[{"id":77847,"href":"https:\/\/www.tekislastik.com\/tr\/wp-json\/wp\/v2\/pages\/77842\/revisions\/77847"}],"wp:featuredmedia":[{"embeddable":true,"href":"https:\/\/www.tekislastik.com\/tr\/wp-json\/wp\/v2\/media\/77719"}],"wp:attachment":[{"href":"https:\/\/www.tekislastik.com\/tr\/wp-json\/wp\/v2\/media?parent=77842"}],"curies":[{"name":"wp","href":"https:\/\/api.w.org\/{rel}","templated":true}]}}