{"id":66811,"date":"2025-04-03T18:42:03","date_gmt":"2025-04-03T15:42:03","guid":{"rendered":"https:\/\/www.tekislastik.com\/?page_id=66811"},"modified":"2026-03-06T17:10:32","modified_gmt":"2026-03-06T14:10:32","slug":"toptan-fiyat-teklif-formu","status":"publish","type":"page","link":"https:\/\/www.tekislastik.com\/tr\/toptan-fiyat-teklif-formu\/","title":{"rendered":"Toptan Fiyat Teklif Formu"},"content":{"rendered":"[vc_row pix_particles_check=&#8221;&#8221;][vc_column]<div role=\"form\" class=\"wpcf7\" id=\"wpcf7-f66567-o1\" lang=\"en-US\" dir=\"ltr\">\n<div class=\"screen-reader-response\"><p role=\"status\" aria-live=\"polite\" aria-atomic=\"true\"><\/p> <ul><\/ul><\/div>\n<form action=\"\/tr\/wp-json\/wp\/v2\/pages\/66811#wpcf7-f66567-o1\" method=\"post\" class=\"wpcf7-form init\" novalidate=\"novalidate\" data-status=\"init\">\n<div style=\"display: none;\">\n<input type=\"hidden\" name=\"_wpcf7\" value=\"66567\" \/>\n<input type=\"hidden\" name=\"_wpcf7_version\" value=\"5.5.3\" \/>\n<input type=\"hidden\" name=\"_wpcf7_locale\" value=\"en_US\" \/>\n<input type=\"hidden\" name=\"_wpcf7_unit_tag\" value=\"wpcf7-f66567-o1\" \/>\n<input type=\"hidden\" name=\"_wpcf7_container_post\" value=\"0\" \/>\n<input type=\"hidden\" name=\"_wpcf7_posted_data_hash\" value=\"\" \/>\n<\/div>\n<div class=\"pix-contact7-form\"><div class=\"row\">\n<div class=\"col-md-12\">\n<h6 class=\"heading-form\"> Fiyat Teklif Formu <\/h6>\n<\/div>\n<\/div>\n<div class=\"row\" style=\"margin-top:25px\">\n<div class=\"col-md-6\">\n         <label class=\"label-color\">Ad Soyad<\/label><br \/>\n         <span class=\"wpcf7-form-control-wrap yourname\"><input type=\"text\" name=\"yourname\" value=\"\" size=\"40\" class=\"wpcf7-form-control wpcf7-text wpcf7-validates-as-required\" aria-required=\"true\" aria-invalid=\"false\" \/><\/span><\/p>\n<\/div>\n<div class=\"col-md-6\">\n         <label class=\"label-color\">E-mail<\/label><br \/>\n                 <span class=\"wpcf7-form-control-wrap your-email\"><input type=\"email\" name=\"your-email\" value=\"\" size=\"40\" class=\"wpcf7-form-control wpcf7-text wpcf7-email wpcf7-validates-as-required wpcf7-validates-as-email\" aria-required=\"true\" aria-invalid=\"false\" \/><\/span>\n    <\/div>\n<\/div>\n<div class=\"row\" style=\"margin-top:25px\">\n<div class=\"col-md-6\">\n         <label class=\"label-color\">Telefon<\/label><\/p>\n<p><span class=\"wpcf7-form-control-wrap tel\"><input type=\"text\" name=\"tel\" value=\"\" size=\"40\" class=\"wpcf7-form-control wpcf7-text\" aria-invalid=\"false\" \/><\/span><\/p>\n<\/div>\n<div class=\"col-md-6\">\n         <label class=\"label-color\">\u015eirket<\/label><br \/>\n     <span class=\"wpcf7-form-control-wrap company\"><input type=\"text\" name=\"company\" value=\"\" size=\"40\" class=\"wpcf7-form-control wpcf7-text\" aria-invalid=\"false\" \/><\/span>\n    <\/div>\n<\/div>\n<div class=\"row\" style=\"margin-top:25px\">\n<div class=\"col-md-12\">\n<h6 class=\"heading-form\"> \u00dcr\u00fcn Bilgileri<\/h6>\n<\/div>\n<\/div>\n<div class=\"row\" style=\"margin-top:25px\">\n<div class=\"col-md-12\">\n<p><label class=\"label-color\">Geni\u015flik (cm)<\/label><br \/>\n<span class=\"wpcf7-form-control-wrap width\"><input type=\"text\" name=\"width\" value=\"\" size=\"40\" class=\"wpcf7-form-control wpcf7-text\" aria-invalid=\"false\" \/><\/span>\n<\/div>\n<div class=\"col-md-12\">\n<p><label class=\"label-color\">Stoklu \u00dcr\u00fcnlerimiz<\/label><br \/>\n<span class=\"wpcf7-form-control-wrap packing\"><select name=\"packing\" class=\"wpcf7-form-control wpcf7-select wpcf7-validates-as-required form-control\" aria-required=\"true\" aria-invalid=\"false\"><option value=\"\">---<\/option><option value=\"Dokuma Pa\u00e7a Lastik\">Dokuma Pa\u00e7a Lastik<\/option><option value=\"Konfeksiyon Lastik\">Konfeksiyon Lastik<\/option><option value=\"Mus Lastik\">Mus Lastik<\/option><option value=\"Merdiven Desen Lastik\">Merdiven Desen Lastik<\/option><option value=\"Katlan\u0131r Lastik\">Katlan\u0131r Lastik<\/option><option value=\"Dokuma Konfeksiyon Lastik\">Dokuma Konfeksiyon Lastik<\/option><option value=\"Di\u011fer\">Di\u011fer<\/option><\/select><\/span>\n <\/div>\n<\/div>\n<div class=\"row\" style=\"margin-top:25px\">\n<div class=\"col-md-12\">\n<label class=\"label-color\"> Renk<br \/>\n<\/label><br \/>\n<span class=\"wpcf7-form-control-wrap color\"><select name=\"color\" class=\"wpcf7-form-control wpcf7-select wpcf7-validates-as-required\" aria-required=\"true\" aria-invalid=\"false\"><option value=\"\">---<\/option><option value=\"Fu\u015fya\">Fu\u015fya<\/option><option value=\"Turkuaz\">Turkuaz<\/option><option value=\"Ye\u015fil\">Ye\u015fil<\/option><option value=\"Kahverengi\">Kahverengi<\/option><option value=\"Bej\">Bej<\/option><option value=\"Gri\">Gri<\/option><option value=\"Koyu Mavi\">Koyu Mavi<\/option><option value=\"Lacivert\">Lacivert<\/option><option value=\"Mor\">Mor<\/option><option value=\"K\u0131rm\u0131z\u0131\">K\u0131rm\u0131z\u0131<\/option><option value=\"Turuncu\">Turuncu<\/option><option value=\"Bebe Mavisi\">Bebe Mavisi<\/option><option value=\"Neon Sar\u0131s\u0131\">Neon Sar\u0131s\u0131<\/option><option value=\"Neon Ye\u015fili\">Neon Ye\u015fili<\/option><option value=\"Neon Turuncu\">Neon Turuncu<\/option><option value=\"Neon Pembe\">Neon Pembe<\/option><option value=\"G\u00fcl Kurusu\">G\u00fcl Kurusu<\/option><option value=\"Pudra\">Pudra<\/option><option value=\"Haki\">Haki<\/option><option value=\"Bordo\">Bordo<\/option><option value=\"Siyah\">Siyah<\/option><option value=\"Beyaz\">Beyaz<\/option><option value=\"Di\u011fer\">Di\u011fer<\/option><\/select><\/span>\n<\/div>\n<\/div>\n<div class=\"row\" style=\"margin-top:25px\">\n<\/div>\n<div class=\"row\" style=\"margin-top:25px\">\n<div class=\"col-md-12\">\n<p><label class=\"label-color\"> Adet\/Metre<br \/>\n<\/label><br \/>\n<span class=\"wpcf7-form-control-wrap adet\"><input type=\"text\" name=\"adet\" value=\"\" size=\"40\" class=\"wpcf7-form-control wpcf7-text\" aria-invalid=\"false\" \/><\/span><\/p>\n<\/div>\n<\/div>\n<div class=\"row\"   style=\"margin-top:25px\">\n<div class=\"col-md-12\">\n<p><label class=\"label-color\">Mesaj\u0131n\u0131z<\/label><br \/>\n    <span class=\"wpcf7-form-control-wrap your-message\"><textarea name=\"your-message\" cols=\"40\" rows=\"3\" class=\"wpcf7-form-control wpcf7-textarea\" aria-invalid=\"false\"><\/textarea><\/span>\n<\/div>\n<\/div>\n<div class=\"row\"   style=\"margin-top:25px;font-size:14px;\">\n<div class=\"col-md-12\">\n<p><span class=\"wpcf7-form-control-wrap acik_riza1\"><span class=\"wpcf7-form-control wpcf7-checkbox wpcf7-validates-as-required\"><span class=\"wpcf7-list-item first last\"><input type=\"checkbox\" name=\"acik_riza1[]\" value=\"\" \/><span class=\"wpcf7-list-item-label\"><\/span><\/span><\/span><\/span>Kurumun  <a href=\"https:\/\/www.tekislastik.com\/clarification-text\/\">Ayd\u0131nlatma Metni<\/a>  ile taraf\u0131ma gerekli ayd\u0131nlatman\u0131n yap\u0131ld\u0131\u011f\u0131n\u0131, metni okudu\u011fumu ve anlad\u0131\u011f\u0131m\u0131, herhangi bir etki alt\u0131nda kalmaks\u0131z\u0131n i\u015f burada belirtilen ki\u015fisel verilerimin TEK\u0130\u015e LAST\u0130K taraf\u0131ndan i\u015flnmesine ve okudu\u011fum kuruma ait ayd\u0131nlatma metninde an\u0131lan ger\u00e7ek ve t\u00fczel ki\u015filere aktar\u0131lmas\u0131na 6698 say\u0131l\u0131 Ki\u015fisel Verilerin Korunmas\u0131 Kanunu (KVKK) uyar\u0131nca; a\u00e7\u0131k bir \u015fekilde r\u0131za g\u00f6sterdi\u011fimi kabul, beyan ve taahatt\u00fct ederim. Gizlilik ve \u00c7erez Politikan\u0131z\u0131 Okudum.<\/p>\n<\/div>\n<\/div>\n<div class=\"row\"  style=\"margin-top:25px\">\n<div class=\"col-md-12\">\n<input type=\"submit\" value=\"G\u00f6nder\" class=\"wpcf7-form-control has-spinner wpcf7-submit btn-nice\" \/>\n<\/div>\n<\/div>\n<\/div><div class=\"wpcf7-response-output\" aria-hidden=\"true\"><\/div><\/form><\/div>[\/vc_column][\/vc_row]","protected":false},"excerpt":{"rendered":"[vc_row pix_particles_check=&#8221;&#8221;][vc_column][\/vc_column][\/vc_row]","protected":false},"author":1,"featured_media":0,"parent":0,"menu_order":0,"comment_status":"closed","ping_status":"closed","template":"","meta":{"footnotes":""},"class_list":["post-66811","page","type-page","status-publish","hentry"],"_links":{"self":[{"href":"https:\/\/www.tekislastik.com\/tr\/wp-json\/wp\/v2\/pages\/66811","targetHints":{"allow":["GET"]}}],"collection":[{"href":"https:\/\/www.tekislastik.com\/tr\/wp-json\/wp\/v2\/pages"}],"about":[{"href":"https:\/\/www.tekislastik.com\/tr\/wp-json\/wp\/v2\/types\/page"}],"author":[{"embeddable":true,"href":"https:\/\/www.tekislastik.com\/tr\/wp-json\/wp\/v2\/users\/1"}],"replies":[{"embeddable":true,"href":"https:\/\/www.tekislastik.com\/tr\/wp-json\/wp\/v2\/comments?post=66811"}],"version-history":[{"count":3,"href":"https:\/\/www.tekislastik.com\/tr\/wp-json\/wp\/v2\/pages\/66811\/revisions"}],"predecessor-version":[{"id":66817,"href":"https:\/\/www.tekislastik.com\/tr\/wp-json\/wp\/v2\/pages\/66811\/revisions\/66817"}],"wp:attachment":[{"href":"https:\/\/www.tekislastik.com\/tr\/wp-json\/wp\/v2\/media?parent=66811"}],"curies":[{"name":"wp","href":"https:\/\/api.w.org\/{rel}","templated":true}]}}