{"id":65153,"date":"2024-09-03T16:19:53","date_gmt":"2024-09-03T13:19:53","guid":{"rendered":"https:\/\/www.tekislastik.com\/?page_id=65153"},"modified":"2026-03-11T10:57:32","modified_gmt":"2026-03-11T07:57:32","slug":"polyester-kolon-diger-kolon-turleriyle-nasil-karsilastirilir","status":"publish","type":"page","link":"https:\/\/www.tekislastik.com\/tr\/polyester-kolon-diger-kolon-turleriyle-nasil-karsilastirilir\/","title":{"rendered":"Polyester Kolon Di\u011fer Kolon T\u00fcrleriyle Nas\u0131l Kar\u015f\u0131la\u015ft\u0131r\u0131l\u0131r?"},"content":{"rendered":"[vc_row pix_particles_check=&#8221;&#8221;][vc_column][vc_column_text]\r\n<h1 style=\"text-align: center;\">Polyester Kolon Di\u011fer Kolon T\u00fcrleriyle Nas\u0131l Kar\u015f\u0131la\u015ft\u0131r\u0131l\u0131r?<\/h1>\r\n[\/vc_column_text][vc_column_text]\r\n<h6>Polyester Kolon Di\u011fer Kolon T\u00fcrleriyle Nas\u0131l Kar\u015f\u0131la\u015ft\u0131r\u0131l\u0131r?<\/h6>\r\n<div class=\"group\/conversation-turn relative flex w-full min-w-0 flex-col agent-turn\">\r\n<div class=\"flex-col gap-1 md:gap-3\">\r\n<div class=\"flex max-w-full flex-col flex-grow\">\r\n<div class=\"min-h-[20px] text-message flex w-full flex-col items-end gap-2 break-words [.text-message+&amp;]:mt-5 overflow-x-auto whitespace-normal\" dir=\"auto\" data-message-author-role=\"assistant\" data-message-id=\"71bd8114-0de6-4d75-97f5-7bc34ed974b0\">\r\n<div class=\"flex w-full flex-col gap-1 empty:hidden first:pt-[3px]\">\r\n<div class=\"markdown prose w-full break-words dark:prose-invert light\">\r\n\r\n<a href=\"https:\/\/www.tekislastik.com\/tr\/urunler\/dar-dokuma-kolon-serit\/\">Polyester kolon<\/a>, benzersiz \u00f6zellikleri nedeniyle \u00e7e\u015fitli uygulamalarda pop\u00fcler bir tercihtir, ancak mevcut olan tek t\u00fcr kolon de\u011fildir. Naylon, polipropilen ve pamuk gibi di\u011fer malzemeler de yayg\u0131n olarak kullan\u0131l\u0131r ve her biri farkl\u0131 \u00f6zellikler sunar. Bu makalede, polyester kolonu di\u011fer kolon t\u00fcrleriyle kar\u015f\u0131la\u015ft\u0131rarak aralar\u0131ndaki farklar\u0131, avantajlar\u0131 ve potansiyel dezavantajlar\u0131 vurgulayaca\u011f\u0131z. Bu, \u00f6zel ihtiya\u00e7lar\u0131n\u0131z i\u00e7in bilin\u00e7li bir karar vermenize yard\u0131mc\u0131 olacakt\u0131r.\r\n<ol>\r\n \t<li>Polyester Kolon\r\n\u00d6zellikleri ve Avantajlar\u0131:<\/li>\r\n<\/ol>\r\n<ul>\r\n \t<li><strong>G\u00fc\u00e7<\/strong>: Polyester kolon y\u00fcksek \u00e7ekme dayan\u0131m\u0131na sahiptir, bu da g\u00fcvenlik kemerleri, kald\u0131rma sapanlar\u0131 ve y\u00fck ba\u011flama kay\u0131\u015flar\u0131 gibi y\u00fck ta\u015f\u0131ma uygulamalar\u0131 i\u00e7in uygundur.<\/li>\r\n \t<li><strong>D\u00fc\u015f\u00fck Esneme<\/strong>: D\u00fc\u015f\u00fck esneme oran\u0131na sahiptir, bu da g\u00fcvenlik kemerleri ve y\u00fck ba\u011flama kay\u0131\u015flar\u0131 gibi stabilite gerektiren uygulamalar i\u00e7in faydal\u0131d\u0131r.<\/li>\r\n \t<li><strong>UV ve Hava Direnci<\/strong>: Polyester, UV \u0131\u015f\u0131nlar\u0131na, hava ko\u015fullar\u0131na ve neme kar\u015f\u0131 son derece dayan\u0131kl\u0131d\u0131r, bu da onu d\u0131\u015f mekan ve denizcilik uygulamalar\u0131 i\u00e7in ideal hale getirir.<\/li>\r\n \t<li><strong>Kimyasal Diren\u00e7<\/strong>: Bu kolon, asitler ve alkali maddeler dahil olmak \u00fczere bir\u00e7ok kimyasala kar\u015f\u0131 diren\u00e7lidir, bu da end\u00fcstriyel ortamlarda kullan\u0131m\u0131n\u0131 sa\u011flar.<\/li>\r\n<\/ul>\r\nUygulamalar:\r\n<ul>\r\n \t<li>D\u0131\u015f mekan ekipmanlar\u0131, g\u00fcvenlik ekipmanlar\u0131, denizcilik uygulamalar\u0131 ve end\u00fcstriyel kullan\u0131m.<\/li>\r\n<\/ul>\r\n<strong>Dezavantajlar\u0131<\/strong>:\r\n<ul>\r\n \t<li>Polipropilen gibi di\u011fer baz\u0131 kolonlardan biraz daha a\u011f\u0131rd\u0131r.<\/li>\r\n \t<li>Belirli uygulamalarda naylon kadar a\u015f\u0131nma direncine sahip olmayabilir.<\/li>\r\n<\/ul>\r\n<ol start=\"2\">\r\n \t<li>Naylon Kolon\r\n\u00d6zellikleri ve Avantajlar\u0131:<\/li>\r\n<\/ol>\r\n<ul>\r\n \t<li><strong>Y\u00fcksek Dayan\u0131kl\u0131l\u0131k<\/strong>: Naylon kolon m\u00fckemmel \u00e7ekme dayan\u0131m\u0131 ve dayan\u0131kl\u0131l\u0131\u011f\u0131yla bilinir ve genellikle zorlu uygulamalarda kullan\u0131l\u0131r.<\/li>\r\n \t<li><strong>Elastikiyet<\/strong>: Naylon, polyesterden daha y\u00fcksek bir esneme fakt\u00f6r\u00fcne sahiptir, bu da esneklik ve darbe emilimi gerektiren uygulamalarda avantajl\u0131 olabilir.<\/li>\r\n \t<li><strong>A\u015f\u0131nma Direnci<\/strong>: S\u00fcrt\u00fcnmeye kar\u015f\u0131 son derece diren\u00e7lidir, bu da s\u0131k s\u0131k s\u00fcrt\u00fcnmenin oldu\u011fu uygulamalar i\u00e7in uygundur.<\/li>\r\n<\/ul>\r\nUygulamalar:\r\n<ul>\r\n \t<li>T\u0131rmanma ekipmanlar\u0131, askeri ve taktik ekipmanlar, d\u0131\u015f mekan ekipmanlar\u0131 ve end\u00fcstriyel \u00fcr\u00fcnler.<\/li>\r\n<\/ul>\r\n<strong>Dezavantajlar\u0131<\/strong>:\r\n<ul>\r\n \t<li><strong>UV Duyarl\u0131l\u0131\u011f\u0131<\/strong>: Naylon, UV \u0131\u015f\u0131\u011f\u0131na kar\u015f\u0131 daha duyarl\u0131d\u0131r, bu da onu uzun s\u00fcreli d\u0131\u015f mekan kullan\u0131m\u0131 i\u00e7in daha az uygun hale getirir.<\/li>\r\n \t<li><strong>Su Emilimi<\/strong>: Naylon su emebilir, bu da zamanla malzemenin zay\u0131flamas\u0131na ve \u0131slakken a\u011f\u0131rl\u0131\u011f\u0131n\u0131n artmas\u0131na neden olabilir.<\/li>\r\n<\/ul>\r\n<ol start=\"3\">\r\n \t<li>Polipropilen Kolon\r\n\u00d6zellikleri ve Avantajlar\u0131:<\/li>\r\n<\/ol>\r\n<ul>\r\n \t<li><strong>Hafiflik<\/strong>: Polipropilen, naylon ve polyesterden daha hafiftir, bu da a\u011f\u0131rl\u0131\u011f\u0131n \u00f6nemli oldu\u011fu uygulamalar i\u00e7in idealdir.<\/li>\r\n \t<li><strong>Su Direnci<\/strong>: Su emmez, bu da onu y\u00fczer hale getirir ve denizcilik uygulamalar\u0131 i\u00e7in uygun k\u0131lar.<\/li>\r\n \t<li><strong>Maliyet Etkinli\u011fi<\/strong>: Polipropilen kolon, genel olarak naylon ve polyestere g\u00f6re daha ucuzdur, bu da onu bir\u00e7ok uygulama i\u00e7in ekonomik bir se\u00e7enek haline getirir.<\/li>\r\n<\/ul>\r\nUygulamalar:\r\n<ul>\r\n \t<li>Denizcilik ekipmanlar\u0131, \u00e7antalar, kemerler ve ge\u00e7ici veya tek kullan\u0131ml\u0131k \u00fcr\u00fcnler.<\/li>\r\n<\/ul>\r\n<strong>Dezavantajlar\u0131<\/strong>:\r\n<ul>\r\n \t<li><strong>Daha D\u00fc\u015f\u00fck Dayan\u0131kl\u0131l\u0131k<\/strong>: Naylon veya polyester kadar g\u00fc\u00e7l\u00fc de\u011fildir, bu da y\u00fcksek y\u00fck ta\u015f\u0131ma gerektiren uygulamalarda kullan\u0131m\u0131n\u0131 s\u0131n\u0131rlayabilir.<\/li>\r\n \t<li><strong>UV ve Is\u0131 Duyarl\u0131l\u0131\u011f\u0131<\/strong>: Polipropilen, UV \u0131\u015f\u0131\u011f\u0131na ve y\u00fcksek s\u0131cakl\u0131klara maruz kald\u0131\u011f\u0131nda daha h\u0131zl\u0131 bozulur, bu da onu d\u0131\u015f mekan uygulamalar\u0131 i\u00e7in daha az dayan\u0131kl\u0131 hale getirir.<\/li>\r\n<\/ul>\r\n<ol start=\"4\">\r\n \t<li>Pamuk Kolon\r\n\u00d6zellikleri ve Avantajlar\u0131:<\/li>\r\n<\/ol>\r\n<ul>\r\n \t<li><strong>Do\u011fal Lif<\/strong>: Pamuk, do\u011fal ve biyolojik olarak par\u00e7alanabilir bir malzemedir, bu da onu \u00e7evre dostu bir se\u00e7enek haline getirir.<\/li>\r\n \t<li><strong>Yumu\u015fak ve Rahat<\/strong>: Pamuk kolonu, cilde kar\u015f\u0131 daha yumu\u015fak ve rahatt\u0131r, bu da konforun \u00f6ncelikli oldu\u011fu uygulamalar i\u00e7in idealdir.<\/li>\r\n \t<li><strong>\u0130yi Boya Emme<\/strong>: Boyalar\u0131 iyi emer, bu da canl\u0131 ve tutarl\u0131 renkler elde etmeyi sa\u011flar.<\/li>\r\n<\/ul>\r\nUygulamalar:\r\n<ul>\r\n \t<li>Giysiler, aksesuarlar, bagaj ve dekoratif \u00fcr\u00fcnler.<\/li>\r\n<\/ul>\r\n<strong>Dezavantajlar\u0131<\/strong>:\r\n<ul>\r\n \t<li><strong>Daha D\u00fc\u015f\u00fck Dayan\u0131kl\u0131l\u0131k<\/strong>: Pamuk kolonu, naylon ve polyester gibi sentetik se\u00e7eneklere g\u00f6re daha az g\u00fc\u00e7l\u00fc ve dayan\u0131kl\u0131d\u0131r.<\/li>\r\n \t<li><strong>Nem Emilimi<\/strong>: Su emebilir, bu da zamanla k\u00fcflenmeye ve bozulmaya yol a\u00e7abilir.<\/li>\r\n<\/ul>\r\n<strong>G\u00fc\u00e7 ve Dayan\u0131kl\u0131l\u0131k<\/strong>:\r\n<ul>\r\n \t<li><strong>Naylon<\/strong>: En y\u00fcksek \u00e7ekme dayan\u0131m\u0131na sahip ve m\u00fckemmel dayan\u0131kl\u0131l\u0131k sunar, ancak UV ve neme kar\u015f\u0131 duyarl\u0131d\u0131r.<\/li>\r\n \t<li><strong>Polyester<\/strong>: Y\u00fcksek dayan\u0131kl\u0131l\u0131k, m\u00fckemmel UV ve hava direnci, d\u00fc\u015f\u00fck esneme.<\/li>\r\n \t<li><strong>Polipropilen<\/strong>: Hafif ve orta derecede dayan\u0131kl\u0131, a\u011f\u0131r hizmet uygulamalar\u0131 i\u00e7in en iyisi de\u011fildir.<\/li>\r\n \t<li><strong>Pamuk<\/strong>: Yumu\u015fak ve rahat, ancak sentetik kolonlar kadar g\u00fc\u00e7l\u00fc ve dayan\u0131kl\u0131 de\u011fildir.<\/li>\r\n<\/ul>\r\n<strong>\u00c7evresel Diren\u00e7<\/strong>:\r\n<ul>\r\n \t<li><strong>Polyester<\/strong>: UV ve neme kar\u015f\u0131 en iyi diren\u00e7, uzun s\u00fcreli d\u0131\u015f mekan kullan\u0131m\u0131 i\u00e7in uygundur.<\/li>\r\n \t<li><strong>Naylon<\/strong>: Orta d\u00fczeyde UV direnci, neme kar\u015f\u0131 duyarl\u0131.<\/li>\r\n \t<li><strong>Polipropilen<\/strong>: M\u00fckemmel su direnci, ancak UV ve \u0131s\u0131ya maruz kald\u0131\u011f\u0131nda bozulur.<\/li>\r\n \t<li><strong>Pamuk<\/strong>: Nem ve UV&#8217;ye kar\u015f\u0131 zay\u0131f diren\u00e7, k\u00fcflenmeye e\u011filimlidir.<\/li>\r\n<\/ul>\r\n<strong>Maliyet ve A\u011f\u0131rl\u0131k<\/strong>:\r\n<ul>\r\n \t<li><strong>Polipropilen<\/strong>: Hafif ve maliyet a\u00e7\u0131s\u0131ndan etkili, b\u00fct\u00e7e dostu projeler i\u00e7in ideal.<\/li>\r\n \t<li><strong>Naylon ve Polyester<\/strong>: Genellikle daha pahal\u0131d\u0131r, ancak \u00fcst\u00fcn performans sunar.<\/li>\r\n \t<li><strong>Pamuk<\/strong>: Genellikle uygun fiyatl\u0131d\u0131r, ancak sentetik se\u00e7eneklere g\u00f6re daha az dayan\u0131kl\u0131d\u0131r.<\/li>\r\n<\/ul>\r\nHer bir kolon t\u00fcr\u00fc\u2014polyester, naylon, polipropilen ve pamuk\u2014uygulamaya ba\u011fl\u0131 olarak farkl\u0131 avantajlar ve potansiyel dezavantajlar sunar. Polyester kolon, UV ve hava direnci, y\u00fcksek dayan\u0131kl\u0131l\u0131k ve d\u00fc\u015f\u00fck esneme nedeniyle d\u0131\u015f mekan ve denizcilik uygulamalar\u0131 i\u00e7in m\u00fckemmel bir se\u00e7imdir. Naylon kolon, dayan\u0131kl\u0131l\u0131k ve esneklik sunarken, polipropilen hafifli\u011fi ve su direnci ile \u00f6ne \u00e7\u0131kar. Pamuk ise moda ve dekoratif kullan\u0131mlar i\u00e7in konfor ve biyolojik par\u00e7alanabilirlik sunar.\r\n\r\nPolyester Kolon Do\u011fru<a href=\"https:\/\/www.habbyaccessories.com.tr\/urun-kategori\/tuhafiye\/serit\/\" target=\"_blank\" rel=\"noopener\"> kolonu<\/a> se\u00e7mek, projenizin gereksinimlerine ba\u011fl\u0131d\u0131r; bu gereksinimler aras\u0131nda g\u00fc\u00e7, \u00e7evresel diren\u00e7, a\u011f\u0131rl\u0131k ve maliyet dikkate al\u0131nmal\u0131d\u0131r. Bu farkl\u0131l\u0131klar\u0131 anlamak, uygulaman\u0131zda g\u00fcvenli\u011fi, dayan\u0131kl\u0131l\u0131\u011f\u0131 ve performans\u0131 sa\u011flamak i\u00e7in en uygun malzemeyi se\u00e7menize yard\u0131mc\u0131 olabilir.\r\n\r\n<\/div>\r\n<\/div>\r\n<\/div>\r\n<\/div>\r\n<\/div>\r\n<\/div>\r\n.[\/vc_column_text][\/vc_column][\/vc_row]","protected":false},"excerpt":{"rendered":"[vc_row pix_particles_check=&#8221;&#8221;][vc_column][vc_column_text] Polyester Kolon Di\u011fer Kolon T\u00fcrleriyle Nas\u0131l Kar\u015f\u0131la\u015ft\u0131r\u0131l\u0131r? [\/vc_column_text][vc_column_text] Polyester Kolon Di\u011fer Kolon T\u00fcrleriyle Nas\u0131l Kar\u015f\u0131la\u015ft\u0131r\u0131l\u0131r? Polyester kolon, benzersiz \u00f6zellikleri nedeniyle \u00e7e\u015fitli uygulamalarda pop\u00fcler bir tercihtir, ancak mevcut olan tek t\u00fcr kolon de\u011fildir. Naylon, polipropilen ve pamuk gibi di\u011fer&#8230;","protected":false},"author":1,"featured_media":64743,"parent":0,"menu_order":0,"comment_status":"closed","ping_status":"closed","template":"","meta":{"footnotes":""},"class_list":["post-65153","page","type-page","status-publish","has-post-thumbnail","hentry"],"_links":{"self":[{"href":"https:\/\/www.tekislastik.com\/tr\/wp-json\/wp\/v2\/pages\/65153","targetHints":{"allow":["GET"]}}],"collection":[{"href":"https:\/\/www.tekislastik.com\/tr\/wp-json\/wp\/v2\/pages"}],"about":[{"href":"https:\/\/www.tekislastik.com\/tr\/wp-json\/wp\/v2\/types\/page"}],"author":[{"embeddable":true,"href":"https:\/\/www.tekislastik.com\/tr\/wp-json\/wp\/v2\/users\/1"}],"replies":[{"embeddable":true,"href":"https:\/\/www.tekislastik.com\/tr\/wp-json\/wp\/v2\/comments?post=65153"}],"version-history":[{"count":4,"href":"https:\/\/www.tekislastik.com\/tr\/wp-json\/wp\/v2\/pages\/65153\/revisions"}],"predecessor-version":[{"id":79154,"href":"https:\/\/www.tekislastik.com\/tr\/wp-json\/wp\/v2\/pages\/65153\/revisions\/79154"}],"wp:featuredmedia":[{"embeddable":true,"href":"https:\/\/www.tekislastik.com\/tr\/wp-json\/wp\/v2\/media\/64743"}],"wp:attachment":[{"href":"https:\/\/www.tekislastik.com\/tr\/wp-json\/wp\/v2\/media?parent=65153"}],"curies":[{"name":"wp","href":"https:\/\/api.w.org\/{rel}","templated":true}]}}