{"id":65034,"date":"2024-08-27T14:58:28","date_gmt":"2024-08-27T11:58:28","guid":{"rendered":"https:\/\/www.tekislastik.com\/?page_id=65034"},"modified":"2026-03-05T16:11:08","modified_gmt":"2026-03-05T13:11:08","slug":"baliksirti-serit-ne-kadar-dayaniklidir","status":"publish","type":"page","link":"https:\/\/www.tekislastik.com\/tr\/baliksirti-serit-ne-kadar-dayaniklidir\/","title":{"rendered":"Bal\u0131ks\u0131rt\u0131 \u015eerit Ne Kadar Dayan\u0131kl\u0131d\u0131r?"},"content":{"rendered":"[vc_row pix_particles_check=&#8221;&#8221;][vc_column][vc_column_text]\r\n<h1 style=\"text-align: center;\"><strong>\u00a0Bal\u0131ks\u0131rt\u0131 \u015eerit Ne Kadar Dayan\u0131kl\u0131d\u0131r?<\/strong><\/h1>\r\n[\/vc_column_text][\/vc_column][\/vc_row][vc_row pix_particles_check=&#8221;&#8221;][vc_column][vc_column_text]\r\n<h5><strong>A\u011f\u0131r Hizmet Uygulamalar\u0131 i\u00e7in Bal\u0131ks\u0131rt\u0131 \u015eerit Ne Kadar Dayan\u0131kl\u0131d\u0131r?<\/strong><\/h5>\r\n<a href=\"https:\/\/www.habbyaccessories.com.tr\/urun\/10mm-baliksirti-serit\/\" target=\"_blank\" rel=\"noopener\">Bal\u0131ks\u0131rt\u0131 \u015eerit<\/a> Ne Kadar Dayan\u0131kl\u0131d\u0131r? \u00a0<a href=\"https:\/\/www.tekislastik.com\/tr\/urunler\/dar-dokuma-kolon-serit\/baliksirti-serit\/\">Bal\u0131ks\u0131rt\u0131 \u015ferit<\/a>, kendine \u00f6zg\u00fc deseni ve \u00e7ok y\u00f6nl\u00fcl\u00fc\u011f\u00fc ile bilinir; bu da onu i\u015f\u00e7ilik, diki\u015f ve end\u00fcstriyel kullan\u0131mlar dahil olmak \u00fczere \u00e7e\u015fitli uygulamalarda yayg\u0131n bir tercih haline getirir. A\u011f\u0131r hizmet uygulamalar\u0131 i\u00e7in dayan\u0131kl\u0131l\u0131\u011f\u0131 de\u011ferlendirilirken, kullan\u0131lan malzemeler, dokuma tekni\u011fi ve eldeki g\u00f6revin \u00f6zel gereksinimleri dahil olmak \u00fczere \u00e7e\u015fitli fakt\u00f6rler devreye girer.\r\n\r\n<strong>1. Malzeme Bile\u015fimi<\/strong>\r\n\r\nBal\u0131ks\u0131rt\u0131 \u015feridin dayan\u0131kl\u0131l\u0131\u011f\u0131 b\u00fcy\u00fck \u00f6l\u00e7\u00fcde yap\u0131ld\u0131\u011f\u0131 malzemelere ba\u011fl\u0131d\u0131r. Yayg\u0131n malzemeler aras\u0131nda pamuk, polyester, polipropilen ve bu liflerin kar\u0131\u015f\u0131mlar\u0131 bulunur. Her malzeme farkl\u0131 seviyelerde g\u00fc\u00e7 ve esneklik sunar:\r\n\r\n<strong>&#8211; Pamuk:<\/strong>\u00a0 Rahat ve nefes alabilir olsa da, pamuk bal\u0131ks\u0131rt\u0131 bant a\u011f\u0131r hizmet uygulamalar\u0131 i\u00e7in en dayan\u0131kl\u0131 se\u00e7enek de\u011fildir. \u00d6zellikle neme veya s\u00fcrt\u00fcnmeye maruz kald\u0131\u011f\u0131nda a\u015f\u0131nma ve y\u0131pranmaya kar\u015f\u0131 daha hassast\u0131r. Bununla birlikte, dayan\u0131kl\u0131l\u0131\u011f\u0131n\u0131 art\u0131rmak i\u00e7in apre i\u015flemine tabi tutulabilir.\r\n\r\n<strong>&#8211; Polyester:\u00a0<\/strong> Polyester bal\u0131ks\u0131rt\u0131 \u015ferit \u00e7ok daha sa\u011flam ve dayan\u0131kl\u0131d\u0131r. Gerilmeye, b\u00fcz\u00fclmeye ve k\u00fcflenmeye kar\u015f\u0131 diren\u00e7lidir, bu da onu zorlu ortamlar i\u00e7in uygun hale getirir. Sentetik yap\u0131s\u0131 ayn\u0131 zamanda m\u00fckemmel a\u015f\u0131nma direnci sa\u011flayarak d\u0131\u015f mekan veya y\u00fcksek kullan\u0131m senaryolar\u0131 i\u00e7in idealdir.\r\n\r\n<strong>&#8211; Polipropilen:<\/strong> M\u00fckemmel kimyasal direnci ve d\u00fc\u015f\u00fck nem emilimi ile bilinen polipropilen bal\u0131ks\u0131rt\u0131 \u015ferit, a\u011f\u0131r hizmet uygulamalar\u0131 i\u00e7in bir ba\u015fka g\u00fc\u00e7l\u00fc se\u00e7enektir. Hafif ancak dayan\u0131kl\u0131d\u0131r, bu da onu zorlu ko\u015fullarda kullan\u0131ma uygun hale getirir.\r\n\r\n<strong>2. Dokuma Tekni\u011fi<\/strong>\r\n\r\nBal\u0131ks\u0131rt\u0131 dokuman\u0131n kendisi \u015feridin g\u00fcc\u00fcne ve dayan\u0131kl\u0131l\u0131\u011f\u0131na katk\u0131da bulunur. Bu desen, sadece estetik bir \u00e7ekicilik katmakla kalmay\u0131p ayn\u0131 zamanda kuma\u015f\u0131n yap\u0131sal b\u00fct\u00fcnl\u00fc\u011f\u00fcn\u00fc de geli\u015ftiren zikzak veya \u015fivron tasar\u0131m\u0131n\u0131 i\u00e7erir. Bal\u0131ks\u0131rt\u0131 desenindeki ipliklerin birbirine kenetlenmesi, gerilimi malzeme boyunca daha e\u015fit bir \u015fekilde da\u011f\u0131tarak bas\u0131n\u00e7 alt\u0131nda y\u0131rt\u0131lma veya y\u0131pranma olas\u0131l\u0131\u011f\u0131n\u0131 azalt\u0131r.\r\n\r\n<strong>\u00a03. A\u011f\u0131r Hizmet Uygulamalar\u0131<\/strong>\r\n\r\nBal\u0131ks\u0131rt\u0131 \u015ferit, \u00f6nemli \u00f6l\u00e7\u00fcde a\u015f\u0131nma ve y\u0131pranmaya dayanmas\u0131n\u0131 gerektiren \u00e7e\u015fitli a\u011f\u0131r hizmet uygulamalar\u0131nda kullan\u0131l\u0131r:\r\n\r\n<strong>&#8211; Takviye:<\/strong> Diki\u015f ve d\u00f6\u015femede, bal\u0131ks\u0131rt\u0131 \u015ferit genellikle diki\u015fleri, etek u\u00e7lar\u0131n\u0131 ve kenarlar\u0131 takviye etmek i\u00e7in kullan\u0131l\u0131r ve nihai \u00fcr\u00fcne ek g\u00fc\u00e7 ve dayan\u0131kl\u0131l\u0131k sa\u011flar. \u00d6zellikle \u00e7antalar\u0131n k\u00f6\u015feleri veya d\u0131\u015f mekan ekipmanlar\u0131n\u0131n kenarlar\u0131 gibi s\u0131k stres veya a\u015f\u0131nmaya maruz kalan alanlarda kullan\u0131\u015fl\u0131d\u0131r.\r\n\r\n<strong>&#8211; Ba\u011flama ve Sarma:<\/strong> \u015eerit ayr\u0131ca a\u011f\u0131r y\u00fckleri sabitlemek, tutamaklar olu\u015fturmak veya ko\u015fum tak\u0131mlar\u0131n\u0131n bir par\u00e7as\u0131 olarak sarma ve ba\u011flama amac\u0131yla da kullan\u0131l\u0131r. Dayan\u0131kl\u0131l\u0131\u011f\u0131, esneme veya y\u0131pranma olmadan \u00f6nemli a\u011f\u0131rl\u0131\u011f\u0131 kald\u0131rabilmesini sa\u011flar.\r\n\r\n<strong>&#8211; Kaplamalar:<\/strong> Poli\u00fcretan veya di\u011fer koruyucu katmanlar gibi kaplamalar\u0131n uygulanmas\u0131, \u015feridin suya, UV \u0131\u015f\u0131\u011f\u0131na ve kimyasallara kar\u015f\u0131 daha dayan\u0131kl\u0131 olmas\u0131n\u0131 sa\u011flayarak kullan\u0131m \u00f6mr\u00fcn\u00fc uzatabilir.\r\n\r\n<strong>&#8211; G\u00fc\u00e7lendirilmi\u015f Kenarlar:<\/strong> \u015eeridin kenarlar\u0131n\u0131n g\u00fc\u00e7lendirilmesi, \u00f6zellikle y\u00fcksek gerilimli uygulamalarda y\u0131pranmay\u0131 \u00f6nleyebilir ve dayan\u0131kl\u0131l\u0131\u011f\u0131 art\u0131rabilir.\r\n\r\nBal\u0131ks\u0131rt\u0131 \u015eerit Ne Kadar Dayan\u0131kl\u0131d\u0131r, Sonu\u00e7 olarak, bal\u0131ks\u0131rt\u0131 \u015ferit, \u00f6zellikle polyester veya polipropilen gibi g\u00fc\u00e7l\u00fc malzemelerden yap\u0131ld\u0131\u011f\u0131nda, a\u011f\u0131r hizmet uygulamalar\u0131 i\u00e7in olduk\u00e7a dayan\u0131kl\u0131 olabilir. Bal\u0131ks\u0131rt\u0131 dokuman\u0131n do\u011fal mukavemeti, do\u011fru malzeme bile\u015fimi ile birle\u015fti\u011finde, onu \u00e7ok \u00e7e\u015fitli zorlu kullan\u0131mlar i\u00e7in uygun hale getirir. Bununla birlikte, \u00e7evresel ko\u015fullar ve kimyasallara veya a\u015f\u0131nmaya maruz kalma potansiyeli dahil olmak \u00fczere uygulaman\u0131n \u00f6zel gereksinimlerini dikkate almak \u00f6nemlidir. Uygun bal\u0131ks\u0131rt\u0131 \u015ferit t\u00fcr\u00fcn\u00fc se\u00e7erek ve muhtemelen ek i\u015flemlerle geli\u015ftirerek, en zorlu uygulamalar\u0131n bile dayan\u0131kl\u0131l\u0131k ihtiya\u00e7lar\u0131n\u0131 kar\u015f\u0131lamas\u0131n\u0131 sa\u011flayabilirsiniz.\r\n\r\n[\/vc_column_text][\/vc_column][\/vc_row]Bal\u0131ks\u0131rt\u0131 \u015eerit Ne Kadar Dayan\u0131kl\u0131d\u0131r?","protected":false},"excerpt":{"rendered":"[vc_row pix_particles_check=&#8221;&#8221;][vc_column][vc_column_text] \u00a0Bal\u0131ks\u0131rt\u0131 \u015eerit Ne Kadar Dayan\u0131kl\u0131d\u0131r? [\/vc_column_text][\/vc_column][\/vc_row][vc_row pix_particles_check=&#8221;&#8221;][vc_column][vc_column_text] A\u011f\u0131r Hizmet Uygulamalar\u0131 i\u00e7in Bal\u0131ks\u0131rt\u0131 \u015eerit Ne Kadar Dayan\u0131kl\u0131d\u0131r? Bal\u0131ks\u0131rt\u0131 \u015eerit Ne Kadar Dayan\u0131kl\u0131d\u0131r? \u00a0Bal\u0131ks\u0131rt\u0131 \u015ferit, kendine \u00f6zg\u00fc deseni ve \u00e7ok y\u00f6nl\u00fcl\u00fc\u011f\u00fc ile bilinir; bu da onu i\u015f\u00e7ilik, diki\u015f ve end\u00fcstriyel&#8230;","protected":false},"author":1,"featured_media":64521,"parent":0,"menu_order":0,"comment_status":"closed","ping_status":"closed","template":"","meta":{"footnotes":""},"class_list":["post-65034","page","type-page","status-publish","has-post-thumbnail","hentry"],"_links":{"self":[{"href":"https:\/\/www.tekislastik.com\/tr\/wp-json\/wp\/v2\/pages\/65034","targetHints":{"allow":["GET"]}}],"collection":[{"href":"https:\/\/www.tekislastik.com\/tr\/wp-json\/wp\/v2\/pages"}],"about":[{"href":"https:\/\/www.tekislastik.com\/tr\/wp-json\/wp\/v2\/types\/page"}],"author":[{"embeddable":true,"href":"https:\/\/www.tekislastik.com\/tr\/wp-json\/wp\/v2\/users\/1"}],"replies":[{"embeddable":true,"href":"https:\/\/www.tekislastik.com\/tr\/wp-json\/wp\/v2\/comments?post=65034"}],"version-history":[{"count":4,"href":"https:\/\/www.tekislastik.com\/tr\/wp-json\/wp\/v2\/pages\/65034\/revisions"}],"predecessor-version":[{"id":79047,"href":"https:\/\/www.tekislastik.com\/tr\/wp-json\/wp\/v2\/pages\/65034\/revisions\/79047"}],"wp:featuredmedia":[{"embeddable":true,"href":"https:\/\/www.tekislastik.com\/tr\/wp-json\/wp\/v2\/media\/64521"}],"wp:attachment":[{"href":"https:\/\/www.tekislastik.com\/tr\/wp-json\/wp\/v2\/media?parent=65034"}],"curies":[{"name":"wp","href":"https:\/\/api.w.org\/{rel}","templated":true}]}}