{"id":65018,"date":"2024-08-27T13:34:14","date_gmt":"2024-08-27T10:34:14","guid":{"rendered":"https:\/\/www.tekislastik.com\/?page_id=65018"},"modified":"2026-03-06T16:46:10","modified_gmt":"2026-03-06T13:46:10","slug":"tasma-kolonu-nedir-ve-evcil-hayvan-aksesuarlarinda-nasil-kullanilir","status":"publish","type":"page","link":"https:\/\/www.tekislastik.com\/tr\/tasma-kolonu-nedir-ve-evcil-hayvan-aksesuarlarinda-nasil-kullanilir\/","title":{"rendered":"Tasma Kolonu Nedir ve Evcil Hayvan Aksesuarlar\u0131nda Nas\u0131l Kullan\u0131l\u0131r?"},"content":{"rendered":"[vc_row pix_particles_check=&#8221;&#8221;][vc_column][vc_column_text]\r\n<h1 style=\"text-align: center;\">Tasma Kolonu Nedir ve Evcil Hayvan Aksesuarlar\u0131nda Nas\u0131l Kullan\u0131l\u0131r?<\/h1>\r\n[\/vc_column_text][\/vc_column][\/vc_row][vc_row pix_particles_check=&#8221;&#8221;][vc_column][vc_column_text]\r\n<h5><strong>Tasma Kolonu Nedir ve Evcil Hayvan Aksesuarlar\u0131nda Nas\u0131l Kullan\u0131l\u0131r?<\/strong><\/h5>\r\nGenellikle tasma ipi veya tasma ucu olarak bilinen <a href=\"https:\/\/www.tekislastik.com\/tr\/urunler\/dar-dokuma-kolon-serit\/tasma-kolonu\/\">tasma kolonlar\u0131<\/a>, \u00f6zellikle k\u00f6pekler ve kediler i\u00e7in evcil hayvan aksesuarlar\u0131 end\u00fcstrisinin temel bile\u015fenleridir. <a href=\"https:\/\/www.habbyaccessories.com.tr\/urun-kategori\/pet-aksesuarlari\/tasma\/\" target=\"_blank\" rel=\"noopener\">Bu kolonlar,<\/a> evcil hayvan y\u00fcr\u00fcy\u00fc\u015fleri veya e\u011fitim seanslar\u0131 s\u0131ras\u0131nda kontrol, g\u00fcvenlik ve stil sa\u011flamak da dahil olmak \u00fczere bir\u00e7ok amaca hizmet eder. Ayr\u0131ca, polyester, polipropilen, pamuk ve naylon gibi \u00e7e\u015fitli malzemelerden \u00fcretilirler ve her biri farkl\u0131 avantajlar sunar. Bu makalede tasma kolonlar\u0131n\u0131n \u00f6zellikleri, \u00fcretim s\u00fcre\u00e7leri ve evcil hayvan aksesuarlar\u0131 sekt\u00f6r\u00fcndeki uygulamalar\u0131 incelenmektedir.\r\n\r\n<strong>Malzemeler ve \u00d6zellikleri<\/strong>\r\n<ol>\r\n \t<li><strong>Polyester:\u00a0<\/strong><\/li>\r\n<\/ol>\r\nPolyester, y\u00fcksek mukavemeti ve p\u00fcr\u00fczs\u00fcz y\u00fczeyi nedeniyle tasma kolonlar\u0131 i\u00e7in pop\u00fcler bir se\u00e7imdir. Bu sentetik elyaf dayan\u0131kl\u0131d\u0131r, esnemeye ve b\u00fcz\u00fclmeye kar\u015f\u0131 diren\u00e7lidir ve \u00e7abuk kurur. Ek olarak, polyester kolonlar genellikle canl\u0131 renk tutma \u00f6zellikleri i\u00e7in kullan\u0131l\u0131r ve bu da onlar\u0131 tutarl\u0131 renkler ve desenler gerektiren \u015f\u0131k evcil hayvan aksesuarlar\u0131 i\u00e7in ideal hale getirir. P\u00fcr\u00fczs\u00fcz y\u00fczey ayr\u0131ca evcil hayvan\u0131n rahat etmesini sa\u011flayarak s\u00fcrt\u00fcnme veya tahri\u015f riskini azalt\u0131r.\r\n<ol start=\"2\">\r\n \t<li><strong>Polipropilen:<\/strong><\/li>\r\n<\/ol>\r\nPolipropilen, tasma kolonlar\u0131nda kullan\u0131lan bir di\u011fer yayg\u0131n malzemedir ve suya, neme ve asitlere kar\u015f\u0131 direnci ile bilinir. Bu, onu a\u00e7\u0131k hava etkinlikleri ve kolonlar\u0131n \u0131slanabilece\u011fi veya kirlenebilece\u011fi ortamlar i\u00e7in m\u00fckemmel bir se\u00e7im haline getirir. Ayr\u0131ca, polipropilen kay\u0131\u015flar hafif, dayan\u0131kl\u0131 ve uygun maliyetlidir, bu da onlar\u0131 g\u00fcnl\u00fck kullan\u0131m i\u00e7in pratik bir se\u00e7im haline getirir.\r\n<ol start=\"3\">\r\n \t<li><strong>Pamuk:<\/strong><\/li>\r\n<\/ol>\r\nPamuk, yumu\u015fakl\u0131k ve rahatl\u0131k sa\u011flayan do\u011fal bir liftir, bu da onu hassas cilde veya alerjiye sahip evcil hayvanlar i\u00e7in tercih edilen bir malzeme haline getirir. Pamuk tasma kolonlar\u0131 nefes alabilir ve emicidir, s\u0131cak havalar i\u00e7in idealdir. Bununla birlikte, \u00f6zellikle zorlu ko\u015fullarda polyester veya naylon gibi sentetik malzemeler kadar dayan\u0131kl\u0131 olmayabilir.\r\n<ol start=\"4\">\r\n \t<li><strong>Naylon:<\/strong><\/li>\r\n<\/ol>\r\nNaylon tasma kolonlar\u0131 m\u00fckemmel g\u00fc\u00e7\/a\u011f\u0131rl\u0131k oranlar\u0131yla \u00fcnl\u00fcd\u00fcr. \u0130nan\u0131lmaz derecede dayan\u0131kl\u0131d\u0131rlar, a\u015f\u0131nmaya kar\u015f\u0131 diren\u00e7lidirler ve hafif bir esnekli\u011fe sahiptirler, evcil hayvan i\u00e7in biraz esneklik ve rahatl\u0131k sa\u011flarlar. Ayr\u0131ca naylon suya dayan\u0131kl\u0131d\u0131r ve \u00e7abuk kurur, bu da onu \u00e7e\u015fitli hava ko\u015fullar\u0131na uygun hale getirir.\r\n\r\n<strong> \u00dcretim S\u00fcreci<\/strong>\r\n\r\nTasma kolonlar\u0131n\u0131n \u00fcretim s\u00fcreci, her biri nihai \u00fcr\u00fcn\u00fcn kalitesini ve dayan\u0131kl\u0131l\u0131\u011f\u0131n\u0131 sa\u011flayan birka\u00e7 temel ad\u0131m\u0131 i\u00e7erir:\r\n<ol>\r\n \t<li><strong>Hammadde Se\u00e7imi:<\/strong><\/li>\r\n<\/ol>\r\n\u0130lk ad\u0131m, tasma kolonunun istenen \u00f6zelliklerine g\u00f6re uygun hammaddelerin se\u00e7ilmesidir. \u00d6rne\u011fin, polyester, polipropilen, pamuk veya naylon iplikler belirli \u00f6zellikleri i\u00e7in se\u00e7ilir.\r\n<ol start=\"2\">\r\n \t<li><strong>\u0130plik Aktar\u0131m\u0131:<\/strong><\/li>\r\n<\/ol>\r\nSe\u00e7ilen iplikler daha sonra i\u015flenir ve tipik olarak 10 mm&#8217;den 30 mm ve \u00f6tesine kadar de\u011fi\u015fen geni\u015fliklerde kolonlar halinde dokunur veya \u00f6r\u00fcl\u00fcr. Dokuma veya \u00f6rme i\u015flemi kolonlara g\u00fc\u00e7 ve esneklik kazand\u0131r\u0131r.\r\n<ol start=\"3\">\r\n \t<li><strong>Bask\u0131 ve Boyama:\u00a0<\/strong><\/li>\r\n<\/ol>\r\nTasma kolonlar\u0131 dijital bask\u0131 teknolojisi kullan\u0131larak logolar, desenler veya renklerle \u00f6zelle\u015ftirilebilir. Bu ad\u0131m, canl\u0131 ve uzun \u00f6m\u00fcrl\u00fc y\u00fcksek kaliteli bask\u0131lara olanak tan\u0131r. Ayr\u0131ca boyama i\u015flemi, kay\u0131\u015flar\u0131n renklerini korumas\u0131n\u0131 ve \u00e7abuk solmamas\u0131n\u0131 sa\u011flar.\r\n<ol start=\"4\">\r\n \t<li><strong>Kalite Kontrol:\u00a0<\/strong><\/li>\r\n<\/ol>\r\nKalite kontrol, \u00fcretim s\u00fcrecinin ayr\u0131lmaz bir par\u00e7as\u0131d\u0131r. Her a\u015famada, kolonlar tutarl\u0131l\u0131k, g\u00fc\u00e7 ve renk hasl\u0131\u011f\u0131 a\u00e7\u0131s\u0131ndan denetlenir. Bu, nihai \u00fcr\u00fcn\u00fcn gerekli standartlar\u0131 kar\u015f\u0131lamas\u0131n\u0131 ve evcil hayvanlarla kullan\u0131m i\u00e7in g\u00fcvenli olmas\u0131n\u0131 sa\u011flar.\r\n<ol start=\"5\">\r\n \t<li><strong>Kesim ve Montaj:\u00a0<\/strong><\/li>\r\n<\/ol>\r\nKolonlar standart uzunluklarda kesilir ve metal veya plastik klipsler, tokalar veya deri etiketlerle donat\u0131l\u0131r. Bu aksesuarlar, tasma kolonlar\u0131n\u0131n i\u015flevselli\u011fi i\u00e7in gereklidir ve evcil hayvan tasmalar\u0131na veya ko\u015fum tak\u0131mlar\u0131na g\u00fcvenli bir \u015fekilde tak\u0131lmalar\u0131n\u0131 sa\u011flar.\r\n<ol start=\"6\">\r\n \t<li><strong>Paketleme ve Sevkiyat:<\/strong><\/li>\r\n<\/ol>\r\nSon ad\u0131m, tasma kolonlar\u0131n\u0131n sevkiyat i\u00e7in paketlenmesini i\u00e7erir. Ambalaj, kay\u0131\u015flar\u0131 nakliye ve depolama s\u0131ras\u0131nda hasar g\u00f6rmekten korur.\r\n\r\n<strong>Evcil Hayvan Aksesuarlar\u0131n\u0131n Kullan\u0131m alanlar\u0131<\/strong>\r\n\r\nYaka kay\u0131\u015flar\u0131, evcil hayvan aksesuarlar\u0131 end\u00fcstrisinde, \u00f6ncelikle a\u015fa\u011f\u0131dakiler i\u00e7in geni\u015f bir uygulama alan\u0131na sahiptir:\r\n<ol>\r\n \t<li><strong>Tasmalar:<\/strong><\/li>\r\n<\/ol>\r\nTasmalar, tasma kolonlar\u0131n\u0131n belki de en yayg\u0131n kullan\u0131m alan\u0131d\u0131r. Y\u00fcr\u00fcy\u00fc\u015fler veya e\u011fitim seanslar\u0131 s\u0131ras\u0131nda evcil hayvanlar\u0131 kontrol etmek i\u00e7in bir ara\u00e7 sa\u011flarlar. Evcil hayvan\u0131n boyutuna ve g\u00fcc\u00fcne ba\u011fl\u0131 olarak, tasmalar \u00e7e\u015fitli geni\u015flik ve uzunluklarda yap\u0131labilir.\r\n<ol start=\"2\">\r\n \t<li><strong>\u00a0Evcil Hayvan Tasmalar\u0131:<\/strong><\/li>\r\n<\/ol>\r\nTasma kolonlar\u0131 evcil hayvan tasmalar\u0131 yapmak i\u00e7in de kullan\u0131l\u0131r. Bu tasmalar i\u015flevsel ve \u015f\u0131kt\u0131r, evcil hayvan sahiplerinin evcil hayvanlar\u0131n\u0131n g\u00fcvenli\u011fini sa\u011flarken tarzlar\u0131n\u0131 ifade etmelerine olanak tan\u0131r.\r\n<ol start=\"3\">\r\n \t<li><strong>Ko\u015fumlar:<\/strong><\/li>\r\n<\/ol>\r\nTasma kolonlar\u0131, tasman\u0131n uygulad\u0131\u011f\u0131 kuvveti boyun yerine evcil hayvan\u0131n g\u00f6\u011fs\u00fcne ve omuzlar\u0131na da\u011f\u0131t\u0131r. Bu \u00f6zellikle tasmay\u0131 \u00e7eken evcil hayvanlar i\u00e7in yararl\u0131d\u0131r ve yaralanma riskini azalt\u0131r.\r\n<ol start=\"4\">\r\n \t<li><strong>Kimlik Etiketleri:<\/strong><\/li>\r\n<\/ol>\r\nTasma kolonlar\u0131, evcil hayvan g\u00fcvenli\u011fi i\u00e7in \u00e7ok \u00f6nemli olan kimlik etiketlerini de ta\u015f\u0131yabilir. Bu etiketler genellikle evcil hayvan\u0131n ad\u0131n\u0131 ve sahibinin ileti\u015fim bilgilerini i\u00e7erir, bu da kay\u0131p evcil hayvanlar\u0131n sahipleriyle yeniden bir araya getirilmesini kolayla\u015ft\u0131r\u0131r.\r\n<ol start=\"5\">\r\n \t<li><strong>Dekoratif Aksesuarlar:<\/strong><\/li>\r\n<\/ol>\r\n\u0130\u015flevsel kullan\u0131mlar\u0131n \u00f6tesinde, tasma kolonlar\u0131 tamamen dekoratif olabilir. \u00d6rne\u011fin, evcil hayvan\u0131n g\u00f6r\u00fcn\u00fcm\u00fcn\u00fc zenginle\u015ftiren fiyonklar, tak\u0131lar veya di\u011fer s\u00fcslemelerle s\u00fcslenebilirler.\r\n\r\nTasma kolonlar\u0131, evcil hayvan aksesuarlar\u0131 end\u00fcstrisinde i\u015flevsellik ve stilin bir kar\u0131\u015f\u0131m\u0131n\u0131 sunan \u00e7ok y\u00f6nl\u00fc ve temel bile\u015fenlerdir. Polyester, polipropilen, pamuk veya naylondan yap\u0131lm\u0131\u015f olsun, bu kay\u0131\u015flar evcil hayvanlar ve sahipleri i\u00e7in g\u00fc\u00e7, dayan\u0131kl\u0131l\u0131k ve rahatl\u0131k sa\u011flar. Tasma kolonlar\u0131, tasmalardan ko\u015fum tak\u0131mlar\u0131na ve dekoratif aksesuarlara kadar evcil hayvanlar\u0131n g\u00fcvenli\u011fini ve refah\u0131n\u0131 sa\u011flamada hayati bir rol oynamaktad\u0131r. Kendini kaliteye adam\u0131\u015f bir \u00fcretici olarak Teki\u015f Lastik, t\u00fcm tasma kolonlar\u0131n\u0131n s\u0131k\u0131 kalite standartlar\u0131n\u0131 kar\u015f\u0131lamas\u0131n\u0131 sa\u011flayarak m\u00fc\u015fterilerine g\u00fcvenilir ve \u015f\u0131k \u00fcr\u00fcnler sunar.\r\n\r\n[\/vc_column_text][\/vc_column][\/vc_row]","protected":false},"excerpt":{"rendered":"[vc_row pix_particles_check=&#8221;&#8221;][vc_column][vc_column_text] Tasma Kolonu Nedir ve Evcil Hayvan Aksesuarlar\u0131nda Nas\u0131l Kullan\u0131l\u0131r? [\/vc_column_text][\/vc_column][\/vc_row][vc_row pix_particles_check=&#8221;&#8221;][vc_column][vc_column_text] Tasma Kolonu Nedir ve Evcil Hayvan Aksesuarlar\u0131nda Nas\u0131l Kullan\u0131l\u0131r? Genellikle tasma ipi veya tasma ucu olarak bilinen tasma kolonlar\u0131, \u00f6zellikle k\u00f6pekler ve kediler i\u00e7in evcil hayvan aksesuarlar\u0131&#8230;","protected":false},"author":1,"featured_media":64507,"parent":0,"menu_order":0,"comment_status":"closed","ping_status":"closed","template":"","meta":{"footnotes":""},"class_list":["post-65018","page","type-page","status-publish","has-post-thumbnail","hentry"],"_links":{"self":[{"href":"https:\/\/www.tekislastik.com\/tr\/wp-json\/wp\/v2\/pages\/65018","targetHints":{"allow":["GET"]}}],"collection":[{"href":"https:\/\/www.tekislastik.com\/tr\/wp-json\/wp\/v2\/pages"}],"about":[{"href":"https:\/\/www.tekislastik.com\/tr\/wp-json\/wp\/v2\/types\/page"}],"author":[{"embeddable":true,"href":"https:\/\/www.tekislastik.com\/tr\/wp-json\/wp\/v2\/users\/1"}],"replies":[{"embeddable":true,"href":"https:\/\/www.tekislastik.com\/tr\/wp-json\/wp\/v2\/comments?post=65018"}],"version-history":[{"count":4,"href":"https:\/\/www.tekislastik.com\/tr\/wp-json\/wp\/v2\/pages\/65018\/revisions"}],"predecessor-version":[{"id":79138,"href":"https:\/\/www.tekislastik.com\/tr\/wp-json\/wp\/v2\/pages\/65018\/revisions\/79138"}],"wp:featuredmedia":[{"embeddable":true,"href":"https:\/\/www.tekislastik.com\/tr\/wp-json\/wp\/v2\/media\/64507"}],"wp:attachment":[{"href":"https:\/\/www.tekislastik.com\/tr\/wp-json\/wp\/v2\/media?parent=65018"}],"curies":[{"name":"wp","href":"https:\/\/api.w.org\/{rel}","templated":true}]}}