{"id":65012,"date":"2024-08-27T11:57:48","date_gmt":"2024-08-27T08:57:48","guid":{"rendered":"https:\/\/www.tekislastik.com\/?page_id=65012"},"modified":"2026-03-06T16:48:52","modified_gmt":"2026-03-06T13:48:52","slug":"tasma-kolonu-nedir","status":"publish","type":"page","link":"https:\/\/www.tekislastik.com\/tr\/tasma-kolonu-nedir\/","title":{"rendered":"Tasma Kolonu Nedir?"},"content":{"rendered":"[vc_row pix_particles_check=&#8221;&#8221;][vc_column][vc_column_text]\r\n<h1 style=\"text-align: center;\">Tasma Kolonu Nedir?<\/h1>\r\n[\/vc_column_text][vc_column_text]\r\n<h5><strong>Tasma Kolonu Nedir?<\/strong><\/h5>\r\nTasma Kolonu Nedir? Genellikle tasma ipi olarak adland\u0131r\u0131lan <a href=\"https:\/\/www.tekislastik.com\/tr\/urunler\/dar-dokuma-kolon-serit\/tasma-kolonu\/\">tasma kolonu<\/a>, evcil hayvan end\u00fcstrisinde, \u00f6zellikle evcil hayvan tasmalar\u0131 ve tasma kolonlar\u0131 olu\u015fturmak i\u00e7in \u00e7ok y\u00f6nl\u00fc ve temel bir aksesuard\u0131r. Bu kolonlar tipik olarak dokuma \u015feritlerden yap\u0131l\u0131r ve evcil hayvanlar i\u00e7in farkl\u0131 yaka ve tasma t\u00fcrlerine uyacak \u015fekilde \u00e7e\u015fitli geni\u015flik ve renklerde mevcuttur. Yaka kolonlar\u0131n\u0131n \u00fcretiminde kullan\u0131lan ba\u015fl\u0131ca malzemeler aras\u0131nda polyester, polipropilen, naylon ve pamuk iplikler yer al\u0131r. Her bir malzeme farkl\u0131 avantajlar sunarak tasma kolonlar\u0131n\u0131 evcil hayvan aksesuarlar\u0131 i\u00e7in ideal bir se\u00e7im haline getirir.\r\n\r\n<strong>Tasma Kolonlar\u0131n\u0131n \u00dcretiminde Hangi Malzemeler Kullan\u0131l\u0131r?<\/strong>\r\n\r\n<a href=\"https:\/\/www.habbyaccessories.com.tr\/urun-kategori\/pet-aksesuarlari\/tasma\/\" target=\"_blank\" rel=\"noopener\">Tasma kolonlar\u0131,<\/a> her biri farkl\u0131 uygulamalar i\u00e7in uygun benzersiz \u00f6zellikler sunan \u00e7e\u015fitli malzemelerden yap\u0131l\u0131r. En yayg\u0131n kullan\u0131lan malzemeler \u015funlard\u0131r:\r\n\r\n<strong>Polyester<\/strong>: Y\u00fcksek mukavemeti ve dayan\u0131kl\u0131l\u0131\u011f\u0131 ile bilinen polyester, tasma kolonlar\u0131 i\u00e7in yayg\u0131n bir tercihtir. P\u00fcr\u00fczs\u00fcz bir y\u00fczey sunarak evcil hayvanlar\u0131n rahat\u00e7a giymesini sa\u011flar. Ek olarak, polyester esnemeye ve b\u00fcz\u00fclmeye kar\u015f\u0131 dayan\u0131kl\u0131d\u0131r, bu da tasman\u0131n veya tasma kolonunun zaman i\u00e7inde \u015feklini korumas\u0131n\u0131 sa\u011flar.\r\n\r\n<strong>Polipropilen<\/strong>: Bu malzeme suya, neme ve asitlere kar\u015f\u0131 olduk\u00e7a dayan\u0131kl\u0131d\u0131r, bu da onu a\u00e7\u0131k hava etkinliklerinden ho\u015flanan veya s\u0131k s\u0131k \u0131slak ko\u015fullara maruz kalan evcil hayvanlar i\u00e7in ideal hale getirir. Polipropilen kolonlar hafif ancak g\u00fc\u00e7l\u00fcd\u00fcr ve evcil hayvan tasmalar\u0131 ve kay\u0131\u015flar\u0131 i\u00e7in dayan\u0131kl\u0131 bir se\u00e7enek sunar.\r\n\r\n<strong>Naylon<\/strong>: Naylon tasma kolonlar\u0131 ola\u011fan\u00fcst\u00fc g\u00fc\u00e7 ve esneklikleriyle bilinir. Olduk\u00e7a dayan\u0131kl\u0131 ve a\u015f\u0131nmaya ve y\u0131pranmaya kar\u015f\u0131 diren\u00e7lidir, bu da onlar\u0131 aktif evcil hayvanlar i\u00e7in uygun hale getirir. Naylon kolonlar ayr\u0131ca evcil hayvanlar i\u00e7in konforu art\u0131ran yumu\u015fak bir dokuya sahiptir.\r\n\r\n<strong>Pamuk<\/strong>: Pamuk tasma kolonlar\u0131 yumu\u015fak ve rahatt\u0131r, bu da onlar\u0131 hassas cilde sahip evcil hayvanlar i\u00e7in uygun hale getirir. Ancak pamuk, polyester ve naylon gibi sentetik malzemeler kadar dayan\u0131kl\u0131 olmayabilir ve daha s\u0131k y\u0131kama ve bak\u0131m gerektirebilir.\r\n\r\n<strong>Tasma Kolonlar\u0131n\u0131n Yayg\u0131n Kullan\u0131m Alanlar\u0131 Nelerdir?<\/strong>\r\n\r\nTasma kolonlar\u0131 \u00f6ncelikle evcil hayvan aksesuarlar\u0131 sekt\u00f6r\u00fcnde \u00e7e\u015fitli evcil hayvan tasmalar\u0131 \u00fcretmek i\u00e7in kullan\u0131l\u0131r. Baz\u0131 yayg\u0131n kullan\u0131mlar\u0131 \u015funlard\u0131r:\r\n\r\n<strong>Kedi Tasmalar\u0131:<\/strong> Hafif ve rahat tasma kolonlar\u0131, kediler i\u00e7in g\u00fcvenli ve \u015f\u0131k bir aksesuar sa\u011flayan kedi tasmalar\u0131 yapmak i\u00e7in kullan\u0131l\u0131r. Bu tasmalar genellikle yaralanmalar\u0131 \u00f6nlemek i\u00e7in kopabilen tokalar gibi g\u00fcvenlik \u00f6zellikleriyle birlikte gelir.\r\n\r\n<strong>Kedi Y\u00fcr\u00fcy\u00fc\u015f Tasmalar\u0131:<\/strong> A\u00e7\u0131k havada y\u00fcr\u00fcy\u00fc\u015f yapmaktan ho\u015flanan kediler i\u00e7in dayan\u0131kl\u0131 tasma kolonlar\u0131ndan yap\u0131lm\u0131\u015f y\u00fcr\u00fcy\u00fc\u015f tasmalar\u0131 \u00e7ok \u00f6nemlidir. Bu tasmalar, kedinin ka\u00e7mas\u0131n\u0131 \u00f6nleyerek g\u00fcvenli ve rahat olacak \u015fekilde tasarlanm\u0131\u015ft\u0131r.\r\n\r\n<strong>K\u00f6pek Tasmalar\u0131:<\/strong> Tasma kolonlar\u0131ndan yap\u0131lan k\u00f6pek tasmalar\u0131, farkl\u0131 \u0131rklara ve tercihlere uyacak \u015fekilde \u00e7e\u015fitli tasar\u0131m ve boyutlarda mevcuttur. Bu tasmalar, tasmalar ve kimlik etiketleri i\u00e7in g\u00fcvenli bir ba\u011flant\u0131 noktas\u0131 sa\u011flar.\r\n\r\n<strong>K\u00f6pek Gezdirme Tasmalar\u0131:<\/strong> K\u00f6pekler i\u00e7in gezdirme tasmalar\u0131, y\u00fcr\u00fcy\u00fc\u015fler s\u0131ras\u0131nda rahatl\u0131k ve kontrol sa\u011flamak i\u00e7in tasarlanm\u0131\u015ft\u0131r. \u00c7ekmeye ve a\u015f\u0131nmaya dayanmas\u0131 i\u00e7in genellikle polyester, naylon veya polipropilen gibi sa\u011flam malzemelerden yap\u0131l\u0131rlar.\r\n\r\n<strong>Evcil Hayvan\u0131n\u0131z \u0130\u00e7in Do\u011fru Tasma Kolonunu Nas\u0131l Se\u00e7ersiniz?<\/strong>\r\n\r\nEvcil hayvan\u0131n\u0131z i\u00e7in do\u011fru tasma kolonunu se\u00e7mek; evcil hayvan\u0131n boyutu, aktivite seviyesi ve herhangi bir \u00f6zel ihtiyac\u0131 veya hassasiyeti dahil olmak \u00fczere \u00e7e\u015fitli fakt\u00f6rleri g\u00f6z \u00f6n\u00fcnde bulundurmay\u0131 i\u00e7erir. \u0130\u015fte do\u011fru tasma kolonunu se\u00e7mek i\u00e7in baz\u0131 ipu\u00e7lar\u0131:\r\n\r\n<strong>Malzeme<\/strong>: Malzemeyi evcil hayvan\u0131n\u0131z\u0131n ya\u015fam tarz\u0131na g\u00f6re de\u011ferlendirin. Aktif evcil hayvanlar veya s\u0131k s\u0131k suya maruz kalanlar i\u00e7in polipropilen veya naylon ideal olabilir. Hassas cilde sahip evcil hayvanlar i\u00e7in pamuk daha iyi bir se\u00e7enek olabilir.\r\n\r\n<strong>Geni\u015flik<\/strong>: Tasma kolonunun geni\u015fli\u011fi evcil hayvan\u0131n\u0131z\u0131n boyutuna uygun olmal\u0131d\u0131r. Dar kolonlar daha k\u00fc\u00e7\u00fck evcil hayvanlar i\u00e7in uygunken, daha geni\u015f kolonlar daha b\u00fcy\u00fck hayvanlar i\u00e7in daha iyi destek sa\u011flar.\r\n\r\n<strong>Tasar\u0131m ve Renk:<\/strong> Tasma kolonlar\u0131 \u00e7e\u015fitli renk ve tasar\u0131mlara sahiptir. Stil tercihlerinize uygun bir kay\u0131\u015f se\u00e7erken, yans\u0131t\u0131c\u0131 malzemeler gibi g\u00f6r\u00fcn\u00fcrl\u00fck ve g\u00fcvenlik \u00f6zelliklerini de g\u00f6z \u00f6n\u00fcnde bulundurun.\r\n\r\n<strong>Dayan\u0131kl\u0131l\u0131k<\/strong>: A\u015f\u0131nma ve y\u0131pranmaya dayanabilecek y\u00fcksek kaliteli kolonlar aray\u0131n. Naylon ve polyester gibi dayan\u0131kl\u0131 malzemeler uzun \u00f6m\u00fcrl\u00fc performans i\u00e7in m\u00fckemmel se\u00e7imlerdir.\r\n\r\n<strong>\u00d6zelle\u015ftirme<\/strong>: Evcil hayvan\u0131n\u0131z i\u00e7in benzersiz bir g\u00f6r\u00fcn\u00fcm istiyorsan\u0131z, \u00f6zel bask\u0131l\u0131 tasma kolonlar\u0131n\u0131 d\u00fc\u015f\u00fcn\u00fcn. Dijital bask\u0131 teknolojisi ile kolona logolar, desenler veya foto\u011fraflar ekleyebilir, evcil hayvan\u0131n\u0131z i\u00e7in ki\u015fiselle\u015ftirilmi\u015f bir aksesuar olu\u015fturabilirsiniz.\r\n\r\n<strong>Tasma Kolonlar\u0131n\u0131n \u00dcretim S\u00fcreci Nedir?<\/strong>\r\n\r\nTasma kolonlar\u0131n\u0131n \u00fcretim s\u00fcreci, nihai \u00fcr\u00fcn\u00fcn y\u00fcksek kalite standartlar\u0131n\u0131 kar\u015f\u0131lamas\u0131n\u0131 sa\u011flayan birka\u00e7 \u00f6nemli ad\u0131m\u0131 i\u00e7erir. S\u00fcre\u00e7 tipik olarak \u015funlar\u0131 i\u00e7erir:\r\n\r\n<strong>Hammadde Kabul\u00fc:<\/strong> Polyester, naylon, polipropilen veya pamuk iplikler gibi y\u00fcksek kaliteli malzemeler \u00fcretimden \u00f6nce se\u00e7ilir ve incelenir.\r\n\r\n<strong>\u0130plik Aktar\u0131m\u0131:<\/strong> \u0130plikler i\u015flenir ve dokuma veya \u00f6rme i\u00e7in kolonlara haz\u0131rlan\u0131r.\r\n\r\n<strong>\u00dcretim<\/strong>: \u0130plikler \u00f6zel makineler kullan\u0131larak dokunur veya \u00f6r\u00fclerek kolon haline getirilir. Kolonlar daha sonra istenilen renk ve deseni elde etmek i\u00e7in gerekirse boyan\u0131r veya bas\u0131l\u0131r.\r\n\r\n<strong>Paketleme<\/strong>: Kolonlar \u00fcretildikten sonra standart uzunluklarda kesilir ve paketlenir. Bu a\u015famada metal ve plastik klipsler veya deri etiketler eklenebilir.\r\n\r\n<strong>Sevkiyat<\/strong>: Nihai \u00fcr\u00fcnler kalite a\u00e7\u0131s\u0131ndan denetlenir ve ard\u0131ndan m\u00fc\u015fterilere g\u00f6nderilir.\r\n\r\n<strong>Kalite G\u00fcvencesi ve Sertifikasyon<\/strong>\r\n\r\nTasma Kolonu Nedir? Teki\u015f Lastik, y\u00fcksek kalite ve dayan\u0131kl\u0131l\u0131k standartlar\u0131n\u0131 korumay\u0131 taahh\u00fct eden sayg\u0131n bir tasma kolonu \u00fcreticisidir. T\u00fcm \u00fcr\u00fcnler OEKO-TEX Standard 100 sertifikas\u0131na sahiptir ve zararl\u0131 maddeler i\u00e7ermedi\u011finden hem evcil hayvanlar hem de insanlar i\u00e7in g\u00fcvenlidir. \u015eirket, hammadde se\u00e7iminden nihai \u00fcr\u00fcn teslimat\u0131na kadar \u00fcretim s\u00fcrecinin her a\u015famas\u0131nda m\u00fc\u015fteri memnuniyetine ve kalite kontrol\u00fcne \u00f6ncelik vermektedir.\r\n\r\nTasma Kolonu Nedir? Tasma kolonlar\u0131, evcil hayvan aksesuarlar\u0131n\u0131n \u00f6nemli bir bile\u015fenidir ve i\u015flevsellik, rahatl\u0131k ve stilin bir kar\u0131\u015f\u0131m\u0131n\u0131 sunar. \u0130ster g\u00fcnl\u00fck kullan\u0131m ister \u00f6zel uygulamalar i\u00e7in olsun, do\u011fru tasma kolonunu se\u00e7mek evcil hayvan\u0131n\u0131z\u0131n rahat\u0131n\u0131 ve g\u00fcvenli\u011fini \u00f6nemli \u00f6l\u00e7\u00fcde etkileyebilir. \u00c7ok \u00e7e\u015fitli malzemeler, tasar\u0131mlar ve \u00f6zelle\u015ftirme se\u00e7enekleri ile evcil hayvan\u0131n\u0131z\u0131n ihtiya\u00e7lar\u0131na uygun m\u00fckemmel tasma kolonunu bulabilirsiniz. Y\u00fcksek kaliteli, dayan\u0131kl\u0131 tasma kolonlar\u0131 i\u00e7in Teki\u015f Lastik, farkl\u0131 gereksinimleri kar\u015f\u0131lamak i\u00e7in \u00e7e\u015fitli \u00fcr\u00fcnler sunan g\u00fcvenilir bir \u00fcreticidir.\r\n\r\n[\/vc_column_text][\/vc_column][\/vc_row][vc_row pix_particles_check=&#8221;&#8221;][vc_column][\/vc_column][\/vc_row]","protected":false},"excerpt":{"rendered":"[vc_row pix_particles_check=&#8221;&#8221;][vc_column][vc_column_text] Tasma Kolonu Nedir? [\/vc_column_text][vc_column_text] Tasma Kolonu Nedir? Tasma Kolonu Nedir? Genellikle tasma ipi olarak adland\u0131r\u0131lan tasma kolonu, evcil hayvan end\u00fcstrisinde, \u00f6zellikle evcil hayvan tasmalar\u0131 ve tasma kolonlar\u0131 olu\u015fturmak i\u00e7in \u00e7ok y\u00f6nl\u00fc ve temel bir aksesuard\u0131r. Bu kolonlar tipik&#8230;","protected":false},"author":1,"featured_media":64503,"parent":0,"menu_order":0,"comment_status":"closed","ping_status":"closed","template":"","meta":{"footnotes":""},"class_list":["post-65012","page","type-page","status-publish","has-post-thumbnail","hentry"],"_links":{"self":[{"href":"https:\/\/www.tekislastik.com\/tr\/wp-json\/wp\/v2\/pages\/65012","targetHints":{"allow":["GET"]}}],"collection":[{"href":"https:\/\/www.tekislastik.com\/tr\/wp-json\/wp\/v2\/pages"}],"about":[{"href":"https:\/\/www.tekislastik.com\/tr\/wp-json\/wp\/v2\/types\/page"}],"author":[{"embeddable":true,"href":"https:\/\/www.tekislastik.com\/tr\/wp-json\/wp\/v2\/users\/1"}],"replies":[{"embeddable":true,"href":"https:\/\/www.tekislastik.com\/tr\/wp-json\/wp\/v2\/comments?post=65012"}],"version-history":[{"count":5,"href":"https:\/\/www.tekislastik.com\/tr\/wp-json\/wp\/v2\/pages\/65012\/revisions"}],"predecessor-version":[{"id":79139,"href":"https:\/\/www.tekislastik.com\/tr\/wp-json\/wp\/v2\/pages\/65012\/revisions\/79139"}],"wp:featuredmedia":[{"embeddable":true,"href":"https:\/\/www.tekislastik.com\/tr\/wp-json\/wp\/v2\/media\/64503"}],"wp:attachment":[{"href":"https:\/\/www.tekislastik.com\/tr\/wp-json\/wp\/v2\/media?parent=65012"}],"curies":[{"name":"wp","href":"https:\/\/api.w.org\/{rel}","templated":true}]}}