{"id":64951,"date":"2024-08-24T11:08:37","date_gmt":"2024-08-24T08:08:37","guid":{"rendered":"https:\/\/www.tekislastik.com\/?page_id=64951"},"modified":"2026-03-11T12:49:52","modified_gmt":"2026-03-11T09:49:52","slug":"ilikli-lastigin-normal-lastikten-farki-nedir","status":"publish","type":"page","link":"https:\/\/www.tekislastik.com\/tr\/ilikli-lastigin-normal-lastikten-farki-nedir\/","title":{"rendered":"\u0130likli Lasti\u011fin Normal Lastikten Fark\u0131 Nedir?"},"content":{"rendered":"[vc_row pix_particles_check=&#8221;&#8221;][vc_column][vc_column_text]\r\n<h1 style=\"text-align: center;\">\u0130likli Lasti\u011fin Normal Lastikten Fark\u0131 Nedir?<\/h1>\r\n[\/vc_column_text][\/vc_column][\/vc_row][vc_row pix_particles_check=&#8221;&#8221;][vc_column][vc_column_text]\r\n<h5><strong>\u0130likli Lasti\u011fin Normal Lastikten Fark\u0131 Nedir?<\/strong><\/h5>\r\n<a href=\"https:\/\/www.tekislastik.com\/tr\/urunler\/lastik\/orme-lastik\/orme-ilikli-lastik\/\">\u0130likli lastik<\/a>, normal lasti\u011fe k\u0131yasla farkl\u0131 \u00f6zelliklere ve uygulamalara sahip \u00f6zel bir lastik t\u00fcr\u00fcd\u00fcr. Bu farkl\u0131l\u0131klar\u0131 anlamak, \u00f6zellikle ayarlanabilir boyutland\u0131rma ve rahatl\u0131\u011f\u0131n \u00f6nemli oldu\u011fu giysilerde, belirli projeler i\u00e7in do\u011fru malzemeyi se\u00e7mek a\u00e7\u0131s\u0131ndan \u00e7ok \u00f6nemlidir. Burada, yap\u0131, i\u015flevsellik, yayg\u0131n kullan\u0131mlar ve faydalara odaklanarak ilikli lastik ile normal lastik aras\u0131ndaki temel farklar\u0131 inceleyece\u011fiz.\r\n\r\n<strong>Yap\u0131 ve Tasar\u0131m<\/strong>\r\n\r\n\u0130likli lastik ve normal lastik aras\u0131ndaki en belirgin farklardan biri yap\u0131lar\u0131nda yatmaktad\u0131r. \u0130likli lastik, uzunlu\u011fu boyunca e\u015fit aral\u0131kl\u0131 iliklere veya deliklere sahiptir, bu da bu deliklerden d\u00fc\u011fmelerin yerle\u015ftirilmesiyle uyumda ayarlamalara izin verir. Bu tasar\u0131m \u00f6zellikle giysilerde ayarlanabilir bel lastikleri olu\u015fturmak i\u00e7in kullan\u0131\u015fl\u0131d\u0131r. Buna kar\u015f\u0131l\u0131k, \u00f6rg\u00fcl\u00fc, dokuma veya \u00f6rme olsun, normal lastik bu yerle\u015fik deliklere sahip de\u011fildir ve tipik olarak boyutland\u0131rmay\u0131 kolayca ayarlama yetene\u011fi olmadan s\u00fcrekli bir d\u00f6ng\u00fc veya d\u00fcz par\u00e7a halinde kullan\u0131l\u0131r.\r\n\r\n<strong>\u0130\u015flevsellik ve Ayarlanabilirlik<\/strong>\r\n\r\n\u0130likli lasti\u011fin birincil i\u015flevi, giysilerde ayarlanabilir boyutland\u0131rma se\u00e7enekleri sa\u011flamakt\u0131r. Bu \u00f6zellik, boyutland\u0131rma esnekli\u011finin gerekli oldu\u011fu \u00e7ocuk k\u0131yafetleri, hamile k\u0131yafetleri ve uyarlanabilir k\u0131yafetlerde kullan\u0131m i\u00e7in idealdir. \u0130likler, kullan\u0131c\u0131lar\u0131n giysiyi gerekti\u011fi gibi s\u0131k\u0131la\u015ft\u0131rmas\u0131n\u0131 veya gev\u015fetmesini sa\u011flayarak v\u00fccut \u00f6l\u00e7\u00fcs\u00fc veya \u015feklindeki de\u011fi\u015fikliklere uyum sa\u011flar. \u00d6te yandan normal lastik, esneme ve toparlanma sa\u011flar ancak yerle\u015fik ayarlanabilirlik \u00f6zelli\u011finden yoksundur. Genellikle k\u0131l\u0131flara veya do\u011frudan kuma\u015f \u00fczerine dikilir ve ayarlama se\u00e7ene\u011fi olmadan sabit miktarda esneme sa\u011flar.\r\n\r\n<strong>\u00a0Yayg\u0131n Kullan\u0131m Alanlar\u0131<\/strong>\r\n\r\n\u0130likli lastik en yayg\u0131n olarak ayarlanabilirlik gerektiren giysilerde kullan\u0131l\u0131r. Pantolonlar\u0131n, eteklerin ve \u015fortlar\u0131n bel k\u0131s\u0131mlar\u0131nda, \u00f6zellikle de b\u00fcy\u00fcmeye izin verdi\u011fi \u00e7ocuk k\u0131yafetlerinde s\u0131kl\u0131kla bulunur. Hamile k\u0131yafetleri de ilikli lastikten faydalan\u0131r ve hamileli\u011fin farkl\u0131 a\u015famalar\u0131nda rahatl\u0131k ve uyumluluk sa\u011flar. Normal lastik ise bel lastikleri, man\u015fetler, yakalar ve \u00e7e\u015fitli aksesuarlar dahil olmak \u00fczere daha geni\u015f bir uygulama yelpazesinde kullan\u0131l\u0131r. Giysilerde destek ve esneklik sa\u011flar ancak ayarlanabilir boyutland\u0131rma i\u00e7in tasarlanmam\u0131\u015ft\u0131r.\r\n\r\n<strong>Malzeme Bile\u015fimi<\/strong>\r\n\r\nHem ilikli lastik hem de normal lastik polyester, pamuk, kau\u00e7uk ve spandeks gibi benzer malzemelerden yap\u0131labilir. Bununla birlikte, iliklerin dahil edilmesi, y\u0131pranmay\u0131 \u00f6nlemek ve dayan\u0131kl\u0131l\u0131\u011f\u0131 korumak i\u00e7in ilikli lasti\u011fin g\u00fc\u00e7lendirilmi\u015f kenarlara sahip olmas\u0131n\u0131 gerektirir. Bu takviye, ek diki\u015f veya deliklerin etraf\u0131nda daha yo\u011fun bir dokuma i\u00e7erebilir. Normal lastik, \u00f6zellikle \u00f6rg\u00fc veya \u00f6rme formlar\u0131nda, deliklere veya a\u00e7\u0131kl\u0131klara sahip olacak \u015fekilde tasarlanmad\u0131\u011f\u0131ndan bu takviyeyi gerektirmez. . Bununla birlikte, y\u00fcksek kaliteli ilikli lastik, tekrarlanan ayarlamalara dayanacak ve b\u00fct\u00fcnl\u00fc\u011f\u00fcn\u00fc koruyacak \u015fekilde tasarlanm\u0131\u015ft\u0131r. Normal lastik, \u00f6zellikle dokuma ve \u00f6rme \u00e7e\u015fitleri, iliklerin yap\u0131sal kesintilerinden yoksun oldu\u011fu i\u00e7in daha dayan\u0131kl\u0131 olma e\u011filimindedir. Her iki lastik t\u00fcr\u00fcn\u00fcn de bak\u0131m\u0131 genellikle kolayd\u0131r, bir\u00e7o\u011fu makinede y\u0131kanabilir, ancak \u00f6zel bak\u0131m talimatlar\u0131 malzeme bile\u015fimine g\u00f6re de\u011fi\u015febilir.\r\n\r\n<strong>Estetik ve Rahatl\u0131k<\/strong>\r\n\r\n<a href=\"https:\/\/www.habbyaccessories.com.tr\/\" target=\"_blank\" rel=\"noopener\">\u0130likli lastik<\/a> daha ki\u015fiselle\u015ftirilebilir bir uyum sunarak kullan\u0131c\u0131n\u0131n rahatl\u0131\u011f\u0131n\u0131 art\u0131r\u0131r. Giysinin istenen s\u0131k\u0131l\u0131kta veya gev\u015feklikte ayarlanabilmesi, giysinin \u00e7ok k\u0131s\u0131tlay\u0131c\u0131 olmadan iyi oturmas\u0131n\u0131 sa\u011flar. Bu \u00f6zellik, rahatl\u0131k ve giyinme kolayl\u0131\u011f\u0131n\u0131n \u00f6ncelikli oldu\u011fu \u00e7ocuk giysileri i\u00e7in \u00f6zellikle faydal\u0131d\u0131r. Normal lastik tutarl\u0131 bir esneklik ve destek seviyesi sa\u011flar ancak \u00f6zelle\u015ftirme se\u00e7eneklerinden yoksundur. Tipik olarak bir muhafaza i\u00e7inde gizlenir veya do\u011frudan giysi \u00fczerine dikilir, bu da onu daha az g\u00f6r\u00fcn\u00fcr hale getirir ve lasti\u011fin g\u00f6r\u00fclmemesi gereken uygulamalar i\u00e7in daha uygundur.\r\n\r\n\u00d6zetle, <a href=\"https:\/\/www.tekislastik.com\/tr\/\">ilikli lastik<\/a>, ayarlanabilirlik i\u00e7in e\u015fit aral\u0131kl\u0131 ilikler i\u00e7eren benzersiz tasar\u0131m\u0131 ile ay\u0131rt edilir. Bu \u00f6zellik, \u00e7ocuk giysileri ve hamile k\u0131yafetleri gibi boyutland\u0131rmada esneklik gerektiren giysiler i\u00e7in idealdir. Normal lastik, \u00e7ok y\u00f6nl\u00fc ve yayg\u0131n olarak kullan\u0131lmas\u0131na ra\u011fmen, ayn\u0131 d\u00fczeyde ayarlanabilirlik sunmaz. \u0130likli lastik ve normal lastik aras\u0131nda se\u00e7im yapmak, ayarlanabilir boyutland\u0131rma gereksinimi, rahatl\u0131k ve istenen estetik gibi projenin \u00f6zel ihtiya\u00e7lar\u0131na ba\u011fl\u0131d\u0131r. Bu farkl\u0131l\u0131klar\u0131n anla\u015f\u0131lmas\u0131, \u00e7e\u015fitli diki\u015f ve giysi yap\u0131m\u0131 projeleri i\u00e7in do\u011fru lastik t\u00fcr\u00fcn\u00fcn se\u00e7ilmesine yard\u0131mc\u0131 olabilir.\r\n\r\n[\/vc_column_text][\/vc_column][\/vc_row]","protected":false},"excerpt":{"rendered":"[vc_row pix_particles_check=&#8221;&#8221;][vc_column][vc_column_text] \u0130likli Lasti\u011fin Normal Lastikten Fark\u0131 Nedir? [\/vc_column_text][\/vc_column][\/vc_row][vc_row pix_particles_check=&#8221;&#8221;][vc_column][vc_column_text] \u0130likli Lasti\u011fin Normal Lastikten Fark\u0131 Nedir? \u0130likli lastik, normal lasti\u011fe k\u0131yasla farkl\u0131 \u00f6zelliklere ve uygulamalara sahip \u00f6zel bir lastik t\u00fcr\u00fcd\u00fcr. Bu farkl\u0131l\u0131klar\u0131 anlamak, \u00f6zellikle ayarlanabilir boyutland\u0131rma ve rahatl\u0131\u011f\u0131n \u00f6nemli oldu\u011fu&#8230;","protected":false},"author":1,"featured_media":64467,"parent":0,"menu_order":0,"comment_status":"closed","ping_status":"closed","template":"","meta":{"footnotes":""},"class_list":["post-64951","page","type-page","status-publish","has-post-thumbnail","hentry"],"_links":{"self":[{"href":"https:\/\/www.tekislastik.com\/tr\/wp-json\/wp\/v2\/pages\/64951","targetHints":{"allow":["GET"]}}],"collection":[{"href":"https:\/\/www.tekislastik.com\/tr\/wp-json\/wp\/v2\/pages"}],"about":[{"href":"https:\/\/www.tekislastik.com\/tr\/wp-json\/wp\/v2\/types\/page"}],"author":[{"embeddable":true,"href":"https:\/\/www.tekislastik.com\/tr\/wp-json\/wp\/v2\/users\/1"}],"replies":[{"embeddable":true,"href":"https:\/\/www.tekislastik.com\/tr\/wp-json\/wp\/v2\/comments?post=64951"}],"version-history":[{"count":3,"href":"https:\/\/www.tekislastik.com\/tr\/wp-json\/wp\/v2\/pages\/64951\/revisions"}],"predecessor-version":[{"id":79181,"href":"https:\/\/www.tekislastik.com\/tr\/wp-json\/wp\/v2\/pages\/64951\/revisions\/79181"}],"wp:featuredmedia":[{"embeddable":true,"href":"https:\/\/www.tekislastik.com\/tr\/wp-json\/wp\/v2\/media\/64467"}],"wp:attachment":[{"href":"https:\/\/www.tekislastik.com\/tr\/wp-json\/wp\/v2\/media?parent=64951"}],"curies":[{"name":"wp","href":"https:\/\/api.w.org\/{rel}","templated":true}]}}