{"id":64936,"date":"2024-08-23T17:41:09","date_gmt":"2024-08-23T14:41:09","guid":{"rendered":"https:\/\/www.tekislastik.com\/?page_id=64936"},"modified":"2026-03-06T10:19:15","modified_gmt":"2026-03-06T07:19:15","slug":"dikis-projeleri-icin-dogru-orme-lastik-nasil-secilir","status":"publish","type":"page","link":"https:\/\/www.tekislastik.com\/tr\/dikis-projeleri-icin-dogru-orme-lastik-nasil-secilir\/","title":{"rendered":"Diki\u015f Projeleri i\u00e7in Do\u011fru \u00d6rme Lastik Nas\u0131l Se\u00e7ilir?"},"content":{"rendered":"[vc_row pix_particles_check=&#8221;&#8221;][vc_column][vc_column_text]\r\n<h1 style=\"text-align: center;\">Diki\u015f Projeleri i\u00e7in Do\u011fru \u00d6rme Lastik Nas\u0131l Se\u00e7ilir?<\/h1>\r\n[\/vc_column_text][vc_column_text]\r\n\r\nDiki\u015f Projeleri i\u00e7in Do\u011fru \u00d6rme Lastik Nas\u0131l Se\u00e7ilir?\u00a0 bitmi\u015f \u00fcr\u00fcn\u00fcn\u00fczde istenen uyum, rahatl\u0131k ve i\u015flevselli\u011fi elde etmek i\u00e7in \u00e7ok \u00f6nemlidir. \u00d6rme lastik, yumu\u015fak dokusu ve m\u00fckemmel gerilebilirli\u011fi ile bilinir, bu da onu \u00e7e\u015fitli diki\u015f uygulamalar\u0131nda pop\u00fcler bir se\u00e7im haline getirir. Bununla birlikte, uygun tipin se\u00e7ilmesi, mevcut \u00e7e\u015fitli geni\u015flikler, kal\u0131nl\u0131klar ve malzeme bile\u015fimleri nedeniyle \u00e7ok zor olabilir. Bu k\u0131lavuz, bu se\u00e7enekler aras\u0131nda gezinmenize ve diki\u015f ihtiya\u00e7lar\u0131n\u0131z i\u00e7in en iyi se\u00e7imi yapman\u0131za yard\u0131mc\u0131 olacakt\u0131r.\r\n<h5><strong>Diki\u015f Projeleri i\u00e7in Do\u011fru \u00d6rme Lastik Nas\u0131l Se\u00e7ilir? \u00d6rme Lasti\u011fi Anlamak<\/strong><\/h5>\r\nDiki\u015f Projeleri i\u00e7in Do\u011fru <a href=\"https:\/\/www.tekislastik.com\/tr\/urunler\/lastik\/orme-lastik\/\">\u00d6rme Lastik<\/a> Nas\u0131l Se\u00e7ilir? \u00d6rme lastik, esnek ipliklerin genellikle polyester, pamuk veya sentetik malzemelerin bir kar\u0131\u015f\u0131m\u0131 olan di\u011fer elyaflarla birlikte \u00f6r\u00fclmesiyle yap\u0131l\u0131r. Bu yap\u0131 y\u00f6ntemi, \u00f6rme lasti\u011fe karakteristik yumu\u015fakl\u0131\u011f\u0131n\u0131 ve esneyebilirli\u011fini vererek cilde kar\u015f\u0131 rahat olmas\u0131n\u0131 ve esneklik gerektiren giysiler i\u00e7in ideal olmas\u0131n\u0131 sa\u011flar.\r\n\r\n<strong>Dikkate Al\u0131nmas\u0131 Gereken Temel Fakt\u00f6rler<\/strong>\r\n\r\nDiki\u015f Projeleri i\u00e7in Do\u011fru \u00d6rme <a href=\"https:\/\/www.habbyaccessories.com.tr\/urun-kategori\/tuhafiye\/lastik\/page\/2\/\" target=\"_blank\" rel=\"noopener\">Lastik<\/a> Nas\u0131l Se\u00e7ilir?\r\n\r\nDiki\u015f projeleri i\u00e7in \u00f6rme lastik se\u00e7erken a\u015fa\u011f\u0131daki temel fakt\u00f6rleri g\u00f6z \u00f6n\u00fcnde bulundurun:\r\n<ol>\r\n \t<li><strong>Geni\u015flik ve Kal\u0131nl\u0131k<\/strong><\/li>\r\n<\/ol>\r\n<strong>\u00a0\u00a0 &#8211; Geni\u015flik:\u00a0<\/strong> \u00d6rme lastik, tipik olarak 1\/4 in\u00e7 ila 2 in\u00e7 veya daha fazla aras\u0131nda de\u011fi\u015fen \u00e7e\u015fitli geni\u015fliklerde gelir. Se\u00e7ti\u011finiz geni\u015flik, projenizin \u00f6zel gereksinimlerine uygun olmal\u0131d\u0131r. \u00d6rne\u011fin, daha geni\u015f lastik (1 in\u00e7 veya daha fazla) genellikle bel lastiklerinde kullan\u0131l\u0131rken, daha dar lastik (1\/4 in\u00e7 ila 3\/4 in\u00e7) man\u015fetler, yakalar ve i\u00e7 \u00e7ama\u015f\u0131rlar\u0131 i\u00e7in uygundur.\r\n\r\n<strong>\u00a0\u00a0 &#8211; Kal\u0131nl\u0131k<\/strong>: Lasti\u011fin kal\u0131nl\u0131\u011f\u0131 esneme ve dayan\u0131kl\u0131l\u0131\u011f\u0131n\u0131 etkiler. Daha kal\u0131n lastik genellikle daha dayan\u0131kl\u0131d\u0131r ve daha g\u00fc\u00e7l\u00fc destek sa\u011flar, bu da onu kemer ve spor k\u0131yafetleri gibi sa\u011flam tutu\u015f gerektiren projeler i\u00e7in uygun hale getirir. Daha ince lastik daha fazla esneklik sunar ve hafif giysiler ve narin kuma\u015flar i\u00e7in idealdir.\r\n<ol start=\"2\">\r\n \t<li><strong>Esneme ve Toparlanma<\/strong><\/li>\r\n<\/ol>\r\n<strong>\u00a0\u00a0 &#8211; Esneme:\u00a0<\/strong> Projenizde ne kadar esnemeye ihtiyac\u0131n\u0131z oldu\u011funu d\u00fc\u015f\u00fcn\u00fcn. \u00d6rme lastik tipik olarak orta ila y\u00fcksek esneme sunar ve bu da esneklik gerektiren giysiler i\u00e7in idealdir. Y\u00fcksek esnemenin gerekli oldu\u011fu spor giyim veya mayo gibi uygulamalar i\u00e7in, m\u00fckemmel uzama \u00f6zelliklerine sahip lasti\u011fi tercih edin.\r\n\r\n<strong>\u00a0\u00a0 &#8211; Toparlanma:<\/strong> Toparlanma, lasti\u011fin gerildikten sonra orijinal uzunlu\u011funa d\u00f6nme kabiliyetini ifade eder. \u0130yi toparlanma, lasti\u011fin \u015feklini korumas\u0131n\u0131 ve zaman i\u00e7inde tutarl\u0131 destek sa\u011flamas\u0131n\u0131 sa\u011flar. Hem iyi esneme hem de toparlanma sunan y\u00fcksek kaliteli \u00f6rme elastik aray\u0131n.\r\n<ol start=\"3\">\r\n \t<li><strong>Malzeme Bile\u015fimi<\/strong><\/li>\r\n<\/ol>\r\n&#8211; \u00d6rme lastik genellikle polyester, pamuk, naylon ve spandeks gibi malzemelerin kar\u0131\u015f\u0131m\u0131ndan yap\u0131l\u0131r. Malzeme bile\u015fimi lasti\u011fin esnemesini, yumu\u015fakl\u0131\u011f\u0131n\u0131, dayan\u0131kl\u0131l\u0131\u011f\u0131n\u0131 ve y\u0131kama ve kurutmaya kar\u015f\u0131 direncini etkiler.\r\n\r\n<strong>\u00a0\u00a0 &#8211; Polyester:<\/strong> Polyester bazl\u0131 \u00f6rme lastik dayan\u0131kl\u0131d\u0131r, \u00e7ekmeye ve esnemeye kar\u015f\u0131 diren\u00e7lidir ve bak\u0131m\u0131 kolayd\u0131r. \u00c7o\u011fu diki\u015f projesi i\u00e7in uygun \u00e7ok y\u00f6nl\u00fc bir se\u00e7imdir.\r\n\r\n<strong>&#8211; Pamuk:<\/strong> Pamuk lastik yumu\u015fak ve rahatt\u0131r, bu da onu cilde do\u011frudan temas eden giysiler i\u00e7in ideal hale getirir. Ancak polyester kadar dayan\u0131kl\u0131 olmayabilir ve zamanla b\u00fcz\u00fc\u015febilir veya esnekli\u011fini kaybedebilir.\r\n\r\n<strong>\u00a0\u00a0 &#8211; Naylon ve Spandeks:<\/strong> Bu malzemeler m\u00fckemmel esneme ve toparlanma sa\u011flar, bu da onlar\u0131 mayo ve spor giyim gibi y\u00fcksek esneklik gerektiren uygulamalar i\u00e7in ideal hale getirir.\r\n<ol start=\"4\">\r\n \t<li><strong>Renk ve Kaplama<\/strong><\/li>\r\n<\/ol>\r\n&#8211; \u00d6rme lastik, kuma\u015f\u0131n\u0131z\u0131 tamamlayan veya dekoratif bir unsur olarak hizmet eden bir se\u00e7enek se\u00e7menize olanak tan\u0131yan \u00e7e\u015fitli renklerde ve y\u00fczeylerde mevcuttur. \u00d6rne\u011fin, siyah ve beyaz \u00e7ok y\u00f6nl\u00fc ve yayg\u0131n olarak kullan\u0131l\u0131rken, renkli lastikler projelerinize e\u011flenceli veya koordineli bir dokunu\u015f katabilir.\r\n\r\n<strong>\u00a0\u00d6zel Kullan\u0131m alanlar\u0131 ve \u00d6neriler<\/strong>\r\n<ol>\r\n \t<li><strong>Bel lastikleri:\u00a0<\/strong> Bel lasti\u011fi i\u00e7in, iyi esneme ve toparlanma \u00f6zelli\u011fine sahip daha geni\u015f bir lastik (1 in\u00e7 veya daha fazla) se\u00e7in. Daha fazla rahatl\u0131k i\u00e7in, \u00f6zellikle uzun s\u00fcre giyilecek giysiler i\u00e7in pel\u00fc\u015f destekli veya yumu\u015fak bir lastik kullanmay\u0131 d\u00fc\u015f\u00fcn\u00fcn.<\/li>\r\n \t<li><strong>Man\u015fetler ve Yakalar:<\/strong>\u00a0Daha dar lastik (1\/4 in\u00e7 ila 3\/4 in\u00e7) man\u015fetler ve yakalar i\u00e7in iyi sonu\u00e7 verir. Cildin hassas b\u00f6lgeleriyle temas halinde olaca\u011f\u0131ndan lasti\u011fin yumu\u015fak ve esnek oldu\u011fundan emin olun.<\/li>\r\n \t<li><strong>\u0130\u00e7 \u00c7ama\u015f\u0131rlar\u0131 ve Pijamalar:<\/strong> Rahatl\u0131k i\u00e7in orta derecede esneyen yumu\u015fak, hafif lastikleri tercih edin. Pamuk veya pamuk kar\u0131\u015f\u0131ml\u0131 lastik bu uygulamalar i\u00e7in iyi bir se\u00e7imdir.<\/li>\r\n \t<li><strong>Aktif Giyim ve Spor Giyim:<\/strong>\u00a0 Harekete uyum sa\u011flamak i\u00e7in m\u00fckemmel toparlanmaya sahip y\u00fcksek stre\u00e7 lastik kullan\u0131n. Naylon ve spandeks kar\u0131\u015f\u0131mlar\u0131 bu projeler i\u00e7in idealdir.<\/li>\r\n \t<li><strong>Ev Dekorasyonu:<\/strong>\u00a0 Yast\u0131k k\u0131l\u0131flar\u0131 veya lastikli \u00e7ar\u015faflar gibi projeler i\u00e7in g\u00fc\u00e7l\u00fc tutu\u015f ve dayan\u0131kl\u0131l\u0131\u011fa sahip lastikleri se\u00e7in. G\u00fcvenli bir uyum i\u00e7in genellikle daha geni\u015f lastik tercih edilir.<\/li>\r\n<\/ol>\r\n<strong>Diki\u015f Projelerinde \u00d6rme Lastik Kullan\u0131m\u0131 i\u00e7in \u0130pu\u00e7lar\u0131<\/strong>\r\n\r\n<strong>&#8211; Lasti\u011fi \u00d6nceden Y\u0131kay\u0131n:<\/strong> Giysiniz haz\u0131r olduktan sonra \u00e7ekmeyi veya renk akmas\u0131n\u0131 \u00f6nlemek i\u00e7in lasti\u011fi \u00f6nceden y\u0131kay\u0131n. Bu ad\u0131m \u00f6zellikle pamuklu veya pamuk kar\u0131\u015f\u0131ml\u0131 lastikler i\u00e7in \u00f6nemlidir.\r\n\r\n<strong>&#8211; Diki\u015f Teknikleri:<\/strong> Lasti\u011fi dikerken, kuma\u015f\u0131n lastikle birlikte esnemesini sa\u011flamak i\u00e7in zikzak diki\u015f veya stre\u00e7 diki\u015f kullan\u0131n. Lastik gerildi\u011finde k\u0131r\u0131labilece\u011finden d\u00fcz diki\u015f kullanmaktan ka\u00e7\u0131n\u0131n.\r\n\r\n<strong>&#8211; Lasti\u011fin Kapat\u0131lmas\u0131:<\/strong> Projeniz lasti\u011fin kuma\u015fla kapat\u0131lmas\u0131n\u0131 gerektiriyorsa (bel lastiklei gibi), kolay harekete izin vermek ve katlanmay\u0131 \u00f6nlemek i\u00e7in kaplaman\u0131n lastikten biraz daha geni\u015f oldu\u011fundan emin olun.\r\n\r\nSonu\u00e7 olarak, diki\u015f projeleriniz i\u00e7in do\u011fru \u00f6rme lasti\u011fi se\u00e7mek; geni\u015flik, kal\u0131nl\u0131k, esneme, toparlanma, malzeme bile\u015fimi ve renk gibi fakt\u00f6rleri g\u00f6z \u00f6n\u00fcnde bulundurmay\u0131 i\u00e7erir. Bu unsurlar\u0131 anlayarak, projenizin \u00f6zel ihtiya\u00e7lar\u0131n\u0131 kar\u015f\u0131layan uygun lasti\u011fi se\u00e7ebilir, rahat ve profesyonel bir biti\u015f sa\u011flayabilirsiniz. \u0130ster giysi, ister aksesuar veya ev dekorasyonu \u00fcr\u00fcnleri yap\u0131yor olun, do\u011fru \u00f6rme lastik, bitmi\u015f \u00fcr\u00fcn\u00fcn\u00fcz\u00fcn kalitesi ve i\u015flevselli\u011finde \u00f6nemli bir fark yaratabilir.\r\n\r\n[\/vc_column_text][\/vc_column][\/vc_row] Diki\u015f Projeleri i\u00e7in Do\u011fru \u00d6rme Lastik Nas\u0131l Se\u00e7ilir?","protected":false},"excerpt":{"rendered":"[vc_row pix_particles_check=&#8221;&#8221;][vc_column][vc_column_text] Diki\u015f Projeleri i\u00e7in Do\u011fru \u00d6rme Lastik Nas\u0131l Se\u00e7ilir? [\/vc_column_text][vc_column_text] Diki\u015f Projeleri i\u00e7in Do\u011fru \u00d6rme Lastik Nas\u0131l Se\u00e7ilir?\u00a0 bitmi\u015f \u00fcr\u00fcn\u00fcn\u00fczde istenen uyum, rahatl\u0131k ve i\u015flevselli\u011fi elde etmek i\u00e7in \u00e7ok \u00f6nemlidir. \u00d6rme lastik, yumu\u015fak dokusu ve m\u00fckemmel gerilebilirli\u011fi ile bilinir,&#8230;","protected":false},"author":1,"featured_media":64455,"parent":0,"menu_order":0,"comment_status":"closed","ping_status":"closed","template":"","meta":{"footnotes":""},"class_list":["post-64936","page","type-page","status-publish","has-post-thumbnail","hentry"],"_links":{"self":[{"href":"https:\/\/www.tekislastik.com\/tr\/wp-json\/wp\/v2\/pages\/64936","targetHints":{"allow":["GET"]}}],"collection":[{"href":"https:\/\/www.tekislastik.com\/tr\/wp-json\/wp\/v2\/pages"}],"about":[{"href":"https:\/\/www.tekislastik.com\/tr\/wp-json\/wp\/v2\/types\/page"}],"author":[{"embeddable":true,"href":"https:\/\/www.tekislastik.com\/tr\/wp-json\/wp\/v2\/users\/1"}],"replies":[{"embeddable":true,"href":"https:\/\/www.tekislastik.com\/tr\/wp-json\/wp\/v2\/comments?post=64936"}],"version-history":[{"count":4,"href":"https:\/\/www.tekislastik.com\/tr\/wp-json\/wp\/v2\/pages\/64936\/revisions"}],"predecessor-version":[{"id":79071,"href":"https:\/\/www.tekislastik.com\/tr\/wp-json\/wp\/v2\/pages\/64936\/revisions\/79071"}],"wp:featuredmedia":[{"embeddable":true,"href":"https:\/\/www.tekislastik.com\/tr\/wp-json\/wp\/v2\/media\/64455"}],"wp:attachment":[{"href":"https:\/\/www.tekislastik.com\/tr\/wp-json\/wp\/v2\/media?parent=64936"}],"curies":[{"name":"wp","href":"https:\/\/api.w.org\/{rel}","templated":true}]}}