{"id":64906,"date":"2024-08-20T13:44:39","date_gmt":"2024-08-20T10:44:39","guid":{"rendered":"https:\/\/www.tekislastik.com\/?page_id=64906"},"modified":"2026-03-05T16:21:09","modified_gmt":"2026-03-05T13:21:09","slug":"baskili-lastik-kisiye-ozel-markalasma-ve-promosyonlar-icin-kullanilabilir-mi","status":"publish","type":"page","link":"https:\/\/www.tekislastik.com\/tr\/baskili-lastik-kisiye-ozel-markalasma-ve-promosyonlar-icin-kullanilabilir-mi\/","title":{"rendered":"Bask\u0131l\u0131 Lastik Ki\u015fiye \u00d6zel Markala\u015fma ve Promosyonlar i\u00e7in Kullan\u0131labilir mi?"},"content":{"rendered":"[vc_row pix_particles_check=&#8221;&#8221;][vc_column][vc_column_text]\r\n<h1 style=\"text-align: center;\"><strong>Bask\u0131l\u0131 Lastik Ki\u015fiye \u00d6zel Markala\u015fma ve Promosyonlar i\u00e7in Kullan\u0131labilir mi?<\/strong><\/h1>\r\n[\/vc_column_text][vc_column_text]\r\n\r\nBask\u0131l\u0131 Lastik Ki\u015fiye \u00d6zel Markala\u015fma ve Promosyonlar i\u00e7in Kullan\u0131labilir mi? Evet, bask\u0131l\u0131 lastik, \u00f6zel markala\u015fma ve promosyon ama\u00e7lar\u0131 i\u00e7in m\u00fckemmel bir se\u00e7imdir. Bu \u00e7ok y\u00f6nl\u00fc malzeme \u015firket logolar\u0131, sloganlar, renkler ve di\u011fer marka unsurlar\u0131yla ki\u015fiselle\u015ftirilebilir, bu da onu pazarlama ve marka g\u00f6r\u00fcn\u00fcrl\u00fc\u011f\u00fc i\u00e7in g\u00fc\u00e7l\u00fc bir ara\u00e7 haline getirir. Bask\u0131l\u0131 lastik, benzersiz ve g\u00f6z al\u0131c\u0131 promosyon \u00fcr\u00fcnleri olu\u015fturmak i\u00e7in moda ve aksesuarlardan spor ve etkinliklere kadar \u00e7e\u015fitli sekt\u00f6rlerde yayg\u0131n olarak kullan\u0131lmaktad\u0131r. Bask\u0131l\u0131 lasti\u011fin \u00f6zel markala\u015fma ve promosyonlar i\u00e7in nas\u0131l kullan\u0131labilece\u011fine, sundu\u011fu avantajlara ve uygulama i\u00e7in baz\u0131 yarat\u0131c\u0131 fikirlere ayr\u0131nt\u0131l\u0131 bir bak\u0131\u015f.\r\n<h5><strong>Bask\u0131l\u0131 Lastik Ki\u015fiye \u00d6zel Markala\u015fma ve Promosyonlar i\u00e7in Kullan\u0131labilir mi?<\/strong><\/h5>\r\n&nbsp;\r\n\r\n<strong>Markala\u015fma ve Promosyonlar i\u00e7in Bask\u0131l\u0131 Lastik Kullanman\u0131n Avantajlar\u0131<\/strong>\r\n<ol>\r\n \t<li><strong>\u00c7ok Y\u00f6nl\u00fcl\u00fck ve \u00d6zelle\u015ftirme:\u00a0<\/strong><\/li>\r\n<\/ol>\r\n&#8211; <a href=\"https:\/\/www.tekislastik.com\/tr\/urunler\/lastik\/dokuma-lastik\/baskili-lastik\/\">Bask\u0131l\u0131 lastik<\/a>, \u00e7ok \u00e7e\u015fitli geni\u015fliklerde, renklerde ve tasar\u0131mlarda mevcuttur ve tam \u00f6zelle\u015ftirmeye olanak tan\u0131r. \u0130\u015fletmeler, <a href=\"https:\/\/www.habbyaccessories.com.tr\/urun-kategori\/tuhafiye\/lastik\/\" target=\"_blank\" rel=\"noopener\">lastik t\u00fcr\u00fc,<\/a> renk \u015femalar\u0131 ve bask\u0131n\u0131n karma\u015f\u0131kl\u0131\u011f\u0131 dahil olmak \u00fczere marka kimlikleriyle uyumlu tam \u00f6zellikleri se\u00e7ebilirler.\r\n\r\n&#8211; Bu \u00f6zelle\u015ftirme, \u00f6ne \u00e7\u0131kan ve dikkat \u00e7eken benzersiz promosyon \u00fcr\u00fcnleri yaratmay\u0131 m\u00fcmk\u00fcn k\u0131lar.\r\n<ol start=\"2\">\r\n \t<li><strong>Dayan\u0131kl\u0131l\u0131k ve \u0130\u015flevsellik:<\/strong><\/li>\r\n<\/ol>\r\n&#8211; Geleneksel promosyon malzemelerinin aksine, bask\u0131l\u0131 lastik \u00fcr\u00fcnler genellikle i\u015flevsel ve dayan\u0131kl\u0131d\u0131r. Giyim, aksesuar veya yard\u0131mc\u0131 \u00fcr\u00fcnler gibi g\u00fcnl\u00fck e\u015fyalarda kullan\u0131labilirler ve markan\u0131n kullan\u0131c\u0131 ve \u00e7evresindekiler taraf\u0131ndan s\u00fcrekli olarak g\u00f6r\u00fcn\u00fcr olmas\u0131n\u0131 sa\u011flarlar.\r\n\r\n&#8211; Lastik malzemenin dayan\u0131kl\u0131 yap\u0131s\u0131, markan\u0131n d\u00fczenli kullan\u0131mda bile zaman i\u00e7inde bozulmadan kalmas\u0131n\u0131 sa\u011flar.\r\n<ol start=\"3\">\r\n \t<li><strong>Maliyet Etkinli\u011fi:<\/strong><\/li>\r\n<\/ol>\r\n&#8211; \u00d6zel bask\u0131l\u0131 lastik \u00fcr\u00fcnler \u00fcretmek, ak\u0131lda kal\u0131c\u0131 ve kullan\u0131\u015fl\u0131 promosyon \u00fcr\u00fcnleri yaratmak i\u00e7in uygun maliyetli bir yol olabilir. Bask\u0131 s\u00fcreci, b\u00fcy\u00fck miktarlar\u0131n daha d\u00fc\u015f\u00fck bir maliyetle \u00fcretilmesine olanak tan\u0131yarak, etkinliklerde, ticari fuarlarda veya bir promosyon kampanyas\u0131n\u0131n par\u00e7as\u0131 olarak toplu e\u015fantiyonlar i\u00e7in idealdir.\r\n<ol start=\"4\">\r\n \t<li><strong>Geni\u015f Uygulama Yelpazesi:<\/strong><\/li>\r\n<\/ol>\r\n&#8211; Bask\u0131l\u0131 lastik, bileklikler, bandanalar, boyunluklar, kemerler ve daha fazlas\u0131 dahil olmak \u00fczere \u00e7e\u015fitli \u00fcr\u00fcnlerde kullan\u0131labilir. Bu \u00fcr\u00fcnler sadece pratik olmakla kalmaz, ayn\u0131 zamanda markan\u0131n s\u00fcrekli bir hat\u0131rlat\u0131c\u0131s\u0131 olarak hizmet eder, marka hat\u0131ras\u0131n\u0131 ve sadakatini art\u0131r\u0131r.\r\n<ol start=\"5\">\r\n \t<li><strong>\u00c7evre Dostu Se\u00e7enekler:<\/strong><\/li>\r\n<\/ol>\r\n&#8211; Bir\u00e7ok \u00fcretici, \u00e7evreye duyarl\u0131 t\u00fcketicilere hitap eden, geri d\u00f6n\u00fc\u015ft\u00fcr\u00fclm\u00fc\u015f malzemelerden yap\u0131lm\u0131\u015f \u00e7evre dostu bask\u0131l\u0131 lastikler sunmaktad\u0131r. Bu se\u00e7enek, i\u015fletmelerin markalar\u0131n\u0131 tan\u0131t\u0131rken ayn\u0131 zamanda s\u00fcrd\u00fcr\u00fclebilirli\u011fe olan ba\u011fl\u0131l\u0131klar\u0131n\u0131 da g\u00f6stermelerini sa\u011flar.\r\n\r\nPromosyonlarda Bask\u0131l\u0131 Lastik Kullan\u0131m\u0131 i\u00e7in Yarat\u0131c\u0131 Fikirler\r\n<ol>\r\n \t<li><strong>\u00d6zel Bileklikler ve Bandanalar:\u00a0<\/strong><\/li>\r\n<\/ol>\r\n&#8211; Bask\u0131l\u0131 lastikten yap\u0131lan bileklikler ve bandanalar, \u00f6zellikle maratonlar, m\u00fczik festivalleri ve spor etkinlikleri gibi etkinlikler i\u00e7in pop\u00fcler promosyon \u00fcr\u00fcnleridir. Bu aksesuarlar logolar, etkinlik isimleri veya ilham verici mesajlarla \u00f6zelle\u015ftirilebilir ve kat\u0131l\u0131mc\u0131lar i\u00e7in hat\u0131ra niteli\u011fi ta\u015f\u0131r.\r\n<ol start=\"2\">\r\n \t<li><strong>Markal\u0131 Boyunluklar ve Rozetlikler:<\/strong><\/li>\r\n<\/ol>\r\n&#8211; Boyunluklar konferanslar, sergiler ve kurumsal etkinlikler i\u00e7in vazge\u00e7ilmezdir. Bask\u0131l\u0131 lastikli boyunluklar \u015firket logosu ve renkleri ile \u00f6zelle\u015ftirilebilir, personel ve kat\u0131l\u0131mc\u0131lar i\u00e7in profesyonel ve uyumlu bir g\u00f6r\u00fcn\u00fcm sa\u011flar. Ayr\u0131ca, kat\u0131l\u0131mc\u0131lar\u0131n etkinlikten sonra da kullanabilecekleri kullan\u0131\u015fl\u0131 bir \u00f6\u011fe g\u00f6revi g\u00f6r\u00fcrler.\r\n<ol start=\"3\">\r\n \t<li><strong>Promosyon K\u0131yafetleri ve Aksesuarlar\u0131:<\/strong><\/li>\r\n<\/ol>\r\n&#8211; Bask\u0131l\u0131 lastikler tozluk, kemer ve \u015fapka gibi giyim \u00fcr\u00fcnlerine dahil edilebilir. \u00d6rne\u011fin, bir \u015firketin logosunu i\u00e7eren bir bel lasti\u011fi, basit bir tozluk \u00e7iftini markal\u0131 bir ticari \u00fcr\u00fcne d\u00f6n\u00fc\u015ft\u00fcrebilir. Benzer \u015fekilde, bask\u0131l\u0131 lastikli \u015fapkalar da \u015f\u0131k ve pratik bir dokunu\u015f katabilir.\r\n<ol start=\"4\">\r\n \t<li><strong>\u00d6zelle\u015ftirilebilir Ambalaj ve Hediye Paketi:<\/strong><\/li>\r\n<\/ol>\r\n&#8211; Bask\u0131l\u0131 lastikler hediyeler, \u00fcr\u00fcn paketleri veya \u00f6zel promosyonlar i\u00e7in ambalaj\u0131n bir par\u00e7as\u0131 olarak kullan\u0131labilir. Lastikler \u015fenlikli tasar\u0131mlar, \u015firket logolar\u0131 veya promosyon mesajlar\u0131 ile bas\u0131labilir ve ambalaja ki\u015fiselle\u015ftirilmi\u015f bir dokunu\u015f eklenebilir.\r\n<ol start=\"5\">\r\n \t<li><strong>\u00c7evre Dostu Bez \u00c7antalar ve Aksesuarlar:<\/strong><\/li>\r\n<\/ol>\r\n&#8211; S\u00fcrd\u00fcr\u00fclebilirli\u011fe odaklanan \u015firketler i\u00e7in, bask\u0131l\u0131 lastikle yap\u0131lan \u00e7evre dostu bez \u00e7antalar ve aksesuarlar harika bir promosyon \u00fcr\u00fcn\u00fc olabilir. Lastik, \u00e7evre dostu uygulamalar\u0131 desteklerken markay\u0131 tan\u0131tan kay\u0131\u015flar, kapaklar veya dekoratif \u00f6\u011feler i\u00e7in kullan\u0131labilir.\r\n<ol start=\"6\">\r\n \t<li><strong>Fitness ve Spor Malzemeleri:<\/strong><\/li>\r\n<\/ol>\r\n&#8211; Bask\u0131l\u0131 lastikler diren\u00e7 bantlar\u0131, yoga kay\u0131\u015flar\u0131 ve atletik giysiler gibi fitness ve spor ekipmanlar\u0131nda da kullan\u0131l\u0131r. Bu \u00fcr\u00fcnlerin \u015firket logolar\u0131 veya motivasyonel al\u0131nt\u0131larla markalanmas\u0131, sa\u011fl\u0131k ve zindelik ile g\u00fc\u00e7l\u00fc bir ili\u015fki yaratarak fitness bilincine sahip t\u00fcketicilere hitap edebilir.\r\n\r\nBask\u0131l\u0131 lastik, \u00f6zel markala\u015fma ve promosyon faaliyetleri i\u00e7in \u00e7ok y\u00f6nl\u00fc ve etkili bir ara\u00e7t\u0131r. \u0130\u015flevselli\u011fi estetik \u00e7ekicilikle birle\u015ftirme yetene\u011fi, onu unutulmaz ve pratik promosyon \u00fcr\u00fcnleri olu\u015fturmak i\u00e7in m\u00fckemmel bir se\u00e7im haline getirir. \u0130ster aksesuarlarda, ister giysilerde veya ambalajlarda kullan\u0131ls\u0131n, bask\u0131l\u0131 lastik, i\u015fletmelerin marka g\u00f6r\u00fcn\u00fcrl\u00fc\u011f\u00fcn\u00fc art\u0131rmas\u0131na, hedef kitleleriyle etkile\u015fim kurmas\u0131na ve kal\u0131c\u0131 bir izlenim b\u0131rakmas\u0131na yard\u0131mc\u0131 olur. \u015eirketler, bask\u0131l\u0131 lasti\u011fin benzersiz \u00f6zelliklerinden yararlanarak, sadece harika g\u00f6r\u00fcnmekle kalmay\u0131p ayn\u0131 zamanda i\u015flevsel bir amaca da hizmet eden promosyon \u00fcr\u00fcnleri olu\u015fturabilir ve markan\u0131n t\u00fcketiciler i\u00e7in ak\u0131lda kalmas\u0131n\u0131 sa\u011flayabilir.\r\n\r\n[\/vc_column_text][\/vc_column][\/vc_row]Bask\u0131l\u0131 Lastik Ki\u015fiye \u00d6zel Markala\u015fma ve Promosyonlar i\u00e7in Kullan\u0131labilir mi?","protected":false},"excerpt":{"rendered":"[vc_row pix_particles_check=&#8221;&#8221;][vc_column][vc_column_text] Bask\u0131l\u0131 Lastik Ki\u015fiye \u00d6zel Markala\u015fma ve Promosyonlar i\u00e7in Kullan\u0131labilir mi? [\/vc_column_text][vc_column_text] Bask\u0131l\u0131 Lastik Ki\u015fiye \u00d6zel Markala\u015fma ve Promosyonlar i\u00e7in Kullan\u0131labilir mi? Evet, bask\u0131l\u0131 lastik, \u00f6zel markala\u015fma ve promosyon ama\u00e7lar\u0131 i\u00e7in m\u00fckemmel bir se\u00e7imdir. Bu \u00e7ok y\u00f6nl\u00fc malzeme \u015firket&#8230;","protected":false},"author":1,"featured_media":64411,"parent":0,"menu_order":0,"comment_status":"closed","ping_status":"closed","template":"","meta":{"footnotes":""},"class_list":["post-64906","page","type-page","status-publish","has-post-thumbnail","hentry"],"_links":{"self":[{"href":"https:\/\/www.tekislastik.com\/tr\/wp-json\/wp\/v2\/pages\/64906","targetHints":{"allow":["GET"]}}],"collection":[{"href":"https:\/\/www.tekislastik.com\/tr\/wp-json\/wp\/v2\/pages"}],"about":[{"href":"https:\/\/www.tekislastik.com\/tr\/wp-json\/wp\/v2\/types\/page"}],"author":[{"embeddable":true,"href":"https:\/\/www.tekislastik.com\/tr\/wp-json\/wp\/v2\/users\/1"}],"replies":[{"embeddable":true,"href":"https:\/\/www.tekislastik.com\/tr\/wp-json\/wp\/v2\/comments?post=64906"}],"version-history":[{"count":4,"href":"https:\/\/www.tekislastik.com\/tr\/wp-json\/wp\/v2\/pages\/64906\/revisions"}],"predecessor-version":[{"id":79059,"href":"https:\/\/www.tekislastik.com\/tr\/wp-json\/wp\/v2\/pages\/64906\/revisions\/79059"}],"wp:featuredmedia":[{"embeddable":true,"href":"https:\/\/www.tekislastik.com\/tr\/wp-json\/wp\/v2\/media\/64411"}],"wp:attachment":[{"href":"https:\/\/www.tekislastik.com\/tr\/wp-json\/wp\/v2\/media?parent=64906"}],"curies":[{"name":"wp","href":"https:\/\/api.w.org\/{rel}","templated":true}]}}