{"id":64868,"date":"2024-08-19T14:19:46","date_gmt":"2024-08-19T11:19:46","guid":{"rendered":"https:\/\/www.tekislastik.com\/?page_id=64868"},"modified":"2026-03-06T14:52:08","modified_gmt":"2026-03-06T11:52:08","slug":"yassi-lastik-yapiminda-hangi-malzemeler-kullanilir","status":"publish","type":"page","link":"https:\/\/www.tekislastik.com\/tr\/yassi-lastik-yapiminda-hangi-malzemeler-kullanilir\/","title":{"rendered":"Yass\u0131 Lastik Yap\u0131m\u0131nda Hangi Malzemeler Kullan\u0131l\u0131r?"},"content":{"rendered":"[vc_row pix_particles_check=&#8221;&#8221;][vc_column][vc_column_text]\r\n<h1 style=\"text-align: center;\">Yass\u0131 Lastik Yap\u0131m\u0131nda Hangi Malzemeler Kullan\u0131l\u0131r?<\/h1>\r\n[\/vc_column_text][vc_column_text]\r\n<h5><strong>Yass\u0131 Lastik yap\u0131m\u0131nda hangi malzemeler kullan\u0131l\u0131r?<\/strong><\/h5>\r\nYass\u0131 Lastik Yap\u0131m\u0131nda Hangi Malzemeler Kullan\u0131l\u0131r? <a href=\"https:\/\/www.tekislastik.com\/tr\/urunler\/lastik\/tres-lastik\/yassi-lastik\/\">Yass\u0131 lastik<\/a>, modadan t\u0131bbi uygulamalara kadar \u00e7e\u015fitli sekt\u00f6rlerde kullan\u0131lan \u00e7ok y\u00f6nl\u00fc bir \u00fcr\u00fcnd\u00fcr. Yass\u0131 lastik yap\u0131m\u0131nda malzeme se\u00e7imi, esneklik , dayan\u0131kl\u0131l\u0131k ve i\u015flevsellik gibi \u00f6zelliklerini \u00f6nemli \u00f6l\u00e7\u00fcde etkiler. Peki, yass\u0131 lastik yapmak i\u00e7in hangi malzemeler kullan\u0131l\u0131r?\r\n<ol>\r\n \t<li><strong>Do\u011fal Kau\u00e7uk<\/strong><\/li>\r\n<\/ol>\r\nDo\u011fal kau\u00e7uk, yass\u0131 lastik yap\u0131m\u0131nda kullan\u0131lan en yayg\u0131n malzemelerden biridir. M\u00fckemmel esnekli\u011fi ve dayan\u0131kl\u0131l\u0131\u011f\u0131 ile \u00fcnl\u00fcd\u00fcr, bu da onu y\u00fcksek esneme kabiliyeti gerektiren uygulamalar i\u00e7in ideal k\u0131lar. Do\u011fal kau\u00e7uk, kau\u00e7uk a\u011fa\u00e7lar\u0131n\u0131n lateksinden elde edilir ve \u00e7evre dostu bir se\u00e7enektir. Bununla birlikte, oksidasyona ve UV \u0131\u015f\u0131nlar\u0131na kar\u015f\u0131 hassas olabilir, bu da belirli uygulamalarda kullan\u0131m\u0131n\u0131 s\u0131n\u0131rlayabilir.\r\n<ol start=\"2\">\r\n \t<li><strong>Sentetik Kau\u00e7uk (Neopren, EPDM, vb.)<\/strong><\/li>\r\n<\/ol>\r\nNeopren ve EPDM gibi sentetik kau\u00e7uklar, do\u011fal kau\u00e7u\u011fun pop\u00fcler alternatifleridir. Bu malzemeler \u00fcst\u00fcn kimyasal diren\u00e7, s\u0131cakl\u0131k tolerans\u0131 ve uzun \u00f6m\u00fcrl\u00fcl\u00fck sunar. Sentetik kau\u00e7uk genellikle spor ekipmanlar\u0131 ve t\u0131bbi cihazlar gibi su direnci ve dayan\u0131kl\u0131l\u0131\u011f\u0131n \u00e7ok \u00f6nemli oldu\u011fu uygulamalarda kullan\u0131l\u0131r. Yass\u0131 lastik \u00fcretiminde, sentetik kau\u00e7uklar esneklik ve mukavemet sa\u011flayarak onlar\u0131 \u00e7ok \u00e7e\u015fitli kullan\u0131mlar i\u00e7in uygun hale getirir.\r\n<ol start=\"3\">\r\n \t<li><strong>Polyester<\/strong><\/li>\r\n<\/ol>\r\nPolyester, yass\u0131 lastik \u00fcretiminde yayg\u0131n olarak kullan\u0131lan bir di\u011fer malzemedir. Y\u00fcksek mukavemeti, a\u015f\u0131nma direnci ve d\u00fc\u015f\u00fck nem emilimi ile bilinir. Bu \u00f6zellikler polyester yass\u0131 lasti\u011fi d\u0131\u015f mekan kullan\u0131m\u0131 ve spor giysiler i\u00e7in ideal hale getirir. Ek olarak, polyesterin renk solmas\u0131na kar\u015f\u0131 direnci, lasti\u011fin zaman i\u00e7inde estetik \u00e7ekicili\u011fini korumas\u0131n\u0131 sa\u011flayarak onu hem i\u015flevsel hem de dekoratif uygulamalar i\u00e7in pop\u00fcler bir se\u00e7im haline getirir.\r\n<ol start=\"4\">\r\n \t<li><strong>Naylon<\/strong><\/li>\r\n<\/ol>\r\nNaylon, yass\u0131 lastik \u00fcretiminde yayg\u0131n olarak kullan\u0131lan g\u00fc\u00e7l\u00fc ve esnek bir malzemedir. M\u00fckemmel gerilme mukavemeti ve esneklik sunar, bu da onu sa\u011flam bir kavrama ve geri tepmenin gerekli oldu\u011fu uygulamalar i\u00e7in ideal hale getirir. Naylon yass\u0131 lastik, dayan\u0131kl\u0131l\u0131\u011f\u0131 ve zaman i\u00e7inde \u015feklini koruma kabiliyeti nedeniyle genellikle spor ekipmanlar\u0131nda ve koruyucu giysilerde kullan\u0131l\u0131r. A\u015f\u0131nma ve y\u0131pranmaya kar\u015f\u0131 direnci, onu uzun \u00f6m\u00fcrl\u00fc \u00fcr\u00fcnler i\u00e7in tercih edilen bir se\u00e7enek haline getirir.\r\n<ol start=\"5\">\r\n \t<li><strong>Spandex<\/strong><\/li>\r\n<\/ol>\r\nElastan olarak da bilinen spandeks, ola\u011fan\u00fcst\u00fc esnekli\u011fi ile bilinen bir malzemedir. Orijinal uzunlu\u011funun be\u015f kat\u0131na kadar esneyebilir, bu da onu atletik giyim ve kompresyon giysileri gibi \u00f6nemli \u00f6l\u00e7\u00fcde esneme gerektiren uygulamalarda kullan\u0131lan yass\u0131 lastik i\u00e7in m\u00fckemmel bir se\u00e7im haline getirir. Spandeks, rahatl\u0131k ve dayan\u0131kl\u0131l\u0131ktan \u00f6d\u00fcn vermeden gerekli esnemeyi sa\u011flamak i\u00e7in genellikle di\u011fer liflerle kar\u0131\u015ft\u0131r\u0131l\u0131r.\r\n<ol start=\"6\">\r\n \t<li><strong>Polipropilen<\/strong><\/li>\r\n<\/ol>\r\nPolipropilen, yass\u0131 lastik \u00fcretiminde giderek daha fazla kullan\u0131lan hafif ve \u00e7ok y\u00f6nl\u00fc bir malzemedir. Kimyasal direnci, nem \u00e7ekme \u00f6zellikleri ve dayan\u0131kl\u0131l\u0131\u011f\u0131 ile bilinir. Polipropilen yass\u0131 lastik, kimyasallara veya neme maruz kalman\u0131n s\u00f6z konusu oldu\u011fu ortamlarda kullan\u0131m i\u00e7in idealdir. Ayr\u0131ca, uygun maliyetli olmas\u0131 onu maskeler ve t\u0131bbi giysiler gibi tek kullan\u0131ml\u0131k \u00fcr\u00fcnler i\u00e7in yayg\u0131n bir se\u00e7enek haline getirmektedir.\r\n<ol start=\"7\">\r\n \t<li><strong>Pamuk<\/strong><\/li>\r\n<\/ol>\r\nPamuk yumu\u015fak, nefes alabilen ve cilde kar\u015f\u0131 rahat olan do\u011fal bir elyaft\u0131r. Genellikle bel lastikleri ve i\u00e7 \u00e7ama\u015f\u0131rlar\u0131 gibi rahatl\u0131\u011f\u0131n \u00f6ncelikli oldu\u011fu giyim uygulamalar\u0131nda yass\u0131 lastik olarak kullan\u0131l\u0131r. Pamuklu yass\u0131 lastik, hipoalerjenik \u00f6zellikleri nedeniyle de tercih edilir ve hassas ciltler i\u00e7in uygun hale gelir. Sentetik malzemeler kadar lastik olmasa da pamuk, g\u00fcnl\u00fck kullan\u0131m i\u00e7in ideal olan hafif bir esneme sa\u011flar.\r\n\r\nYass\u0131 lastik, her biri farkl\u0131 ihtiya\u00e7lara ve uygulamalara hitap eden benzersiz \u00f6zellikler sunan bir dizi malzemeden yap\u0131l\u0131r. \u0130ster y\u00fcksek esneklik, dayan\u0131kl\u0131l\u0131k, kimyasal diren\u00e7 veya nem emme \u00f6zelliklerine ihtiyac\u0131n\u0131z olsun, malzeme se\u00e7imi yass\u0131 lasti\u011fin performans\u0131nda \u00e7ok \u00f6nemli bir rol oynar. Kullan\u0131lan malzemeleri anlayarak, \u00f6zel ihtiya\u00e7lar\u0131n\u0131z i\u00e7in do\u011fru tipte yass\u0131 lasti\u011fi se\u00e7ebilir, uygulamas\u0131nda optimum performans ve uzun \u00f6m\u00fcrl\u00fcl\u00fck sa\u011flayabilirsiniz.\r\n\r\nYass\u0131 Lastik Yap\u0131m\u0131nda Hangi Malzemeler Kullan\u0131l\u0131r? <a href=\"https:\/\/www.habbyaccessories.com.tr\/urun-kategori\/tuhafiye\/lastik\/yassi-lastik\/\" target=\"_blank\" rel=\"noopener\">Yass\u0131 lastik<\/a> \u00fcretiminde kullan\u0131lan malzemelerin \u00e7e\u015fitlili\u011fi, modadan sa\u011fl\u0131k hizmetlerine kadar \u00e7e\u015fitli sekt\u00f6rlerde \u00f6zel \u00e7\u00f6z\u00fcmlere olanak tan\u0131yarak her \u00fcr\u00fcn\u00fcn belirli gereksinimleri kar\u015f\u0131lamas\u0131n\u0131 sa\u011flar. Bu malzemelerin \u00f6zelliklerini ve faydalar\u0131n\u0131 anlamak, projeleriniz i\u00e7in bilin\u00e7li se\u00e7imler yapman\u0131za yard\u0131mc\u0131 olabilir.\r\n\r\n[\/vc_column_text][\/vc_column][\/vc_row]","protected":false},"excerpt":{"rendered":"[vc_row pix_particles_check=&#8221;&#8221;][vc_column][vc_column_text] Yass\u0131 Lastik Yap\u0131m\u0131nda Hangi Malzemeler Kullan\u0131l\u0131r? [\/vc_column_text][vc_column_text] Yass\u0131 Lastik yap\u0131m\u0131nda hangi malzemeler kullan\u0131l\u0131r? Yass\u0131 Lastik Yap\u0131m\u0131nda Hangi Malzemeler Kullan\u0131l\u0131r? Yass\u0131 lastik, modadan t\u0131bbi uygulamalara kadar \u00e7e\u015fitli sekt\u00f6rlerde kullan\u0131lan \u00e7ok y\u00f6nl\u00fc bir \u00fcr\u00fcnd\u00fcr. Yass\u0131 lastik yap\u0131m\u0131nda malzeme se\u00e7imi, esneklik&#8230;","protected":false},"author":1,"featured_media":64382,"parent":0,"menu_order":0,"comment_status":"closed","ping_status":"closed","template":"","meta":{"footnotes":""},"class_list":["post-64868","page","type-page","status-publish","has-post-thumbnail","hentry"],"_links":{"self":[{"href":"https:\/\/www.tekislastik.com\/tr\/wp-json\/wp\/v2\/pages\/64868","targetHints":{"allow":["GET"]}}],"collection":[{"href":"https:\/\/www.tekislastik.com\/tr\/wp-json\/wp\/v2\/pages"}],"about":[{"href":"https:\/\/www.tekislastik.com\/tr\/wp-json\/wp\/v2\/types\/page"}],"author":[{"embeddable":true,"href":"https:\/\/www.tekislastik.com\/tr\/wp-json\/wp\/v2\/users\/1"}],"replies":[{"embeddable":true,"href":"https:\/\/www.tekislastik.com\/tr\/wp-json\/wp\/v2\/comments?post=64868"}],"version-history":[{"count":4,"href":"https:\/\/www.tekislastik.com\/tr\/wp-json\/wp\/v2\/pages\/64868\/revisions"}],"predecessor-version":[{"id":79111,"href":"https:\/\/www.tekislastik.com\/tr\/wp-json\/wp\/v2\/pages\/64868\/revisions\/79111"}],"wp:featuredmedia":[{"embeddable":true,"href":"https:\/\/www.tekislastik.com\/tr\/wp-json\/wp\/v2\/media\/64382"}],"wp:attachment":[{"href":"https:\/\/www.tekislastik.com\/tr\/wp-json\/wp\/v2\/media?parent=64868"}],"curies":[{"name":"wp","href":"https:\/\/api.w.org\/{rel}","templated":true}]}}