{"id":64842,"date":"2024-08-19T11:52:43","date_gmt":"2024-08-19T08:52:43","guid":{"rendered":"https:\/\/www.tekislastik.com\/?page_id=64842"},"modified":"2026-03-06T10:33:07","modified_gmt":"2026-03-06T07:33:07","slug":"dogru-yassi-lastigi-nasil-secersiniz","status":"publish","type":"page","link":"https:\/\/www.tekislastik.com\/tr\/dogru-yassi-lastigi-nasil-secersiniz\/","title":{"rendered":"Do\u011fru Yass\u0131 Lasti\u011fi Nas\u0131l Se\u00e7ersiniz?"},"content":{"rendered":"[vc_row pix_particles_check=&#8221;&#8221;][vc_column][vc_column_text]\r\n<h1 style=\"text-align: center;\">Do\u011fru Yass\u0131 Lasti\u011fi Nas\u0131l Se\u00e7ersiniz?<\/h1>\r\n[\/vc_column_text][vc_column_text]\r\n\r\nDo\u011fru Yass\u0131 Lasti\u011fi Nas\u0131l Se\u00e7ersiniz? \u0130ster giysiler, ister el i\u015fleri veya di\u011fer uygulamalar \u00fczerinde \u00e7al\u0131\u015f\u0131yor olun, do\u011fru yass\u0131 lasti\u011fi se\u00e7mek projelerinizin i\u015flevselli\u011fini ve rahatl\u0131\u011f\u0131n\u0131 sa\u011flamak i\u00e7in \u00e7ok \u00f6nemlidir. Yass\u0131 lastik \u00e7e\u015fitli tiplerde, malzemelerde, geni\u015fliklerde ve g\u00fc\u00e7lerde gelir, bu da bir se\u00e7im yapmadan \u00f6nce \u00e7e\u015fitli fakt\u00f6rleri g\u00f6z \u00f6n\u00fcnde bulundurmay\u0131 gerekli k\u0131lar. Bu k\u0131lavuz, do\u011fru d\u00fcz lasti\u011fi se\u00e7erken g\u00f6z \u00f6n\u00fcnde bulundurman\u0131z gereken temel hususlar konusunda size yol g\u00f6sterecektir.\r\n<h5><strong>Do\u011fru Yass\u0131 Lasti\u011fi Nas\u0131l Se\u00e7ersiniz? Yass\u0131 Lasti\u011fi Anlamak<\/strong><\/h5>\r\nDo\u011fru Yass\u0131 Lasti\u011fi Nas\u0131l Se\u00e7ersiniz? <a href=\"https:\/\/www.tekislastik.com\/tr\/urunler\/lastik\/tres-lastik\/yassi-lastik\/\">Yass\u0131 lastik<\/a>, giysilerde, aksesuarlarda ve \u00e7e\u015fitli kendin yap projelerinde yayg\u0131n olarak kullan\u0131lan \u00e7ok y\u00f6nl\u00fc bir malzemedir. Yuvarlak lastikten farkl\u0131 olarak, yass\u0131 lastik d\u00fcz, \u015ferit benzeri bir g\u00f6r\u00fcn\u00fcme sahiptir, bu da onu daha geni\u015f ve daha rahat bir uyumun gerekli oldu\u011fu uygulamalar i\u00e7in ideal hale getirir. Yass\u0131 lastikte kullan\u0131lan en yayg\u0131n malzemeler polyester, naylon ve spandeks olup her biri farkl\u0131 \u00f6zellikler ve faydalar sunar.\r\n\r\n<strong>Yass\u0131 Lastik Se\u00e7erken Dikkat Edilmesi Gereken Fakt\u00f6rler<\/strong>\r\n<ol>\r\n \t<li><strong>Malzeme Bile\u015fimi:<\/strong><\/li>\r\n<\/ol>\r\n<a href=\"https:\/\/www.habbyaccessories.com.tr\/urun\/8mm-yassi-lastik-3\/\" target=\"_blank\" rel=\"noopener\">Yass\u0131 lasti\u011fin<\/a> malzemesi, dikkate al\u0131nmas\u0131 gereken en kritik fakt\u00f6rlerden biridir. Polyester lastikler dayan\u0131kl\u0131d\u0131r ve \u00e7ekmeye ve solmaya kar\u015f\u0131 diren\u00e7lidir, bu da onlar\u0131 s\u0131k y\u0131kama gerektiren giysiler i\u00e7in uygun hale getirir. Naylon lastikler m\u00fckemmel g\u00fc\u00e7 ve esneklik sunarken, spandeks \u00fcst\u00fcn esneme ve toparlanma sa\u011flar. Projenizin ihtiya\u00e7lar\u0131na ba\u011fl\u0131 olarak, istedi\u011finiz g\u00fc\u00e7, esneklik ve dayan\u0131kl\u0131l\u0131k dengesini sunan bir malzeme se\u00e7ebilirsiniz.\r\n<ol start=\"2\">\r\n \t<li><strong>Geni\u015flik ve Kal\u0131nl\u0131k:<\/strong><\/li>\r\n<\/ol>\r\nYass\u0131 lasti\u011fin geni\u015fli\u011fi ve kal\u0131nl\u0131\u011f\u0131 projenizin genel g\u00f6r\u00fcn\u00fcm\u00fcn\u00fc ve i\u015flevselli\u011fini etkileyecektir. Daha geni\u015f lastikler daha fazla destek sa\u011flar ve kemerler ve kay\u0131\u015flar i\u00e7in idealdir, daha dar lastikler ise i\u00e7 \u00e7ama\u015f\u0131r\u0131 veya \u00e7ocuk k\u0131yafetleri gibi hassas uygulamalar i\u00e7in daha uygundur. Lasti\u011fin kal\u0131nl\u0131\u011f\u0131 da mukavemet ve konforunda rol oynar, daha kal\u0131n lastikler daha fazla destek sunar.\r\n<ol start=\"3\">\r\n \t<li><strong>Esneme ve Toparlanma:<\/strong><\/li>\r\n<\/ol>\r\nEsneme ve toparlanma, yass\u0131 lasti\u011fin temel \u00f6zellikleridir. Esneme, elastikin ne kadar uzat\u0131labilece\u011fini ifade ederken, toparlanma orijinal uzunlu\u011funa geri d\u00f6nme kabiliyetidir. Spor giyim veya spor k\u0131yafetleri gibi alanlarda, konfor ve dayan\u0131kl\u0131l\u0131k sa\u011flamak i\u00e7in y\u00fcksek esneme ve toparlanma \u00f6zelli\u011fine sahip lastiklere ihtiyac\u0131n\u0131z olabilir. \u00d6te yandan, daha dekoratif veya daha az stresli uygulamalar i\u00e7in daha d\u00fc\u015f\u00fck bir esneme yeterli olabilir.\r\n<ol start=\"4\">\r\n \t<li><strong>Renk ve Estetik:<\/strong><\/li>\r\n<\/ol>\r\nYass\u0131 lasti\u011fin rengi ve esteti\u011fi projenizin genel g\u00f6r\u00fcn\u00fcm\u00fcn\u00fc etkileyebilir. Beyaz ve siyah en yayg\u0131n renkler olsa da, yass\u0131 lastikler kuma\u015f\u0131n\u0131zla e\u015fle\u015fecek veya kontrast olu\u015fturacak geni\u015f bir renk yelpazesinde mevcuttur. Baz\u0131 lastikler, tasar\u0131mlar\u0131n\u0131za benzersiz bir dokunu\u015f katabilecek dantel kenarlar veya bask\u0131l\u0131 desenler gibi dekoratif \u00f6zelliklere de sahiptir.\r\n<ol start=\"5\">\r\n \t<li><strong>Kullan\u0131m Amac\u0131 ve Kullan\u0131m alanlar\u0131:<\/strong><\/li>\r\n<\/ol>\r\nD\u00fcz lasti\u011fin projenizdeki \u00f6zel uygulamas\u0131n\u0131 g\u00f6z \u00f6n\u00fcnde bulundurun. \u00d6rne\u011fin, bir etek veya pantolon i\u00e7in bel lasti\u011fi yap\u0131yorsan\u0131z, destek sa\u011flayabilecek ve giysiyi yerinde tutabilecek daha geni\u015f, daha g\u00fc\u00e7l\u00fc bir lasti\u011fe ihtiyac\u0131n\u0131z olacakt\u0131r. Maskeler veya bandanalar i\u00e7in daha yumu\u015fak, daha esnek bir lastik rahatl\u0131k a\u00e7\u0131s\u0131ndan tercih edilir. Kullan\u0131m amac\u0131, se\u00e7ece\u011finiz lasti\u011fin t\u00fcr\u00fcn\u00fc ve \u00f6zelliklerini belirleyecektir.\r\n<ol start=\"6\">\r\n \t<li><strong>\u00c7evresel Fakt\u00f6rler:<\/strong><\/li>\r\n<\/ol>\r\nProjeniz suya, \u0131s\u0131ya veya g\u00fcne\u015f \u0131\u015f\u0131\u011f\u0131na maruz kalmay\u0131 i\u00e7eriyorsa, bu ko\u015fullara dayanabilecek bir lastik se\u00e7meniz gerekir.Baz\u0131 yass\u0131 lastikler suya veya UV \u0131\u015f\u0131nlar\u0131na dayan\u0131kl\u0131 olacak \u015fekilde i\u015flenir, bu da onlar\u0131 d\u0131\u015f mekan uygulamalar\u0131 veya mayo \u00fcretimi i\u00e7in uygun hale getirir.\r\n\r\nDo\u011fru yass\u0131 lasti\u011fi se\u00e7mek i\u00e7in malzeme bile\u015fimi, geni\u015flik, kal\u0131nl\u0131k, esneme ve toparlanma, renk ve estetik, kullan\u0131m amac\u0131 ve \u00e7evresel fakt\u00f6rler gibi \u00e7e\u015fitli fakt\u00f6rler g\u00f6z \u00f6n\u00fcnde bulundurulmal\u0131d\u0131r. Bu unsurlar\u0131 ve bunlar\u0131n projenizin ihtiya\u00e7lar\u0131yla nas\u0131l ili\u015fkili oldu\u011funu anlayarak, optimum performans ve konfor i\u00e7in en iyi yass\u0131 lasti\u011fi se\u00e7ebilirsiniz. \u0130ster giysi dikiyor, ister aksesuar haz\u0131rl\u0131yor veya kendin yap projeleri olu\u015fturuyor olun, do\u011fru yass\u0131 elastik nihai \u00fcr\u00fcnde \u00f6nemli bir fark yaratabilir.\r\n\r\n[\/vc_column_text][\/vc_column][\/vc_row]Do\u011fru Yass\u0131 Lasti\u011fi Nas\u0131l Se\u00e7ersiniz?","protected":false},"excerpt":{"rendered":"[vc_row pix_particles_check=&#8221;&#8221;][vc_column][vc_column_text] Do\u011fru Yass\u0131 Lasti\u011fi Nas\u0131l Se\u00e7ersiniz? [\/vc_column_text][vc_column_text] Do\u011fru Yass\u0131 Lasti\u011fi Nas\u0131l Se\u00e7ersiniz? \u0130ster giysiler, ister el i\u015fleri veya di\u011fer uygulamalar \u00fczerinde \u00e7al\u0131\u015f\u0131yor olun, do\u011fru yass\u0131 lasti\u011fi se\u00e7mek projelerinizin i\u015flevselli\u011fini ve rahatl\u0131\u011f\u0131n\u0131 sa\u011flamak i\u00e7in \u00e7ok \u00f6nemlidir. Yass\u0131 lastik \u00e7e\u015fitli tiplerde,&#8230;","protected":false},"author":1,"featured_media":64370,"parent":0,"menu_order":0,"comment_status":"closed","ping_status":"closed","template":"","meta":{"footnotes":""},"class_list":["post-64842","page","type-page","status-publish","has-post-thumbnail","hentry"],"_links":{"self":[{"href":"https:\/\/www.tekislastik.com\/tr\/wp-json\/wp\/v2\/pages\/64842","targetHints":{"allow":["GET"]}}],"collection":[{"href":"https:\/\/www.tekislastik.com\/tr\/wp-json\/wp\/v2\/pages"}],"about":[{"href":"https:\/\/www.tekislastik.com\/tr\/wp-json\/wp\/v2\/types\/page"}],"author":[{"embeddable":true,"href":"https:\/\/www.tekislastik.com\/tr\/wp-json\/wp\/v2\/users\/1"}],"replies":[{"embeddable":true,"href":"https:\/\/www.tekislastik.com\/tr\/wp-json\/wp\/v2\/comments?post=64842"}],"version-history":[{"count":5,"href":"https:\/\/www.tekislastik.com\/tr\/wp-json\/wp\/v2\/pages\/64842\/revisions"}],"predecessor-version":[{"id":79073,"href":"https:\/\/www.tekislastik.com\/tr\/wp-json\/wp\/v2\/pages\/64842\/revisions\/79073"}],"wp:featuredmedia":[{"embeddable":true,"href":"https:\/\/www.tekislastik.com\/tr\/wp-json\/wp\/v2\/media\/64370"}],"wp:attachment":[{"href":"https:\/\/www.tekislastik.com\/tr\/wp-json\/wp\/v2\/media?parent=64842"}],"curies":[{"name":"wp","href":"https:\/\/api.w.org\/{rel}","templated":true}]}}