{"id":64793,"date":"2024-08-10T10:00:40","date_gmt":"2024-08-10T07:00:40","guid":{"rendered":"https:\/\/www.tekislastik.com\/?page_id=64793"},"modified":"2026-03-06T17:36:13","modified_gmt":"2026-03-06T14:36:13","slug":"tres-lastigin-diger-lastik-turlerinden-farki-nedir","status":"publish","type":"page","link":"https:\/\/www.tekislastik.com\/tr\/tres-lastigin-diger-lastik-turlerinden-farki-nedir\/","title":{"rendered":"Tres Lasti\u011fin Di\u011fer Lastik T\u00fcrlerinden Fark\u0131 Nedir?"},"content":{"rendered":"[vc_row pix_particles_check=&#8221;&#8221;][vc_column][vc_column_text]\r\n<h1 style=\"text-align: center;\">Tres \u00a0Lasti\u011fin Di\u011fer Lastik T\u00fcrlerinden Fark\u0131 Nedir?<\/h1>\r\n[\/vc_column_text][vc_column_text]\r\n\r\nTres Lasti\u011fin Di\u011fer Lastik T\u00fcrlerinden Fark\u0131 Nedir? <a href=\"https:\/\/www.tekislastik.com\/tr\/urunler\/lastik\/tres-lastik\/\">Tres lastik<\/a>, benzersiz yap\u0131s\u0131 ve \u00f6zellikleri nedeniyle di\u011fer lastik t\u00fcrlerinden ayr\u0131l\u0131r ve bu da onu \u00e7e\u015fitli uygulamalar i\u00e7in pop\u00fcler bir se\u00e7im haline getirir. Projeleriniz i\u00e7in do\u011fru lasti\u011fi se\u00e7erken bu farkl\u0131l\u0131klar\u0131 anlamak \u00e7ok \u00f6nemlidir.\r\n<h5><strong>Tres Lasti\u011fin Di\u011fer Lastik T\u00fcrlerinden Fark\u0131 Nedir? Yap\u0131 ve Bile\u015fim<\/strong><\/h5>\r\n<a href=\"https:\/\/www.habbyaccessories.com.tr\/urun-kategori\/tuhafiye\/lastik\/tres-lastik\/\" target=\"_blank\" rel=\"noopener\">Tres lastik,<\/a> polyester, pamuk veya naylon gibi tekstil elyaflar\u0131yla kapl\u0131 birden fazla kau\u00e7uk veya sentetik malzeme ipli\u011finin birlikte \u00f6r\u00fclmesiyle yap\u0131l\u0131r. Bu yap\u0131m y\u00f6ntemi, \u015feklini iyi koruyan daha sa\u011flam ve daha s\u0131k\u0131 bir lastik sa\u011flar. Buna kar\u015f\u0131l\u0131k, \u00f6rme veya dokuma lastik gibi di\u011fer lastik t\u00fcrleri farkl\u0131 \u015fekilde \u00fcretilir:\r\n\r\n&nbsp;\r\n\r\n<strong>\u00d6rme Lastik:<\/strong> Lastik liflerinin birbirine \u00f6r\u00fclmesiyle olu\u015fturulan bu lastik t\u00fcr\u00fc daha yumu\u015fak ve esnektir. Genellikle i\u00e7 \u00e7ama\u015f\u0131r\u0131 veya \u00e7ocuk k\u0131yafetleri gibi hafif uygulamalar i\u00e7in kullan\u0131l\u0131r \u00e7\u00fcnk\u00fc gerildi\u011finde daralmaz ve geni\u015fli\u011fini korur.\r\n\r\n<strong>Dokuma Lastik:<\/strong> Liflerin \u00e7apraz bir \u015fekilde dokunmas\u0131yla yap\u0131lan dokuma lastik daha s\u0131k\u0131d\u0131r ve \u00f6rme lasti\u011fe g\u00f6re daha az esnemeye sahiptir. Genellikle bel lastikleri gibi a\u011f\u0131r hizmet uygulamalar\u0131 veya daha g\u00fc\u00e7l\u00fc bir tutu\u015fun gerekli oldu\u011fu end\u00fcstriyel kullan\u0131mlar i\u00e7in kullan\u0131l\u0131r.\r\n\r\n&nbsp;\r\n\r\n<strong>Dayan\u0131kl\u0131l\u0131k ve Esneklik<\/strong>\r\n\r\nTres lastik, dayan\u0131kl\u0131l\u0131\u011f\u0131 ve esnekli\u011fini kaybetmeden tekrarlanan kullan\u0131ma dayanma kabiliyeti ile bilinir. Esnemek ve orijinal \u015fekline geri d\u00f6nmek \u00fczere tasarlanm\u0131\u015ft\u0131r, bu da lasti\u011fin s\u00fcrekli gerilim alt\u0131nda olaca\u011f\u0131 uygulamalar i\u00e7in idealdir. Liflerin s\u0131k\u0131 bir \u015fekilde \u00f6r\u00fclmesi, mukavemetini art\u0131rarak di\u011fer lastiklere k\u0131yasla a\u015f\u0131nma ve y\u0131pranmaya kar\u015f\u0131 daha diren\u00e7li olmas\u0131n\u0131 sa\u011flar.\r\n\r\nBuna kar\u015f\u0131l\u0131k, \u00f6rme lastik cilde kar\u015f\u0131 daha yumu\u015fak ve rahat olsa da zamanla \u015feklini kaybedebilir ve a\u011f\u0131r kullan\u0131ma kar\u015f\u0131 daha az diren\u00e7lidir. Dokuma lastik, g\u00fc\u00e7l\u00fc olmas\u0131na ra\u011fmen, bazen daha az esnek olabilir ve a\u015f\u0131r\u0131 ko\u015fullar alt\u0131nda y\u0131pranmaya daha yatk\u0131n olabilir.\r\n\r\n&nbsp;\r\n\r\n<strong>Yayg\u0131n Kullan\u0131m Alanlar\u0131<\/strong>\r\n\r\nDayan\u0131kl\u0131l\u0131\u011f\u0131 ve sa\u011flam tutu\u015fu nedeniyle tres lastik, g\u00fc\u00e7l\u00fc destek ve uzun \u00f6m\u00fcrl\u00fcl\u00fc\u011f\u00fcn gerekli oldu\u011fu alanlarda yayg\u0131n olarak kullan\u0131l\u0131r. Bunlar \u015funlar\u0131 i\u00e7erir:\r\n\r\n<strong>K\u0131yafetlerdeki Bel Lastikleri<\/strong>: Tres lastik genellikle pantolon, etek ve \u015fortlar\u0131n bel lastiklerinde kullan\u0131l\u0131r ve sa\u011flam ancak rahat bir uyum sa\u011flar.\r\n\r\n<strong>Ev Diki\u015f \u0130\u015fleri:<\/strong> Bandanalar, \u00e7antalar veya ev dekorasyonu \u00fcr\u00fcnleri yapmak gibi el i\u015fi projelerinde pop\u00fclerdir.\r\n\r\n<strong>Spor Giyim ve Spor K\u0131yafetleri:<\/strong> Tres lasti\u011fin g\u00fc\u00e7l\u00fc tutu\u015fu onu spor giyim i\u00e7in uygun hale getirir ve fiziksel aktivite s\u0131ras\u0131nda giysilerin yerinde kalmas\u0131n\u0131 sa\u011flar.\r\n\r\n<strong>T\u0131bbi ve End\u00fcstriyel Uygulamalar:<\/strong> Dayan\u0131kl\u0131l\u0131\u011f\u0131 sayesinde braketler gibi t\u0131bbi cihazlar veya g\u00fc\u00e7l\u00fc esneklik \u00f6zelliklerinin gerekli oldu\u011fu end\u00fcstriyel kullan\u0131mlar i\u00e7in de idealdir.\r\n\r\n&nbsp;\r\n\r\n<strong>Bak\u0131m ve Koruma<\/strong>\r\n\r\nTres lastik, \u00f6zelliklerini korumak i\u00e7in \u00f6zel bak\u0131m gerektirir. Genellikle klora ve tuzlu suya kar\u015f\u0131 daha dayan\u0131kl\u0131d\u0131r, bu da onu mayo veya d\u0131\u015f mekan k\u0131yafetleri i\u00e7in uygun hale getirir. Bununla birlikte, t\u00fcm lastikler gibi, a\u015f\u0131r\u0131 \u0131s\u0131ya, g\u00fcne\u015f \u0131\u015f\u0131\u011f\u0131na veya sert kimyasallara maruz kal\u0131rsa bozulabilir. Kullan\u0131m \u00f6mr\u00fcn\u00fc uzatmak i\u00e7in, \u00f6rg\u00fc lastikleri so\u011fuk suda y\u0131kaman\u0131z ve do\u011frudan g\u00fcne\u015f \u0131\u015f\u0131\u011f\u0131ndan uzakta kurutman\u0131z \u00f6nerilir\r\n\r\n\u00d6zetle, tres lastik di\u011fer lastik t\u00fcrlerinden \u00f6ncelikle yap\u0131s\u0131, dayan\u0131kl\u0131l\u0131\u011f\u0131 ve uygulamalar\u0131 bak\u0131m\u0131ndan farkl\u0131l\u0131k g\u00f6sterir. \u00d6rg\u00fc yap\u0131s\u0131 sa\u011flam bir tutu\u015f ve a\u015f\u0131nma ve y\u0131pranmaya kar\u015f\u0131 daha fazla diren\u00e7 sa\u011flayarak giyimden end\u00fcstriyel uygulamalara kadar geni\u015f bir kullan\u0131m yelpazesi i\u00e7in uygun hale getirir. Projeleriniz i\u00e7in lastik se\u00e7erken, ihtiya\u00e7 duyulan destek seviyesi, kullan\u0131laca\u011f\u0131 ortam ve istenen rahatl\u0131k seviyesi gibi uygulaman\u0131n \u00f6zel gereksinimlerini g\u00f6z \u00f6n\u00fcnde bulundurun. Bu farkl\u0131l\u0131klar\u0131 anlayarak, ihtiya\u00e7lar\u0131n\u0131z i\u00e7in en uygun lastik t\u00fcr\u00fcn\u00fc se\u00e7ebilirsiniz.\r\n\r\n[\/vc_column_text][\/vc_column][\/vc_row]","protected":false},"excerpt":{"rendered":"[vc_row pix_particles_check=&#8221;&#8221;][vc_column][vc_column_text] Tres \u00a0Lasti\u011fin Di\u011fer Lastik T\u00fcrlerinden Fark\u0131 Nedir? [\/vc_column_text][vc_column_text] Tres Lasti\u011fin Di\u011fer Lastik T\u00fcrlerinden Fark\u0131 Nedir? Tres lastik, benzersiz yap\u0131s\u0131 ve \u00f6zellikleri nedeniyle di\u011fer lastik t\u00fcrlerinden ayr\u0131l\u0131r ve bu da onu \u00e7e\u015fitli uygulamalar i\u00e7in pop\u00fcler bir se\u00e7im haline getirir&#8230;.","protected":false},"author":1,"featured_media":64349,"parent":0,"menu_order":0,"comment_status":"closed","ping_status":"closed","template":"","meta":{"footnotes":""},"class_list":["post-64793","page","type-page","status-publish","has-post-thumbnail","hentry"],"_links":{"self":[{"href":"https:\/\/www.tekislastik.com\/tr\/wp-json\/wp\/v2\/pages\/64793","targetHints":{"allow":["GET"]}}],"collection":[{"href":"https:\/\/www.tekislastik.com\/tr\/wp-json\/wp\/v2\/pages"}],"about":[{"href":"https:\/\/www.tekislastik.com\/tr\/wp-json\/wp\/v2\/types\/page"}],"author":[{"embeddable":true,"href":"https:\/\/www.tekislastik.com\/tr\/wp-json\/wp\/v2\/users\/1"}],"replies":[{"embeddable":true,"href":"https:\/\/www.tekislastik.com\/tr\/wp-json\/wp\/v2\/comments?post=64793"}],"version-history":[{"count":5,"href":"https:\/\/www.tekislastik.com\/tr\/wp-json\/wp\/v2\/pages\/64793\/revisions"}],"predecessor-version":[{"id":79147,"href":"https:\/\/www.tekislastik.com\/tr\/wp-json\/wp\/v2\/pages\/64793\/revisions\/79147"}],"wp:featuredmedia":[{"embeddable":true,"href":"https:\/\/www.tekislastik.com\/tr\/wp-json\/wp\/v2\/media\/64349"}],"wp:attachment":[{"href":"https:\/\/www.tekislastik.com\/tr\/wp-json\/wp\/v2\/media?parent=64793"}],"curies":[{"name":"wp","href":"https:\/\/api.w.org\/{rel}","templated":true}]}}