{"id":63533,"date":"2024-07-26T13:49:53","date_gmt":"2024-07-26T10:49:53","guid":{"rendered":"https:\/\/www.tekislastik.com\/?page_id=63533"},"modified":"2026-03-06T16:38:53","modified_gmt":"2026-03-06T13:38:53","slug":"spor-ve-outdoor-sektoru","status":"publish","type":"page","link":"https:\/\/www.tekislastik.com\/tr\/spor-ve-outdoor-sektoru\/","title":{"rendered":"Spor ve Outdoor Sekt\u00f6r\u00fc"},"content":{"rendered":"[vc_section full_width=&#8221;stretch_row&#8221; pix_over_visibility=&#8221;&#8221; bottom_divider_select=&#8221;8&#8243; b_has_animation=&#8221;true&#8221; b_2_color=&#8221;rgba(255,255,255,0.01)&#8221; b_3_is_gradient=&#8221;true&#8221; b_3_color=&#8221;rgba(0,0,0,0.08)&#8221; b_3_color_2=&#8221;rgba(255,255,255,0.01)&#8221; b_3_animation=&#8221;fade-in-up&#8221; t_flip_h=&#8221;true&#8221; pix_overlay_color=&#8221;primary-light&#8221; responsive_css=&#8221;{&#8220;pix_res_sm_pt&#8220;:&#8220;20&#8220;,&#8220;pix_res_sm_pb&#8220;:&#8220;20&#8220;,&#8220;pix_res_md_pt&#8220;:&#8220;40&#8220;,&#8220;pix_res_md_pb&#8220;:&#8220;40&#8220;}&#8221; css=&#8221;.vc_custom_1613527161475{padding-top: 110px !important;padding-bottom: 110px !important;}&#8221; t_custom_height=&#8221;200px&#8221; b_custom_height=&#8221;300px&#8221; pix_overlay_opacity=&#8221;1&#8243; b_3_delay=&#8221;300&#8243;][vc_row full_width=&#8221;stretch_row&#8221; content_placement=&#8221;top&#8221; pix_particles_check=&#8221;&#8221; responsive_css=&#8221;{&#8220;pix_res_sm_pt&#8220;:&#8220;40&#8220;,&#8220;pix_res_sm_pb&#8220;:&#8220;40&#8220;,&#8220;pix_res_md_pt&#8220;:&#8220;40&#8220;,&#8220;pix_res_md_pb&#8220;:&#8220;40&#8220;}&#8221;][vc_column width=&#8221;1\/2&#8243; css=&#8221;.vc_custom_1604715604745{padding-top: 20px !important;padding-bottom: 20px !important;}&#8221;][vc_column_text el_class=&#8221;text-darking&#8221;]\r\n<h1><strong>Spor ve Outdoor Sekt\u00f6r\u00fc<\/strong><\/h1>\r\n[\/vc_column_text][vc_column_text el_class=&#8221;text-darking&#8221;]Spor ve outdoor sekt\u00f6r\u00fc, aktif ya\u015fam\u0131 sevenler i\u00e7in geni\u015f bir \u00fcr\u00fcn yelpazesi sunar. Bu \u00fcr\u00fcnler, sporcular\u0131n ve do\u011fa severlerin performans\u0131n\u0131 art\u0131rmak, konforunu sa\u011flamak ve g\u00fcvenli\u011fini temin etmek amac\u0131yla tasarlanm\u0131\u015ft\u0131r. Teki\u015f Lastik olarak, spor ve outdoor sekt\u00f6r\u00fc i\u00e7in \u00fcretti\u011fimiz y\u00fcksek kaliteli \u00fcr\u00fcnlerle bu alanda \u00f6nemli bir tedarik\u00e7i konumunday\u0131z. \u00dcr\u00fcnlerimiz, dayan\u0131kl\u0131l\u0131k, esneklik ve estetik a\u00e7\u0131dan en y\u00fcksek standartlar\u0131 kar\u015f\u0131lamakta ve \u00e7e\u015fitli spor ve outdoor sekt\u00f6r\u00fcnde projelerde kullan\u0131lmaktad\u0131r.[\/vc_column_text]<div class=\"pix-el-text w-100   vc_custom_1683284822564\" ><p class=\"text-20  text-dark-opacity-8  \" ><\/p><\/div>[vc_column_text el_class=&#8221;text-darking&#8221;]Teki\u015f Lastik, spor ve outdoor sekt\u00f6r\u00fcne sundu\u011fu \u00fcr\u00fcnler ile hem sporcular\u0131n hem de do\u011fa severlerin ihtiya\u00e7lar\u0131n\u0131 kar\u015f\u0131lamaktad\u0131r. \u00dcr\u00fcnlerimiz, y\u00fcksek kaliteli malzemelerden \u00fcretilmi\u015f olup, aktif ya\u015fam\u0131 kolayla\u015ft\u0131rmak ve daha keyifli hale getirmek i\u00e7in tasarlanm\u0131\u015ft\u0131r. Dayan\u0131kl\u0131l\u0131k, esneklik ve estetik \u00f6zellikleriyle \u00f6ne \u00e7\u0131kan \u00fcr\u00fcnlerimiz, sekt\u00f6rde b\u00fcy\u00fck talep g\u00f6rmektedir.[\/vc_column_text][\/vc_column][vc_column width=&#8221;1\/2&#8243; content_align=&#8221;text-center&#8221;]<div class=\"d-inline-block \" ><div class=\"pix-img-el    shadow-lg shadow-hover-lg scale-sm text-center d-inline-block  w-100 rounded-10\"  data-jarallax-element=\"50 \"><img loading=\"lazy\" decoding=\"async\" class=\"card-img2 pix-img-elem rounded-10  h-1002\" style=\"height:auto;\" width=\"1024\" height=\"1024\" srcset=\"https:\/\/www.tekislastik.com\/wp-content\/uploads\/2025\/11\/sports_outdoor_industry_1.jpg 1024w, https:\/\/www.tekislastik.com\/wp-content\/uploads\/2025\/11\/sports_outdoor_industry_1-300x300.jpg 300w, https:\/\/www.tekislastik.com\/wp-content\/uploads\/2025\/11\/sports_outdoor_industry_1-150x150.jpg 150w, https:\/\/www.tekislastik.com\/wp-content\/uploads\/2025\/11\/sports_outdoor_industry_1-768x768.jpg 768w, https:\/\/www.tekislastik.com\/wp-content\/uploads\/2025\/11\/sports_outdoor_industry_1-400x400.jpg 400w, https:\/\/www.tekislastik.com\/wp-content\/uploads\/2025\/11\/sports_outdoor_industry_1-75x75.jpg 75w, https:\/\/www.tekislastik.com\/wp-content\/uploads\/2025\/11\/sports_outdoor_industry_1-460x460.jpg 460w, https:\/\/www.tekislastik.com\/wp-content\/uploads\/2025\/11\/sports_outdoor_industry_1-600x600.jpg 600w, https:\/\/www.tekislastik.com\/wp-content\/uploads\/2025\/11\/sports_outdoor_industry_1-100x100.jpg 100w, https:\/\/www.tekislastik.com\/wp-content\/uploads\/2025\/11\/sports_outdoor_industry_1-50x50.jpg 50w\" sizes=\"auto, (max-width: 1024px) 100vw, 1024px\" src=\"https:\/\/www.tekislastik.com\/wp-content\/uploads\/2025\/11\/sports_outdoor_industry_1.jpg\" alt=\"\" title=\"\"><\/div><\/div>[\/vc_column][\/vc_row][vc_row full_width=&#8221;stretch_row&#8221; content_placement=&#8221;top&#8221; pix_particles_check=&#8221;&#8221; responsive_css=&#8221;{&#8220;pix_res_sm_pt&#8220;:&#8220;40&#8220;,&#8220;pix_res_sm_pb&#8220;:&#8220;40&#8220;,&#8220;pix_res_md_pt&#8220;:&#8220;40&#8220;,&#8220;pix_res_md_pb&#8220;:&#8220;40&#8220;}&#8221;][vc_column width=&#8221;1\/2&#8243; css=&#8221;.vc_custom_1604715604745{padding-top: 20px !important;padding-bottom: 20px !important;}&#8221;]<div class=\"d-inline-block \" ><div class=\"pix-img-el  vc_custom_1763390387765   shadow-lg shadow-hover-lg scale-sm text-center d-inline-block  w-100 rounded-10\"  data-jarallax-element=\"50 \"><img loading=\"lazy\" decoding=\"async\" class=\"card-img2 pix-img-elem rounded-10  h-1002\" style=\"height:auto;\" width=\"1024\" height=\"1024\" srcset=\"https:\/\/www.tekislastik.com\/wp-content\/uploads\/2025\/11\/sports_outdoor_industry.jpg 1024w, https:\/\/www.tekislastik.com\/wp-content\/uploads\/2025\/11\/sports_outdoor_industry-300x300.jpg 300w, https:\/\/www.tekislastik.com\/wp-content\/uploads\/2025\/11\/sports_outdoor_industry-150x150.jpg 150w, https:\/\/www.tekislastik.com\/wp-content\/uploads\/2025\/11\/sports_outdoor_industry-768x768.jpg 768w, https:\/\/www.tekislastik.com\/wp-content\/uploads\/2025\/11\/sports_outdoor_industry-400x400.jpg 400w, https:\/\/www.tekislastik.com\/wp-content\/uploads\/2025\/11\/sports_outdoor_industry-75x75.jpg 75w, https:\/\/www.tekislastik.com\/wp-content\/uploads\/2025\/11\/sports_outdoor_industry-460x460.jpg 460w, https:\/\/www.tekislastik.com\/wp-content\/uploads\/2025\/11\/sports_outdoor_industry-600x600.jpg 600w, https:\/\/www.tekislastik.com\/wp-content\/uploads\/2025\/11\/sports_outdoor_industry-100x100.jpg 100w, https:\/\/www.tekislastik.com\/wp-content\/uploads\/2025\/11\/sports_outdoor_industry-50x50.jpg 50w\" sizes=\"auto, (max-width: 1024px) 100vw, 1024px\" src=\"https:\/\/www.tekislastik.com\/wp-content\/uploads\/2025\/11\/sports_outdoor_industry.jpg\" alt=\"\" title=\"\"><\/div><\/div>[\/vc_column][vc_column width=&#8221;1\/2&#8243; content_align=&#8221;text-center&#8221;][vc_column_text el_class=&#8221;text-darking&#8221;]\r\n<p style=\"text-align: left;\">Teki\u015f Lastik olarak, spor ve outdoor sekt\u00f6r\u00fcne y\u00f6nelik \u00fcr\u00fcnlerimizde kaliteyi ve dayan\u0131kl\u0131l\u0131\u011f\u0131 art\u0131rmak i\u00e7in apre ve fikse i\u015flemlerini uygulamaktay\u0131z. Bu i\u015flemler sayesinde \u00fcr\u00fcnlerimizin \u00e7ekme \u00f6zellikleri minimuma indirilmi\u015ftir. Apre ve fikse i\u015flemleri, \u00fcr\u00fcnlerimizin stabilitesini art\u0131rarak daha uzun \u00f6m\u00fcrl\u00fc ve g\u00fcvenilir bir kullan\u0131m sa\u011flar.<\/p>\r\n[\/vc_column_text][vc_column_text el_class=&#8221;text-darking&#8221;]\r\n<p style=\"text-align: left;\">Teki\u015f Lastik, kalite ve dayan\u0131kl\u0131l\u0131k standartlar\u0131n\u0131 \u015firket politikas\u0131n\u0131n hayati bir temeli olarak benimser. Bunu sa\u011flamak i\u00e7in t\u00fcm \u00fcr\u00fcnlerimizi OEKO-TEX Standard 100 sertifikas\u0131na sahip oldu\u011funu garanti ediyoruz. (Sertifika Numaras\u0131: 2019OK0492) <a href=\"https:\/\/www.oeko-tex.com\/en\/label-check\" target=\"_blank\" rel=\"noopener\">OEKO-TEX Standard 100 sertifikas\u0131<\/a>, \u00fcr\u00fcnlerimizin uluslararas\u0131 standartlara uygun oldu\u011funu kan\u0131tlar.<\/p>\r\n[\/vc_column_text][vc_column_text el_class=&#8221;text-darking&#8221;]\r\n<div class=\"flex flex-grow flex-col max-w-full\">\r\n<div class=\"min-h-[20px] text-message flex w-full flex-col items-end gap-2 whitespace-pre-wrap break-words [.text-message+&amp;]:mt-5 overflow-x-auto\" dir=\"auto\" data-message-author-role=\"assistant\" data-message-id=\"01682bcd-3287-4eee-9a53-c27ffe53fcfd\">\r\n<div class=\"flex w-full flex-col gap-1 empty:hidden first:pt-[3px]\">\r\n<div class=\"markdown prose w-full break-words dark:prose-invert light\">\r\n<p style=\"text-align: left;\">Spor ve outdoor \u00fcr\u00fcnleri i\u00e7in ihtiya\u00e7lar\u0131n\u0131z\u0131 kar\u015f\u0131lamak amac\u0131yla bizimle ileti\u015fime ge\u00e7mekten \u00e7ekinmeyin. Uzman ve deneyimli kadromuz, en y\u00fcksek kalitede hizmet sunar. Teki\u015f Lastik olarak, m\u00fc\u015fterilerimizin ihtiya\u00e7lar\u0131n\u0131 en iyi \u015fekilde kar\u015f\u0131lamak i\u00e7in s\u00fcrekli olarak kendimizi geli\u015ftirmekteyiz. \u00dcr\u00fcnlerimiz hakk\u0131nda daha fazla bilgi almak ve sipari\u015f vermek i\u00e7in bizimle ileti\u015fime ge\u00e7ebilirsiniz.<\/p>\r\n\r\n<\/div>\r\n<\/div>\r\n<\/div>\r\n<\/div>\r\n[\/vc_column_text][\/vc_column][\/vc_row][\/vc_section][vc_section full_width=&#8221;stretch_row&#8221; pix_over_visibility=&#8221;&#8221; responsive_css=&#8221;{&#8220;pix_res_sm_pb&#8220;:&#8220;20&#8220;,&#8220;pix_res_md_pb&#8220;:&#8220;20&#8220;}&#8221; css=&#8221;.vc_custom_1614130072438{padding-top: 20px !important;padding-bottom: 60px !important;background-color: #ffffff !important;border-radius: 10px !important;}&#8221; el_id=&#8221;pix_section_services&#8221;][vc_row pix_particles_check=&#8221;&#8221; responsive_css=&#8221;{&#8220;pix_res_sm_pb&#8220;:&#8220;40&#8220;,&#8220;pix_res_md_pb&#8220;:&#8220;40&#8220;}&#8221; css=&#8221;.vc_custom_1721647709684{padding-bottom: 25px !important;}&#8221;][vc_column width=&#8221;1\/3&#8243;]<div id=\"1721647762411-778302bd-e65f\" class=\"media \"><div class=\"rounded-circle d-inline-block mr-3 feature_img bg-primary-light \"   style=\" width:36px;height:36px;position:relative;line-height:36px;text-align:center;\"><i style=\"display:inline-block;font-size:20px;line-height:20px;\" class=\"text-primary align-middle pixicon-arrow-right2\"><\/i><\/div><div class=\"media-body text-left\"><h6 class=\"font-weight-bold   text-body-default  \" style=\"padding-top:3px;\"  >Gerdirme Lasti\u011fi<\/h6><div class=\"text-body-default text-sm     \" style=\"padding-top:20px;\"  >Spor ekipmanlar\u0131 ve outdoor faaliyetlerde kullan\u0131lan dayan\u0131kl\u0131 gerdirme lastikleri, y\u00fck ta\u015f\u0131mada ve sabitlemede idealdir. Esneklikleri ve sa\u011flam yap\u0131lar\u0131 sayesinde \u00e7e\u015fitli spor ve outdoor etkinliklerinde kullan\u0131labilir.<\/div><\/div><\/div>[\/vc_column][vc_column width=&#8221;1\/3&#8243;]<div id=\"1721647817742-6f023932-9e6f\" class=\"media \"><div class=\"rounded-circle d-inline-block mr-3 feature_img bg-primary-light \"   style=\" width:36px;height:36px;position:relative;line-height:36px;text-align:center;\"><i style=\"display:inline-block;font-size:20px;line-height:20px;\" class=\"text-primary align-middle pixicon-arrow-right2\"><\/i><\/div><div class=\"media-body text-left\"><h6 class=\"font-weight-bold   text-body-default  \" style=\"padding-top:3px;\"  >Diren\u00e7 Lasti\u011fi<\/h6><div class=\"text-body-default text-sm     \" style=\"padding-top:20px;\"  >Fitness ve antrenman programlar\u0131nda kullan\u0131lan diren\u00e7 lastikleri, kaslar\u0131 g\u00fc\u00e7lendirmek ve esneklik kazanmak i\u00e7in kullan\u0131l\u0131r. Dayan\u0131kl\u0131 yap\u0131s\u0131 sayesinde uzun s\u00fcreli kullan\u0131ma uygundur.<\/div><\/div><\/div>[\/vc_column][vc_column width=&#8221;1\/3&#8243;]<div id=\"1721647842218-dc6d0001-8aa4\" class=\"media \"><div class=\"rounded-circle d-inline-block mr-3 feature_img bg-primary-light \"   style=\" width:36px;height:36px;position:relative;line-height:36px;text-align:center;\"><i style=\"display:inline-block;font-size:20px;line-height:20px;\" class=\"text-primary align-middle pixicon-arrow-right2\"><\/i><\/div><div class=\"media-body text-left\"><h6 class=\"font-weight-bold   text-body-default  \" style=\"padding-top:3px;\"  >Bagaj Lasti\u011fi<\/h6><div class=\"text-body-default text-sm     \" style=\"padding-top:20px;\"  >Outdoor faaliyetlerde ve kamp\u00e7\u0131l\u0131kta kullan\u0131lan bagaj lastikleri, e\u015fyalar\u0131n g\u00fcvenli bir \u015fekilde ta\u015f\u0131nmas\u0131n\u0131 sa\u011flar. Esnek ve dayan\u0131kl\u0131 yap\u0131s\u0131 sayesinde a\u011f\u0131r y\u00fckleri ta\u015f\u0131ma kapasitesine sahiptir.<\/div><\/div><\/div>[\/vc_column][\/vc_row][vc_row pix_particles_check=&#8221;&#8221; responsive_css=&#8221;{&#8220;pix_res_sm_pb&#8220;:&#8220;40&#8220;,&#8220;pix_res_md_pb&#8220;:&#8220;40&#8220;}&#8221; css=&#8221;.vc_custom_1721647709684{padding-bottom: 25px !important;}&#8221;][vc_column width=&#8221;1\/3&#8243;]<div id=\"1721648058906-7394bf62-245c\" class=\"media \"><div class=\"rounded-circle d-inline-block mr-3 feature_img bg-primary-light \"   style=\" width:36px;height:36px;position:relative;line-height:36px;text-align:center;\"><i style=\"display:inline-block;font-size:20px;line-height:20px;\" class=\"text-primary align-middle pixicon-arrow-right2\"><\/i><\/div><div class=\"media-body text-left\"><h6 class=\"font-weight-bold   text-body-default  \" style=\"padding-top:3px;\"  >Fitness Lasti\u011fi<\/h6><div class=\"text-body-default text-sm     \" style=\"padding-top:20px;\"  >Spor salonlar\u0131nda ve evde yap\u0131lan antrenmanlarda kullan\u0131lan fitness lastikleri, esneklik ve dayan\u0131kl\u0131l\u0131k sunar. \u00c7e\u015fitli egzersizlerde kullan\u0131larak kaslar\u0131n g\u00fc\u00e7lenmesine yard\u0131mc\u0131 olur.<\/div><\/div><\/div>[\/vc_column][vc_column width=&#8221;1\/3&#8243;]<div id=\"1721648058907-8087adef-cbe8\" class=\"media \"><div class=\"rounded-circle d-inline-block mr-3 feature_img bg-primary-light \"   style=\" width:36px;height:36px;position:relative;line-height:36px;text-align:center;\"><i style=\"display:inline-block;font-size:20px;line-height:20px;\" class=\"text-primary align-middle pixicon-arrow-right2\"><\/i><\/div><div class=\"media-body text-left\"><h6 class=\"font-weight-bold   text-body-default  \" style=\"padding-top:3px;\"  >Dokuma Lastikler<\/h6><div class=\"text-body-default text-sm     \" style=\"padding-top:20px;\"  >Spor k\u0131yafetleri ve aksesuarlar\u0131nda kullan\u0131lan <a href=\"https:\/\/www.tekislastik.com\/tr\/urunler\/lastik\/dokuma-lastik\/\">dokuma lastikler<\/a>, esneklik ve konfor sa\u011flar. Dayan\u0131kl\u0131 yap\u0131s\u0131 sayesinde uzun \u00f6m\u00fcrl\u00fcd\u00fcr.<\/div><\/div><\/div>[\/vc_column][vc_column width=&#8221;1\/3&#8243;]<div id=\"1721648058908-4bf14e3f-835f\" class=\"media \"><div class=\"rounded-circle d-inline-block mr-3 feature_img bg-primary-light \"   style=\" width:36px;height:36px;position:relative;line-height:36px;text-align:center;\"><i style=\"display:inline-block;font-size:20px;line-height:20px;\" class=\"text-primary align-middle pixicon-arrow-right2\"><\/i><\/div><div class=\"media-body text-left\"><h6 class=\"font-weight-bold   text-body-default  \" style=\"padding-top:3px;\"  >Dokuma \u015eeritler<\/h6><div class=\"text-body-default text-sm     \" style=\"padding-top:20px;\"  >Spor \u00e7antalar\u0131, aksesuarlar ve giysilerde kullan\u0131lan dokuma \u015feritler, estetik ve fonksiyonel \u00f6zellikler sunar. Farkl\u0131 renk ve desen se\u00e7enekleriyle spor \u00fcr\u00fcnlerine g\u00f6rsel zenginlik katar.<\/div><\/div><\/div>[\/vc_column][\/vc_row][vc_row pix_particles_check=&#8221;&#8221; responsive_css=&#8221;{&#8220;pix_res_sm_pb&#8220;:&#8220;40&#8220;,&#8220;pix_res_md_pb&#8220;:&#8220;40&#8220;}&#8221;][vc_column][vc_column_text]Bu \u00fcr\u00fcnler, \u00f6zellikle spor \u00e7antalar\u0131nda, spor k\u0131yafetlerinde, spor ayakkab\u0131lar\u0131nda, kamp ekipmanlar\u0131nda ve outdoor aksesuarlar\u0131nda kullan\u0131lmaktad\u0131r. Dayan\u0131kl\u0131 yap\u0131lar\u0131 ve estetik g\u00f6r\u00fcn\u00fcmleri sayesinde spor ve outdoor \u00fcr\u00fcnlerinin kalitesini art\u0131r\u0131r ve kullan\u0131c\u0131ya y\u00fcksek performans sa\u011flar.[\/vc_column_text][\/vc_column][\/vc_row][vc_row pix_particles_check=&#8221;&#8221; responsive_css=&#8221;{&#8220;pix_res_sm_pb&#8220;:&#8220;40&#8220;,&#8220;pix_res_md_pb&#8220;:&#8220;40&#8220;}&#8221; css=&#8221;.vc_custom_1613524951106{padding-bottom: 80px !important;}&#8221;][vc_column][vc_column_text]\r\n<div class=\"vc_row wpb_row vc_row-fluid vc_row_visible custom-responsive-124106414 vc_custom_1613524951106\">\r\n<div class=\"wpb_column vc_column_container vc_col-sm-12 text-left\">\r\n<div class=\"vc_column-inner\">\r\n<div class=\"wpb_wrapper\">\r\n<div class=\"wpb_text_column wpb_content_element \">\r\n<div class=\"wpb_wrapper\">\r\n<h2 style=\"text-align: center;\">En pop\u00fcler spor ve outdoor sekt\u00f6r\u00fc \u00fcr\u00fcnlerimizi g\u00f6zden ge\u00e7irin.<\/h2>\r\n<\/div>\r\n<\/div>\r\n<\/div>\r\n<\/div>\r\n<\/div>\r\n<\/div>\r\n[\/vc_column_text][\/vc_column][\/vc_row][vc_row pix_particles_check=&#8221;&#8221;][vc_column width=&#8221;1\/3&#8243;]<a href=\"https:\/\/www.tekislastik.com\/products\/elastic\/\" class=\" fly\"><div class=\"card   vc_custom_1721992885698  rounded-lg  overflow-hidden shadow-sm shadow-hover fly-sm  animate-in \" data-anim-delay=\"100\" data-anim-type=\"fade-in-up\"><img decoding=\"async\" src=\"https:\/\/www.tekislastik.com\/wp-content\/plugins\/pixfort-core\/functions\/images\/loading.webp\" data-srcset=\"https:\/\/www.tekislastik.com\/wp-content\/uploads\/2021\/12\/elastic-crafts-1-300x265.png 300w, https:\/\/www.tekislastik.com\/wp-content\/uploads\/2021\/12\/elastic-crafts-1-600x531.png 600w, https:\/\/www.tekislastik.com\/wp-content\/uploads\/2021\/12\/elastic-crafts-1-1024x905.png 1024w, https:\/\/www.tekislastik.com\/wp-content\/uploads\/2021\/12\/elastic-crafts-1-768x679.png 768w, https:\/\/www.tekislastik.com\/wp-content\/uploads\/2021\/12\/elastic-crafts-1.png 1200w\" data-src=\"https:\/\/www.tekislastik.com\/wp-content\/uploads\/2021\/12\/elastic-crafts-1.png\" class=\"pix-lazy\" loading=\"lazy\" alt=\"Lastik\" title=\"\"><div class=\"pix-card-content\"><div class=\"card-body\"><div class=\"d-flex justify-content-between align-items-center font-weight-bold text-heading-default\"><h6 style=\"\" class=\"card-title mb-0 font-weight-bold text-heading-default\">Lastik<\/h6><h6 style=\"\" class=\"font-weight-bold text-heading-default pixicon-angle-right\"><\/h6><\/div><\/div><\/div><\/div><\/a>[\/vc_column][vc_column width=&#8221;1\/3&#8243; content_align=&#8221;text-center&#8221;]<a href=\"https:\/\/www.tekislastik.com\/products\/tape\/\" class=\" fly\"><div class=\"card   vc_custom_1721992898717  rounded-lg  overflow-hidden shadow-sm shadow-hover fly-sm  animate-in \" data-anim-delay=\"200\" data-anim-type=\"fade-in-up\"><img decoding=\"async\" src=\"https:\/\/www.tekislastik.com\/wp-content\/plugins\/pixfort-core\/functions\/images\/loading.webp\" data-srcset=\"https:\/\/www.tekislastik.com\/wp-content\/uploads\/2021\/12\/woven-tape-1-300x267.jpg 300w, https:\/\/www.tekislastik.com\/wp-content\/uploads\/2021\/12\/woven-tape-1-600x534.jpg 600w, https:\/\/www.tekislastik.com\/wp-content\/uploads\/2021\/12\/woven-tape-1.jpg 740w\" data-src=\"https:\/\/www.tekislastik.com\/wp-content\/uploads\/2021\/12\/woven-tape-1.jpg\" class=\"pix-lazy\" loading=\"lazy\" alt=\"\u015eerit\" title=\"\"><div class=\"pix-card-content\"><div class=\"card-body\"><div class=\"d-flex justify-content-between align-items-center font-weight-bold text-heading-default\"><h6 style=\"\" class=\"card-title mb-0 font-weight-bold text-heading-default\">\u015eerit<\/h6><h6 style=\"\" class=\"font-weight-bold text-heading-default pixicon-angle-right\"><\/h6><\/div><\/div><\/div><\/div><\/a>[\/vc_column][vc_column width=&#8221;1\/3&#8243;]<a href=\"https:\/\/www.tekislastik.com\/products\/tape\/collar-strap\/\" class=\" fly\"><div class=\"card   vc_custom_1721992909938  rounded-lg  overflow-hidden shadow-sm shadow-hover fly-sm  animate-in \" data-anim-delay=\"300\" data-anim-type=\"fade-in-up\"><img decoding=\"async\" src=\"https:\/\/www.tekislastik.com\/wp-content\/plugins\/pixfort-core\/functions\/images\/loading.webp\" data-srcset=\"https:\/\/www.tekislastik.com\/wp-content\/uploads\/2021\/12\/collar-300x265.jpg 300w, https:\/\/www.tekislastik.com\/wp-content\/uploads\/2021\/12\/collar-600x530.jpg 600w, https:\/\/www.tekislastik.com\/wp-content\/uploads\/2021\/12\/collar-1024x905.jpg 1024w, https:\/\/www.tekislastik.com\/wp-content\/uploads\/2021\/12\/collar-768x678.jpg 768w, https:\/\/www.tekislastik.com\/wp-content\/uploads\/2021\/12\/collar.jpg 1200w\" data-src=\"https:\/\/www.tekislastik.com\/wp-content\/uploads\/2021\/12\/collar.jpg\" class=\"pix-lazy\" loading=\"lazy\" alt=\"Kolon\" title=\"\"><div class=\"pix-card-content\"><div class=\"card-body\"><div class=\"d-flex justify-content-between align-items-center font-weight-bold text-heading-default\"><h6 style=\"\" class=\"card-title mb-0 font-weight-bold text-heading-default\">Kolon<\/h6><h6 style=\"\" class=\"font-weight-bold text-heading-default pixicon-angle-right\"><\/h6><\/div><\/div><\/div><\/div><\/a>[\/vc_column][\/vc_row][vc_row pix_particles_check=&#8221;&#8221;][vc_column width=&#8221;1\/2&#8243;]<a href=\"https:\/\/www.tekislastik.com\/products\/bias-binding\/\" class=\" fly\"><div class=\"card   vc_custom_1721992923453  rounded-lg  overflow-hidden shadow-sm shadow-hover fly-sm  animate-in \" data-anim-delay=\"100\" data-anim-type=\"fade-in-up\"><img decoding=\"async\" src=\"https:\/\/www.tekislastik.com\/wp-content\/plugins\/pixfort-core\/functions\/images\/loading.webp\" data-srcset=\"https:\/\/www.tekislastik.com\/wp-content\/uploads\/2021\/12\/biass-300x205.png 300w, https:\/\/www.tekislastik.com\/wp-content\/uploads\/2021\/12\/biass-600x410.png 600w, https:\/\/www.tekislastik.com\/wp-content\/uploads\/2021\/12\/biass-1024x700.png 1024w, https:\/\/www.tekislastik.com\/wp-content\/uploads\/2021\/12\/biass-768x525.png 768w, https:\/\/www.tekislastik.com\/wp-content\/uploads\/2021\/12\/biass.png 1200w\" data-src=\"https:\/\/www.tekislastik.com\/wp-content\/uploads\/2021\/12\/biass.png\" class=\"pix-lazy\" loading=\"lazy\" alt=\"Biye\" title=\"\"><div class=\"pix-card-content\"><div class=\"card-body\"><div class=\"d-flex justify-content-between align-items-center font-weight-bold text-heading-default\"><h6 style=\"\" class=\"card-title mb-0 font-weight-bold text-heading-default\">Biye<\/h6><h6 style=\"\" class=\"font-weight-bold text-heading-default pixicon-angle-right\"><\/h6><\/div><\/div><\/div><\/div><\/a>[\/vc_column][vc_column width=&#8221;1\/2&#8243; content_align=&#8221;text-center&#8221;]<a href=\"https:\/\/www.tekislastik.com\/products\/cord\/\" class=\" fly\"><div class=\"card   vc_custom_1721992934525  rounded-lg  overflow-hidden shadow-sm shadow-hover fly-sm  animate-in \" data-anim-delay=\"200\" data-anim-type=\"fade-in-up\"><img decoding=\"async\" src=\"https:\/\/www.tekislastik.com\/wp-content\/plugins\/pixfort-core\/functions\/images\/loading.webp\" data-srcset=\"https:\/\/www.tekislastik.com\/wp-content\/uploads\/2021\/12\/cordss-300x200.png 300w, https:\/\/www.tekislastik.com\/wp-content\/uploads\/2021\/12\/cordss-600x400.png 600w, https:\/\/www.tekislastik.com\/wp-content\/uploads\/2021\/12\/cordss-1024x683.png 1024w, https:\/\/www.tekislastik.com\/wp-content\/uploads\/2021\/12\/cordss-768x512.png 768w, https:\/\/www.tekislastik.com\/wp-content\/uploads\/2021\/12\/cordss.png 1200w\" data-src=\"https:\/\/www.tekislastik.com\/wp-content\/uploads\/2021\/12\/cordss.png\" class=\"pix-lazy\" loading=\"lazy\" alt=\"Kordon\" title=\"\"><div class=\"pix-card-content\"><div class=\"card-body\"><div class=\"d-flex justify-content-between align-items-center font-weight-bold text-heading-default\"><h6 style=\"\" class=\"card-title mb-0 font-weight-bold text-heading-default\">Kordon<\/h6><h6 style=\"\" class=\"font-weight-bold text-heading-default pixicon-angle-right\"><\/h6><\/div><\/div><\/div><\/div><\/a>[\/vc_column][\/vc_row][\/vc_section]","protected":false},"excerpt":{"rendered":"[vc_section full_width=&#8221;stretch_row&#8221; pix_over_visibility=&#8221;&#8221; bottom_divider_select=&#8221;8&#8243; b_has_animation=&#8221;true&#8221; b_2_color=&#8221;rgba(255,255,255,0.01)&#8221; b_3_is_gradient=&#8221;true&#8221; b_3_color=&#8221;rgba(0,0,0,0.08)&#8221; b_3_color_2=&#8221;rgba(255,255,255,0.01)&#8221; b_3_animation=&#8221;fade-in-up&#8221; t_flip_h=&#8221;true&#8221; pix_overlay_color=&#8221;primary-light&#8221; responsive_css=&#8221;{&#8220;pix_res_sm_pt&#8220;:&#8220;20&#8220;,&#8220;pix_res_sm_pb&#8220;:&#8220;20&#8220;,&#8220;pix_res_md_pt&#8220;:&#8220;40&#8220;,&#8220;pix_res_md_pb&#8220;:&#8220;40&#8220;}&#8221; css=&#8221;.vc_custom_1613527161475{padding-top: 110px !important;padding-bottom: 110px !important;}&#8221; t_custom_height=&#8221;200px&#8221; b_custom_height=&#8221;300px&#8221; pix_overlay_opacity=&#8221;1&#8243; b_3_delay=&#8221;300&#8243;][vc_row full_width=&#8221;stretch_row&#8221; content_placement=&#8221;top&#8221; pix_particles_check=&#8221;&#8221; responsive_css=&#8221;{&#8220;pix_res_sm_pt&#8220;:&#8220;40&#8220;,&#8220;pix_res_sm_pb&#8220;:&#8220;40&#8220;,&#8220;pix_res_md_pt&#8220;:&#8220;40&#8220;,&#8220;pix_res_md_pb&#8220;:&#8220;40&#8220;}&#8221;][vc_column width=&#8221;1\/2&#8243; css=&#8221;.vc_custom_1604715604745{padding-top: 20px !important;padding-bottom: 20px !important;}&#8221;][vc_column_text el_class=&#8221;text-darking&#8221;] Spor ve Outdoor Sekt\u00f6r\u00fc [\/vc_column_text][vc_column_text el_class=&#8221;text-darking&#8221;]Spor ve&#8230;","protected":false},"author":1,"featured_media":63652,"parent":0,"menu_order":0,"comment_status":"closed","ping_status":"closed","template":"","meta":{"footnotes":""},"class_list":["post-63533","page","type-page","status-publish","has-post-thumbnail","hentry"],"_links":{"self":[{"href":"https:\/\/www.tekislastik.com\/tr\/wp-json\/wp\/v2\/pages\/63533","targetHints":{"allow":["GET"]}}],"collection":[{"href":"https:\/\/www.tekislastik.com\/tr\/wp-json\/wp\/v2\/pages"}],"about":[{"href":"https:\/\/www.tekislastik.com\/tr\/wp-json\/wp\/v2\/types\/page"}],"author":[{"embeddable":true,"href":"https:\/\/www.tekislastik.com\/tr\/wp-json\/wp\/v2\/users\/1"}],"replies":[{"embeddable":true,"href":"https:\/\/www.tekislastik.com\/tr\/wp-json\/wp\/v2\/comments?post=63533"}],"version-history":[{"count":8,"href":"https:\/\/www.tekislastik.com\/tr\/wp-json\/wp\/v2\/pages\/63533\/revisions"}],"predecessor-version":[{"id":79137,"href":"https:\/\/www.tekislastik.com\/tr\/wp-json\/wp\/v2\/pages\/63533\/revisions\/79137"}],"wp:featuredmedia":[{"embeddable":true,"href":"https:\/\/www.tekislastik.com\/tr\/wp-json\/wp\/v2\/media\/63652"}],"wp:attachment":[{"href":"https:\/\/www.tekislastik.com\/tr\/wp-json\/wp\/v2\/media?parent=63533"}],"curies":[{"name":"wp","href":"https:\/\/api.w.org\/{rel}","templated":true}]}}