{"id":55666,"date":"2023-02-10T14:34:17","date_gmt":"2023-02-10T14:34:17","guid":{"rendered":"https:\/\/www.tekislastik.com\/?page_id=55666"},"modified":"2026-03-11T13:26:27","modified_gmt":"2026-03-11T10:26:27","slug":"katlanir-lastik-nedir","status":"publish","type":"page","link":"https:\/\/www.tekislastik.com\/tr\/katlanir-lastik-nedir\/","title":{"rendered":"Katlan\u0131r lastik nedir?"},"content":{"rendered":"[vc_row pix_particles_check=&#8221;&#8221;][vc_column][vc_column_text]\r\n<h2 style=\"text-align: center;\"><strong>Katlan\u0131r Lastik Nedir?<\/strong><\/h2>\r\n[\/vc_column_text][\/vc_column][\/vc_row][vc_row pix_particles_check=&#8221;&#8221;][vc_column width=&#8221;1\/2&#8243;][vc_column_text el_class=&#8221;text-darking&#8221;]<a href=\"https:\/\/www.tekislastik.com\/tr\/urunler\/lastik\/dokuma-lastik\/katlanir-lastik\/\"><strong>Katlan\u0131r lastik<\/strong>,<\/a> daha geni\u015f bir bant olu\u015fturmak i\u00e7in kendi \u00fczerine katlanan bir t\u00fcr lastik malzemedir. Katlan\u0131r tasar\u0131m, tek katmanl\u0131 elasti\u011fe k\u0131yasla ekstra stabilite ve konfor sa\u011flar ve ayr\u0131ca cilt \u00fczerindeki bas\u0131n\u00e7 noktalar\u0131n\u0131 azaltabilir. Bu \u00f6zellikleri ile katlan\u0131r lastik, bir\u00e7ok farkl\u0131 kullan\u0131m alan\u0131nda tercih edilmektedir.[\/vc_column_text]<div  class=\"pix-heading-el text-left  vc_custom_1676041314379\"><div><div class=\"slide-in-container\"><h2 class=\"text-dark-opacity-7 font-weight-bold heading-text el-title_custom_color mb-12\" style=\"\" data-anim-type=\"\" data-anim-delay=\"0\">Katlan\u0131r lastik neyden yap\u0131l\u0131r?<\/h2><\/div><\/div><\/div>[vc_column_text el_class=&#8221;text-darking&#8221;]FOE olarak da bilinen katlan\u0131r lastik, tipik olarak naylon, spandeks ve polyester gibi lastik malzemelerin bir kar\u0131\u015f\u0131m\u0131ndan yap\u0131l\u0131r. FOE&#8217;nin tam bile\u015fimi, \u00fcreticiye ve lasti\u011fin kullan\u0131m amac\u0131na ba\u011fl\u0131 olarak de\u011fi\u015febilir. Bu malzemeler, lasti\u011fin esnekli\u011fini ve dayan\u0131kl\u0131l\u0131\u011f\u0131n\u0131 art\u0131r\u0131r.[\/vc_column_text][\/vc_column][vc_column width=&#8221;1\/2&#8243;]<div class=\"d-inline-block \" style=\"width:80%;\"><div class=\"pix-img-el    text-left d-inline-block  w-100 rounded-0\"  ><img loading=\"lazy\" decoding=\"async\" class=\"card-img2 pix-img-elem rounded-0  h-1002\" style=\"width:80%;height:auto;\" width=\"2000\" height=\"2000\" srcset=\"https:\/\/www.tekislastik.com\/wp-content\/uploads\/2023\/02\/folded_elastic_1.webp 2000w, https:\/\/www.tekislastik.com\/wp-content\/uploads\/2023\/02\/folded_elastic_1-300x300.webp 300w, https:\/\/www.tekislastik.com\/wp-content\/uploads\/2023\/02\/folded_elastic_1-1024x1024.webp 1024w, https:\/\/www.tekislastik.com\/wp-content\/uploads\/2023\/02\/folded_elastic_1-150x150.webp 150w, https:\/\/www.tekislastik.com\/wp-content\/uploads\/2023\/02\/folded_elastic_1-768x768.webp 768w, https:\/\/www.tekislastik.com\/wp-content\/uploads\/2023\/02\/folded_elastic_1-1536x1536.webp 1536w, https:\/\/www.tekislastik.com\/wp-content\/uploads\/2023\/02\/folded_elastic_1-400x400.webp 400w, https:\/\/www.tekislastik.com\/wp-content\/uploads\/2023\/02\/folded_elastic_1-75x75.webp 75w, https:\/\/www.tekislastik.com\/wp-content\/uploads\/2023\/02\/folded_elastic_1-460x460.webp 460w, https:\/\/www.tekislastik.com\/wp-content\/uploads\/2023\/02\/folded_elastic_1-16x16.webp 16w, https:\/\/www.tekislastik.com\/wp-content\/uploads\/2023\/02\/folded_elastic_1-600x600.webp 600w, https:\/\/www.tekislastik.com\/wp-content\/uploads\/2023\/02\/folded_elastic_1-100x100.webp 100w, https:\/\/www.tekislastik.com\/wp-content\/uploads\/2023\/02\/folded_elastic_1-50x50.webp 50w\" sizes=\"auto, (max-width: 2000px) 100vw, 2000px\" src=\"https:\/\/www.tekislastik.com\/wp-content\/uploads\/2023\/02\/folded_elastic_1.webp\" alt=\"\" title=\"\"><\/div><\/div>[\/vc_column][\/vc_row][vc_row pix_particles_check=&#8221;&#8221;][vc_column width=&#8221;1\/2&#8243;]<div class=\"d-inline-block \" style=\"width:90%;\"><div class=\"pix-img-el  vc_custom_1676040820633   text-left d-inline-block  w-100 rounded-0\"  ><img loading=\"lazy\" decoding=\"async\" class=\"card-img2 pix-img-elem rounded-0  h-1002\" style=\"width:90%;height:auto;\" width=\"2000\" height=\"2000\" srcset=\"https:\/\/www.tekislastik.com\/wp-content\/uploads\/2023\/02\/folded_elastic_2.webp 2000w, https:\/\/www.tekislastik.com\/wp-content\/uploads\/2023\/02\/folded_elastic_2-300x300.webp 300w, https:\/\/www.tekislastik.com\/wp-content\/uploads\/2023\/02\/folded_elastic_2-1024x1024.webp 1024w, https:\/\/www.tekislastik.com\/wp-content\/uploads\/2023\/02\/folded_elastic_2-150x150.webp 150w, https:\/\/www.tekislastik.com\/wp-content\/uploads\/2023\/02\/folded_elastic_2-768x768.webp 768w, https:\/\/www.tekislastik.com\/wp-content\/uploads\/2023\/02\/folded_elastic_2-1536x1536.webp 1536w, https:\/\/www.tekislastik.com\/wp-content\/uploads\/2023\/02\/folded_elastic_2-400x400.webp 400w, https:\/\/www.tekislastik.com\/wp-content\/uploads\/2023\/02\/folded_elastic_2-75x75.webp 75w, https:\/\/www.tekislastik.com\/wp-content\/uploads\/2023\/02\/folded_elastic_2-460x460.webp 460w, https:\/\/www.tekislastik.com\/wp-content\/uploads\/2023\/02\/folded_elastic_2-16x16.webp 16w, https:\/\/www.tekislastik.com\/wp-content\/uploads\/2023\/02\/folded_elastic_2-600x600.webp 600w, https:\/\/www.tekislastik.com\/wp-content\/uploads\/2023\/02\/folded_elastic_2-100x100.webp 100w, https:\/\/www.tekislastik.com\/wp-content\/uploads\/2023\/02\/folded_elastic_2-50x50.webp 50w\" sizes=\"auto, (max-width: 2000px) 100vw, 2000px\" src=\"https:\/\/www.tekislastik.com\/wp-content\/uploads\/2023\/02\/folded_elastic_2.webp\" alt=\"\" title=\"\"><\/div><\/div>[\/vc_column][vc_column width=&#8221;1\/2&#8243;]<div  class=\"pix-heading-el text-left  vc_custom_1676041356306\"><div><div class=\"slide-in-container\"><h2 class=\"text-dark-opacity-7 font-weight-bold heading-text el-title_custom_color mb-12\" style=\"\" data-anim-type=\"\" data-anim-delay=\"0\">Katlan\u0131r lastik ne i\u00e7in kullan\u0131l\u0131r?<\/h2><\/div><\/div><\/div>[vc_column_text el_class=&#8221;text-darking&#8221;]Katlanabilir lastik, \u00e7e\u015fitli el i\u015fi ve diki\u015f projelerinde kullan\u0131lan bir lastik malzeme t\u00fcr\u00fcd\u00fcr. Genellikle sa\u00e7 bantlar\u0131, sa\u00e7 ba\u011flar\u0131, bileklikler ve di\u011fer aksesuarlar\u0131 yapmak i\u00e7in kullan\u0131l\u0131r. K\u0131vr\u0131ml\u0131 lastik ayn\u0131 zamanda bez \u00e7ocuk bezlerinin, i\u00e7 \u00e7ama\u015f\u0131rlar\u0131n\u0131n ve giysilerin kenarlar\u0131n\u0131 bitirmek i\u00e7in de kullan\u0131l\u0131r, temiz, bitmi\u015f bir g\u00f6r\u00fcn\u00fcm sa\u011flarken ayn\u0131 zamanda bir miktar esneme ve esneklik sunar. Bu nedenle, katlan\u0131r lastik, geni\u015f bir kullan\u0131m yelpazesine sahiptir.\r\n\r\nK\u0131vr\u0131ml\u0131 lasti\u011fin parlak, p\u00fcr\u00fczs\u00fcz bir taraf\u0131 ve mat, p\u00fcr\u00fczl\u00fc bir taraf\u0131 vard\u0131r. Parlak taraf genellikle g\u00f6r\u00fcn\u00fcr veya dekoratif taraf olarak kullan\u0131l\u0131rken, p\u00fcr\u00fczl\u00fc taraf genellikle rahatl\u0131k i\u00e7in cilde yerle\u015ftirilir.\r\n\r\nModa ve aksesuarlardaki kullan\u0131m\u0131n\u0131n yan\u0131 s\u0131ra, pilili lastik, renk veya doku patlamas\u0131 eklemek i\u00e7in scrapbooking ve kart yap\u0131m\u0131 gibi di\u011fer yarat\u0131c\u0131 projelerde de kullan\u0131labilir. \u00c7e\u015fitli renk ve desenlerde yayg\u0131n olarak bulunmas\u0131, onu \u00e7e\u015fitli uygulamalar i\u00e7in \u00e7ok y\u00f6nl\u00fc ve pop\u00fcler bir malzeme haline getirmektedir.[\/vc_column_text][\/vc_column][\/vc_row][vc_row pix_particles_check=&#8221;&#8221;][vc_column]<div  class=\"pix-heading-el text-left  vc_custom_1676041385286\"><div><div class=\"slide-in-container\"><h2 class=\"text-dark-opacity-7 font-weight-bold heading-text el-title_custom_color mb-12\" style=\"\" data-anim-type=\"\" data-anim-delay=\"0\">Katlan\u0131r lastik kullan\u0131rken nelere dikkat edilmelidir?<\/h2><\/div><\/div><\/div>[vc_column_text el_class=&#8221;text-darking&#8221;]Projelerinizde katlan\u0131r lastik kullan\u0131rken, nihai \u00fcr\u00fcn\u00fcn y\u00fcksek kaliteli, i\u015flevsel ve estetik a\u00e7\u0131dan ho\u015f olmas\u0131n\u0131 sa\u011flamak i\u00e7in g\u00f6z \u00f6n\u00fcnde bulundurman\u0131z gereken birka\u00e7 fakt\u00f6r vard\u0131r. Bu fakt\u00f6rlerden baz\u0131lar\u0131 \u015funlard\u0131r:\r\n\r\nEsneklik: Lastik \u00fczerindeki k\u0131vr\u0131m\u0131n esnemesi dikkate al\u0131nmas\u0131 gereken \u00f6nemli bir fakt\u00f6rd\u00fcr. Projeniz i\u00e7in uygun esneklik seviyesine sahip bir katlan\u0131r lastik se\u00e7ti\u011finizden emin olun ve \u00fcretim s\u00fcrecinde meydana gelebilecek herhangi bir b\u00fcz\u00fclmeyi g\u00f6z \u00f6n\u00fcnde bulundurun.\r\n\r\nDayan\u0131kl\u0131l\u0131k: Katlan\u0131r lastik dayan\u0131kl\u0131 olacak \u015fekilde tasarlanm\u0131\u015ft\u0131r, ancak do\u011fru katlan\u0131r\u0131 se\u00e7erken projenizin kullan\u0131m amac\u0131n\u0131 g\u00f6z \u00f6n\u00fcnde bulundurman\u0131z \u00f6nemlidir. \u00d6rne\u011fin, yo\u011fun kullan\u0131m g\u00f6recek bir kafa band\u0131 yap\u0131yorsan\u0131z, daha kal\u0131n ve daha dayan\u0131kl\u0131 bir katlan\u0131r t\u00fcr\u00fc se\u00e7mek isteyebilirsiniz.\r\n\r\nRenk ve Desen: Katlan\u0131r lastik , projeniz i\u00e7in m\u00fckemmel g\u00f6r\u00fcn\u00fcm\u00fc se\u00e7menize olanak tan\u0131yan \u00e7ok \u00e7e\u015fitli renk ve desenlerde gelir. Katlan\u0131r lasti\u011fi se\u00e7erken, projenizin genel renk \u015femas\u0131n\u0131 ve dahil etmek istedi\u011finiz belirli tasar\u0131m \u00f6\u011felerini g\u00f6z \u00f6n\u00fcnde bulundurun.\r\n\r\nGeni\u015flik: Katlan\u0131r lastik \u00e7e\u015fitli geni\u015fliklerde gelir ve se\u00e7ti\u011finiz geni\u015flik projenizin genel g\u00f6r\u00fcn\u00fcm\u00fcn\u00fc etkileyecektir. Katlan\u0131r lasti\u011fin kullan\u0131m amac\u0131n\u0131 ve projenizde kulland\u0131\u011f\u0131n\u0131z di\u011fer malzemelerin geni\u015fli\u011fini g\u00f6z \u00f6n\u00fcnde bulundurun.\r\n\r\nG\u00fcvenlik: \u00c7ocuklara y\u00f6nelik projelerde Katlan\u0131r lastik kullan\u0131rken, k\u00fc\u00e7\u00fck par\u00e7alar\u0131n bo\u011fulma riski gibi g\u00fcvenlik hususlar\u0131n\u0131 dikkate almak \u00f6nemlidir. \u0130lgili g\u00fcvenlik kurallar\u0131na uydu\u011funuzdan emin olun ve daha fazla g\u00fcvenlik i\u00e7in Katlan\u0131r lasti\u011fi daha geni\u015f veya daha kal\u0131n bir malzeme ile kullanmay\u0131 d\u00fc\u015f\u00fcn\u00fcn.\r\n\r\nBu fakt\u00f6rleri g\u00f6z \u00f6n\u00fcnde bulundurarak, projeniz i\u00e7in do\u011fru kavisli lasti\u011fi se\u00e7ti\u011finizden ve y\u00fcksek kaliteli, i\u015flevsel ve estetik a\u00e7\u0131dan ho\u015f bir nihai \u00fcr\u00fcn olu\u015fturdu\u011funuzdan emin olabilirsiniz.[\/vc_column_text]<div  class=\"pix-heading-el text-left  vc_custom_1676041459922\"><div><div class=\"slide-in-container\"><h2 class=\"text-dark-opacity-7 font-weight-bold heading-text el-title_custom_color mb-12\" style=\"\" data-anim-type=\"\" data-anim-delay=\"0\">Teki\u015f Lastik Katlan\u0131r Lastik \u00dcreticisi mi?<\/h2><\/div><\/div><\/div>[vc_column_text el_class=&#8221;text-darking&#8221;]Evet, Teki\u015f Lastik g\u00fcvenilir ve deneyimli bir katlanm\u0131\u015f lastik ve di\u011fer <strong><a href=\"https:\/\/www.tekislastik.com\/tr\/urunler\/dar-dokuma-kolon-serit\/\">dar dokuma<\/a><\/strong> \u00fcr\u00fcnleri \u00fcreticisidir. \u015eirket, y\u0131llar i\u00e7inde y\u00fcksek kaliteli \u00fcr\u00fcnler ve ola\u011fan\u00fcst\u00fc m\u00fc\u015fteri hizmetleri sa\u011flama konusunda itibar kazanm\u0131\u015f, bu da onu g\u00fcvenilir ve sorumlu tedarik\u00e7iler i\u00e7in tercih edilen bir se\u00e7enek haline getirmi\u015ftir. Teki\u015f Lastik&#8217;in \u00fcr\u00fcnleri, kalite ve g\u00fcvenilirlik a\u00e7\u0131s\u0131ndan \u00fcst\u00fcn niteliklere sahiptir.\r\n\r\n<a href=\"https:\/\/www.habbyaccessories.com.tr\/\" target=\"_blank\" rel=\"noopener\">Teki\u015f Lastik,<\/a> birinci s\u0131n\u0131f <strong><a href=\"https:\/\/www.tekislastik.com\/tr\/urunler\/lastik\/dokuma-lastik\/katlanir-lastik\/\">katlan\u0131r lastikler<\/a><\/strong> \u00fcretmeye odaklanman\u0131n yan\u0131 s\u0131ra sosyal sorumluluk ve<strong> <a href=\"https:\/\/www.tekislastik.com\/tr\/surdurulebilirlik\/\">s\u00fcrd\u00fcr\u00fclebilirli\u011fe<\/a> <\/strong>de b\u00fcy\u00fck \u00f6nem vermektedir. \u015eirket, \u00e7evreye duyarl\u0131 bir yakla\u015f\u0131mla faaliyet g\u00f6stermekte ve m\u00fc\u015fteri memnuniyetini sa\u011flamak ve kalite standartlar\u0131n\u0131 y\u00fcksek tutmak i\u00e7in \u00f6nlemler almaktad\u0131r. Bu sayede, Teki\u015f Lastik&#8217;in \u00fcr\u00fcnleri \u00e7evre dostu ve s\u00fcrd\u00fcr\u00fclebilirdir.[\/vc_column_text][\/vc_column][\/vc_row]","protected":false},"excerpt":{"rendered":"[vc_row pix_particles_check=&#8221;&#8221;][vc_column][vc_column_text] Katlan\u0131r Lastik Nedir? [\/vc_column_text][\/vc_column][\/vc_row][vc_row pix_particles_check=&#8221;&#8221;][vc_column width=&#8221;1\/2&#8243;][vc_column_text el_class=&#8221;text-darking&#8221;]Katlan\u0131r lastik, daha geni\u015f bir bant olu\u015fturmak i\u00e7in kendi \u00fczerine katlanan bir t\u00fcr lastik malzemedir. Katlan\u0131r tasar\u0131m, tek katmanl\u0131 elasti\u011fe k\u0131yasla ekstra stabilite ve konfor sa\u011flar ve ayr\u0131ca cilt \u00fczerindeki bas\u0131n\u00e7 noktalar\u0131n\u0131&#8230;","protected":false},"author":1,"featured_media":55673,"parent":0,"menu_order":0,"comment_status":"closed","ping_status":"closed","template":"","meta":{"footnotes":""},"class_list":["post-55666","page","type-page","status-publish","has-post-thumbnail","hentry"],"_links":{"self":[{"href":"https:\/\/www.tekislastik.com\/tr\/wp-json\/wp\/v2\/pages\/55666","targetHints":{"allow":["GET"]}}],"collection":[{"href":"https:\/\/www.tekislastik.com\/tr\/wp-json\/wp\/v2\/pages"}],"about":[{"href":"https:\/\/www.tekislastik.com\/tr\/wp-json\/wp\/v2\/types\/page"}],"author":[{"embeddable":true,"href":"https:\/\/www.tekislastik.com\/tr\/wp-json\/wp\/v2\/users\/1"}],"replies":[{"embeddable":true,"href":"https:\/\/www.tekislastik.com\/tr\/wp-json\/wp\/v2\/comments?post=55666"}],"version-history":[{"count":3,"href":"https:\/\/www.tekislastik.com\/tr\/wp-json\/wp\/v2\/pages\/55666\/revisions"}],"predecessor-version":[{"id":79191,"href":"https:\/\/www.tekislastik.com\/tr\/wp-json\/wp\/v2\/pages\/55666\/revisions\/79191"}],"wp:featuredmedia":[{"embeddable":true,"href":"https:\/\/www.tekislastik.com\/tr\/wp-json\/wp\/v2\/media\/55673"}],"wp:attachment":[{"href":"https:\/\/www.tekislastik.com\/tr\/wp-json\/wp\/v2\/media?parent=55666"}],"curies":[{"name":"wp","href":"https:\/\/api.w.org\/{rel}","templated":true}]}}