{"id":55574,"date":"2023-02-09T15:12:18","date_gmt":"2023-02-09T15:12:18","guid":{"rendered":"https:\/\/www.tekislastik.com\/?page_id=55574"},"modified":"2026-03-11T12:35:14","modified_gmt":"2026-03-11T09:35:14","slug":"orme-lastik-nedir","status":"publish","type":"page","link":"https:\/\/www.tekislastik.com\/tr\/orme-lastik-nedir\/","title":{"rendered":"\u00d6rme Lastik Nedir?"},"content":{"rendered":"[vc_row pix_particles_check=&#8221;&#8221;][vc_column][vc_column_text el_class=&#8221;text-darking&#8221;]\r\n<h1 style=\"text-align: center;\">\u00d6rme Lastik Nedir?<\/h1>\r\n\u00d6rme lastik, sentetik veya do\u011fal ipliklerin ilmeklerinin birbirine ge\u00e7mesiyle yap\u0131lan bir t\u00fcr lastik malzemedir. Malzeme esnekli\u011fi, dayan\u0131kl\u0131l\u0131\u011f\u0131 ve orijinal \u015feklini esnetme ve geri kazanma yetene\u011fi ile bilinir.\r\n\r\n\u00d6rme lastik genellikle dokuma lastikten daha yumu\u015fak ve rahatt\u0131r, bu da onu giyim ve i\u00e7 giyim i\u00e7in ideal hale getirir. \u00d6rme elasti\u011fin kesilmesi ve dikilmesi de kolayd\u0131r, bu da onu \u00fcreticiler i\u00e7in pop\u00fcler bir se\u00e7im haline getirir.[\/vc_column_text][\/vc_column][\/vc_row][vc_row pix_particles_check=&#8221;&#8221;][vc_column][vc_column_text el_class=&#8221;text-darking&#8221;]\r\n<h2>\u00d6rme Lastik Nedir? <strong>\u00d6rme Lastik Nelerden Yap\u0131l\u0131r?<\/strong><\/h2>\r\n\u00d6rme Lastik Nedir? \u00d6rme Lastik Nelerden Yap\u0131l\u0131r?\r\n\r\n\u00d6rme lastik tipik olarak spandeks, naylon, polyester, kau\u00e7uk gibi sentetik veya do\u011fal ipliklerden veya bu malzemelerin bir kombinasyonundan yap\u0131l\u0131r. Lastik malzemenin spesifik bile\u015fimi, esneme, toparlanma ve dayan\u0131kl\u0131l\u0131k gibi istenen \u00f6zelliklere ba\u011fl\u0131 olarak de\u011fi\u015febilir. \u00d6rne\u011fin, y\u00fcksek spandeks i\u00e7eri\u011fi daha lastik bir malzemeyle sonu\u00e7lan\u0131rken, naylon veya kau\u00e7uk ilavesi dayan\u0131kl\u0131l\u0131\u011f\u0131 art\u0131rabilir. Baz\u0131 \u00f6rme lastikler de daha yumu\u015fak, daha rahat bir his sa\u011flamak i\u00e7in pamuk veya y\u00fcn gibi do\u011fal ipliklerin bir kar\u0131\u015f\u0131m\u0131yla yap\u0131l\u0131r[\/vc_column_text]<div class=\"\"><div id=\"pix-slider-173403069\" class=\"pix-main-slider pix-fix-x2  pix-style-standard pix-effect-standard   pix-slider-3 pix-slider-dots  \" data-flickity='{\"autoPlay\":false,\"freeScroll\":false,\"prevNextButtons\":true,\"wrapAround\":true,\"pageDots\":true,\"adaptiveHeight\":true,\"rightToLeft\":false,\"cellAlign\":\"center\",\"contain\":true,\"slider_effect\":\"pix-effect-standard\",\"pix_id\":\"#pix-slider-173403069\"}'><div class=\"carousel-cell\"><div class=\"slide-inner pix-p-10\"><div class=\"pix-slider-effects\"><div class=\"text-left w-100 d-inline-block rounded-0\"  ><img loading=\"lazy\" decoding=\"async\" class=\"card-img rounded-0 h-100\" width=\"1600\" height=\"1066\" srcset=\"https:\/\/www.tekislastik.com\/wp-content\/uploads\/2023\/02\/what_is_knitted_elastic_1-300x200.jpeg 300w, https:\/\/www.tekislastik.com\/wp-content\/uploads\/2023\/02\/what_is_knitted_elastic_1-1024x682.jpeg 1024w, https:\/\/www.tekislastik.com\/wp-content\/uploads\/2023\/02\/what_is_knitted_elastic_1-768x512.jpeg 768w, https:\/\/www.tekislastik.com\/wp-content\/uploads\/2023\/02\/what_is_knitted_elastic_1-1536x1023.jpeg 1536w, https:\/\/www.tekislastik.com\/wp-content\/uploads\/2023\/02\/what_is_knitted_elastic_1-600x400.jpeg 600w, https:\/\/www.tekislastik.com\/wp-content\/uploads\/2023\/02\/what_is_knitted_elastic_1.jpeg 1600w\" sizes=\"auto, (max-width: 1600px) 100vw, 1600px\" src=\"https:\/\/www.tekislastik.com\/wp-content\/uploads\/2023\/02\/what_is_knitted_elastic_1.jpeg\" alt=\"\" style=\"\" title=\"\"><\/div><\/div><\/div><\/div><div class=\"carousel-cell\"><div class=\"slide-inner pix-p-10\"><div class=\"pix-slider-effects\"><div class=\"text-left w-100 d-inline-block rounded-0\"  ><img loading=\"lazy\" decoding=\"async\" class=\"card-img rounded-0 h-100\" width=\"1600\" height=\"1066\" srcset=\"https:\/\/www.tekislastik.com\/wp-content\/uploads\/2023\/02\/what_is_knitted_elastic-1-300x200.jpeg 300w, https:\/\/www.tekislastik.com\/wp-content\/uploads\/2023\/02\/what_is_knitted_elastic-1-1024x682.jpeg 1024w, https:\/\/www.tekislastik.com\/wp-content\/uploads\/2023\/02\/what_is_knitted_elastic-1-768x512.jpeg 768w, https:\/\/www.tekislastik.com\/wp-content\/uploads\/2023\/02\/what_is_knitted_elastic-1-1536x1023.jpeg 1536w, https:\/\/www.tekislastik.com\/wp-content\/uploads\/2023\/02\/what_is_knitted_elastic-1-600x400.jpeg 600w, https:\/\/www.tekislastik.com\/wp-content\/uploads\/2023\/02\/what_is_knitted_elastic-1.jpeg 1600w\" sizes=\"auto, (max-width: 1600px) 100vw, 1600px\" src=\"https:\/\/www.tekislastik.com\/wp-content\/uploads\/2023\/02\/what_is_knitted_elastic-1.jpeg\" alt=\"\" style=\"\" title=\"\"><\/div><\/div><\/div><\/div><div class=\"carousel-cell\"><div class=\"slide-inner pix-p-10\"><div class=\"pix-slider-effects\"><div class=\"text-left w-100 d-inline-block rounded-0\"  ><img loading=\"lazy\" decoding=\"async\" class=\"card-img rounded-0 h-100\" width=\"1600\" height=\"968\" srcset=\"https:\/\/www.tekislastik.com\/wp-content\/uploads\/2023\/02\/what_is_knitted_elastic_2-300x182.jpeg 300w, https:\/\/www.tekislastik.com\/wp-content\/uploads\/2023\/02\/what_is_knitted_elastic_2-1024x620.jpeg 1024w, https:\/\/www.tekislastik.com\/wp-content\/uploads\/2023\/02\/what_is_knitted_elastic_2-768x465.jpeg 768w, https:\/\/www.tekislastik.com\/wp-content\/uploads\/2023\/02\/what_is_knitted_elastic_2-1536x929.jpeg 1536w, https:\/\/www.tekislastik.com\/wp-content\/uploads\/2023\/02\/what_is_knitted_elastic_2-600x363.jpeg 600w, https:\/\/www.tekislastik.com\/wp-content\/uploads\/2023\/02\/what_is_knitted_elastic_2.jpeg 1600w\" sizes=\"auto, (max-width: 1600px) 100vw, 1600px\" src=\"https:\/\/www.tekislastik.com\/wp-content\/uploads\/2023\/02\/what_is_knitted_elastic_2.jpeg\" alt=\"\" style=\"\" title=\"\"><\/div><\/div><\/div><\/div><\/div><\/div>[\/vc_column][\/vc_row][vc_row pix_particles_check=&#8221;&#8221;][vc_column width=&#8221;1\/2&#8243;][vc_column_text el_class=&#8221;text-darking&#8221;]\r\n<h2><strong>\u00d6rme Lastik Ne \u0130\u00e7in Kullan\u0131l\u0131r?<\/strong><\/h2>\r\n\u00d6rme Lastik Nedir? \u00d6rme Lastik Ne \u0130\u00e7in Kullan\u0131l\u0131r? \u00d6rme lastik, gerilebilirli\u011fi ve geri kazan\u0131labilirli\u011fi nedeniyle \u00e7e\u015fitli uygulamalarda yayg\u0131n olarak kullan\u0131lmaktad\u0131r. Baz\u0131 yayg\u0131n kullan\u0131m alanlar\u0131 \u015funlard\u0131r:\r\n<ul>\r\n \t<li><strong>Giyim<\/strong>: \u00d6rme lastik, \u00f6zellikle spor giyim, i\u00e7 \u00e7ama\u015f\u0131r\u0131 ve mayo gibi giysilerde bel bantlar\u0131, bacak bantlar\u0131 ve boyun bantlar\u0131 olarak yayg\u0131n \u015fekilde kullan\u0131l\u0131r.<\/li>\r\n \t<li><strong>Yatak tak\u0131mlar\u0131<\/strong>: \u00c7ar\u015faflarda, yatak \u00f6rt\u00fclerinde ve yast\u0131k k\u0131l\u0131flar\u0131nda tam oturmas\u0131n\u0131 sa\u011flamak ve kaymay\u0131 \u00f6nlemek i\u00e7in kullan\u0131l\u0131r.<\/li>\r\n \t<li><a href=\"https:\/\/www.tekislastik.com\/tr\/ayakkabi-endustrisi\/\"><strong>Ayakkab\u0131lar<\/strong><\/a>: \u00d6rme lastik, \u00f6zellikle atletik aktiviteler i\u00e7in tasarlanm\u0131\u015f ayakkab\u0131larda aya\u011f\u0131 desteklemek ve yerinde tutmak i\u00e7in kullan\u0131l\u0131r.<\/li>\r\n \t<li><strong>Ortopedik \u00fcr\u00fcnler<\/strong>: \u00c7e\u015fitli yaralanmalarda s\u0131k\u0131\u015ft\u0131rma ve destek sa\u011flamak i\u00e7in di\u015f tellerinde, desteklerde ve bandajlarda kullan\u0131l\u0131r.<\/li>\r\n \t<li><strong>El sanatlar\u0131<\/strong>: \u00d6rme lastik, sa\u00e7 ba\u011flar\u0131, sa\u00e7 bantlar\u0131 ve kendin yap k\u0131yafetleri gibi \u00e7e\u015fitli el i\u015fi projelerinde de kullan\u0131l\u0131r.<\/li>\r\n \t<li><strong>Ambalajlama<\/strong>: Ambalajlamada, \u00f6zellikle cam e\u015fyalar gibi k\u0131r\u0131lgan \u00fcr\u00fcnler i\u00e7in \u00fcr\u00fcnleri yerinde sabitlemek i\u00e7in kullan\u0131l\u0131r.<\/li>\r\n \t<li><strong>\u00c7ad\u0131rlar<\/strong>: \u00d6rme lastik, \u00e7ad\u0131r direklerinde ve di\u011fer kamp ekipmanlar\u0131nda gerginlik ve stabilite sa\u011flamak i\u00e7in kullan\u0131l\u0131r.<\/li>\r\n \t<li><strong>\u00c7antalar ve Bavullar<\/strong>: S\u0131rt \u00e7antalar\u0131n\u0131n, spor \u00e7antalar\u0131n\u0131n ve di\u011fer bagaj t\u00fcrlerinin kay\u0131\u015flar\u0131nda ve saplar\u0131nda konfor ve stabilite sa\u011flamak i\u00e7in kullan\u0131l\u0131r.<\/li>\r\n \t<li><strong>Otomotiv<\/strong>: \u00d6rme lastik, araba koltuklar\u0131nda, koltuk k\u0131l\u0131flar\u0131nda ve di\u011fer otomotiv uygulamalar\u0131nda tam bir uyum sa\u011flamak ve konforu art\u0131rmak i\u00e7in kullan\u0131l\u0131r.<\/li>\r\n<\/ul>\r\nBu uygulamalara ek olarak, \u00f6rme lastik, esneklik ve rahatl\u0131k gerektiren \u00e7e\u015fitli di\u011fer \u00fcr\u00fcnlerde de kullan\u0131l\u0131r. \u00c7ok y\u00f6nl\u00fcl\u00fc\u011f\u00fc, dayan\u0131kl\u0131l\u0131\u011f\u0131 ve uygun fiyatl\u0131 olmas\u0131 onu \u00fcreticiler ve t\u00fcketiciler i\u00e7in pop\u00fcler bir se\u00e7im haline getirmektedir.[\/vc_column_text][\/vc_column][vc_column width=&#8221;1\/2&#8243;]<div class=\"d-inline-block \" ><div class=\"pix-img-el  vc_custom_1675955175126   text-left d-inline-block   rounded-0\"  ><img loading=\"lazy\" decoding=\"async\" class=\"card-img2 pix-img-elem rounded-0  h-1002\" style=\"width:5000;max-height:5000;\" width=\"1600\" height=\"1066\" srcset=\"https:\/\/www.tekislastik.com\/wp-content\/uploads\/2023\/02\/what_is_knitted_elastic_5.jpeg 1600w, https:\/\/www.tekislastik.com\/wp-content\/uploads\/2023\/02\/what_is_knitted_elastic_5-300x200.jpeg 300w, https:\/\/www.tekislastik.com\/wp-content\/uploads\/2023\/02\/what_is_knitted_elastic_5-1024x682.jpeg 1024w, https:\/\/www.tekislastik.com\/wp-content\/uploads\/2023\/02\/what_is_knitted_elastic_5-768x512.jpeg 768w, https:\/\/www.tekislastik.com\/wp-content\/uploads\/2023\/02\/what_is_knitted_elastic_5-1536x1023.jpeg 1536w, https:\/\/www.tekislastik.com\/wp-content\/uploads\/2023\/02\/what_is_knitted_elastic_5-600x400.jpeg 600w\" sizes=\"auto, (max-width: 1600px) 100vw, 1600px\" src=\"https:\/\/www.tekislastik.com\/wp-content\/uploads\/2023\/02\/what_is_knitted_elastic_5.jpeg\" alt=\"\" title=\"\"><\/div><\/div><div class=\"d-inline-block \" ><div class=\"pix-img-el  vc_custom_1675955091114   text-left d-inline-block  w-100 rounded-0\"  ><img loading=\"lazy\" decoding=\"async\" class=\"card-img2 pix-img-elem rounded-0  h-1002\" style=\"height:auto;\" width=\"1600\" height=\"1066\" srcset=\"https:\/\/www.tekislastik.com\/wp-content\/uploads\/2023\/02\/what_is_knitted_elastic_4-1.jpeg 1600w, https:\/\/www.tekislastik.com\/wp-content\/uploads\/2023\/02\/what_is_knitted_elastic_4-1-300x200.jpeg 300w, https:\/\/www.tekislastik.com\/wp-content\/uploads\/2023\/02\/what_is_knitted_elastic_4-1-1024x682.jpeg 1024w, https:\/\/www.tekislastik.com\/wp-content\/uploads\/2023\/02\/what_is_knitted_elastic_4-1-768x512.jpeg 768w, https:\/\/www.tekislastik.com\/wp-content\/uploads\/2023\/02\/what_is_knitted_elastic_4-1-1536x1023.jpeg 1536w, https:\/\/www.tekislastik.com\/wp-content\/uploads\/2023\/02\/what_is_knitted_elastic_4-1-600x400.jpeg 600w\" sizes=\"auto, (max-width: 1600px) 100vw, 1600px\" src=\"https:\/\/www.tekislastik.com\/wp-content\/uploads\/2023\/02\/what_is_knitted_elastic_4-1.jpeg\" alt=\"\" title=\"\"><\/div><\/div>[\/vc_column][\/vc_row][vc_row pix_particles_check=&#8221;&#8221;][vc_column][vc_column_text el_class=&#8221;text-darking&#8221;]\r\n<h2><strong>\u00d6rme lastik kullan\u0131rken nelere dikkat edilmelidir?<\/strong><\/h2>\r\n\u00d6rme Lastik Nedir? Kullan\u0131rken Nelere Dikkat Edilmelidir?\r\n<ul>\r\n \t<li><strong>\u00a0Gerilebilirlik<\/strong>: \u00d6rme lastik farkl\u0131 esneklik seviyelerine sahip olabilir, bu nedenle kullan\u0131m amac\u0131 i\u00e7in do\u011fru lastik t\u00fcr\u00fcn\u00fc se\u00e7mek \u00f6nemlidir. \u00d6rne\u011fin, esnek ama ayn\u0131 zamanda destekleyici olmas\u0131 gereken bir bel band\u0131, sadece esnek olmas\u0131 gereken bir sa\u00e7 ba\u011f\u0131ndan farkl\u0131 bir lastik t\u00fcr\u00fc gerektirecektir.<\/li>\r\n \t<li><strong>Toparlanma<\/strong>: \u00d6rme lasti\u011fin gerildikten sonra orijinal \u015feklini geri kazanma kabiliyeti, \u00fcr\u00fcn\u00fcn uzun \u00f6m\u00fcrl\u00fcl\u00fc\u011f\u00fcn\u00fc etkiledi\u011fi i\u00e7in dikkate al\u0131nmas\u0131 \u00f6nemlidir. \u00dcr\u00fcn\u00fcn zaman i\u00e7inde \u015feklini korumas\u0131n\u0131 sa\u011flamak i\u00e7in iyi toparlanma \u00f6zelliklerine sahip lastikler aray\u0131n.<\/li>\r\n \t<li><strong>Dayan\u0131kl\u0131l\u0131k<\/strong>: \u00d6rme lastik, \u00f6zellikle s\u0131k s\u0131k geriliyorsa, zaman i\u00e7inde a\u015f\u0131nma ve y\u0131pranma ya\u015fayabilir. \u00dcr\u00fcn d\u00fczenli kullan\u0131ma veya strese maruz kal\u0131yorsa daha dayan\u0131kl\u0131 bir lastik t\u00fcr\u00fc kullanmay\u0131 d\u00fc\u015f\u00fcn\u00fcn.<\/li>\r\n \t<li><strong>Rahatl\u0131k<\/strong>: \u00d6rme lastik farkl\u0131 kal\u0131nl\u0131klarda olabilir ve bu da \u00fcr\u00fcn\u00fcn konforunu etkileyebilir. Daha kal\u0131n lastik daha rahat olabilir ancak ayn\u0131 zamanda daha hacimli ve daha az esnek olabilir.<\/li>\r\n \t<li><strong>\u00c7evresel etki<\/strong>: \u00d6rme lastiklerde kullan\u0131lan sentetik iplikler \u00e7evresel etkiye sahip olabilir, bu nedenle bu bir endi\u015fe ise \u00e7evre dostu malzemelerden yap\u0131lm\u0131\u015f bir lastik kullanmay\u0131 d\u00fc\u015f\u00fcn\u00fcn.<\/li>\r\n \t<li><strong>Maliyet<\/strong>: \u00d6rme lastik, kullan\u0131lan malzemelere ve \u00fcr\u00fcn\u00fcn kalitesine ba\u011fl\u0131 olarak maliyet a\u00e7\u0131s\u0131ndan de\u011fi\u015fiklik g\u00f6sterebilir. Daha y\u00fcksek fiyatl\u0131 bir lastik daha iyi esneme, toparlanma ve dayan\u0131kl\u0131l\u0131k sunabilirken, baz\u0131 uygulamalar i\u00e7in uygun olmayabilir. Bir \u00f6rme lastik t\u00fcr\u00fc se\u00e7erken b\u00fct\u00e7enizi g\u00f6z \u00f6n\u00fcnde bulundurun.<\/li>\r\n \t<li><strong>Y\u0131kanabilirlik<\/strong>: \u00d6rme lastik y\u0131kama ve kurutmadan etkilenebilir, bu nedenle \u00fcr\u00fcn\u00fcn nas\u0131l temizlenece\u011fini g\u00f6z \u00f6n\u00fcnde bulundurmak \u00f6nemlidir. Baz\u0131 lastikler y\u0131kand\u0131ktan sonra b\u00fcz\u00fclebilir, esneyebilir veya lastikiyetini kaybedebilir, bu nedenle \u00fcreticinin bak\u0131m talimatlar\u0131n\u0131 takip etmek \u00f6nemlidir.<\/li>\r\n<\/ul>\r\n<h2><strong>\u00d6rme lastik nas\u0131l \u00fcretilir?<\/strong><\/h2>\r\n\u00d6rme lastik \u00fcretimi birka\u00e7 ad\u0131mdan olu\u015fur:\r\n<ol>\r\n \t<li><strong>\u0130plik Haz\u0131rlama<\/strong>: \u00d6rme lastik \u00fcretiminde ilk ad\u0131m ipli\u011fin haz\u0131rlanmas\u0131d\u0131r. Polyester, naylon veya pamuk gibi sentetik veya do\u011fal iplikler koniler veya makaralar halinde sar\u0131l\u0131r ve ard\u0131ndan bir ask\u0131ya y\u00fcklenir.<\/li>\r\n \t<li><strong>\u00d6rme<\/strong>: \u0130plik daha sonra bir \u00f6rme makinesine beslenir ve burada s\u00fcrekli bir lastik uzunluk halinde \u00f6r\u00fcl\u00fcr. D\u00fcz \u00f6rg\u00fc veya ribana \u00f6rg\u00fc gibi \u00f6rg\u00fc tipi, lastikin esneme, toparlanma ve dayan\u0131kl\u0131l\u0131\u011f\u0131n\u0131 kontrol etmek i\u00e7in ayarlanabilir.<\/li>\r\n \t<li><strong>Kesim<\/strong>: Lastik \u00f6r\u00fcld\u00fckten ve boyand\u0131ktan sonra istenilen uzunlukta kesilir. Uygulamaya ba\u011fl\u0131 olarak lastik par\u00e7alar veya s\u00fcrekli uzunluklar halinde kesilebilir.<\/li>\r\n \t<li><strong>Bitirme<\/strong>: Lastik, y\u0131pranmay\u0131 \u00f6nlemek i\u00e7in termosetleme ve\/veya kenarlar\u0131n a\u015f\u0131r\u0131 kilitlenmesi ile bitirilir. Bitmi\u015f lastik daha sonra depolama veya ta\u015f\u0131ma i\u00e7in makaralara veya arabalara sar\u0131l\u0131r.<\/li>\r\n<\/ol>\r\nBu s\u00fcre\u00e7, \u00f6rme kau\u00e7u\u011fun t\u00fcr\u00fcne ve uygulaman\u0131n \u00f6zel gereksinimlerine ba\u011fl\u0131 olarak de\u011fi\u015febilir. Bununla birlikte, bunlar \u00f6rme lastik \u00fcretiminde yer alan genel ad\u0131mlard\u0131r. \u00dcreticiler, her bir i\u015fleme ad\u0131m\u0131n\u0131 dikkatlice kontrol ederek esneme, toparlanma ve dayan\u0131kl\u0131l\u0131k gibi belirli gereksinimleri kar\u015f\u0131layan \u00f6rme lastik \u00fcretebilirler.[\/vc_column_text][\/vc_column][\/vc_row][vc_row pix_particles_check=&#8221;&#8221;][vc_column][vc_column_text el_class=&#8221;text-darking&#8221;]\r\n<h2><strong>Teki\u015f Lastik \u00d6rme Lastik \u00dcreticisi midir?<\/strong><\/h2>\r\n\u00d6rme Lastik Nedir? Teki\u015f Lastik \u00d6rme Lastik \u00dcreticisi midir? Evet, Teki\u015f Lastik, dokuma lastik, \u00f6rg\u00fcl\u00fc lastik, yuvarlak lastik, \u00f6rme kemer lastik ve dokuma bant tekliflerine ek olarak \u00f6rme lastik \u00fcreticisidir. \u015eirket, yirmi y\u0131l\u0131 a\u015fk\u0131n bir deneyime ve kalite, m\u00fc\u015fteri memnuniyeti ve s\u00fcrd\u00fcr\u00fclebilirli\u011fe g\u00fc\u00e7l\u00fc bir ba\u011fl\u0131l\u0131\u011fa sahiptir.\r\n\r\nTeki\u015f Lastik&#8217;in \u00f6rme lastik \u00fcr\u00fcnleri, giyim, ayakkab\u0131 ve yatak tak\u0131mlar\u0131 dahil olmak \u00fczere \u00e7e\u015fitli uygulamalarda kullan\u0131lmaktad\u0131r. \u015eirket, her m\u00fc\u015fterinin \u00f6zel ihtiya\u00e7lar\u0131n\u0131 kar\u015f\u0131lamak i\u00e7in \u00f6zel etiket \u00fcretimi de dahil olmak \u00fczere bir dizi \u00f6zelle\u015ftirme se\u00e7ene\u011fi sunmaktad\u0131r.\r\n\r\nY\u00fcksek kaliteli \u00f6rme lastik \u00fcretmeye odaklanman\u0131n yan\u0131 s\u0131ra, Teki\u015f Lastik kendini sorumlu ve \u00e7evreye duyarl\u0131 bir \u015firket olmaya adam\u0131\u015ft\u0131r. G\u00fc\u00e7l\u00fc bir sosyal sorumluluk duygusuyla faaliyet g\u00f6stermekte ve m\u00fc\u015fteri memnuniyetini sa\u011flamak ve kalite ve <a href=\"https:\/\/turkiye.un.org\/tr\/sdgs\" target=\"_blank\" rel=\"noopener\">s\u00fcrd\u00fcr\u00fclebilirlik<\/a> i\u00e7in y\u00fcksek standartlar\u0131 korumak i\u00e7in ad\u0131mlar atmaktad\u0131r.\r\n\r\nBa\u015far\u0131s\u0131 kan\u0131tlanm\u0131\u015f bir ge\u00e7mi\u015fe sahip olan Teki\u015f Lastik, \u00f6rme lastik ve di\u011fer dar dokuma \u00fcr\u00fcnlerin g\u00fcvenilir ve deneyimli bir \u00fcreticisidir. \u015eirketin kaliteye, m\u00fc\u015fteri memnuniyetine ve s\u00fcrd\u00fcr\u00fclebilirli\u011fe olan ba\u011fl\u0131l\u0131\u011f\u0131, onlar\u0131 g\u00fcvenilir ve sorumlu tedarik\u00e7iler arayan m\u00fc\u015fteriler i\u00e7in tercih edilen bir se\u00e7enek haline getirmektedir.[\/vc_column_text][\/vc_column][\/vc_row]","protected":false},"excerpt":{"rendered":"[vc_row pix_particles_check=&#8221;&#8221;][vc_column][vc_column_text el_class=&#8221;text-darking&#8221;] \u00d6rme Lastik Nedir? \u00d6rme lastik, sentetik veya do\u011fal ipliklerin ilmeklerinin birbirine ge\u00e7mesiyle yap\u0131lan bir t\u00fcr lastik malzemedir. Malzeme esnekli\u011fi, dayan\u0131kl\u0131l\u0131\u011f\u0131 ve orijinal \u015feklini esnetme ve geri kazanma yetene\u011fi ile bilinir. \u00d6rme lastik genellikle dokuma lastikten daha yumu\u015fak&#8230;","protected":false},"author":1,"featured_media":55572,"parent":0,"menu_order":0,"comment_status":"closed","ping_status":"closed","template":"","meta":{"footnotes":""},"class_list":["post-55574","page","type-page","status-publish","has-post-thumbnail","hentry"],"_links":{"self":[{"href":"https:\/\/www.tekislastik.com\/tr\/wp-json\/wp\/v2\/pages\/55574","targetHints":{"allow":["GET"]}}],"collection":[{"href":"https:\/\/www.tekislastik.com\/tr\/wp-json\/wp\/v2\/pages"}],"about":[{"href":"https:\/\/www.tekislastik.com\/tr\/wp-json\/wp\/v2\/types\/page"}],"author":[{"embeddable":true,"href":"https:\/\/www.tekislastik.com\/tr\/wp-json\/wp\/v2\/users\/1"}],"replies":[{"embeddable":true,"href":"https:\/\/www.tekislastik.com\/tr\/wp-json\/wp\/v2\/comments?post=55574"}],"version-history":[{"count":1,"href":"https:\/\/www.tekislastik.com\/tr\/wp-json\/wp\/v2\/pages\/55574\/revisions"}],"predecessor-version":[{"id":79175,"href":"https:\/\/www.tekislastik.com\/tr\/wp-json\/wp\/v2\/pages\/55574\/revisions\/79175"}],"wp:featuredmedia":[{"embeddable":true,"href":"https:\/\/www.tekislastik.com\/tr\/wp-json\/wp\/v2\/media\/55572"}],"wp:attachment":[{"href":"https:\/\/www.tekislastik.com\/tr\/wp-json\/wp\/v2\/media?parent=55574"}],"curies":[{"name":"wp","href":"https:\/\/api.w.org\/{rel}","templated":true}]}}