{"id":18265,"date":"2022-02-17T05:39:51","date_gmt":"2022-02-17T05:39:51","guid":{"rendered":"https:\/\/www.tekislastik.com\/haberler"},"modified":"2026-03-11T15:11:01","modified_gmt":"2026-03-11T12:11:01","slug":"haberler","status":"publish","type":"page","link":"https:\/\/www.tekislastik.com\/tr\/haberler\/","title":{"rendered":"Haberler"},"content":{"rendered":"[vc_section full_width=&#8221;stretch_row&#8221; pix_over_visibility=&#8221;&#8221; bottom_divider_select=&#8221;8&#8243; bottom_layers=&#8221;1&#8243; top_divider_select=&#8221;8&#8243; top_layers=&#8221;1&#8243; css=&#8221;.vc_custom_1592351788916{background-color: #f8f9fa !important;}&#8221;][vc_row pix_particles_check=&#8221;&#8221; css=&#8221;.vc_custom_1592516638778{padding-top: 20px !important;padding-bottom: 80px !important;}&#8221;][vc_column]<div  class=\"pix-heading-el text-center  vc_custom_1663940904003\"><div><div class=\"slide-in-container\"><h1 class=\"text-dark-opacity-7 font-weight-bold heading-text el-title_custom_color mb-12\" style=\"\" data-anim-type=\"\" data-anim-delay=\"0\">Haberler<\/h1><\/div><\/div><\/div><div class=\"row  \"><div class=\"col-xs-12 col-md-4 pix-mb-40\"><div class=\"pix-content-box pix-post-meta-element pix-post-meta-basic fly-sm2 d-flex align-content-between flex-wrap align-self-stretch rounded-10 shadow shadow-hover fly-sm overflow-hidden w-100  shadow-hover-sm2 shadow-sm2 bg-white  post-62269 post type-post status-publish format-standard has-post-thumbnail hentry category-haberler tag-dijital tag-lastik tag-rd-tr tag-surdurulebilir-tekstiller tag-surdurulebilirlik tag-tekis-lastik tag-tekstil tag-yesil\"  >\n\t\t\t\t<div class=\"d-flex align-items-start w-100\">\n\t\t\t\t\t<div class=\"w-100\"><div class=\"d-block \"><a href=\"https:\/\/www.tekislastik.com\/tr\/surdurulebilirlik-calismalarimizi-anlattik\/\"><div class=\" overflow-hidden position-relative d-block pix-fit-cover\" style=\"height:200px;width:100%;\"><img decoding=\"async\" width=\"622\" height=\"400\" src=\"https:\/\/www.tekislastik.com\/wp-content\/uploads\/2023\/09\/endustri-radyo_surdurulebirlik-622x400.jpg\" class=\"img-fluid  card-img-top pix-fit-cover2\" alt=\"S\u00fcrd\u00fcr\u00fclebilirlik \u00c7al\u0131\u015fmalar\u0131m\u0131z\u0131 Anlatt\u0131k\" style=\"height:200px;width:100%;object-fit: cover;\" loading=\"lazy\" title=\"\"><\/div><\/a><\/div><div class=\"d-block pix-p-20 position-relative\">\n\t\t\t\t\t\t\t<span class=\"pix-post-meta-categories d-inline-block text-sm pb-1 mb-1\"><a href=\"https:\/\/www.tekislastik.com\/tr\/category\/haberler\/\" target=\"_self\"><span class=\"pix-badge-element d-inline-block mr-1 \"  ><span class=\"badge font-weight-bold bg-primary-light   \" style=\"font-size:12px; padding:5px 10px;line-height:12px;margin-right:3px;\"><span class=\"text-primary\" style=\"\">Haberler<\/span><\/span><\/span><\/a><\/span>\n\t\t\t\t\t\t\t<a class=\"text-heading-default\" href=\"https:\/\/www.tekislastik.com\/tr\/surdurulebilirlik-calismalarimizi-anlattik\/\"><h5 class=\"card-title mb-2 secondary-font font-weight-bold\">S\u00fcrd\u00fcr\u00fclebilirlik \u00c7al\u0131\u015fmalar\u0131m\u0131z\u0131 Anlatt\u0131k<\/h5><\/a><a class=\"pix-post-meta-date text-sm mb-0 d-inline-block text-body-default svg-body-default\" href=\"https:\/\/www.tekislastik.com\/tr\/surdurulebilirlik-calismalarimizi-anlattik\/\"><span class=\"pr-1\">\n\t\t\t\t\t\t\t\t<svg xmlns=\"http:\/\/www.w3.org\/2000\/svg\" width=\"18\" height=\"18\" viewBox=\"0 0 18 18\">\n  <path d=\"M9,0 C13.95,0 18,4.05 18,9 C18,13.95 13.95,18 9,18 C4.05,18 0,13.95 0,9 C0,4.05 4.05,0 9,0 Z M9,16.2 C12.96,16.2 16.2,12.96 16.2,9 C16.2,5.04 12.96,1.8 9,1.8 C5.04,1.8 1.8,5.04 1.8,9 C1.8,12.96 5.04,16.2 9,16.2 Z M12.6,9.4 C13.26,9.4 13.8,9.64 13.8,10.3 C13.8,10.96 13.26,11.2 12.6,11.2 L7.8,11.2 L7.8,5.8 C7.8,5.14 8.04,4.6 8.7,4.6 C9.36,4.6 9.6,5.14 9.6,5.8 L9.6,9.4 L12.6,9.4 Z\"\/>\n<\/svg>\n\n\t\t\t\t\t\t\t\t<\/span><span class=\"text-body-default\">Aral\u0131k 5, 2021<\/span><\/a><\/div>\n\t\t\t\t\t<\/div>\n\t\t\t\t<\/div><\/div><\/div><div class=\"col-xs-12 col-md-4 pix-mb-40\"><div class=\"pix-content-box pix-post-meta-element pix-post-meta-basic fly-sm2 d-flex align-content-between flex-wrap align-self-stretch rounded-10 shadow shadow-hover fly-sm overflow-hidden w-100  shadow-hover-sm2 shadow-sm2 bg-white  post-62237 post type-post status-publish format-standard has-post-thumbnail hentry category-haberler tag-ajanda-lastigi tag-aksesuar tag-bagaj tag-dar-dokuma-tr tag-dokuma-tr tag-giyim tag-ic-giyim tag-katlanir tag-katlanir-lastik tag-konfeksiyon tag-korse tag-lastik tag-matbaa tag-medikal tag-mobilya tag-tekis-lastik\"  >\n\t\t\t\t<div class=\"d-flex align-items-start w-100\">\n\t\t\t\t\t<div class=\"w-100\"><div class=\"d-block \"><a href=\"https:\/\/www.tekislastik.com\/tr\/hedeflerimizi-basinla-paylastik\/\"><div class=\" overflow-hidden position-relative d-block pix-fit-cover\" style=\"height:200px;width:100%;\"><img decoding=\"async\" width=\"622\" height=\"400\" src=\"https:\/\/www.tekislastik.com\/wp-content\/uploads\/2023\/09\/KENAN-TEKIN-FOTO-622x400.jpg\" class=\"img-fluid  card-img-top pix-fit-cover2\" alt=\"Hedeflerimizi Bas\u0131nla Payla\u015ft\u0131k\" style=\"height:200px;width:100%;object-fit: cover;\" loading=\"lazy\" title=\"\"><\/div><\/a><\/div><div class=\"d-block pix-p-20 position-relative\">\n\t\t\t\t\t\t\t<span class=\"pix-post-meta-categories d-inline-block text-sm pb-1 mb-1\"><a href=\"https:\/\/www.tekislastik.com\/tr\/category\/haberler\/\" target=\"_self\"><span class=\"pix-badge-element d-inline-block mr-1 \"  ><span class=\"badge font-weight-bold bg-primary-light   \" style=\"font-size:12px; padding:5px 10px;line-height:12px;margin-right:3px;\"><span class=\"text-primary\" style=\"\">Haberler<\/span><\/span><\/span><\/a><\/span>\n\t\t\t\t\t\t\t<a class=\"text-heading-default\" href=\"https:\/\/www.tekislastik.com\/tr\/hedeflerimizi-basinla-paylastik\/\"><h5 class=\"card-title mb-2 secondary-font font-weight-bold\">Hedeflerimizi Bas\u0131nla Payla\u015ft\u0131k<\/h5><\/a><a class=\"pix-post-meta-date text-sm mb-0 d-inline-block text-body-default svg-body-default\" href=\"https:\/\/www.tekislastik.com\/tr\/hedeflerimizi-basinla-paylastik\/\"><span class=\"pr-1\">\n\t\t\t\t\t\t\t\t<svg xmlns=\"http:\/\/www.w3.org\/2000\/svg\" width=\"18\" height=\"18\" viewBox=\"0 0 18 18\">\n  <path d=\"M9,0 C13.95,0 18,4.05 18,9 C18,13.95 13.95,18 9,18 C4.05,18 0,13.95 0,9 C0,4.05 4.05,0 9,0 Z M9,16.2 C12.96,16.2 16.2,12.96 16.2,9 C16.2,5.04 12.96,1.8 9,1.8 C5.04,1.8 1.8,5.04 1.8,9 C1.8,12.96 5.04,16.2 9,16.2 Z M12.6,9.4 C13.26,9.4 13.8,9.64 13.8,10.3 C13.8,10.96 13.26,11.2 12.6,11.2 L7.8,11.2 L7.8,5.8 C7.8,5.14 8.04,4.6 8.7,4.6 C9.36,4.6 9.6,5.14 9.6,5.8 L9.6,9.4 L12.6,9.4 Z\"\/>\n<\/svg>\n\n\t\t\t\t\t\t\t\t<\/span><span class=\"text-body-default\">Temmuz 15, 2021<\/span><\/a><\/div>\n\t\t\t\t\t<\/div>\n\t\t\t\t<\/div><\/div><\/div><div class=\"col-xs-12 col-md-4 pix-mb-40\"><div class=\"pix-content-box pix-post-meta-element pix-post-meta-basic fly-sm2 d-flex align-content-between flex-wrap align-self-stretch rounded-10 shadow shadow-hover fly-sm overflow-hidden w-100  shadow-hover-sm2 shadow-sm2 bg-white  post-62256 post type-post status-publish format-standard has-post-thumbnail hentry category-haberler tag-lastik tag-tekis-lastik\"  >\n\t\t\t\t<div class=\"d-flex align-items-start w-100\">\n\t\t\t\t\t<div class=\"w-100\"><div class=\"d-block \"><a href=\"https:\/\/www.tekislastik.com\/tr\/bengu-turkte-basari-hikayemizi-anlattik\/\"><div class=\" overflow-hidden position-relative d-block pix-fit-cover\" style=\"height:200px;width:100%;\"><img decoding=\"async\" width=\"622\" height=\"400\" src=\"https:\/\/www.tekislastik.com\/wp-content\/uploads\/2023\/09\/benguturk-622x400.jpg\" class=\"img-fluid  card-img-top pix-fit-cover2\" alt=\"Beng\u00fc T\u00fcrk&#8217;te Ba\u015far\u0131 Hikayemizi Anlatt\u0131k\" style=\"height:200px;width:100%;object-fit: cover;\" loading=\"lazy\" title=\"\"><\/div><\/a><\/div><div class=\"d-block pix-p-20 position-relative\">\n\t\t\t\t\t\t\t<span class=\"pix-post-meta-categories d-inline-block text-sm pb-1 mb-1\"><a href=\"https:\/\/www.tekislastik.com\/tr\/category\/haberler\/\" target=\"_self\"><span class=\"pix-badge-element d-inline-block mr-1 \"  ><span class=\"badge font-weight-bold bg-primary-light   \" style=\"font-size:12px; padding:5px 10px;line-height:12px;margin-right:3px;\"><span class=\"text-primary\" style=\"\">Haberler<\/span><\/span><\/span><\/a><\/span>\n\t\t\t\t\t\t\t<a class=\"text-heading-default\" href=\"https:\/\/www.tekislastik.com\/tr\/bengu-turkte-basari-hikayemizi-anlattik\/\"><h5 class=\"card-title mb-2 secondary-font font-weight-bold\">Beng\u00fc T\u00fcrk&#8217;te Ba\u015far\u0131 Hikayemizi Anlatt\u0131k<\/h5><\/a><a class=\"pix-post-meta-date text-sm mb-0 d-inline-block text-body-default svg-body-default\" href=\"https:\/\/www.tekislastik.com\/tr\/bengu-turkte-basari-hikayemizi-anlattik\/\"><span class=\"pr-1\">\n\t\t\t\t\t\t\t\t<svg xmlns=\"http:\/\/www.w3.org\/2000\/svg\" width=\"18\" height=\"18\" viewBox=\"0 0 18 18\">\n  <path d=\"M9,0 C13.95,0 18,4.05 18,9 C18,13.95 13.95,18 9,18 C4.05,18 0,13.95 0,9 C0,4.05 4.05,0 9,0 Z M9,16.2 C12.96,16.2 16.2,12.96 16.2,9 C16.2,5.04 12.96,1.8 9,1.8 C5.04,1.8 1.8,5.04 1.8,9 C1.8,12.96 5.04,16.2 9,16.2 Z M12.6,9.4 C13.26,9.4 13.8,9.64 13.8,10.3 C13.8,10.96 13.26,11.2 12.6,11.2 L7.8,11.2 L7.8,5.8 C7.8,5.14 8.04,4.6 8.7,4.6 C9.36,4.6 9.6,5.14 9.6,5.8 L9.6,9.4 L12.6,9.4 Z\"\/>\n<\/svg>\n\n\t\t\t\t\t\t\t\t<\/span><span class=\"text-body-default\">\u015eubat 5, 2021<\/span><\/a><\/div>\n\t\t\t\t\t<\/div>\n\t\t\t\t<\/div><\/div><\/div><\/div>\n<a href=\"https:\/\/www.tekislastik.com\/tr\/\">[\/vc_column]<\/a>[\/vc_row]<a href=\"https:\/\/www.habbyaccessories.com.tr\/\" target=\"_blank\" rel=\"noopener\">[\/vc_section]<\/a>","protected":false},"excerpt":{"rendered":"[vc_section full_width=&#8221;stretch_row&#8221; pix_over_visibility=&#8221;&#8221; bottom_divider_select=&#8221;8&#8243; bottom_layers=&#8221;1&#8243; top_divider_select=&#8221;8&#8243; top_layers=&#8221;1&#8243; css=&#8221;.vc_custom_1592351788916{background-color: #f8f9fa !important;}&#8221;][vc_row pix_particles_check=&#8221;&#8221; css=&#8221;.vc_custom_1592516638778{padding-top: 20px !important;padding-bottom: 80px !important;}&#8221;][vc_column][\/vc_column][\/vc_row][\/vc_section]","protected":false},"author":1,"featured_media":18090,"parent":0,"menu_order":0,"comment_status":"closed","ping_status":"closed","template":"","meta":{"footnotes":""},"class_list":["post-18265","page","type-page","status-publish","has-post-thumbnail","hentry"],"_links":{"self":[{"href":"https:\/\/www.tekislastik.com\/tr\/wp-json\/wp\/v2\/pages\/18265","targetHints":{"allow":["GET"]}}],"collection":[{"href":"https:\/\/www.tekislastik.com\/tr\/wp-json\/wp\/v2\/pages"}],"about":[{"href":"https:\/\/www.tekislastik.com\/tr\/wp-json\/wp\/v2\/types\/page"}],"author":[{"embeddable":true,"href":"https:\/\/www.tekislastik.com\/tr\/wp-json\/wp\/v2\/users\/1"}],"replies":[{"embeddable":true,"href":"https:\/\/www.tekislastik.com\/tr\/wp-json\/wp\/v2\/comments?post=18265"}],"version-history":[{"count":2,"href":"https:\/\/www.tekislastik.com\/tr\/wp-json\/wp\/v2\/pages\/18265\/revisions"}],"predecessor-version":[{"id":79209,"href":"https:\/\/www.tekislastik.com\/tr\/wp-json\/wp\/v2\/pages\/18265\/revisions\/79209"}],"wp:featuredmedia":[{"embeddable":true,"href":"https:\/\/www.tekislastik.com\/tr\/wp-json\/wp\/v2\/media\/18090"}],"wp:attachment":[{"href":"https:\/\/www.tekislastik.com\/tr\/wp-json\/wp\/v2\/media?parent=18265"}],"curies":[{"name":"wp","href":"https:\/\/api.w.org\/{rel}","templated":true}]}}