{"id":61619,"date":"2023-06-12T10:15:11","date_gmt":"2023-06-14T09:33:24","guid":{"rendered":"https:\/\/www.tekislastik.com\/?post_type=product&#038;p=61619"},"modified":"2026-04-01T17:44:03","modified_gmt":"2026-04-01T14:44:03","slug":"38mm-polipropilen-canta-kolonu","status":"publish","type":"product","link":"https:\/\/www.tekislastik.com\/it\/38mm-polipropilen-canta-kolonu\/","title":{"rendered":"38mm Polipropilen \u00c7anta Kolonu"},"content":{"rendered":"<ul>\n<li><strong>Kolay Kullan\u0131m:\u00a0<\/strong><\/li>\n<\/ul>\n<p>38mm Polipropilen \u00c7anta Kolonu makasla istedi\u011finiz uzunlukta kesebilmeniz i\u00e7in uygundur. Farkl\u0131 renk ve beden se\u00e7enekleri ile \u00fcr\u00fcnlerimizi kullan\u0131m alan\u0131n\u0131za g\u00f6re rahatl\u0131kla kullanabilirsiniz. \u00c7anta ask\u0131lar\u0131m\u0131z, dayan\u0131kl\u0131l\u0131\u011f\u0131, sa\u011flaml\u0131\u011f\u0131 ve a\u015f\u0131nmaya ve y\u0131pranmaya kar\u015f\u0131 direnci ile bilinen y\u00fcksek kaliteli polipropilen malzemeden yap\u0131lm\u0131\u015ft\u0131r. Bu, g\u00fcnl\u00fck a\u015f\u0131nma ve y\u0131pranman\u0131n zorluklar\u0131na dayanabildikleri i\u00e7in onlar\u0131 g\u00fcnl\u00fck kullan\u0131m i\u00e7in ideal k\u0131lar.<\/p>\n<p>&nbsp;<\/p>\n<ul>\n<li><strong>Dayan\u0131kl\u0131l\u0131k ve Yumu\u015fakl\u0131k:<\/strong><\/li>\n<\/ul>\n<p>\u00dcr\u00fcnlerimizde kullan\u0131lan y\u00fcksek kaliteli malzemeler sayesinde 38mm poliproblen \u00e7anta kolonlar\u0131 \u00e7ok dayan\u0131kl\u0131, uzun \u00f6m\u00fcrl\u00fc ve yumu\u015fakt\u0131r. \u0130yi a\u015f\u0131nma direncine, iyi esnekli\u011fe sahiptir, buru\u015fmas\u0131 kolay de\u011fildir. 40\u00b0\u2019ye kadar y\u0131kanabilir. Dayan\u0131kl\u0131l\u0131\u011f\u0131n\u0131n yan\u0131 s\u0131ra nefes alabilir ve kullan\u0131m\u0131 rahatt\u0131r. Bu size uzun bir hizmet \u00f6mr\u00fc sa\u011flar.<\/p>\n<ul>\n<li><strong>Malzeme<\/strong>:<\/li>\n<\/ul>\n<p>Bu g\u00fczel 38mm Polipropilen \u00c7anta Kolonu dar dokuma tekni\u011fi ile \u00fcretilmi\u015ftir. \u00c7anta ask\u0131lar\u0131m\u0131z\u0131 \u00e7ok dayan\u0131kl\u0131 k\u0131lan y\u00fcksek kaliteli polipropilenden yap\u0131lm\u0131\u015ft\u0131r. \u00dcr\u00fcnlerimiz Standard 100 Oeko-Tex sertifikas\u0131na sahiptir. \u00dcr\u00fcn ve hizmetlerimizi bu belgelendirme standartlar\u0131na uygun olarak sunuyoruz. %100 Polipropilen<\/p>\n<ul>\n<li><strong>Kullan\u0131m Alan\u0131:<\/strong><\/li>\n<\/ul>\n<p>\u00c7anta ask\u0131lar\u0131m\u0131z hafif ve rahatt\u0131r, bu nedenle g\u00fcnl\u00fck kullan\u0131m i\u00e7in idealdir. A\u011f\u0131r bir y\u00fck ta\u015f\u0131yor olsan\u0131z bile sizi a\u011f\u0131rla\u015ft\u0131rmaz veya rahats\u0131z etmezler. Bu kaliteli \u00e7anta ask\u0131lar\u0131 farkl\u0131 renkteki \u00e7antalarda rahatl\u0131kla kullan\u0131labilir. \u0130nce ve dayan\u0131kl\u0131 yap\u0131s\u0131 ile evde bile kendi \u00e7anta ask\u0131lar\u0131n\u0131z\u0131 ve kendin yap projelerinizi yapabilirsiniz. \u00c7anta ask\u0131lar\u0131m\u0131z cilt dostudur ve di\u011fer \u00e7anta ask\u0131lar\u0131na g\u00f6re daha yumu\u015fakt\u0131r. Kancalar\u0131 ask\u0131lara kolayca takabilirsiniz.<\/p>\n<ul>\n<li><strong>Kolay temizlenir<\/strong>:<\/li>\n<\/ul>\n<p>38mm Polipropilen \u00c7anta Kolonunun temizlenmesi ve bak\u0131m\u0131 kolayd\u0131r, bu da onlar\u0131 a\u00e7\u0131k hava etkinlikleri i\u00e7in m\u00fckemmel k\u0131lar. Bunlar\u0131 nemli bir bezle silebilir veya \u00e7ama\u015f\u0131r makinesinde y\u0131kayabilirsiniz.<\/p>\n<ul>\n<li><strong>Renk ve Beden<\/strong>:<\/li>\n<\/ul>\n<p>Farkl\u0131 varyasyonlarda renk ve beden se\u00e7enekleri ile \u00e7anta ask\u0131lar\u0131m\u0131z\u0131 istedi\u011finiz kullan\u0131m alan\u0131na g\u00f6re kullanabilirsiniz.<\/p>\n<ul>\n<li><strong>Ambalajlama<\/strong>:<\/li>\n<\/ul>\n<p>Kaliteli polipropilen po\u015fet ask\u0131lar\u0131n\u0131n tozlanma, deforme olma ve kirlenme olas\u0131l\u0131\u011f\u0131n\u0131 en uygun ve g\u00fcvenli \u015fekilde yapt\u0131\u011f\u0131m\u0131z ambalajlar ile ortadan kald\u0131r\u0131yoruz.<\/p>\n","protected":false},"excerpt":{"rendered":"<p>Kolay Kullan\u0131m:\u00a0 38mm Polipropilen \u00c7anta Kolonu makasla istedi\u011finiz uzunlukta kesebilmeniz i\u00e7in uygundur. Farkl\u0131 renk ve beden se\u00e7enekleri ile \u00fcr\u00fcnlerimizi kullan\u0131m alan\u0131n\u0131za g\u00f6re rahatl\u0131kla kullanabilirsiniz. \u00c7anta ask\u0131lar\u0131m\u0131z, dayan\u0131kl\u0131l\u0131\u011f\u0131, sa\u011flaml\u0131\u011f\u0131 ve a\u015f\u0131nmaya ve y\u0131pranmaya kar\u015f\u0131 direnci ile bilinen y\u00fcksek kaliteli polipropilen malzemeden&#8230;<\/p>\n","protected":false},"featured_media":61363,"comment_status":"open","ping_status":"closed","template":"","meta":[],"product_brand":[],"product_cat":[2223],"product_tag":[4868,8074,3684,4547,1055,4637,4850,4638,6772,4548,4549,3669,4641,4550,4573,4551,6776,6777,8171,4555,4845,4674,6798,4558,4840,4644,6779,4559,8172,6781,4842,6267,6783,4843,6784,6785,4565,4566,4567,4647,6788],"class_list":{"0":"post-61619","1":"product","2":"type-product","3":"status-publish","4":"has-post-thumbnail","6":"product_cat-canta-kolonu","7":"product_tag-ambalajlama","8":"product_tag-aski","9":"product_tag-bag","10":"product_tag-breathable","11":"product_tag-color","12":"product_tag-dar-dokuma","13":"product_tag-dar-dokuma-teknigi","14":"product_tag-dayanikli","15":"product_tag-dayaniklilik","16":"product_tag-diy","17":"product_tag-diy-projects","18":"product_tag-dokuma","19":"product_tag-dokuma-teknigi","20":"product_tag-durability","21":"product_tag-durable","22":"product_tag-elasticity","23":"product_tag-farkli-renk-ve-beden","24":"product_tag-guvenli","25":"product_tag-hafif","26":"product_tag-high-quality","27":"product_tag-kaliteli","28":"product_tag-kendin-yap","29":"product_tag-kolay-kullanim","30":"product_tag-narrow-weaving","31":"product_tag-narrow-weaving-technique","32":"product_tag-nefes-alabilir","33":"product_tag-oeko-tex","34":"product_tag-packaging","35":"product_tag-poliproblen","36":"product_tag-polipropilen","37":"product_tag-quality","38":"product_tag-comfortable-tr","39":"product_tag-renk","40":"product_tag-service-life","41":"product_tag-standard","42":"product_tag-standard-100-oeko-tex","43":"product_tag-washable","44":"product_tag-weaving","45":"product_tag-weaving-technique","46":"product_tag-yikanabilir","47":"product_tag-yuksek-kaliteli","48":"pa_renk-acik-kahve","49":"pa_renk-bej","50":"pa_renk-ekru","51":"pa_renk-gri","52":"pa_renk-haki","53":"pa_renk-kahverengi","54":"pa_renk-koyu-bej","55":"pa_renk-koyu-gri","56":"pa_renk-krem","57":"pa_renk-lacivert","58":"pa_renk-siyah","60":"first","61":"instock","62":"taxable","63":"shipping-taxable","64":"purchasable","65":"product-type-variable"},"_links":{"self":[{"href":"https:\/\/www.tekislastik.com\/it\/wp-json\/wp\/v2\/product\/61619","targetHints":{"allow":["GET"]}}],"collection":[{"href":"https:\/\/www.tekislastik.com\/it\/wp-json\/wp\/v2\/product"}],"about":[{"href":"https:\/\/www.tekislastik.com\/it\/wp-json\/wp\/v2\/types\/product"}],"replies":[{"embeddable":true,"href":"https:\/\/www.tekislastik.com\/it\/wp-json\/wp\/v2\/comments?post=61619"}],"wp:featuredmedia":[{"embeddable":true,"href":"https:\/\/www.tekislastik.com\/it\/wp-json\/wp\/v2\/media\/61363"}],"wp:attachment":[{"href":"https:\/\/www.tekislastik.com\/it\/wp-json\/wp\/v2\/media?parent=61619"}],"wp:term":[{"taxonomy":"product_brand","embeddable":true,"href":"https:\/\/www.tekislastik.com\/it\/wp-json\/wp\/v2\/product_brand?post=61619"},{"taxonomy":"product_cat","embeddable":true,"href":"https:\/\/www.tekislastik.com\/it\/wp-json\/wp\/v2\/product_cat?post=61619"},{"taxonomy":"product_tag","embeddable":true,"href":"https:\/\/www.tekislastik.com\/it\/wp-json\/wp\/v2\/product_tag?post=61619"}],"curies":[{"name":"wp","href":"https:\/\/api.w.org\/{rel}","templated":true}]}}