{"id":67281,"date":"2025-06-12T12:13:10","date_gmt":"2025-06-12T09:13:10","guid":{"rendered":"https:\/\/www.tekislastik.com\/?post_type=product&#038;p=67281"},"modified":"2025-09-08T14:10:13","modified_gmt":"2025-09-08T11:10:13","slug":"8mm-baumwollkordel","status":"publish","type":"product","link":"https:\/\/www.tekislastik.com\/de\/8mm-baumwollkordel\/","title":{"rendered":"8mm Baumwollkordel"},"content":{"rendered":"<p data-start=\"0\" data-end=\"21\">Nat\u00fcrlich und elegant<\/p>\n<p data-start=\"23\" data-end=\"214\">Die 8 mm Baumwollkordel l\u00e4sst sich leicht auf die gew\u00fcnschte L\u00e4nge zuschneiden. Mit verschiedenen Farb- und Gr\u00f6\u00dfenausf\u00fchrungen k\u00f6nnen Sie unser Produkt ganz nach Ihren Bed\u00fcrfnissen verwenden.<\/p>\n<p data-start=\"216\" data-end=\"241\">Haltbarkeit und Weichheit<\/p>\n<p data-start=\"243\" data-end=\"421\">Die aus hochwertiger Baumwolle gefertigte 8 mm Baumwollkordel ist \u00e4u\u00dferst langlebig und strapazierf\u00e4hig. Gleichzeitig sorgt ihre weiche Textur f\u00fcr einen sehr angenehmen Gebrauch.<\/p>\n<p data-start=\"423\" data-end=\"431\">Material<\/p>\n<p data-start=\"433\" data-end=\"574\">Die Baumwollkordel besteht aus nat\u00fcrlichen und hochwertigen Baumwollgarnen. Somit bieten wir eine umweltfreundliche und organische Option an.<\/p>\n<p data-start=\"576\" data-end=\"594\">Anwendungsbereiche<\/p>\n<p data-start=\"596\" data-end=\"798\">Die 8 mm Baumwollkordel eignet sich f\u00fcr verschiedene Handarbeiten, Schmuckherstellung, Dekoration und Verpackung. Nutzen Sie Ihre Kreativit\u00e4t, um diese Kordel in unterschiedlichen Projekten einzusetzen.<\/p>\n<p data-start=\"800\" data-end=\"817\">Leichte Reinigung<\/p>\n<p data-start=\"819\" data-end=\"1030\">Die Baumwollkordel ist leicht zu reinigen und zu pflegen. Sie kann mit milder Seifenlauge oder einem feuchten Tuch gereinigt werden. Selbst bei l\u00e4ngerem Gebrauch beh\u00e4lt sie ihre urspr\u00fcngliche Struktur und Farbe.<\/p>\n<p data-start=\"1032\" data-end=\"1058\">Farben- und Gr\u00f6\u00dfenoptionen<\/p>\n<p data-start=\"1060\" data-end=\"1247\">Mit verschiedenen Farb- und Gr\u00f6\u00dfenvarianten l\u00e4sst sich die 8 mm Baumwollkordel ideal an Ihre Projekte anpassen. Wir bieten eine breite Auswahl an, um Ihren Bed\u00fcrfnissen gerecht zu werden.<\/p>\n<p data-start=\"1249\" data-end=\"1259\">Verpackung<\/p>\n<p data-start=\"1261\" data-end=\"1567\" data-is-last-node=\"\" data-is-only-node=\"\">Unser Baumwollkordel-Produkt wird sicher und geeignet verpackt geliefert, sodass es ohne Risiko von Verformungen oder Verschmutzungen verwendet werden kann. F\u00fcr h\u00f6chste Kundenzufriedenheit wird die Verpackung von unserem Team sorgf\u00e4ltig durchgef\u00fchrt. Die robuste Verpackung sch\u00fctzt das Produkt zuverl\u00e4ssig.<\/p>\n","protected":false},"excerpt":{"rendered":"<p>Nat\u00fcrlich und elegant Die 8 mm Baumwollkordel l\u00e4sst sich leicht auf die gew\u00fcnschte L\u00e4nge zuschneiden. Mit verschiedenen Farb- und Gr\u00f6\u00dfenausf\u00fchrungen k\u00f6nnen Sie unser Produkt ganz nach Ihren Bed\u00fcrfnissen verwenden. Haltbarkeit und Weichheit Die aus hochwertiger Baumwolle gefertigte 8 mm Baumwollkordel&#8230;<\/p>\n","protected":false},"featured_media":58773,"comment_status":"open","ping_status":"closed","template":"","meta":[],"product_brand":[],"product_cat":[],"product_tag":[8520,6820,7549,8335,8537,4903,4905,4915,4901],"class_list":{"0":"post-67281","1":"product","2":"type-product","3":"status-publish","4":"has-post-thumbnail","6":"product_tag-8-mm","7":"product_tag-8mm","8":"product_tag-baumwollkordel","9":"product_tag-elegant","10":"product_tag-elegant-de","11":"product_tag-farbe","12":"product_tag-geeignet","13":"product_tag-langlebig","14":"product_tag-verpackung","16":"first","17":"instock","18":"taxable","19":"shipping-taxable","20":"purchasable","21":"product-type-simple"},"_links":{"self":[{"href":"https:\/\/www.tekislastik.com\/de\/wp-json\/wp\/v2\/product\/67281","targetHints":{"allow":["GET"]}}],"collection":[{"href":"https:\/\/www.tekislastik.com\/de\/wp-json\/wp\/v2\/product"}],"about":[{"href":"https:\/\/www.tekislastik.com\/de\/wp-json\/wp\/v2\/types\/product"}],"replies":[{"embeddable":true,"href":"https:\/\/www.tekislastik.com\/de\/wp-json\/wp\/v2\/comments?post=67281"}],"wp:featuredmedia":[{"embeddable":true,"href":"https:\/\/www.tekislastik.com\/de\/wp-json\/wp\/v2\/media\/58773"}],"wp:attachment":[{"href":"https:\/\/www.tekislastik.com\/de\/wp-json\/wp\/v2\/media?parent=67281"}],"wp:term":[{"taxonomy":"product_brand","embeddable":true,"href":"https:\/\/www.tekislastik.com\/de\/wp-json\/wp\/v2\/product_brand?post=67281"},{"taxonomy":"product_cat","embeddable":true,"href":"https:\/\/www.tekislastik.com\/de\/wp-json\/wp\/v2\/product_cat?post=67281"},{"taxonomy":"product_tag","embeddable":true,"href":"https:\/\/www.tekislastik.com\/de\/wp-json\/wp\/v2\/product_tag?post=67281"}],"curies":[{"name":"wp","href":"https:\/\/api.w.org\/{rel}","templated":true}]}}