{"id":67275,"date":"2025-06-12T11:25:22","date_gmt":"2025-06-12T08:25:22","guid":{"rendered":"https:\/\/www.tekislastik.com\/?post_type=product&#038;p=67275"},"modified":"2025-09-08T14:16:53","modified_gmt":"2025-09-08T11:16:53","slug":"5-mm-baumwollkordel","status":"publish","type":"product","link":"https:\/\/www.tekislastik.com\/de\/5-mm-baumwollkordel\/","title":{"rendered":"5 mm Baumwollkordel"},"content":{"rendered":"<p data-start=\"81\" data-end=\"107\"><strong data-start=\"81\" data-end=\"107\">Nat\u00fcrlich und Stilvoll<\/strong><\/p>\n<p data-start=\"109\" data-end=\"300\">Die 5 mm Baumwollkordel l\u00e4sst sich problemlos auf die gew\u00fcnschte L\u00e4nge zuschneiden. Mit verschiedenen Farb- und Gr\u00f6\u00dfenoptionen k\u00f6nnen Sie unser Produkt ganz nach Ihren Bed\u00fcrfnissen verwenden.<\/p>\n<p data-start=\"302\" data-end=\"333\"><strong data-start=\"302\" data-end=\"333\">Langlebigkeit und Weichheit<\/strong><\/p>\n<p data-start=\"335\" data-end=\"524\">Die aus hochwertiger Baumwolle gefertigte 5 mm Baumwollkordel ist \u00e4u\u00dferst langlebig und hat eine lange Lebensdauer. Dank ihrer weichen Struktur ist sie zudem sehr angenehm in der Anwendung.<\/p>\n<p data-start=\"526\" data-end=\"538\"><strong data-start=\"526\" data-end=\"538\">Material<\/strong><\/p>\n<p data-start=\"540\" data-end=\"690\">Unsere Baumwollkordel wird aus nat\u00fcrlichem und hochwertigem Baumwollgarn hergestellt. Dadurch bieten wir eine umweltfreundliche und organische Option.<\/p>\n<p data-start=\"692\" data-end=\"713\"><strong data-start=\"692\" data-end=\"713\">Anwendungsbereich<\/strong><\/p>\n<p data-start=\"715\" data-end=\"947\">Die 5 mm Baumwollkordel eignet sich f\u00fcr eine Vielzahl von Anwendungen wie Handarbeiten, Schmuckherstellung, Dekoration und Verpackung. Lassen Sie Ihrer Kreativit\u00e4t freien Lauf und nutzen Sie die Kordel f\u00fcr unterschiedliche Projekte.<\/p>\n<p data-start=\"949\" data-end=\"971\"><strong data-start=\"949\" data-end=\"971\">Leicht zu Reinigen<\/strong><\/p>\n<p data-start=\"973\" data-end=\"1197\">Die Baumwollkordel ist pflegeleicht und einfach zu reinigen. Sie kann mit einem feuchten Tuch oder mildem Seifenwasser problemlos ges\u00e4ubert werden. Auch bei l\u00e4ngerem Gebrauch beh\u00e4lt sie ihre urspr\u00fcngliche Struktur und Farbe.<\/p>\n<p data-start=\"1199\" data-end=\"1226\"><strong data-start=\"1199\" data-end=\"1226\">Farb- und Gr\u00f6\u00dfenauswahl<\/strong><\/p>\n<p data-start=\"1228\" data-end=\"1450\">Mit verschiedenen Farb- und Gr\u00f6\u00dfenoptionen l\u00e4sst sich die 5 mm Baumwollkordel ideal an Ihre Projekte anpassen. Sie bietet eine perfekte L\u00f6sung f\u00fcr alle Ihre kreativen Ideen \u2013 mit einer breiten Palette an Farben und Gr\u00f6\u00dfen.<\/p>\n<p data-start=\"1452\" data-end=\"1466\"><strong data-start=\"1452\" data-end=\"1466\">Verpackung<\/strong><\/p>\n<p data-start=\"1468\" data-end=\"1738\">Unser Produkt wird sicher und sorgf\u00e4ltig verpackt geliefert. So k\u00f6nnen Sie die Baumwollkordel ohne Risiko von Verformung oder Verschmutzung direkt verwenden. Unser Team sorgt mit viel Sorgfalt f\u00fcr eine stabile Verpackung, um h\u00f6chste Kundenzufriedenheit zu gew\u00e4hrleisten.<\/p>\n","protected":false},"excerpt":{"rendered":"<p>Nat\u00fcrlich und Stilvoll Die 5 mm Baumwollkordel l\u00e4sst sich problemlos auf die gew\u00fcnschte L\u00e4nge zuschneiden. Mit verschiedenen Farb- und Gr\u00f6\u00dfenoptionen k\u00f6nnen Sie unser Produkt ganz nach Ihren Bed\u00fcrfnissen verwenden. Langlebigkeit und Weichheit Die aus hochwertiger Baumwolle gefertigte 5 mm Baumwollkordel&#8230;<\/p>\n","protected":false},"featured_media":58750,"comment_status":"open","ping_status":"closed","template":"","meta":[],"product_brand":[],"product_cat":[],"product_tag":[7343,7073,7549,4903,4915,4908,8481,8487,4901],"class_list":{"0":"post-67275","1":"product","2":"type-product","3":"status-publish","4":"has-post-thumbnail","6":"product_tag-5-mm-de","7":"product_tag-6mm-de","8":"product_tag-baumwollkordel","9":"product_tag-farbe","10":"product_tag-langlebig","11":"product_tag-lebensdauer","12":"product_tag-stilvoll","13":"product_tag-stilvoll-de","14":"product_tag-verpackung","16":"first","17":"instock","18":"taxable","19":"shipping-taxable","20":"purchasable","21":"product-type-simple"},"_links":{"self":[{"href":"https:\/\/www.tekislastik.com\/de\/wp-json\/wp\/v2\/product\/67275","targetHints":{"allow":["GET"]}}],"collection":[{"href":"https:\/\/www.tekislastik.com\/de\/wp-json\/wp\/v2\/product"}],"about":[{"href":"https:\/\/www.tekislastik.com\/de\/wp-json\/wp\/v2\/types\/product"}],"replies":[{"embeddable":true,"href":"https:\/\/www.tekislastik.com\/de\/wp-json\/wp\/v2\/comments?post=67275"}],"wp:featuredmedia":[{"embeddable":true,"href":"https:\/\/www.tekislastik.com\/de\/wp-json\/wp\/v2\/media\/58750"}],"wp:attachment":[{"href":"https:\/\/www.tekislastik.com\/de\/wp-json\/wp\/v2\/media?parent=67275"}],"wp:term":[{"taxonomy":"product_brand","embeddable":true,"href":"https:\/\/www.tekislastik.com\/de\/wp-json\/wp\/v2\/product_brand?post=67275"},{"taxonomy":"product_cat","embeddable":true,"href":"https:\/\/www.tekislastik.com\/de\/wp-json\/wp\/v2\/product_cat?post=67275"},{"taxonomy":"product_tag","embeddable":true,"href":"https:\/\/www.tekislastik.com\/de\/wp-json\/wp\/v2\/product_tag?post=67275"}],"curies":[{"name":"wp","href":"https:\/\/api.w.org\/{rel}","templated":true}]}}