{"id":67267,"date":"2025-06-12T10:20:28","date_gmt":"2025-06-12T07:20:28","guid":{"rendered":"https:\/\/www.tekislastik.com\/?post_type=product&#038;p=67267"},"modified":"2025-09-08T14:22:56","modified_gmt":"2025-09-08T11:22:56","slug":"38mm-polypropylen-taschenband","status":"publish","type":"product","link":"https:\/\/www.tekislastik.com\/de\/38mm-polypropylen-taschenband\/","title":{"rendered":"38mm Polypropylen Taschenband"},"content":{"rendered":"<p data-start=\"68\" data-end=\"91\"><strong data-start=\"68\" data-end=\"91\">Einfache Anwendung:<\/strong><\/p>\n<p data-start=\"93\" data-end=\"611\">Das 38mm Polypropylen-Taschenband l\u00e4sst sich problemlos mit einer Schere auf die gew\u00fcnschte L\u00e4nge zuschneiden. Dank der verschiedenen Farb- und Gr\u00f6\u00dfenoptionen k\u00f6nnen Sie unser Produkt ganz einfach an Ihren Anwendungsbereich anpassen. Unsere Taschengurte bestehen aus hochwertigem Polypropylenmaterial, das f\u00fcr seine Strapazierf\u00e4higkeit, Festigkeit und Widerstandsf\u00e4higkeit gegen Abnutzung und Verschlei\u00df bekannt ist. Das macht sie ideal f\u00fcr den t\u00e4glichen Gebrauch, da sie den Herausforderungen des Alltags standhalten.<\/p>\n<p data-start=\"613\" data-end=\"643\"><strong data-start=\"613\" data-end=\"643\">Haltbarkeit und Weichheit:<\/strong><\/p>\n<p data-start=\"645\" data-end=\"1028\">Dank der hochwertigen Materialien, die in unseren Produkten verwendet werden, sind die 38mm Polypropylen-Taschengurte \u00e4u\u00dferst langlebig, langlebig und weich. Sie haben eine gute Abriebfestigkeit und Elastizit\u00e4t und knittern nicht leicht. Waschbar bis 40\u202f\u00b0C. Neben ihrer Strapazierf\u00e4higkeit sind sie atmungsaktiv und angenehm zu verwenden. Das garantiert Ihnen eine lange Lebensdauer.<\/p>\n<p data-start=\"1030\" data-end=\"1043\"><strong data-start=\"1030\" data-end=\"1043\">Material:<\/strong><\/p>\n<p data-start=\"1045\" data-end=\"1424\">Dieses hochwertige 38mm Polypropylen-Taschenband wird mit der Schmalwebtechnik hergestellt. Unsere Taschengurte bestehen aus hochwertigem Polypropylen, das sie besonders widerstandsf\u00e4hig macht. Unsere Produkte sind nach dem Standard 100 by Oeko-Tex zertifiziert. Wir bieten unsere Produkte und Dienstleistungen entsprechend diesen Zertifizierungsstandards an. 100\u202f% Polypropylen.<\/p>\n<p data-start=\"1426\" data-end=\"1448\"><strong data-start=\"1426\" data-end=\"1448\">Anwendungsbereich:<\/strong><\/p>\n<p data-start=\"1450\" data-end=\"1974\">Unsere Taschengurte sind leicht und angenehm, was sie ideal f\u00fcr den t\u00e4glichen Gebrauch macht. Selbst beim Tragen schwerer Lasten belasten oder st\u00f6ren sie nicht. Diese hochwertigen Taschengurte k\u00f6nnen problemlos mit Taschen in verschiedenen Farben verwendet werden. Durch ihre feine und robuste Struktur k\u00f6nnen Sie Ihre eigenen Taschengurte oder DIY-Projekte sogar zu Hause realisieren. Unsere Taschengurte sind hautfreundlich und weicher als viele andere Taschengurte. Die Haken lassen sich einfach an den Gurten befestigen.<\/p>\n<p data-start=\"1976\" data-end=\"1999\"><strong data-start=\"1976\" data-end=\"1999\">Einfache Reinigung:<\/strong><\/p>\n<p data-start=\"2001\" data-end=\"2183\">Das 38mm Polypropylen-Taschenband ist pflegeleicht, was es ideal f\u00fcr Outdoor-Aktivit\u00e4ten macht. Es kann mit einem feuchten Tuch abgewischt oder in der Waschmaschine gewaschen werden.<\/p>\n<p data-start=\"2185\" data-end=\"2207\"><strong data-start=\"2185\" data-end=\"2207\">Farben und Gr\u00f6\u00dfen:<\/strong><\/p>\n<p data-start=\"2209\" data-end=\"2347\">Unsere Taschengurte sind in verschiedenen Farben und Gr\u00f6\u00dfen erh\u00e4ltlich, sodass Sie sie je nach Verwendungszweck flexibel einsetzen k\u00f6nnen.<\/p>\n<p data-start=\"2349\" data-end=\"2364\"><strong data-start=\"2349\" data-end=\"2364\">Verpackung:<\/strong><\/p>\n<p data-start=\"2366\" data-end=\"2529\">Wir eliminieren die M\u00f6glichkeit von Staub, Verformung und Verschmutzung unserer hochwertigen Polypropylen-Taschengurte durch eine geeignete und sichere Verpackung.<\/p>\n","protected":false},"excerpt":{"rendered":"<p>Einfache Anwendung: Das 38mm Polypropylen-Taschenband l\u00e4sst sich problemlos mit einer Schere auf die gew\u00fcnschte L\u00e4nge zuschneiden. Dank der verschiedenen Farb- und Gr\u00f6\u00dfenoptionen k\u00f6nnen Sie unser Produkt ganz einfach an Ihren Anwendungsbereich anpassen. Unsere Taschengurte bestehen aus hochwertigem Polypropylenmaterial, das f\u00fcr&#8230;<\/p>\n","protected":false},"featured_media":61361,"comment_status":"open","ping_status":"closed","template":"","meta":[],"product_brand":[],"product_cat":[],"product_tag":[4906,4548,4907,5007,4999,4915,4908,6779,8512,6784,7061,4901,4895,4911],"class_list":{"0":"post-67267","1":"product","2":"type-product","3":"status-publish","4":"has-post-thumbnail","6":"product_tag-atmungsaktiv","7":"product_tag-diy","8":"product_tag-diy-de","9":"product_tag-diy-projekte","10":"product_tag-flexibel","11":"product_tag-langlebig","12":"product_tag-lebensdauer","13":"product_tag-oeko-tex","14":"product_tag-schwerer","15":"product_tag-standard","16":"product_tag-standard-100-oeko-tex-2","17":"product_tag-verpackung","18":"product_tag-waschbar","19":"product_tag-weicher","20":"pa_renk-beige","21":"pa_renk-grau","22":"pa_renk-kaffee","23":"pa_renk-khaki","24":"pa_renk-schwarz","26":"first","27":"instock","28":"taxable","29":"shipping-taxable","30":"purchasable","31":"product-type-simple"},"_links":{"self":[{"href":"https:\/\/www.tekislastik.com\/de\/wp-json\/wp\/v2\/product\/67267","targetHints":{"allow":["GET"]}}],"collection":[{"href":"https:\/\/www.tekislastik.com\/de\/wp-json\/wp\/v2\/product"}],"about":[{"href":"https:\/\/www.tekislastik.com\/de\/wp-json\/wp\/v2\/types\/product"}],"replies":[{"embeddable":true,"href":"https:\/\/www.tekislastik.com\/de\/wp-json\/wp\/v2\/comments?post=67267"}],"wp:featuredmedia":[{"embeddable":true,"href":"https:\/\/www.tekislastik.com\/de\/wp-json\/wp\/v2\/media\/61361"}],"wp:attachment":[{"href":"https:\/\/www.tekislastik.com\/de\/wp-json\/wp\/v2\/media?parent=67267"}],"wp:term":[{"taxonomy":"product_brand","embeddable":true,"href":"https:\/\/www.tekislastik.com\/de\/wp-json\/wp\/v2\/product_brand?post=67267"},{"taxonomy":"product_cat","embeddable":true,"href":"https:\/\/www.tekislastik.com\/de\/wp-json\/wp\/v2\/product_cat?post=67267"},{"taxonomy":"product_tag","embeddable":true,"href":"https:\/\/www.tekislastik.com\/de\/wp-json\/wp\/v2\/product_tag?post=67267"}],"curies":[{"name":"wp","href":"https:\/\/api.w.org\/{rel}","templated":true}]}}