{"id":67262,"date":"2025-06-12T09:51:49","date_gmt":"2025-06-12T06:51:49","guid":{"rendered":"https:\/\/www.tekislastik.com\/?post_type=product&#038;p=67262"},"modified":"2025-09-08T14:23:30","modified_gmt":"2025-09-08T11:23:30","slug":"20-mm-klappgummi","status":"publish","type":"product","link":"https:\/\/www.tekislastik.com\/de\/20-mm-klappgummi\/","title":{"rendered":"20\u202fmm Klappgummi"},"content":{"rendered":"<p data-start=\"61\" data-end=\"84\"><strong data-start=\"61\" data-end=\"84\">Einfache Anwendung:<\/strong><\/p>\n<p data-start=\"86\" data-end=\"408\">Das 20\u202fmm Faltgummiband l\u00e4sst sich leicht mit einer Schere auf die gew\u00fcnschte L\u00e4nge zuschneiden. Dank seiner angenehmen Dehn- und R\u00fcckstelleigenschaften ist es sehr komfortabel in der Anwendung. Mit verschiedenen Farb- und Gr\u00f6\u00dfenoptionen k\u00f6nnen Sie unsere Produkte problemlos entsprechend Ihrem Verwendungszweck einsetzen.<\/p>\n<p data-start=\"410\" data-end=\"443\"><strong data-start=\"410\" data-end=\"443\">Haltbarkeit und Flexibilit\u00e4t:<\/strong><\/p>\n<p data-start=\"445\" data-end=\"1013\">Faltgummib\u00e4nder, auch bekannt als 20\u202fmm Faltgummi, werden mit einer Webtechnik aus Nylon- und Lycra-Materialien hergestellt. In der Mitte der L\u00e4nge befindet sich eine Falzlinie. Im Vergleich zu Standardgummib\u00e4ndern sind sie deutlich weicher, elastischer und formstabiler und bieten somit eine langlebige Nutzung. Unsere Faltgummis zeichnen sich durch hervorragende Elastizit\u00e4t und Strapazierf\u00e4higkeit aus, sind leicht zu verpacken, atmungsaktiv, angenehm zu tragen und eignen sich ideal f\u00fcr DIY-Projekte. Zudem sind sie vielseitig einsetzbar und bis zu 40\u202f\u00b0C waschbar.<\/p>\n<p data-start=\"1015\" data-end=\"1028\"><strong data-start=\"1015\" data-end=\"1028\">Material:<\/strong><\/p>\n<p data-start=\"1030\" data-end=\"1311\">Unsere 20\u202fmm Faltgummis werden mit einer schmalen Webtechnik hergestellt. Sie bestehen aus hochwertigem Nylon-Garn und Lycra. Unsere Produkte sind nach dem OEKO-TEX Standard 100 zertifiziert. Wir bieten unsere Produkte und Dienstleistungen gem\u00e4\u00df diesen Zertifizierungsstandards an.<\/p>\n<p data-start=\"1313\" data-end=\"1339\"><strong data-start=\"1313\" data-end=\"1339\">Breites Einsatzgebiet:<\/strong><\/p>\n<p data-start=\"1341\" data-end=\"1892\">Faltgummis werden an den R\u00e4ndern elastischer Kleidungsst\u00fccke wie Unterw\u00e4sche, Badebekleidung, Pyjamas, Babykleidung und Stoffpuppen verwendet. Aufgrund ihrer Strapazierf\u00e4higkeit und der Vielfalt an Farben werden sie auch gerne f\u00fcr Baby- und Kinderstirnb\u00e4nder eingesetzt. Dar\u00fcber hinaus finden sie Anwendung in der Schuhindustrie zur Randverst\u00e4rkung von Damenschuhen und Hausschuhen, in der Werbebranche zur Geschenkverpackung, in der Druckbranche zur stilvollen Verzierung von Einladungen und sogar zur Herstellung von Armb\u00e4ndern im Accessoirebereich.<\/p>\n<p data-start=\"1894\" data-end=\"1914\"><strong data-start=\"1894\" data-end=\"1914\">Farbe und Gr\u00f6\u00dfe:<\/strong><\/p>\n<p data-start=\"1916\" data-end=\"2094\">Unsere hochwertigen 20\u202fmm Faltgummis sind in verschiedenen Farb- und Gr\u00f6\u00dfenvarianten erh\u00e4ltlich, sodass sie perfekt an Ihren gew\u00fcnschten Verwendungszweck angepasst werden k\u00f6nnen.<\/p>\n<p data-start=\"2096\" data-end=\"2111\"><strong data-start=\"2096\" data-end=\"2111\">Verpackung:<\/strong><\/p>\n<p data-start=\"2113\" data-end=\"2260\">Durch unsere optimal und sicher gestaltete Verpackung eliminieren wir die Gefahr von Staubbildung, Verformung und Verschmutzung unserer Faltgummis.<\/p>\n","protected":false},"excerpt":{"rendered":"<p>Einfache Anwendung: Das 20\u202fmm Faltgummiband l\u00e4sst sich leicht mit einer Schere auf die gew\u00fcnschte L\u00e4nge zuschneiden. Dank seiner angenehmen Dehn- und R\u00fcckstelleigenschaften ist es sehr komfortabel in der Anwendung. Mit verschiedenen Farb- und Gr\u00f6\u00dfenoptionen k\u00f6nnen Sie unsere Produkte problemlos entsprechend&#8230;<\/p>\n","protected":false},"featured_media":62053,"comment_status":"open","ping_status":"closed","template":"","meta":[],"product_brand":[],"product_cat":[2788,3115],"product_tag":[7175,7087,6255,4906,4907,4548,5007,7339,4903,6256,8494,7088,4896,4611,6901,4621,6779,7089,5008,4632,4912,6902,6784,4913,4901,4895,4911],"class_list":{"0":"post-67262","1":"product","2":"type-product","3":"status-publish","4":"has-post-thumbnail","6":"product_cat-elastisch","7":"product_cat-gewebtes-gummiband-de-2","8":"product_tag-20-mm","9":"product_tag-20mm-de","10":"product_tag-20mm-fold-over-elastic-de","11":"product_tag-atmungsaktiv","12":"product_tag-diy-de","13":"product_tag-diy","14":"product_tag-diy-projekte","15":"product_tag-elastic-de-2","16":"product_tag-farbe","17":"product_tag-fold-over-elastic-de-2","18":"product_tag-langlebige-nutzung","19":"product_tag-lastik-de","20":"product_tag-lycra-de","21":"product_tag-lycra","22":"product_tag-nylon-de-2","23":"product_tag-nylon","24":"product_tag-oeko-tex","25":"product_tag-oeko-tex-de","26":"product_tag-oeko-tex-standard-100-de","27":"product_tag-oeko-tex-standard-100","28":"product_tag-schuhindustrie","29":"product_tag-standard-de","30":"product_tag-standard","31":"product_tag-unterwaesche","32":"product_tag-verpackung","33":"product_tag-waschbar","34":"product_tag-weicher","35":"pa_renk-baby-blau","36":"pa_renk-beige","37":"pa_renk-beyaz","38":"pa_renk-blau","39":"pa_renk-dunkelblau","40":"pa_renk-gelb","41":"pa_renk-getrocknete-rose","42":"pa_renk-grau","43":"pa_renk-khaki","44":"pa_renk-orange","45":"pa_renk-pulver","46":"pa_renk-rot","47":"pa_renk-sax-blue","48":"pa_renk-sax-blue-tr","49":"pa_renk-schwarz","50":"pa_renk-turkis","51":"pa_renk-violett","52":"pa_renk-weiss","54":"first","55":"instock","56":"taxable","57":"shipping-taxable","58":"purchasable","59":"product-type-simple"},"_links":{"self":[{"href":"https:\/\/www.tekislastik.com\/de\/wp-json\/wp\/v2\/product\/67262","targetHints":{"allow":["GET"]}}],"collection":[{"href":"https:\/\/www.tekislastik.com\/de\/wp-json\/wp\/v2\/product"}],"about":[{"href":"https:\/\/www.tekislastik.com\/de\/wp-json\/wp\/v2\/types\/product"}],"replies":[{"embeddable":true,"href":"https:\/\/www.tekislastik.com\/de\/wp-json\/wp\/v2\/comments?post=67262"}],"wp:featuredmedia":[{"embeddable":true,"href":"https:\/\/www.tekislastik.com\/de\/wp-json\/wp\/v2\/media\/62053"}],"wp:attachment":[{"href":"https:\/\/www.tekislastik.com\/de\/wp-json\/wp\/v2\/media?parent=67262"}],"wp:term":[{"taxonomy":"product_brand","embeddable":true,"href":"https:\/\/www.tekislastik.com\/de\/wp-json\/wp\/v2\/product_brand?post=67262"},{"taxonomy":"product_cat","embeddable":true,"href":"https:\/\/www.tekislastik.com\/de\/wp-json\/wp\/v2\/product_cat?post=67262"},{"taxonomy":"product_tag","embeddable":true,"href":"https:\/\/www.tekislastik.com\/de\/wp-json\/wp\/v2\/product_tag?post=67262"}],"curies":[{"name":"wp","href":"https:\/\/api.w.org\/{rel}","templated":true}]}}