{"id":67251,"date":"2025-06-11T17:49:05","date_gmt":"2025-06-11T14:49:05","guid":{"rendered":"https:\/\/www.tekislastik.com\/?post_type=product&#038;p=67251"},"modified":"2025-09-08T14:23:32","modified_gmt":"2025-09-08T11:23:32","slug":"35-mm-mus-gummiband","status":"publish","type":"product","link":"https:\/\/www.tekislastik.com\/de\/35-mm-mus-gummiband\/","title":{"rendered":"35 mm Mus-Gummiband"},"content":{"rendered":"<p data-start=\"64\" data-end=\"92\"><strong data-start=\"64\" data-end=\"90\">Nat\u00fcrlich und Stilvoll<\/strong><\/p>\n<p data-start=\"94\" data-end=\"281\">Das 35 mm Mus-Gummiband l\u00e4sst sich ganz einfach auf die gew\u00fcnschte L\u00e4nge zuschneiden. Mit verschiedenen Farb- und Gr\u00f6\u00dfenoptionen k\u00f6nnen Sie unser Produkt ganz nach Ihrem Bedarf verwenden.<\/p>\n<p data-start=\"283\" data-end=\"317\"><strong data-start=\"283\" data-end=\"315\">Haltbarkeit und Flexibilit\u00e4t<\/strong><\/p>\n<p data-start=\"319\" data-end=\"504\">Das 35 mm Mus-Gummiband wird aus hochwertigem Material hergestellt und ist \u00e4u\u00dferst langlebig sowie langlebig. Dank seiner flexiblen Struktur ist es zudem sehr angenehm in der Anwendung.<\/p>\n<p data-start=\"506\" data-end=\"520\"><strong data-start=\"506\" data-end=\"518\">Material<\/strong><\/p>\n<p data-start=\"522\" data-end=\"670\">Das Mus-Gummiband wird aus nat\u00fcrlichen und hochwertigen Materialien hergestellt. Dadurch bieten wir eine umweltfreundliche und langlebige Option an.<\/p>\n<p data-start=\"672\" data-end=\"695\"><strong data-start=\"672\" data-end=\"693\">Anwendungsbereich<\/strong><\/p>\n<p data-start=\"697\" data-end=\"966\">Das Mus-Gummiband hat ein breites Einsatzspektrum in verschiedenen Bereichen wie Textilprojekten, Sportbekleidung, Taschenherstellung, Dekoration und Verpackung. Lassen Sie Ihrer Kreativit\u00e4t freien Lauf und verwenden Sie dieses Gummiband in unterschiedlichen Projekten.<\/p>\n<p data-start=\"968\" data-end=\"992\"><strong data-start=\"968\" data-end=\"990\">Einfache Reinigung<\/strong><\/p>\n<p data-start=\"994\" data-end=\"1135\">Das Mus-Gummiband ist leicht zu reinigen und zu pflegen. Es kann problemlos mit einem feuchten Tuch oder milder Seifenlauge ges\u00e4ubert werden.<\/p>\n<p data-start=\"1137\" data-end=\"1167\"><strong data-start=\"1137\" data-end=\"1165\">Farb- und Gr\u00f6\u00dfenoptionen<\/strong><\/p>\n<p data-start=\"1169\" data-end=\"1660\">Mit verschiedenen Farb- und Gr\u00f6\u00dfenvarianten kann das 35 mm Mus-Gummiband perfekt auf Ihre Projekte abgestimmt werden. Die Vielfalt an Farben und Gr\u00f6\u00dfen bietet sowohl \u00e4sthetische als auch funktionale Anpassungsm\u00f6glichkeiten f\u00fcr Ihre Projekte. Diese Auswahl erleichtert Ihnen die Entscheidung je nach Ihren besonderen Bed\u00fcrfnissen und Vorlieben. Das breite Farbspektrum verleiht Ihren Projekten Lebendigkeit, w\u00e4hrend unterschiedliche Breiten f\u00fcr verschiedene Anwendungen perfekt geeignet sind.<\/p>\n<p data-start=\"1662\" data-end=\"1678\"><strong data-start=\"1662\" data-end=\"1676\">Verpackung<\/strong><\/p>\n<p data-start=\"1680\" data-end=\"2145\">Mit der von uns entwickelten optimalen und sicheren Verpackung eliminieren wir das Risiko von Staub, Verformung und Verschmutzung unserer Produkte. Diese sorgf\u00e4ltige Verpackung stellt sicher, dass unsere Produkte Sie unter besten Bedingungen erreichen. W\u00e4hrend des Verpackungsprozesses werden Ma\u00dfnahmen getroffen, um Sch\u00e4den beim Transport und bei der Lagerung zu vermeiden. So garantieren wir, dass unsere Produkte vor der Verwendung in einwandfreiem Zustand sind.<\/p>\n","protected":false},"excerpt":{"rendered":"<p>Nat\u00fcrlich und Stilvoll Das 35 mm Mus-Gummiband l\u00e4sst sich ganz einfach auf die gew\u00fcnschte L\u00e4nge zuschneiden. Mit verschiedenen Farb- und Gr\u00f6\u00dfenoptionen k\u00f6nnen Sie unser Produkt ganz nach Ihrem Bedarf verwenden. Haltbarkeit und Flexibilit\u00e4t Das 35 mm Mus-Gummiband wird aus hochwertigem&#8230;<\/p>\n","protected":false},"featured_media":58683,"comment_status":"open","ping_status":"closed","template":"","meta":[],"product_brand":[],"product_cat":[2788],"product_tag":[8491,8488,7081,8480,8486,4905,4915,7088,8487,8481,8489,8492,4901],"class_list":{"0":"post-67251","1":"product","2":"type-product","3":"status-publish","4":"has-post-thumbnail","6":"product_cat-elastisch","7":"product_tag-35-mm-de","8":"product_tag-35-mm","9":"product_tag-35mm-de","10":"product_tag-breites-einsatzspektrum","11":"product_tag-breites-einsatzspektrum-de","12":"product_tag-geeignet","13":"product_tag-langlebig","14":"product_tag-lastik-de","15":"product_tag-stilvoll-de","16":"product_tag-stilvoll","17":"product_tag-taschenherstellung","18":"product_tag-taschenherstellung-de","19":"product_tag-verpackung","20":"pa_renk-baby-blau","21":"pa_renk-beige","22":"pa_renk-blau","23":"pa_renk-gelb","24":"pa_renk-orange","25":"pa_renk-rosa","26":"pa_renk-rot","27":"pa_renk-schwarz","28":"pa_renk-weiss","30":"first","31":"instock","32":"taxable","33":"shipping-taxable","34":"purchasable","35":"product-type-simple"},"_links":{"self":[{"href":"https:\/\/www.tekislastik.com\/de\/wp-json\/wp\/v2\/product\/67251","targetHints":{"allow":["GET"]}}],"collection":[{"href":"https:\/\/www.tekislastik.com\/de\/wp-json\/wp\/v2\/product"}],"about":[{"href":"https:\/\/www.tekislastik.com\/de\/wp-json\/wp\/v2\/types\/product"}],"replies":[{"embeddable":true,"href":"https:\/\/www.tekislastik.com\/de\/wp-json\/wp\/v2\/comments?post=67251"}],"wp:featuredmedia":[{"embeddable":true,"href":"https:\/\/www.tekislastik.com\/de\/wp-json\/wp\/v2\/media\/58683"}],"wp:attachment":[{"href":"https:\/\/www.tekislastik.com\/de\/wp-json\/wp\/v2\/media?parent=67251"}],"wp:term":[{"taxonomy":"product_brand","embeddable":true,"href":"https:\/\/www.tekislastik.com\/de\/wp-json\/wp\/v2\/product_brand?post=67251"},{"taxonomy":"product_cat","embeddable":true,"href":"https:\/\/www.tekislastik.com\/de\/wp-json\/wp\/v2\/product_cat?post=67251"},{"taxonomy":"product_tag","embeddable":true,"href":"https:\/\/www.tekislastik.com\/de\/wp-json\/wp\/v2\/product_tag?post=67251"}],"curies":[{"name":"wp","href":"https:\/\/api.w.org\/{rel}","templated":true}]}}