{"id":67250,"date":"2025-06-11T17:38:34","date_gmt":"2025-06-11T14:38:34","guid":{"rendered":"https:\/\/www.tekislastik.com\/?post_type=product&#038;p=67250"},"modified":"2025-06-11T17:44:52","modified_gmt":"2025-06-11T14:44:52","slug":"4-mm-baumwollkorde","status":"publish","type":"product","link":"https:\/\/www.tekislastik.com\/de\/4-mm-baumwollkorde\/","title":{"rendered":"4 mm Baumwollkorde"},"content":{"rendered":"<p data-start=\"64\" data-end=\"92\"><strong data-start=\"64\" data-end=\"90\">Nat\u00fcrlich und Stilvoll<\/strong><\/p>\n<p data-start=\"94\" data-end=\"281\">Die 4 mm Baumwollkordel l\u00e4sst sich ganz einfach auf die gew\u00fcnschte L\u00e4nge zuschneiden. Mit verschiedenen Farb- und Gr\u00f6\u00dfenoptionen k\u00f6nnen Sie unser Produkt ganz nach Ihrem Bedarf verwenden.<\/p>\n<p data-start=\"283\" data-end=\"314\"><strong data-start=\"283\" data-end=\"312\">Haltbarkeit und Weichheit<\/strong><\/p>\n<p data-start=\"316\" data-end=\"517\">Die 4 mm Baumwollkordel wird aus hochwertigem Baumwollmaterial hergestellt, ist \u00e4u\u00dferst langlebig und hat eine lange Lebensdauer. Dank ihrer weichen Textur ist sie zudem sehr angenehm in der Anwendung.<\/p>\n<p data-start=\"519\" data-end=\"533\"><strong data-start=\"519\" data-end=\"531\">Material<\/strong><\/p>\n<p data-start=\"535\" data-end=\"735\">Unsere Baumwollkordel wird aus nat\u00fcrlichen und hochwertigen Baumwollgarnen hergestellt. Dadurch bieten wir eine umweltfreundliche und organische Option. F\u00fcr die Herstellung verwenden wir Rohbaumwolle.<\/p>\n<p data-start=\"737\" data-end=\"760\"><strong data-start=\"737\" data-end=\"758\">Anwendungsbereich<\/strong><\/p>\n<p data-start=\"762\" data-end=\"1057\">Die 4 mm Baumwollkordel hat ein breites Einsatzspektrum in verschiedenen Bereichen wie Handarbeiten, Schmuckherstellung, Druckerei, Textilindustrie sowie f\u00fcr Dekoration und Verpackung. Lassen Sie Ihrer Kreativit\u00e4t freien Lauf und verwenden Sie diese Baumwollkordel f\u00fcr unterschiedliche Projekte.<\/p>\n<p data-start=\"1059\" data-end=\"1083\"><strong data-start=\"1059\" data-end=\"1081\">Einfache Reinigung<\/strong><\/p>\n<p data-start=\"1085\" data-end=\"1302\">Die Baumwollkordel ist leicht zu reinigen und zu pflegen. Sie kann einfach mit einem feuchten Tuch oder milder Seifenlauge gereinigt werden. Selbst bei l\u00e4ngerem Gebrauch beh\u00e4lt sie ihre urspr\u00fcngliche Textur und Farbe.<\/p>\n<p data-start=\"1304\" data-end=\"1334\"><strong data-start=\"1304\" data-end=\"1332\">Farb- und Gr\u00f6\u00dfenoptionen<\/strong><\/p>\n<p data-start=\"1336\" data-end=\"1598\">Mit verschiedenen Farb- und Gr\u00f6\u00dfenvarianten kann die 4 mm Baumwollkordel perfekt auf Ihre Projekte abgestimmt werden. Sie bietet eine ideale L\u00f6sung f\u00fcr jedes Vorhaben. Wir bieten eine breite Palette an Farben und Gr\u00f6\u00dfen, um Ihren Anforderungen gerecht zu werden.<\/p>\n<p data-start=\"1600\" data-end=\"1616\"><strong data-start=\"1600\" data-end=\"1614\">Verpackung<\/strong><\/p>\n<p data-start=\"1618\" data-end=\"1889\">Unser Baumwollkordel-Produkt wird auf sichere und passende Weise verpackt und an Sie geliefert. So k\u00f6nnen Sie es ohne Risiko von Deformation oder Verschmutzung direkt verwenden. Um h\u00f6chste Kundenzufriedenheit zu gew\u00e4hrleisten, erfolgt die Verpackung mit gr\u00f6\u00dfter Sorgfalt.<\/p>\n","protected":false},"excerpt":{"rendered":"<p>Nat\u00fcrlich und Stilvoll Die 4 mm Baumwollkordel l\u00e4sst sich ganz einfach auf die gew\u00fcnschte L\u00e4nge zuschneiden. Mit verschiedenen Farb- und Gr\u00f6\u00dfenoptionen k\u00f6nnen Sie unser Produkt ganz nach Ihrem Bedarf verwenden. Haltbarkeit und Weichheit Die 4 mm Baumwollkordel wird aus hochwertigem&#8230;<\/p>\n","protected":false},"featured_media":58734,"comment_status":"open","ping_status":"closed","template":"","meta":[],"product_brand":[],"product_cat":[],"product_tag":[8479,8485,7549,8480,8486,4903,4915,7088,4908,8481,8487,7090,4901],"class_list":{"0":"post-67250","1":"product","2":"type-product","3":"status-publish","4":"has-post-thumbnail","6":"product_tag-4-mm","7":"product_tag-4-mm-de","8":"product_tag-baumwollkordel","9":"product_tag-breites-einsatzspektrum","10":"product_tag-breites-einsatzspektrum-de","11":"product_tag-farbe","12":"product_tag-langlebig","13":"product_tag-lastik-de","14":"product_tag-lebensdauer","15":"product_tag-stilvoll","16":"product_tag-stilvoll-de","17":"product_tag-tekis-lastik-de","18":"product_tag-verpackung","20":"first","21":"instock","22":"taxable","23":"shipping-taxable","24":"purchasable","25":"product-type-simple"},"_links":{"self":[{"href":"https:\/\/www.tekislastik.com\/de\/wp-json\/wp\/v2\/product\/67250","targetHints":{"allow":["GET"]}}],"collection":[{"href":"https:\/\/www.tekislastik.com\/de\/wp-json\/wp\/v2\/product"}],"about":[{"href":"https:\/\/www.tekislastik.com\/de\/wp-json\/wp\/v2\/types\/product"}],"replies":[{"embeddable":true,"href":"https:\/\/www.tekislastik.com\/de\/wp-json\/wp\/v2\/comments?post=67250"}],"wp:featuredmedia":[{"embeddable":true,"href":"https:\/\/www.tekislastik.com\/de\/wp-json\/wp\/v2\/media\/58734"}],"wp:attachment":[{"href":"https:\/\/www.tekislastik.com\/de\/wp-json\/wp\/v2\/media?parent=67250"}],"wp:term":[{"taxonomy":"product_brand","embeddable":true,"href":"https:\/\/www.tekislastik.com\/de\/wp-json\/wp\/v2\/product_brand?post=67250"},{"taxonomy":"product_cat","embeddable":true,"href":"https:\/\/www.tekislastik.com\/de\/wp-json\/wp\/v2\/product_cat?post=67250"},{"taxonomy":"product_tag","embeddable":true,"href":"https:\/\/www.tekislastik.com\/de\/wp-json\/wp\/v2\/product_tag?post=67250"}],"curies":[{"name":"wp","href":"https:\/\/api.w.org\/{rel}","templated":true}]}}