{"id":67044,"date":"2025-06-03T18:07:13","date_gmt":"2025-06-03T15:07:13","guid":{"rendered":"https:\/\/www.tekislastik.com\/?post_type=product&#038;p=67044"},"modified":"2025-09-08T14:30:45","modified_gmt":"2025-09-08T11:30:45","slug":"leitermuster","status":"publish","type":"product","link":"https:\/\/www.tekislastik.com\/de\/leitermuster\/","title":{"rendered":"Leitermuster"},"content":{"rendered":"<h2 data-start=\"47\" data-end=\"95\"><strong>Leitermuster<\/strong><\/h2>\n<p data-start=\"47\" data-end=\"95\"><strong data-start=\"47\" data-end=\"95\">Leitermuster-Gummi: \u00c4sthetik und Haltbarkeit<\/strong><\/p>\n<p data-start=\"97\" data-end=\"521\">Leitermuster-Gummi ist ein Produkt, das mit schmalen Webtechniken hergestellt wird und besonders durch seine \u00e4sthetische Anziehungskraft und Haltbarkeit hervortritt. Diese Gummis werden aus verschiedenen Garnarten (Polyester, Polypropylen, Nylon, recycelte Garne) und Naturkautschuk gefertigt. Die Leitermuster verleihen dem Gummi ein feines und elegantes Aussehen und machen ihn f\u00fcr den Einsatz in vielen Branchen geeignet.<\/p>\n<p data-start=\"523\" data-end=\"545\"><strong data-start=\"523\" data-end=\"545\">Anwendungsbereiche<\/strong><\/p>\n<p data-start=\"547\" data-end=\"994\">Gemusterte Gummis werden in verschiedenen Bereichen wie Textil, Schuhindustrie, Kurzwaren, Medizin, Druck und Promotion weit verbreitet verwendet. In der Textilindustrie werden sie besonders in Kinder- und Babykleidung, Sportbekleidung und modischen Accessoires bevorzugt. Zudem werden sie in der Schuhindustrie eingesetzt, um \u00c4sthetik und Funktionalit\u00e4t zu verbessern. Im Kurzwarenbereich dienen sie f\u00fcr Handarbeitsprojekte und dekorative Zwecke.<\/p>\n<p data-start=\"996\" data-end=\"1035\"><strong data-start=\"996\" data-end=\"1035\">Qualit\u00e4t der Teki\u015f Gummi-Produktion<\/strong><\/p>\n<p data-start=\"1037\" data-end=\"1357\">Teki\u015f Gummi h\u00e4lt hohe Qualit\u00e4tsstandards bei der Herstellung von Leitermustern ein. Unser erfahrenes und fachkundiges Team produziert mit High-Tech-Maschinen. Unsere Produkte bieten hervorragende Haltbarkeit und \u00c4sthetik. Jeder Produktionsschritt wird sorgf\u00e4ltig kontrolliert und gem\u00e4\u00df den Qualit\u00e4tsstandards ausgef\u00fchrt.<\/p>\n<p data-start=\"1359\" data-end=\"1397\"><strong data-start=\"1359\" data-end=\"1397\">Produktvarianten und Eigenschaften<\/strong><\/p>\n<p data-start=\"1399\" data-end=\"1726\">Gemusterte Gummis k\u00f6nnen in Breiten von 10 mm bis 160 mm produziert werden. Die Produkte werden je nach Kundenwunsch in verschiedenen H\u00e4rtegraden, Gewichten und Elastizit\u00e4tsoptionen angeboten. Leitermuster verbessern die \u00e4sthetischen und funktionalen Eigenschaften der Gummis, was sie zur idealen Wahl f\u00fcr viele Projekte macht.<\/p>\n<p data-start=\"1728\" data-end=\"1759\"><strong data-start=\"1728\" data-end=\"1759\">Qualit\u00e4t und Zertifizierung<\/strong><\/p>\n<p data-start=\"1761\" data-end=\"2071\">Teki\u015f Gummi betrachtet Qualit\u00e4ts- und Haltbarkeitsstandards als ein zentrales Unternehmensprinzip. Unsere Produkte sind nach dem OEKO-TEX Standard 100 zertifiziert, was die Einhaltung internationaler Qualit\u00e4tsstandards best\u00e4tigt. Unsere Zertifizierung beweist die Zuverl\u00e4ssigkeit und Qualit\u00e4t unserer Produkte.<\/p>\n<p data-start=\"2073\" data-end=\"2111\"><strong data-start=\"2073\" data-end=\"2111\">Verpackung und Kundenzufriedenheit<\/strong><\/p>\n<p data-start=\"2113\" data-end=\"2568\">Der Verpackungsprozess hat f\u00fcr Teki\u015f Gummi eine gro\u00dfe Bedeutung. Mit unserem erfahrenen Personal und hochmodernen Maschinen erfolgt die Verpackung in verschiedenen Gr\u00f6\u00dfen und nach Kundenwunsch. F\u00fcr Kurzwaren- und Einzelhandelskunden werden 5-Meter-Kartenrollen bereitgestellt, w\u00e4hrend f\u00fcr Industriekunden 25-Meter-Spulen verwendet werden. Jeder Verpackungsschritt wird sorgf\u00e4ltig entsprechend den Produkteigenschaften und Kundenanforderungen durchgef\u00fchrt.<\/p>\n<p data-start=\"2570\" data-end=\"2586\"><strong data-start=\"2570\" data-end=\"2586\">Kundendienst<\/strong><\/p>\n<p data-start=\"2588\" data-end=\"2936\">Z\u00f6gern Sie nicht, uns f\u00fcr Ihre Leitermuster-Gummi-Bed\u00fcrfnisse zu kontaktieren. Unser erfahrenes und kompetentes Team stellt die Kundenzufriedenheit stets an erste Stelle, indem es h\u00f6chste Qualit\u00e4t bietet. Teki\u015f Gummi behauptet seine f\u00fchrende Position in der Branche und kann mit verschiedenen Farb- und Musteroptionen all Ihre Bed\u00fcrfnisse erf\u00fcllen.<\/p>\n","protected":false},"excerpt":{"rendered":"<p>Leitermuster Leitermuster-Gummi: \u00c4sthetik und Haltbarkeit Leitermuster-Gummi ist ein Produkt, das mit schmalen Webtechniken hergestellt wird und besonders durch seine \u00e4sthetische Anziehungskraft und Haltbarkeit hervortritt. Diese Gummis werden aus verschiedenen Garnarten (Polyester, Polypropylen, Nylon, recycelte Garne) und Naturkautschuk gefertigt. Die Leitermuster&#8230;<\/p>\n","protected":false},"featured_media":25866,"comment_status":"open","ping_status":"closed","template":"","meta":[],"product_brand":[],"product_cat":[],"product_tag":[8084,7653,8537,4905,4899,8462,8465,6901,4621,6779,7089,4632,5008,4897,4546,8467,4623,5005,4912,6902,6784,7090,4901],"class_list":{"0":"post-67044","1":"product","2":"type-product","3":"status-publish","4":"has-post-thumbnail","6":"product_tag-10-mm-de","7":"product_tag-10-mm","8":"product_tag-elegant-de","9":"product_tag-geeignet","10":"product_tag-gummi","11":"product_tag-industriekunden","12":"product_tag-industriekunden-de","13":"product_tag-nylon-de-2","14":"product_tag-nylon","15":"product_tag-oeko-tex","16":"product_tag-oeko-tex-de","17":"product_tag-oeko-tex-standard-100","18":"product_tag-oeko-tex-standard-100-de","19":"product_tag-polyester-de","20":"product_tag-polyester","21":"product_tag-promotion-de","22":"product_tag-promotion","23":"product_tag-qualitaet","24":"product_tag-schuhindustrie","25":"product_tag-standard-de","26":"product_tag-standard","27":"product_tag-tekis-lastik-de","28":"product_tag-verpackung","30":"first","31":"instock","32":"taxable","33":"shipping-taxable","34":"product-type-simple"},"_links":{"self":[{"href":"https:\/\/www.tekislastik.com\/de\/wp-json\/wp\/v2\/product\/67044","targetHints":{"allow":["GET"]}}],"collection":[{"href":"https:\/\/www.tekislastik.com\/de\/wp-json\/wp\/v2\/product"}],"about":[{"href":"https:\/\/www.tekislastik.com\/de\/wp-json\/wp\/v2\/types\/product"}],"replies":[{"embeddable":true,"href":"https:\/\/www.tekislastik.com\/de\/wp-json\/wp\/v2\/comments?post=67044"}],"wp:featuredmedia":[{"embeddable":true,"href":"https:\/\/www.tekislastik.com\/de\/wp-json\/wp\/v2\/media\/25866"}],"wp:attachment":[{"href":"https:\/\/www.tekislastik.com\/de\/wp-json\/wp\/v2\/media?parent=67044"}],"wp:term":[{"taxonomy":"product_brand","embeddable":true,"href":"https:\/\/www.tekislastik.com\/de\/wp-json\/wp\/v2\/product_brand?post=67044"},{"taxonomy":"product_cat","embeddable":true,"href":"https:\/\/www.tekislastik.com\/de\/wp-json\/wp\/v2\/product_cat?post=67044"},{"taxonomy":"product_tag","embeddable":true,"href":"https:\/\/www.tekislastik.com\/de\/wp-json\/wp\/v2\/product_tag?post=67044"}],"curies":[{"name":"wp","href":"https:\/\/api.w.org\/{rel}","templated":true}]}}