{"id":61191,"date":"2023-05-05T09:29:03","date_gmt":"2023-06-09T07:58:14","guid":{"rendered":"https:\/\/www.tekislastik.com\/?post_type=product&#038;p=61191"},"modified":"2024-07-11T18:04:36","modified_gmt":"2024-07-11T15:04:36","slug":"38mm-dokuma-canta-kolonu","status":"publish","type":"product","link":"https:\/\/www.tekislastik.com\/de\/38mm-dokuma-canta-kolonu\/","title":{"rendered":"38mm Dokuma \u00c7anta Kolonu"},"content":{"rendered":"<ul>\n<li><strong>Kullan\u0131m\u0131 Kolay:<\/strong><\/li>\n<\/ul>\n<p>38mm dokuma \u00e7anta kolonu, istedi\u011finiz uzunlukta kolayca kesilebilen bir yap\u0131ya sahiptir. Farkl\u0131 renk ve beden se\u00e7enekleriyle, \u00fcr\u00fcn\u00fcm\u00fcz\u00fc kullan\u0131m alan\u0131n\u0131za uygun \u015fekilde rahatl\u0131kla kullanabilirsiniz. G\u00fcnl\u00fck kullan\u0131m i\u00e7in ideal olan \u00e7anta ask\u0131m\u0131z, y\u00fcksek kaliteli malzemeden \u00fcretilmi\u015ftir ve dayan\u0131kl\u0131l\u0131\u011f\u0131, sa\u011flaml\u0131\u011f\u0131 ve a\u015f\u0131nmaya kar\u015f\u0131 direnciyle bilinir.<\/p>\n<ul>\n<li><strong>Dayan\u0131kl\u0131l\u0131k ve Yumu\u015fakl\u0131k:<\/strong><\/li>\n<\/ul>\n<p>\u00dcr\u00fcn\u00fcm\u00fczde kullan\u0131lan y\u00fcksek kaliteli malzemeler sayesinde 38mm bask\u0131l\u0131 \u00e7anta kolonu son derece dayan\u0131kl\u0131, uzun \u00f6m\u00fcrl\u00fc ve yumu\u015fakt\u0131r. \u0130yi bir a\u015f\u0131nma direncine sahip olan \u00e7anta ask\u0131m\u0131z kolayca buru\u015fmaz. Ayr\u0131ca y\u0131kanabilir \u00f6zelli\u011fiyle de kullan\u0131m\u0131 kolayd\u0131r. Dayan\u0131kl\u0131l\u0131\u011f\u0131n\u0131n yan\u0131 s\u0131ra nefes alabilir ve kullan\u0131m\u0131 rahatt\u0131r. Bu \u00f6zellikler, uzun bir hizmet \u00f6mr\u00fc sunar.<\/p>\n<ul>\n<li><strong>Malzeme:<\/strong><\/li>\n<\/ul>\n<p>38mm dokuma \u00e7anta kolonu, y\u00fcksek kaliteli polyester malzemeden \u00fcretilir. Dayan\u0131kl\u0131l\u0131\u011f\u0131n\u0131 art\u0131ran bu malzeme, uzun s\u00fcreli kullan\u0131ma uygun bir yap\u0131ya sahiptir.<\/p>\n<ul>\n<li><strong>Kullan\u0131m Alan\u0131:<\/strong><\/li>\n<\/ul>\n<p>38mm dokuma \u00e7anta kolonu, farkl\u0131 renkteki \u00e7antalar i\u00e7in ideal bir se\u00e7enektir. \u015e\u0131k ve dekoratif bask\u0131lar\u0131yla \u00e7antalar\u0131n\u0131za \u00f6zel bir g\u00f6r\u00fcn\u00fcm katar. Farkl\u0131 beden se\u00e7enekleriyle kullan\u0131m alan\u0131n\u0131za uygun bir \u00e7anta ask\u0131s\u0131 se\u00e7ebilirsiniz.<\/p>\n<ul>\n<li><strong>Kolay Temizlenir:<\/strong><\/li>\n<\/ul>\n<p>38mm dokuma \u00e7anta kolonu, temizlenmesi ve bak\u0131m\u0131 kolayd\u0131r. Bir bezle silerek veya hafif bir sabunlu suyla temizleyerek \u00e7anta ask\u0131n\u0131z\u0131 temiz tutabilirsiniz.<\/p>\n<ul>\n<li><strong>Renk ve Beden:<\/strong><\/li>\n<\/ul>\n<p>Farkl\u0131 renk ve beden se\u00e7enekleriyle \u00e7anta ask\u0131n\u0131z\u0131 istedi\u011finiz gibi \u00f6zelle\u015ftirebilirsiniz.<\/p>\n<ul>\n<li><strong>\u00a0<\/strong><strong>Paketleme:<\/strong><\/li>\n<\/ul>\n<p>\u00dcr\u00fcn\u00fcm\u00fcz, uygun ve g\u00fcvenli bir \u015fekilde paketlenerek size ula\u015ft\u0131r\u0131l\u0131r. B\u00f6ylece \u00fcr\u00fcn\u00fcm\u00fczde herhangi bir deformasyon veya kirlenme riski olmadan kullan\u0131m\u0131na ba\u015flayabilirsiniz.<\/p>\n","protected":false},"excerpt":{"rendered":"<p>Kullan\u0131m\u0131 Kolay: 38mm dokuma \u00e7anta kolonu, istedi\u011finiz uzunlukta kolayca kesilebilen bir yap\u0131ya sahiptir. Farkl\u0131 renk ve beden se\u00e7enekleriyle, \u00fcr\u00fcn\u00fcm\u00fcz\u00fc kullan\u0131m alan\u0131n\u0131za uygun \u015fekilde rahatl\u0131kla kullanabilirsiniz. G\u00fcnl\u00fck kullan\u0131m i\u00e7in ideal olan \u00e7anta ask\u0131m\u0131z, y\u00fcksek kaliteli malzemeden \u00fcretilmi\u015ftir ve dayan\u0131kl\u0131l\u0131\u011f\u0131, sa\u011flaml\u0131\u011f\u0131 ve&#8230;<\/p>\n","protected":false},"featured_media":58821,"comment_status":"open","ping_status":"closed","template":"","meta":[],"product_brand":[],"product_cat":[2223,2307],"product_tag":[6325,6812,7647],"class_list":{"0":"post-61191","1":"product","2":"type-product","3":"status-publish","4":"has-post-thumbnail","6":"product_cat-canta-kolonu","7":"product_cat-serit","8":"product_tag-bag-tr","9":"product_tag-tekis-lastik","10":"product_tag-woven-tr","12":"first","13":"instock","14":"taxable","15":"shipping-taxable","16":"purchasable","17":"product-type-variable"},"_links":{"self":[{"href":"https:\/\/www.tekislastik.com\/de\/wp-json\/wp\/v2\/product\/61191","targetHints":{"allow":["GET"]}}],"collection":[{"href":"https:\/\/www.tekislastik.com\/de\/wp-json\/wp\/v2\/product"}],"about":[{"href":"https:\/\/www.tekislastik.com\/de\/wp-json\/wp\/v2\/types\/product"}],"replies":[{"embeddable":true,"href":"https:\/\/www.tekislastik.com\/de\/wp-json\/wp\/v2\/comments?post=61191"}],"wp:featuredmedia":[{"embeddable":true,"href":"https:\/\/www.tekislastik.com\/de\/wp-json\/wp\/v2\/media\/58821"}],"wp:attachment":[{"href":"https:\/\/www.tekislastik.com\/de\/wp-json\/wp\/v2\/media?parent=61191"}],"wp:term":[{"taxonomy":"product_brand","embeddable":true,"href":"https:\/\/www.tekislastik.com\/de\/wp-json\/wp\/v2\/product_brand?post=61191"},{"taxonomy":"product_cat","embeddable":true,"href":"https:\/\/www.tekislastik.com\/de\/wp-json\/wp\/v2\/product_cat?post=61191"},{"taxonomy":"product_tag","embeddable":true,"href":"https:\/\/www.tekislastik.com\/de\/wp-json\/wp\/v2\/product_tag?post=61191"}],"curies":[{"name":"wp","href":"https:\/\/api.w.org\/{rel}","templated":true}]}}