{"id":54352,"date":"2022-07-05T10:52:12","date_gmt":"2022-12-27T09:07:09","guid":{"rendered":"https:\/\/www.tekislastik.com\/?post_type=product&#038;p=54352"},"modified":"2025-09-08T15:03:09","modified_gmt":"2025-09-08T12:03:09","slug":"10mm-gro-elastik","status":"publish","type":"product","link":"https:\/\/www.tekislastik.com\/de\/10mm-gro-elastik\/","title":{"rendered":"10mm Gro Elastik"},"content":{"rendered":"<h2><strong>10mm Gro Elastik<\/strong><\/h2>\n<ul>\n<li>Das Gummiband l\u00e4sst sich bequem mit einer Schere auf die gew\u00fcnschte L\u00e4nge zuschneiden. Dank der verschiedenen Farb- und Gr\u00f6\u00dfenoptionen k\u00f6nnen Sie unsere Produkte je nach Einsatzbereich bequem verwenden.<\/li>\n<\/ul>\n<p><strong>Langlebigkeit und Flexibilit\u00e4t<\/strong><\/p>\n<ul>\n<li>10mm Gro Elastik ist eines der st\u00e4rksten Gummib\u00e4nder f\u00fcr Kleidungsst\u00fccke. Diese Art von Gummi schrumpft nicht, wenn es gedehnt wird, und verliert beim N\u00e4hen nicht seine Elastizit\u00e4t. Daher ist es ideal f\u00fcr Projekte mit mittelschweren und schweren Stoffen. Unser Produkt hat eine ausgezeichnete Flexibilit\u00e4t und Haltbarkeit, l\u00e4sst sich leicht verpacken, ist atmungsaktiv, leicht zu tragen und eignet sich f\u00fcr Heimwerkerprojekte. Es kann auch in vielen Bereichen eingesetzt werden. Waschbar bis zu 40\u00b0.<\/li>\n<\/ul>\n<p><strong>Material<\/strong><\/p>\n<ul>\n<li>Unsere Gummib\u00e4nder werden in enger Webtechnik hergestellt. Sie bestehen aus hochwertigem Polyestergarn und Naturkautschuklatex. Unsere Produkte haben das \u00d6ko-Tex Standard 100 Zertifikat. Wir bieten unsere Produkte und Dienstleistungen in \u00dcbereinstimmung mit diesen Zertifizierungsstandards an. 60% Polyester und 40% Naturkautschuklatex<\/li>\n<\/ul>\n<p><strong>Breites Einsatzgebiet<\/strong><\/p>\n<ul>\n<li>10mm Gro Elastik kann in vielen DIY-N\u00e4hprojekten, Hosen, Sportbekleidung, R\u00f6cke, Per\u00fccken, \u00c4rmel, Handschuhe, Masken, Kissen, H\u00fcte, Heimtextilien verwendet werden. Es kann zum N\u00e4hen vieler Dinge verwendet werden, wie z.B. gewebte Gummisocken, Kissen, schwarzer Stoff, Hosengummi, oder zur Herstellung von handgefertigten Notizb\u00fcchern.<\/li>\n<\/ul>\n<p><strong>Farbe und Gr\u00f6\u00dfe<\/strong><\/p>\n<ul>\n<li>Sie k\u00f6nnen diese Qualit\u00e4tsprodukte je nach gew\u00fcnschtem Einsatzbereich verwenden, wobei Farbe und Gr\u00f6\u00dfe in verschiedenen Variationen m\u00f6glich sind.<\/li>\n<\/ul>\n<p><strong>Verpackung<\/strong><\/p>\n<ul>\n<li>Wir schlie\u00dfen die M\u00f6glichkeit der Verstaubung, Verformung und Verunreinigung unserer Produkte durch die Verpackung aus, die wir auf die angemessenste und sicherste Weise herstellen.<\/li>\n<\/ul>\n","protected":false},"excerpt":{"rendered":"<p>10mm Gro Elastik Das Gummiband l\u00e4sst sich bequem mit einer Schere auf die gew\u00fcnschte L\u00e4nge zuschneiden. Dank der verschiedenen Farb- und Gr\u00f6\u00dfenoptionen k\u00f6nnen Sie unsere Produkte je nach Einsatzbereich bequem verwenden. Langlebigkeit und Flexibilit\u00e4t 10mm Gro Elastik ist eines der&#8230;<\/p>\n","protected":false},"featured_media":28696,"comment_status":"open","ping_status":"closed","template":"","meta":[],"product_brand":[],"product_cat":[],"product_tag":[7077,6804,4906,4907,7339,5338,4903,2728,4899,4904,4902,4897,4900,6902,7061,4901,4895],"class_list":{"0":"post-54352","1":"product","2":"type-product","3":"status-publish","4":"has-post-thumbnail","6":"product_tag-10mm-de","7":"product_tag-10mm","8":"product_tag-atmungsaktiv","9":"product_tag-diy-de","10":"product_tag-elastic-de-2","11":"product_tag-elastik-de-2","12":"product_tag-farbe","13":"product_tag-gewebtes-gummiband","14":"product_tag-gummi","15":"product_tag-naehen","16":"product_tag-naturkautschuklatex","17":"product_tag-polyester-de","18":"product_tag-polyestergarn","19":"product_tag-standard-de","20":"product_tag-standard-100-oeko-tex-2","21":"product_tag-verpackung","22":"product_tag-waschbar","23":"pa_renk-schwarz","24":"pa_renk-weiss","26":"first","27":"instock","28":"taxable","29":"shipping-taxable","30":"purchasable","31":"product-type-variable","32":"has-default-attributes"},"_links":{"self":[{"href":"https:\/\/www.tekislastik.com\/de\/wp-json\/wp\/v2\/product\/54352","targetHints":{"allow":["GET"]}}],"collection":[{"href":"https:\/\/www.tekislastik.com\/de\/wp-json\/wp\/v2\/product"}],"about":[{"href":"https:\/\/www.tekislastik.com\/de\/wp-json\/wp\/v2\/types\/product"}],"replies":[{"embeddable":true,"href":"https:\/\/www.tekislastik.com\/de\/wp-json\/wp\/v2\/comments?post=54352"}],"wp:featuredmedia":[{"embeddable":true,"href":"https:\/\/www.tekislastik.com\/de\/wp-json\/wp\/v2\/media\/28696"}],"wp:attachment":[{"href":"https:\/\/www.tekislastik.com\/de\/wp-json\/wp\/v2\/media?parent=54352"}],"wp:term":[{"taxonomy":"product_brand","embeddable":true,"href":"https:\/\/www.tekislastik.com\/de\/wp-json\/wp\/v2\/product_brand?post=54352"},{"taxonomy":"product_cat","embeddable":true,"href":"https:\/\/www.tekislastik.com\/de\/wp-json\/wp\/v2\/product_cat?post=54352"},{"taxonomy":"product_tag","embeddable":true,"href":"https:\/\/www.tekislastik.com\/de\/wp-json\/wp\/v2\/product_tag?post=54352"}],"curies":[{"name":"wp","href":"https:\/\/api.w.org\/{rel}","templated":true}]}}