{"id":49088,"date":"2022-07-04T06:05:21","date_gmt":"2022-11-11T14:39:24","guid":{"rendered":"https:\/\/www.tekislastik.com\/?post_type=product&#038;p=49088"},"modified":"2025-09-08T15:22:52","modified_gmt":"2025-09-08T12:22:52","slug":"25mm-gewebtes-gummiband","status":"publish","type":"product","link":"https:\/\/www.tekislastik.com\/de\/25mm-gewebtes-gummiband\/","title":{"rendered":"25mm Gewebtes Gummiband"},"content":{"rendered":"<h2>25mm Gewebtes Gummiband<\/h2>\n<p><strong>Einfach zu bedienen:<\/strong><\/p>\n<ul>\n<li>Das 25mm gewebtes Gummiband l\u00e4sst sich bequem mit einer Schere auf die gew\u00fcnschte L\u00e4nge zuschneiden. Mit verschiedenen Farb- und Gr\u00f6\u00dfenoptionen k\u00f6nnen Sie unsere Produkte bequem gem\u00e4\u00df Ihrem Einsatzbereich verwenden.<\/li>\n<\/ul>\n<p><strong>Haltbarkeit und Flexibilit\u00e4t:<\/strong><\/p>\n<ul>\n<li>25mm Gewebtes Gummiband ist das st\u00e4rkste Gummiband f\u00fcr Kleidungsst\u00fccke. Diese Art von Gummi schrumpft nicht, wenn sie gedehnt wird, und verliert ihre Elastizit\u00e4t nicht, wenn sie gen\u00e4ht wird. Daher ist es ideal f\u00fcr Projekte mit mittelschweren und schweren Stoffen. Unser Produkt hat eine hervorragende Flexibilit\u00e4t und Haltbarkeit, ist leicht zu verpacken, atmungsaktiv, leicht zu tragen und f\u00fcr Heimwerkerprojekte geeignet. Es kann auch in vielen Bereichen eingesetzt werden. Waschbar bis 60\u00b0.<\/li>\n<\/ul>\n<p><strong>Material:<\/strong><\/p>\n<ul>\n<li>Unsere gewebten Gummib\u00e4nder werden in enger Webtechnik hergestellt. Es besteht aus hochwertigem Polyestergarn und Naturkautschuklatex. Unsere Produkte haben das \u00d6ko-Tex-Zertifikat Standard 100. Wir bieten unsere Produkte und Dienstleistungen gem\u00e4\u00df diesen Zertifizierungsstandards an. 55 % Polyester und 45 % Naturkautschuklatex<\/li>\n<\/ul>\n<p><strong>Breites Einsatzgebiet:<\/strong><\/p>\n<ul>\n<li>25mm Gewebtes Gummiband kann in vielen DIY-N\u00e4hprojekten, Hosen, Sportbekleidung, R\u00f6cken, Per\u00fccken, \u00c4rmeln, Handschuhen, Masken, Kissen, H\u00fcten und Heimtextilien verwendet werden. Es kann verwendet werden, um viele Dinge zu n\u00e4hen, wie gewebte Gummisocken, Kissen, schwarze Stoffe, Hosengummis oder um handgefertigte Notizb\u00fccher herzustellen.<\/li>\n<\/ul>\n<p><strong>Farbe und Gr\u00f6\u00dfe:<\/strong><\/p>\n<ul>\n<li>Diese Qualit\u00e4tsprodukte k\u00f6nnen Sie je nach gew\u00fcnschtem Einsatzgebiet mit Farb- und Gr\u00f6\u00dfenoptionen in verschiedenen Variationen verwenden.<\/li>\n<\/ul>\n<p><strong>Verpackung: <\/strong><\/p>\n<ul>\n<li>Wir eliminieren die M\u00f6glichkeit des Staubens, der Verformung und der Kontamination unserer Produkte mit der Verpackung, die wir auf die geeignetste und sicherste Weise herstellen.<\/li>\n<\/ul>\n","protected":false},"excerpt":{"rendered":"<p>25mm Gewebtes Gummiband Einfach zu bedienen: Das 25mm gewebtes Gummiband l\u00e4sst sich bequem mit einer Schere auf die gew\u00fcnschte L\u00e4nge zuschneiden. Mit verschiedenen Farb- und Gr\u00f6\u00dfenoptionen k\u00f6nnen Sie unsere Produkte bequem gem\u00e4\u00df Ihrem Einsatzbereich verwenden. Haltbarkeit und Flexibilit\u00e4t: 25mm Gewebtes&#8230;<\/p>\n","protected":false},"featured_media":27778,"comment_status":"open","ping_status":"closed","template":"","meta":[],"product_brand":[],"product_cat":[2788,3115],"product_tag":[7093,6793,3068,4906,3153,4548,4907,7339,4903,4905,2728,4899,3113,4904,4902,4897,4546,4900,3106,6902,6784,4901,4895,3110],"class_list":{"0":"post-49088","1":"product","2":"type-product","3":"status-publish","4":"has-post-thumbnail","6":"product_cat-elastisch","7":"product_cat-gewebtes-gummiband-de-2","8":"product_tag-25mm-de","9":"product_tag-25mm","10":"product_tag-25mm-gewebtes-gummiband","11":"product_tag-atmungsaktiv","12":"product_tag-bunt-gewebtes-gummiband","13":"product_tag-diy","14":"product_tag-diy-de","15":"product_tag-elastic-de-2","16":"product_tag-farbe","17":"product_tag-geeignet","18":"product_tag-gewebtes-gummiband","19":"product_tag-gummi","20":"product_tag-gummiband-hersteller","21":"product_tag-naehen","22":"product_tag-naturkautschuklatex","23":"product_tag-polyester-de","24":"product_tag-polyester","25":"product_tag-polyestergarn","26":"product_tag-schwarz-gewebtes-gummiband","27":"product_tag-standard-de","28":"product_tag-standard","29":"product_tag-verpackung","30":"product_tag-waschbar","31":"product_tag-weis-gewebtes-gummiband","32":"pa_renk-fuchsie","33":"pa_renk-baby-blau","34":"pa_renk-beige","35":"pa_renk-burgund","36":"pa_renk-dunkelblau","37":"pa_renk-getrocknete-rose","38":"pa_renk-grau","39":"pa_renk-grun","40":"pa_renk-kaffee","41":"pa_renk-khaki","42":"pa_renk-neon-gelb","43":"pa_renk-neon-orange","44":"pa_renk-neon-rosa","45":"pa_renk-neon-grun","46":"pa_renk-orange","47":"pa_renk-pulver","48":"pa_renk-rot","49":"pa_renk-schwarz","50":"pa_renk-turkis","51":"pa_renk-violett","52":"pa_renk-weiss","54":"first","55":"instock","56":"taxable","57":"shipping-taxable","58":"purchasable","59":"product-type-variable","60":"has-default-attributes"},"_links":{"self":[{"href":"https:\/\/www.tekislastik.com\/de\/wp-json\/wp\/v2\/product\/49088","targetHints":{"allow":["GET"]}}],"collection":[{"href":"https:\/\/www.tekislastik.com\/de\/wp-json\/wp\/v2\/product"}],"about":[{"href":"https:\/\/www.tekislastik.com\/de\/wp-json\/wp\/v2\/types\/product"}],"replies":[{"embeddable":true,"href":"https:\/\/www.tekislastik.com\/de\/wp-json\/wp\/v2\/comments?post=49088"}],"wp:featuredmedia":[{"embeddable":true,"href":"https:\/\/www.tekislastik.com\/de\/wp-json\/wp\/v2\/media\/27778"}],"wp:attachment":[{"href":"https:\/\/www.tekislastik.com\/de\/wp-json\/wp\/v2\/media?parent=49088"}],"wp:term":[{"taxonomy":"product_brand","embeddable":true,"href":"https:\/\/www.tekislastik.com\/de\/wp-json\/wp\/v2\/product_brand?post=49088"},{"taxonomy":"product_cat","embeddable":true,"href":"https:\/\/www.tekislastik.com\/de\/wp-json\/wp\/v2\/product_cat?post=49088"},{"taxonomy":"product_tag","embeddable":true,"href":"https:\/\/www.tekislastik.com\/de\/wp-json\/wp\/v2\/product_tag?post=49088"}],"curies":[{"name":"wp","href":"https:\/\/api.w.org\/{rel}","templated":true}]}}