{"id":48878,"date":"2022-05-10T09:17:55","date_gmt":"2022-11-11T12:16:16","guid":{"rendered":"https:\/\/www.tekislastik.com\/?post_type=product&#038;p=48878"},"modified":"2025-09-08T17:03:41","modified_gmt":"2025-09-08T14:03:41","slug":"1-5mm-elastik-kordel","status":"publish","type":"product","link":"https:\/\/www.tekislastik.com\/de\/1-5mm-elastik-kordel\/","title":{"rendered":"1.5mm Elastik Kordel"},"content":{"rendered":"<h2>Premium 1.5mm Elastik Kordel<\/h2>\n<p><strong>Einfach zu bedienen:<\/strong><\/p>\n<ul>\n<li>Unsere 1.5mm Elastik Kordel lassen sich bequem mit einer Schere auf die gew\u00fcnschte L\u00e4nge zuschneiden. Mit verschiedenen Farb- und Gr\u00f6\u00dfenoptionen k\u00f6nnen Sie unsere Produkte bequem gem\u00e4\u00df Ihrem Einsatzbereich verwenden.<\/li>\n<\/ul>\n<p><strong>Haltbarkeit und Flexibilit\u00e4t:<\/strong><\/p>\n<ul>\n<li>Dank der hochwertigen Materialien, die in unseren Produkten verwendet werden, kann eine hohe Flexibilit\u00e4t erreicht werden. es kann in seinen urspr\u00fcnglichen Zustand zur\u00fcckkehren, solange es flexibel bleibt, es verliert nicht leicht seine Elastizit\u00e4t; Es ist langlebig und verformt sich nicht lange. Waschbar bis 40\u00b0. Neben seiner Strapazierf\u00e4higkeit ist es atmungsaktiv und angenehm zu tragen. Dadurch haben Sie eine lange Lebensdauer.<\/li>\n<\/ul>\n<p><strong>Material:<\/strong><\/p>\n<ul>\n<li>Unsere 1.5mm\u00a0 geflochtenen Gummib\u00e4nder werden in enger Webtechnik hergestellt. Es besteht aus hochwertigem Polyestergarn und Naturkautschuklatex. Unsere Produkte haben das \u00d6ko-Tex-Zertifikat Standard 100. Wir bieten unsere Produkte und Dienstleistungen gem\u00e4\u00df diesen Zertifizierungsstandards an.<\/li>\n<\/ul>\n<p><strong>Breites Einsatzgebiet:<\/strong><\/p>\n<ul>\n<li>Unsere Produkte k\u00f6nnen in vielen Bereichen wie Fahrzeuggep\u00e4ck, Armb\u00e4nder, Schnallen, Kleiderb\u00fcgel, Haarb\u00e4nder, Netze, Brillen, Textilien, Halsketten, Schn\u00fcrsenkel, Schuhe, Taschen verwendet werden.<\/li>\n<\/ul>\n<p><strong>Farbe und Gr\u00f6\u00dfe:<\/strong><\/p>\n<ul>\n<li>Diese Qualit\u00e4tsprodukte k\u00f6nnen Sie je nach gew\u00fcnschtem Einsatzgebiet mit Farb- und Gr\u00f6\u00dfenoptionen in verschiedenen Variationen einsetzen.<\/li>\n<\/ul>\n<p><strong>Verpackung:<\/strong><\/p>\n<ul>\n<li>Wir eliminieren die M\u00f6glichkeit des Staubens, der Verformung und der Kontamination unserer Produkte mit der Verpackung, die wir auf die geeignetste und sicherste Weise herstellen.<\/li>\n<\/ul>\n","protected":false},"excerpt":{"rendered":"<p>Premium 1.5mm Elastik Kordel Einfach zu bedienen: Unsere 1.5mm Elastik Kordel lassen sich bequem mit einer Schere auf die gew\u00fcnschte L\u00e4nge zuschneiden. Mit verschiedenen Farb- und Gr\u00f6\u00dfenoptionen k\u00f6nnen Sie unsere Produkte bequem gem\u00e4\u00df Ihrem Einsatzbereich verwenden. Haltbarkeit und Flexibilit\u00e4t: Dank&#8230;<\/p>\n","protected":false},"featured_media":24883,"comment_status":"open","ping_status":"closed","template":"","meta":[],"product_brand":[],"product_cat":[2992,2788,2794],"product_tag":[6817,7079,6818,7080,5003,4906,2975,7339,5338,3659,2973,4903,4999,2707,2983,4915,4908,4902,2987,2985,4900,5002,2978,6784,6902,4901,4895],"class_list":{"0":"post-48878","1":"product","2":"type-product","3":"status-publish","4":"has-post-thumbnail","6":"product_cat-elastik-kordel","7":"product_cat-elastisch","8":"product_cat-geflochtenes-gummiband","9":"product_tag-1-5mm","10":"product_tag-1-5mm-de","11":"product_tag-5mm","12":"product_tag-5mm-de","13":"product_tag-armbaender","14":"product_tag-atmungsaktiv","15":"product_tag-bunt-elastik-kordel","16":"product_tag-elastic-de-2","17":"product_tag-elastik-de-2","18":"product_tag-elastik","19":"product_tag-elastik-kordel","20":"product_tag-farbe","21":"product_tag-flexibel","22":"product_tag-geflochtenes-gummiband","23":"product_tag-hersteller-elastik-kordel","24":"product_tag-langlebig","25":"product_tag-lebensdauer","26":"product_tag-naturkautschuklatex","27":"product_tag-polipropilen-elastik-kordel","28":"product_tag-polyester-elastik-kordel","29":"product_tag-polyestergarn","30":"product_tag-schnuersenkel","31":"product_tag-schwarz-elastik-kordel","32":"product_tag-standard","33":"product_tag-standard-de","34":"product_tag-verpackung","35":"product_tag-waschbar","36":"pa_renk-fuchsie","37":"pa_renk-baby-blau","38":"pa_renk-beige","39":"pa_renk-burgund","40":"pa_renk-dunkelblau","41":"pa_renk-getrocknete-rose","42":"pa_renk-grau","43":"pa_renk-grun","44":"pa_renk-kaffee","45":"pa_renk-khaki","46":"pa_renk-neon-gelb","47":"pa_renk-neon-orange","48":"pa_renk-neon-rosa","49":"pa_renk-neon-grun","50":"pa_renk-orange","51":"pa_renk-pulver","52":"pa_renk-rot","53":"pa_renk-schwarz","54":"pa_renk-turkis","55":"pa_renk-violett","56":"pa_renk-weiss","58":"first","59":"instock","60":"taxable","61":"shipping-taxable","62":"purchasable","63":"product-type-variable","64":"has-default-attributes"},"_links":{"self":[{"href":"https:\/\/www.tekislastik.com\/de\/wp-json\/wp\/v2\/product\/48878","targetHints":{"allow":["GET"]}}],"collection":[{"href":"https:\/\/www.tekislastik.com\/de\/wp-json\/wp\/v2\/product"}],"about":[{"href":"https:\/\/www.tekislastik.com\/de\/wp-json\/wp\/v2\/types\/product"}],"replies":[{"embeddable":true,"href":"https:\/\/www.tekislastik.com\/de\/wp-json\/wp\/v2\/comments?post=48878"}],"wp:featuredmedia":[{"embeddable":true,"href":"https:\/\/www.tekislastik.com\/de\/wp-json\/wp\/v2\/media\/24883"}],"wp:attachment":[{"href":"https:\/\/www.tekislastik.com\/de\/wp-json\/wp\/v2\/media?parent=48878"}],"wp:term":[{"taxonomy":"product_brand","embeddable":true,"href":"https:\/\/www.tekislastik.com\/de\/wp-json\/wp\/v2\/product_brand?post=48878"},{"taxonomy":"product_cat","embeddable":true,"href":"https:\/\/www.tekislastik.com\/de\/wp-json\/wp\/v2\/product_cat?post=48878"},{"taxonomy":"product_tag","embeddable":true,"href":"https:\/\/www.tekislastik.com\/de\/wp-json\/wp\/v2\/product_tag?post=48878"}],"curies":[{"name":"wp","href":"https:\/\/api.w.org\/{rel}","templated":true}]}}