{"id":36952,"date":"2022-05-12T11:17:57","date_gmt":"2022-08-05T11:06:50","guid":{"rendered":"https:\/\/www.tekislastik.com\/?post_type=product&#038;p=36952"},"modified":"2025-09-08T16:46:18","modified_gmt":"2025-09-08T13:46:18","slug":"20mm-bedrucktes-schraegband","status":"publish","type":"product","link":"https:\/\/www.tekislastik.com\/de\/20mm-bedrucktes-schraegband\/","title":{"rendered":"20mm Bedrucktes Schr\u00e4gband"},"content":{"rendered":"<div class=\"flex-shrink-0 flex flex-col relative items-end\">\n<div>\n<div class=\"pt-0.5 juice:pt-0\">\n<div class=\"gizmo-bot-avatar flex h-6 w-6 items-center justify-center overflow-hidden rounded-full juice:h-8 juice:w-8\">\n<div class=\"relative p-1 rounded-sm flex items-center justify-center bg-token-main-surface-primary text-token-text-primary h-8 w-8\"><\/div>\n<\/div>\n<\/div>\n<\/div>\n<\/div>\n<div class=\"group\/conversation-turn relative flex w-full min-w-0 flex-col agent-turn\">\n<div class=\"flex-col gap-1 md:gap-3\">\n<div class=\"flex flex-grow flex-col max-w-full\">\n<div class=\"min-h-[20px] text-message flex flex-col items-start whitespace-pre-wrap break-words [.text-message+&amp;]:mt-5 juice:w-full juice:items-end overflow-x-auto gap-2\" dir=\"auto\" data-message-author-role=\"assistant\" data-message-id=\"413e9501-7ac2-444b-be57-9accd5331454\">\n<div class=\"flex w-full flex-col gap-1 juice:empty:hidden juice:first:pt-[3px]\">\n<div class=\"markdown prose w-full break-words dark:prose-invert light\">\n<p>Tabii ki, i\u015fte &#8222;20mm Bedrucktes Schraegband&#8220; anahtar kelimesi ile en az 200 kelimelik bir i\u00e7erik:<\/p>\n<hr \/>\n<h3>20mm Bedrucktes Schraegband<\/h3>\n<h3>Hochwertig bedrucktes Schraegband 20mm vorgefaltet \u2013 37mm offen<br \/>\n<strong>Material:<\/strong> %100Baumwolle<\/h3>\n<p>Unsere bedruckten 20mm Schraegb\u00e4nder k\u00f6nnen f\u00fcr N\u00e4h- und Bastelprojekte verwendet werden. Gleichzeitig kann es f\u00fcr DIY-Projekte, Kragenseiten, Hemdmanschettenkanten, Rockkreise, Arbeits- und K\u00fcchenkanten von Sch\u00fcrzen, Kanten von Bettlaken und Handt\u00fcchern, Taschengriffe, Kanten von Trainingsanz\u00fcgen bis hin zu Sofapolstern f\u00fcr die Heimdekoration verwendet werden.<\/p>\n<p>Teki\u015f Lastik ist ein Hersteller von bedruckten Schraegb\u00e4ndern, f\u00fcr die Qualit\u00e4t und Langlebigkeit eine wichtige Grundlage der Unternehmenspolitik sind. Um dies zu gew\u00e4hrleisten, garantieren wir, dass alle unsere Produkte das Zertifikat OEKO-TEX Standard 100 besitzen.<\/p>\n<p>Unser 20mm bedrucktes Schraegband ist nicht nur \u00e4sthetisch ansprechend, sondern auch praktisch und vielseitig einsetzbar. Die Kombination aus Baumwolle und Polyester sorgt f\u00fcr ein weiches, aber strapazierf\u00e4higes Material, das den t\u00e4glichen Gebrauch und h\u00e4ufiges Waschen standh\u00e4lt. Die bedruckte Gestaltung verleiht Ihren Projekten eine besondere Note und macht sie einzigartig.<\/p>\n<p>Egal, ob Sie Anf\u00e4nger oder erfahrener N\u00e4her sind, unser 20mm bedrucktes Schraegband wird Ihre kreativen Bed\u00fcrfnisse erf\u00fcllen. Es l\u00e4sst sich leicht handhaben und bietet eine gleichm\u00e4\u00dfige und saubere Kante f\u00fcr all Ihre Projekte. Dank der vorgefalteten 20mm Gr\u00f6\u00dfe ist es einfach anzuwenden und spart Zeit bei der Vorbereitung.<\/p>\n<p>Entdecken Sie die Qualit\u00e4t und Vielseitigkeit unseres 20mm bedruckten Schraegbandes und lassen Sie Ihrer Kreativit\u00e4t freien Lauf. Bei Teki\u015f Lastik setzen wir auf h\u00f6chste Standards und Kundenzufriedenheit. Bestellen Sie noch heute und \u00fcberzeugen Sie sich selbst von der Exzellenz unserer Produkte.<\/p>\n<\/div>\n<\/div>\n<\/div>\n<\/div>\n<\/div>\n<\/div>\n","protected":false},"excerpt":{"rendered":"<p>Tabii ki, i\u015fte &#8222;20mm Bedrucktes Schraegband&#8220; anahtar kelimesi ile en az 200 kelimelik bir i\u00e7erik: 20mm Bedrucktes Schraegband Hochwertig bedrucktes Schraegband 20mm vorgefaltet \u2013 37mm offen Material: %100Baumwolle Unsere bedruckten 20mm Schraegb\u00e4nder k\u00f6nnen f\u00fcr N\u00e4h- und Bastelprojekte verwendet werden. Gleichzeitig&#8230;<\/p>\n","protected":false},"featured_media":25275,"comment_status":"open","ping_status":"closed","template":"","meta":[],"product_brand":[],"product_cat":[3387,2791],"product_tag":[6792,7087,2732,3386,4548,4907,5007,8291,3385,7088,2619,7089,6779,5008,4632,4897,4546,5005,2733,3415,6784,6902,6812,7090,5006],"class_list":{"0":"post-36952","1":"product","2":"type-product","3":"status-publish","4":"has-post-thumbnail","6":"product_cat-bedrucktes-schraegband-de","7":"product_cat-schraegband","8":"product_tag-20mm","9":"product_tag-20mm-de","10":"product_tag-bedrucktes-schraegband","11":"product_tag-bunt-bedruckte-schraegband","12":"product_tag-diy","13":"product_tag-diy-de","14":"product_tag-diy-projekte","15":"product_tag-exzellenz","16":"product_tag-gedruckte-schraegband","17":"product_tag-lastik-de","18":"product_tag-lastik","19":"product_tag-oeko-tex-de","20":"product_tag-oeko-tex","21":"product_tag-oeko-tex-standard-100-de","22":"product_tag-oeko-tex-standard-100","23":"product_tag-polyester-de","24":"product_tag-polyester","25":"product_tag-qualitaet","26":"product_tag-schraegband","27":"product_tag-schragband-hersteller","28":"product_tag-standard","29":"product_tag-standard-de","30":"product_tag-tekis-lastik","31":"product_tag-tekis-lastik-de","32":"product_tag-vorgefaltet","34":"first","35":"instock","36":"taxable","37":"shipping-taxable","38":"purchasable","39":"product-type-variable"},"_links":{"self":[{"href":"https:\/\/www.tekislastik.com\/de\/wp-json\/wp\/v2\/product\/36952","targetHints":{"allow":["GET"]}}],"collection":[{"href":"https:\/\/www.tekislastik.com\/de\/wp-json\/wp\/v2\/product"}],"about":[{"href":"https:\/\/www.tekislastik.com\/de\/wp-json\/wp\/v2\/types\/product"}],"replies":[{"embeddable":true,"href":"https:\/\/www.tekislastik.com\/de\/wp-json\/wp\/v2\/comments?post=36952"}],"wp:featuredmedia":[{"embeddable":true,"href":"https:\/\/www.tekislastik.com\/de\/wp-json\/wp\/v2\/media\/25275"}],"wp:attachment":[{"href":"https:\/\/www.tekislastik.com\/de\/wp-json\/wp\/v2\/media?parent=36952"}],"wp:term":[{"taxonomy":"product_brand","embeddable":true,"href":"https:\/\/www.tekislastik.com\/de\/wp-json\/wp\/v2\/product_brand?post=36952"},{"taxonomy":"product_cat","embeddable":true,"href":"https:\/\/www.tekislastik.com\/de\/wp-json\/wp\/v2\/product_cat?post=36952"},{"taxonomy":"product_tag","embeddable":true,"href":"https:\/\/www.tekislastik.com\/de\/wp-json\/wp\/v2\/product_tag?post=36952"}],"curies":[{"name":"wp","href":"https:\/\/api.w.org\/{rel}","templated":true}]}}