{"id":36845,"date":"2022-07-05T09:51:44","date_gmt":"2022-08-05T08:06:29","guid":{"rendered":"https:\/\/www.tekislastik.com\/?post_type=product&#038;p=36845"},"modified":"2025-09-08T15:10:01","modified_gmt":"2025-09-08T12:10:01","slug":"60mm-weich-gewebtes-gummiband","status":"publish","type":"product","link":"https:\/\/www.tekislastik.com\/de\/60mm-weich-gewebtes-gummiband\/","title":{"rendered":"60mm Weich Gewebtes Gummiband"},"content":{"rendered":"<h2>60mm Weich Gewebtes Gummiband<\/h2>\n<p><strong>Einfach zu bedienen:<\/strong><\/p>\n<ul>\n<li>Das weich gewebte Gummiband l\u00e4sst sich bequem mit einer Schere auf die gew\u00fcnschte L\u00e4nge zuschneiden. Mit verschiedenen Farb- und Gr\u00f6\u00dfenoptionen k\u00f6nnen Sie unsere Produkte bequem gem\u00e4\u00df Ihrem Einsatzbereich verwenden.<\/li>\n<\/ul>\n<p><strong>Haltbarkeit und Flexibilit\u00e4t:<\/strong><\/p>\n<ul>\n<li>60mm Weich gewebtes Gummiband ist das st\u00e4rkste Gummiband f\u00fcr Kleidungsst\u00fccke. Diese Art von Gummi schrumpft nicht, wenn sie gedehnt wird, und verliert ihre Elastizit\u00e4t nicht, wenn sie gen\u00e4ht wird. Daher ist es ideal f\u00fcr Projekte mit mittelschweren und schweren Stoffen. Unser Produkt hat eine hervorragende Flexibilit\u00e4t und Haltbarkeit, ist leicht zu verpacken, atmungsaktiv, leicht zu tragen und f\u00fcr Heimwerkerprojekte geeignet. Es kann auch in vielen Bereichen eingesetzt werden. Waschbar bis 40\u00b0.<\/li>\n<\/ul>\n<p><strong>Material:<\/strong><\/p>\n<ul>\n<li>Unsere weich gewebten Gummib\u00e4nder werden in enger Webtechnik hergestellt. Es besteht aus hochwertigem Polyestergarn und Naturkautschuklatex. Unsere Produkte haben das \u00d6ko-Tex-Zertifikat Standard 100. Wir bieten unsere Produkte und Dienstleistungen gem\u00e4\u00df diesen Zertifizierungsstandards an. 28 % Polypropylen, 48 % Polyester und 28 % Naturkautschuklatex<\/li>\n<\/ul>\n<p><strong>Breites Einsatzgebiet:<\/strong><\/p>\n<ul>\n<li>60mm Weich gewebtes Gummiband kann in vielen DIY-N\u00e4hprojekten, Hosen, Sportbekleidung, R\u00f6cken, Per\u00fccken, \u00c4rmeln, Handschuhen, Masken, Kissen, H\u00fcten und Heimtextilien verwendet werden. Es kann verwendet werden, um viele Dinge zu n\u00e4hen, wie gewebte Gummisocken, Kissen, schwarze Stoffe, Hosengummis oder um handgefertigte Notizb\u00fccher herzustellen.<\/li>\n<\/ul>\n<p><strong>Farbe und Gr\u00f6\u00dfe:<\/strong><\/p>\n<ul>\n<li>Je nach gew\u00fcnschtem Einsatzbereich k\u00f6nnen Sie diese Qualit\u00e4tsprodukte mit Farb- und Gr\u00f6\u00dfenoptionen in verschiedenen Variationen einsetzen.<\/li>\n<\/ul>\n<p><strong>Verpackung:<\/strong><\/p>\n<ul>\n<li>Wir eliminieren die M\u00f6glichkeit des Staubens, der Verformung und der Kontamination unserer Produkte mit der Verpackung, die wir auf die geeignetste und sicherste Weise herstellen.<\/li>\n<\/ul>\n","protected":false},"excerpt":{"rendered":"<p>60mm Weich Gewebtes Gummiband Einfach zu bedienen: Das weich gewebte Gummiband l\u00e4sst sich bequem mit einer Schere auf die gew\u00fcnschte L\u00e4nge zuschneiden. Mit verschiedenen Farb- und Gr\u00f6\u00dfenoptionen k\u00f6nnen Sie unsere Produkte bequem gem\u00e4\u00df Ihrem Einsatzbereich verwenden. Haltbarkeit und Flexibilit\u00e4t: 60mm&#8230;<\/p>\n","protected":false},"featured_media":29004,"comment_status":"open","ping_status":"closed","template":"","meta":[],"product_brand":[],"product_cat":[2788,3115],"product_tag":[6771,7083,3233,4906,4907,7339,4903,4905,2728,4899,3113,4904,4902,7089,4897,4900,3106,6902,6784,4901,4895,3155,3110],"class_list":{"0":"post-36845","1":"product","2":"type-product","3":"status-publish","4":"has-post-thumbnail","6":"product_cat-elastisch","7":"product_cat-gewebtes-gummiband-de-2","8":"product_tag-60mm","9":"product_tag-60mm-de","10":"product_tag-60mm-weich-gewebtes-gummiband","11":"product_tag-atmungsaktiv","12":"product_tag-diy-de","13":"product_tag-elastic-de-2","14":"product_tag-farbe","15":"product_tag-geeignet","16":"product_tag-gewebtes-gummiband","17":"product_tag-gummi","18":"product_tag-gummiband-hersteller","19":"product_tag-naehen","20":"product_tag-naturkautschuklatex","21":"product_tag-oeko-tex-de","22":"product_tag-polyester-de","23":"product_tag-polyestergarn","24":"product_tag-schwarz-gewebtes-gummiband","25":"product_tag-standard-de","26":"product_tag-standard","27":"product_tag-verpackung","28":"product_tag-waschbar","29":"product_tag-weich-gewebtes-gummiband","30":"product_tag-weis-gewebtes-gummiband","31":"pa_renk-schwarz","32":"pa_renk-weiss","34":"first","35":"instock","36":"taxable","37":"shipping-taxable","38":"purchasable","39":"product-type-variable","40":"has-default-attributes"},"_links":{"self":[{"href":"https:\/\/www.tekislastik.com\/de\/wp-json\/wp\/v2\/product\/36845","targetHints":{"allow":["GET"]}}],"collection":[{"href":"https:\/\/www.tekislastik.com\/de\/wp-json\/wp\/v2\/product"}],"about":[{"href":"https:\/\/www.tekislastik.com\/de\/wp-json\/wp\/v2\/types\/product"}],"replies":[{"embeddable":true,"href":"https:\/\/www.tekislastik.com\/de\/wp-json\/wp\/v2\/comments?post=36845"}],"wp:featuredmedia":[{"embeddable":true,"href":"https:\/\/www.tekislastik.com\/de\/wp-json\/wp\/v2\/media\/29004"}],"wp:attachment":[{"href":"https:\/\/www.tekislastik.com\/de\/wp-json\/wp\/v2\/media?parent=36845"}],"wp:term":[{"taxonomy":"product_brand","embeddable":true,"href":"https:\/\/www.tekislastik.com\/de\/wp-json\/wp\/v2\/product_brand?post=36845"},{"taxonomy":"product_cat","embeddable":true,"href":"https:\/\/www.tekislastik.com\/de\/wp-json\/wp\/v2\/product_cat?post=36845"},{"taxonomy":"product_tag","embeddable":true,"href":"https:\/\/www.tekislastik.com\/de\/wp-json\/wp\/v2\/product_tag?post=36845"}],"curies":[{"name":"wp","href":"https:\/\/api.w.org\/{rel}","templated":true}]}}