{"id":36811,"date":"2022-07-04T09:58:54","date_gmt":"2022-08-05T07:32:50","guid":{"rendered":"https:\/\/www.tekislastik.com\/?post_type=product&#038;p=36811"},"modified":"2025-09-08T15:21:42","modified_gmt":"2025-09-08T12:21:42","slug":"40mm-gestricktes-gummiband","status":"publish","type":"product","link":"https:\/\/www.tekislastik.com\/de\/40mm-gestricktes-gummiband\/","title":{"rendered":"40mm Gestricktes Gummiband"},"content":{"rendered":"<h2>Premium 40mm Gestricktes Gummiband<\/h2>\n<p><strong>Einfach zu bedienen:<\/strong><\/p>\n<ul>\n<li>Unsere Premium gestrickten Gummib\u00e4nder lassen sich bequem mit einer Schere auf die gew\u00fcnschte L\u00e4nge zuschneiden. Mit verschiedenen Farb- und Gr\u00f6\u00dfenoptionen k\u00f6nnen Sie unsere Produkte bequem gem\u00e4\u00df Ihrem Einsatzbereich verwenden.<\/li>\n<\/ul>\n<p><strong>Haltbarkeit und Flexibilit\u00e4t:<\/strong><\/p>\n<ul>\n<li>Es ist ein Material, das beim Dehnen nicht schrumpft, da es nicht so viel Gummi und Fasern enth\u00e4lt wie herk\u00f6mmlicher gestrickter Gummi, Z\u00f6pfe und gewebter Gummi. Dies kommt der Wirtschaftlichkeit zugute. Es ist nicht nur g\u00fcnstig in den Kosten, sondern auch langlebig und langlebig. Waschbar bis 40\u00b0. Neben seiner Strapazierf\u00e4higkeit ist es atmungsaktiv und angenehm zu tragen.<\/li>\n<\/ul>\n<p><strong>Material:<\/strong><\/p>\n<ul>\n<li>Unsere gestrickten Gummib\u00e4nder werden in enger Webtechnik hergestellt. Es besteht aus hochwertigem Polyestergarn und Naturkautschuklatex. Unsere Produkte haben das \u00d6ko-Tex-Zertifikat Standard 100. Wir bieten unsere Produkte und Dienstleistungen gem\u00e4\u00df diesen Zertifizierungsstandards an. 60 % Polyester und 40 % Naturkautschuklatex<\/li>\n<\/ul>\n<p><strong>Breites Einsatzgebiet:<\/strong><\/p>\n<ul>\n<li>Unsere Produkte werden in den Bereichen Medizin, Bekleidung, Heimtextilien, N\u00e4hen, Mode, Sportbekleidung, Druck, Automobilindustrie, Schuhe, Verteidigungsindustrie, M\u00f6bel usw. verwendet. Sie k\u00f6nnen in vielen Bereichen eingesetzt werden<\/li>\n<\/ul>\n<p><strong>Farbe und Gr\u00f6\u00dfe:<\/strong><\/p>\n<ul>\n<li>Je nach gew\u00fcnschtem Einsatzbereich k\u00f6nnen Sie diese Qualit\u00e4tsprodukte mit unterschiedlichen Farb- und Gr\u00f6\u00dfenvariationen einsetzen.<\/li>\n<\/ul>\n<p><strong>Verpackung:<\/strong><\/p>\n<ul>\n<li>Wir eliminieren die M\u00f6glichkeit des Staubens, der Verformung und der Kontamination unserer Produkte mit der am besten geeigneten und sichersten Verpackung.<\/li>\n<\/ul>\n","protected":false},"excerpt":{"rendered":"<p>Premium 40mm Gestricktes Gummiband Einfach zu bedienen: Unsere Premium gestrickten Gummib\u00e4nder lassen sich bequem mit einer Schere auf die gew\u00fcnschte L\u00e4nge zuschneiden. Mit verschiedenen Farb- und Gr\u00f6\u00dfenoptionen k\u00f6nnen Sie unsere Produkte bequem gem\u00e4\u00df Ihrem Einsatzbereich verwenden. Haltbarkeit und Flexibilit\u00e4t: Es&#8230;<\/p>\n","protected":false},"featured_media":28242,"comment_status":"open","ping_status":"closed","template":"","meta":[],"product_brand":[],"product_cat":[2788,3064,3063],"product_tag":[6790,7095,3009,4906,7339,4903,3011,3042,4899,4915,4910,4909,4904,4902,4897,4546,4900,3013,6902,6784,4901,4895,3043],"class_list":{"0":"post-36811","1":"product","2":"type-product","3":"status-publish","4":"has-post-thumbnail","6":"product_cat-elastisch","7":"product_cat-elastisch-stricken","8":"product_cat-gestricktes-gummiband","9":"product_tag-40mm","10":"product_tag-40mm-de","11":"product_tag-40mm-gestricktes-gummiband","12":"product_tag-atmungsaktiv","13":"product_tag-elastic-de-2","14":"product_tag-farbe","15":"product_tag-gestricktes-gummiband","16":"product_tag-gestricktes-gummiband-hersteller","17":"product_tag-gummi","18":"product_tag-langlebig","19":"product_tag-moebel","20":"product_tag-mode","21":"product_tag-naehen","22":"product_tag-naturkautschuklatex","23":"product_tag-polyester-de","24":"product_tag-polyester","25":"product_tag-polyestergarn","26":"product_tag-schwarz-gestricktes-gummiband","27":"product_tag-standard-de","28":"product_tag-standard","29":"product_tag-verpackung","30":"product_tag-waschbar","31":"product_tag-weis-gestricktes-gummiband","32":"pa_renk-schwarz","33":"pa_renk-weiss","35":"first","36":"instock","37":"taxable","38":"shipping-taxable","39":"purchasable","40":"product-type-variable","41":"has-default-attributes"},"_links":{"self":[{"href":"https:\/\/www.tekislastik.com\/de\/wp-json\/wp\/v2\/product\/36811","targetHints":{"allow":["GET"]}}],"collection":[{"href":"https:\/\/www.tekislastik.com\/de\/wp-json\/wp\/v2\/product"}],"about":[{"href":"https:\/\/www.tekislastik.com\/de\/wp-json\/wp\/v2\/types\/product"}],"replies":[{"embeddable":true,"href":"https:\/\/www.tekislastik.com\/de\/wp-json\/wp\/v2\/comments?post=36811"}],"wp:featuredmedia":[{"embeddable":true,"href":"https:\/\/www.tekislastik.com\/de\/wp-json\/wp\/v2\/media\/28242"}],"wp:attachment":[{"href":"https:\/\/www.tekislastik.com\/de\/wp-json\/wp\/v2\/media?parent=36811"}],"wp:term":[{"taxonomy":"product_brand","embeddable":true,"href":"https:\/\/www.tekislastik.com\/de\/wp-json\/wp\/v2\/product_brand?post=36811"},{"taxonomy":"product_cat","embeddable":true,"href":"https:\/\/www.tekislastik.com\/de\/wp-json\/wp\/v2\/product_cat?post=36811"},{"taxonomy":"product_tag","embeddable":true,"href":"https:\/\/www.tekislastik.com\/de\/wp-json\/wp\/v2\/product_tag?post=36811"}],"curies":[{"name":"wp","href":"https:\/\/api.w.org\/{rel}","templated":true}]}}