{"id":67439,"date":"2025-06-26T15:45:02","date_gmt":"2025-06-26T12:45:02","guid":{"rendered":"https:\/\/www.tekislastik.com\/?page_id=67439"},"modified":"2025-06-26T15:45:55","modified_gmt":"2025-06-26T12:45:55","slug":"fordern-sie-ein-grosshandelsangebot-an","status":"publish","type":"page","link":"https:\/\/www.tekislastik.com\/de\/fordern-sie-ein-grosshandelsangebot-an\/","title":{"rendered":"Fordern Sie ein Gro\u00dfhandelsangebot an"},"content":{"rendered":"<p>[vc_row pix_particles_check=&#8220;&#8220;][vc_column]<div role=\"form\" class=\"wpcf7\" id=\"wpcf7-f67418-o1\" lang=\"en-US\" dir=\"ltr\">\n<div class=\"screen-reader-response\"><p role=\"status\" aria-live=\"polite\" aria-atomic=\"true\"><\/p> <ul><\/ul><\/div>\n<form action=\"\/de\/wp-json\/wp\/v2\/pages\/67439#wpcf7-f67418-o1\" method=\"post\" class=\"wpcf7-form init\" novalidate=\"novalidate\" data-status=\"init\">\n<div style=\"display: none;\">\n<input type=\"hidden\" name=\"_wpcf7\" value=\"67418\" \/>\n<input type=\"hidden\" name=\"_wpcf7_version\" value=\"5.5.3\" \/>\n<input type=\"hidden\" name=\"_wpcf7_locale\" value=\"en_US\" \/>\n<input type=\"hidden\" name=\"_wpcf7_unit_tag\" value=\"wpcf7-f67418-o1\" \/>\n<input type=\"hidden\" name=\"_wpcf7_container_post\" value=\"0\" \/>\n<input type=\"hidden\" name=\"_wpcf7_posted_data_hash\" value=\"\" \/>\n<\/div>\n<div class=\"pix-contact7-form\"><div class=\"row\">\n<div class=\"col-md-12\">\n<h6 class=\"heading-form\"> Musteranforderungsformular <\/h6>\n<\/div>\n<\/div>\n<div class=\"row\" style=\"margin-top:25px\">\n<div class=\"col-md-6\">\n         <label class=\"label-color\">Vor- und Nachname<\/label><br \/>\n         <span class=\"wpcf7-form-control-wrap yourname\"><input type=\"text\" name=\"yourname\" value=\"\" size=\"40\" class=\"wpcf7-form-control wpcf7-text wpcf7-validates-as-required\" aria-required=\"true\" aria-invalid=\"false\" \/><\/span>\n    <\/div>\n<div class=\"col-md-6\">\n         <label class=\"label-color\">E-Mail<\/label><br \/>\n         <span class=\"wpcf7-form-control-wrap your-email\"><input type=\"email\" name=\"your-email\" value=\"\" size=\"40\" class=\"wpcf7-form-control wpcf7-text wpcf7-email wpcf7-validates-as-required wpcf7-validates-as-email\" aria-required=\"true\" aria-invalid=\"false\" \/><\/span>\n    <\/div>\n<\/div>\n<div class=\"row\" style=\"margin-top:25px\">\n<div class=\"col-md-6\">\n         <label class=\"label-color\">Telefon<\/label><br \/>\n         <span class=\"wpcf7-form-control-wrap tel\"><input type=\"text\" name=\"tel\" value=\"\" size=\"40\" class=\"wpcf7-form-control wpcf7-text\" aria-invalid=\"false\" \/><\/span>\n    <\/div>\n<div class=\"col-md-6\">\n         <label class=\"label-color\">Firma<\/label><br \/>\n         <span class=\"wpcf7-form-control-wrap company\"><input type=\"text\" name=\"company\" value=\"\" size=\"40\" class=\"wpcf7-form-control wpcf7-text\" aria-invalid=\"false\" \/><\/span>\n    <\/div>\n<\/div>\n<div class=\"col-md-12\">\n    <label class=\"label-color\">Ihre Lieferadresse<\/label><br \/>\n    <span class=\"wpcf7-form-control-wrap your-address\"><textarea name=\"your-address\" cols=\"40\" rows=\"3\" class=\"wpcf7-form-control wpcf7-textarea\" aria-invalid=\"false\"><\/textarea><\/span>\n<\/div>\n<div class=\"row\" style=\"margin-top:25px\">\n<div class=\"col-md-12\">\n<h6 class=\"heading-form\"> Produktinformationen <\/h6>\n<\/div>\n<\/div>\n<div class=\"row\" style=\"margin-top:25px\">\n<div class=\"col-md-12\">\n        <label class=\"label-color\">Breite (cm)<\/label><br \/>\n        <span class=\"wpcf7-form-control-wrap width\"><input type=\"text\" name=\"width\" value=\"\" size=\"40\" class=\"wpcf7-form-control wpcf7-text\" aria-invalid=\"false\" \/><\/span>\n    <\/div>\n<div class=\"col-md-12\">\n        <label class=\"label-color\">Lagerprodukte<\/label><br \/>\n        <span class=\"wpcf7-form-control-wrap product\"><select name=\"product\" class=\"wpcf7-form-control wpcf7-select wpcf7-validates-as-required form-control\" aria-required=\"true\" aria-invalid=\"false\"><option value=\"\">---<\/option><option value=\"Gewebter Saumgummi\">Gewebter Saumgummi<\/option><option value=\"Konfektionsgummi\">Konfektionsgummi<\/option><option value=\"Musselin-Gummi\">Musselin-Gummi<\/option><option value=\"Leiterstruktur-Gummi\">Leiterstruktur-Gummi<\/option><option value=\"Faltgummi\">Faltgummi<\/option><option value=\"Gewebter Konfektionsgummi\">Gewebter Konfektionsgummi<\/option><option value=\"Andere\">Andere<\/option><\/select><\/span>\n    <\/div>\n<\/div>\n<div class=\"row\" style=\"margin-top:25px\">\n<div class=\"col-md-12\">\n        <label class=\"label-color\">Farbe<\/label><br \/>\n        <span class=\"wpcf7-form-control-wrap color\"><select name=\"color\" class=\"wpcf7-form-control wpcf7-select wpcf7-validates-as-required\" aria-required=\"true\" aria-invalid=\"false\"><option value=\"\">---<\/option><option value=\"Fuchsia\">Fuchsia<\/option><option value=\"T\u00fcrkis\">T\u00fcrkis<\/option><option value=\"Gr\u00fcn\">Gr\u00fcn<\/option><option value=\"Braun\">Braun<\/option><option value=\"Beige\">Beige<\/option><option value=\"Grau\">Grau<\/option><option value=\"Dunkelblau\">Dunkelblau<\/option><option value=\"Marineblau\">Marineblau<\/option><option value=\"Lila\">Lila<\/option><option value=\"Rot\">Rot<\/option><option value=\"Orange\">Orange<\/option><option value=\"Babyblau\">Babyblau<\/option><option value=\"Neongelb\">Neongelb<\/option><option value=\"Neongr\u00fcn\">Neongr\u00fcn<\/option><option value=\"Neonorange\">Neonorange<\/option><option value=\"Neonpink\">Neonpink<\/option><option value=\"Altrosa\">Altrosa<\/option><option value=\"Puderrosa\">Puderrosa<\/option><option value=\"Khaki\">Khaki<\/option><option value=\"Burgunderrot\">Burgunderrot<\/option><option value=\"Schwarz\">Schwarz<\/option><option value=\"Wei\u00df\">Wei\u00df<\/option><option value=\"Andere\">Andere<\/option><\/select><\/span>\n    <\/div>\n<\/div>\n<div class=\"row\" style=\"margin-top:25px\">\n<div class=\"col-md-12\">\n        <label class=\"label-color\">Anzahl \/ Meter<\/label><br \/>\n        <span class=\"wpcf7-form-control-wrap adet\"><input type=\"text\" name=\"adet\" value=\"\" size=\"40\" class=\"wpcf7-form-control wpcf7-text\" aria-invalid=\"false\" \/><\/span>\n    <\/div>\n<\/div>\n<div class=\"row\" style=\"margin-top:25px\">\n<div class=\"col-md-12\">\n        <label class=\"label-color\">Ihre Nachricht<\/label><br \/>\n        <span class=\"wpcf7-form-control-wrap your-message\"><textarea name=\"your-message\" cols=\"40\" rows=\"3\" class=\"wpcf7-form-control wpcf7-textarea\" aria-invalid=\"false\"><\/textarea><\/span>\n    <\/div>\n<\/div>\n<div class=\"row\" style=\"margin-top:25px;font-size:14px;\">\n<div class=\"col-md-12\">\n        <span class=\"wpcf7-form-control-wrap acik_riza1\"><span class=\"wpcf7-form-control wpcf7-checkbox wpcf7-validates-as-required\"><span class=\"wpcf7-list-item first last\"><input type=\"checkbox\" name=\"acik_riza1[]\" value=\"\" \/><span class=\"wpcf7-list-item-label\"><\/span><\/span><\/span><\/span>Ich erkl\u00e4re, dass ich \u00fcber die <a href=\"https:\/\/www.tekislastik.com\/clarification-text\/\">Datenschutzerkl\u00e4rung<\/a> der Organisation ausreichend informiert wurde, diese gelesen und verstanden habe, und ich gebe meine ausdr\u00fcckliche Einwilligung zur Verarbeitung meiner personenbezogenen Daten durch TEK\u0130\u015e LAST\u0130K gem\u00e4\u00df dem t\u00fcrkischen Datenschutzgesetz Nr. 6698 (KVKK) sowie zur Weitergabe an die in der Datenschutzerkl\u00e4rung genannten nat\u00fcrlichen und juristischen Personen. Ich habe Ihre Datenschutz- und Cookie-Richtlinie gelesen.\n    <\/div>\n<\/div>\n<div class=\"row\" style=\"margin-top:25px\">\n<div class=\"col-md-12\">\n        <input type=\"submit\" value=\"Absenden\" class=\"wpcf7-form-control has-spinner wpcf7-submit btn-nice\" \/>\n    <\/div>\n<\/div>\n<\/div><div class=\"wpcf7-response-output\" aria-hidden=\"true\"><\/div><\/form><\/div>[\/vc_column][\/vc_row]<\/p>\n","protected":false},"excerpt":{"rendered":"[vc_row pix_particles_check=&#8220;&#8220;][vc_column][\/vc_column][\/vc_row]","protected":false},"author":1,"featured_media":0,"parent":0,"menu_order":0,"comment_status":"closed","ping_status":"closed","template":"","meta":{"footnotes":""},"class_list":["post-67439","page","type-page","status-publish","hentry"],"_links":{"self":[{"href":"https:\/\/www.tekislastik.com\/de\/wp-json\/wp\/v2\/pages\/67439","targetHints":{"allow":["GET"]}}],"collection":[{"href":"https:\/\/www.tekislastik.com\/de\/wp-json\/wp\/v2\/pages"}],"about":[{"href":"https:\/\/www.tekislastik.com\/de\/wp-json\/wp\/v2\/types\/page"}],"author":[{"embeddable":true,"href":"https:\/\/www.tekislastik.com\/de\/wp-json\/wp\/v2\/users\/1"}],"replies":[{"embeddable":true,"href":"https:\/\/www.tekislastik.com\/de\/wp-json\/wp\/v2\/comments?post=67439"}],"version-history":[{"count":2,"href":"https:\/\/www.tekislastik.com\/de\/wp-json\/wp\/v2\/pages\/67439\/revisions"}],"predecessor-version":[{"id":67441,"href":"https:\/\/www.tekislastik.com\/de\/wp-json\/wp\/v2\/pages\/67439\/revisions\/67441"}],"wp:attachment":[{"href":"https:\/\/www.tekislastik.com\/de\/wp-json\/wp\/v2\/media?parent=67439"}],"curies":[{"name":"wp","href":"https:\/\/api.w.org\/{rel}","templated":true}]}}