{"id":55685,"date":"2023-02-10T14:53:25","date_gmt":"2023-02-10T14:53:25","guid":{"rendered":"https:\/\/www.tekislastik.com\/?page_id=55685"},"modified":"2024-07-03T09:37:05","modified_gmt":"2024-07-03T06:37:05","slug":"was-ist-ein-elastischer-flechtguertel","status":"publish","type":"page","link":"https:\/\/www.tekislastik.com\/de\/was-ist-ein-elastischer-flechtguertel\/","title":{"rendered":"Was ist ein elastischer Flechtg\u00fcrtel?"},"content":{"rendered":"[vc_row pix_particles_check=&#8220;&#8220;][vc_column][vc_column_text]\r\n<h1 style=\"text-align: center;\">Was ist ein elastischer Flechtg\u00fcrtel?<\/h1>\r\n[\/vc_column_text][\/vc_column][\/vc_row][vc_row pix_particles_check=&#8220;&#8220; css=&#8220;.vc_custom_1676026741351{margin-bottom: 30px !important;}&#8220;][vc_column width=&#8220;1\/3&#8243;]<div class=\"d-inline-block \" ><div class=\"pix-img-el    text-left d-inline-block  w-100 rounded-0\"  ><img loading=\"lazy\" decoding=\"async\" class=\"card-img2 pix-img-elem rounded-0  h-1002\" style=\"height:auto;\" width=\"2000\" height=\"2000\" srcset=\"https:\/\/www.tekislastik.com\/wp-content\/uploads\/2023\/02\/braided_belt_elastic_3.webp 2000w, https:\/\/www.tekislastik.com\/wp-content\/uploads\/2023\/02\/braided_belt_elastic_3-300x300.webp 300w, https:\/\/www.tekislastik.com\/wp-content\/uploads\/2023\/02\/braided_belt_elastic_3-1024x1024.webp 1024w, https:\/\/www.tekislastik.com\/wp-content\/uploads\/2023\/02\/braided_belt_elastic_3-150x150.webp 150w, https:\/\/www.tekislastik.com\/wp-content\/uploads\/2023\/02\/braided_belt_elastic_3-768x768.webp 768w, https:\/\/www.tekislastik.com\/wp-content\/uploads\/2023\/02\/braided_belt_elastic_3-1536x1536.webp 1536w, https:\/\/www.tekislastik.com\/wp-content\/uploads\/2023\/02\/braided_belt_elastic_3-400x400.webp 400w, https:\/\/www.tekislastik.com\/wp-content\/uploads\/2023\/02\/braided_belt_elastic_3-75x75.webp 75w, https:\/\/www.tekislastik.com\/wp-content\/uploads\/2023\/02\/braided_belt_elastic_3-460x460.webp 460w, https:\/\/www.tekislastik.com\/wp-content\/uploads\/2023\/02\/braided_belt_elastic_3-16x16.webp 16w, https:\/\/www.tekislastik.com\/wp-content\/uploads\/2023\/02\/braided_belt_elastic_3-600x600.webp 600w, https:\/\/www.tekislastik.com\/wp-content\/uploads\/2023\/02\/braided_belt_elastic_3-100x100.webp 100w, https:\/\/www.tekislastik.com\/wp-content\/uploads\/2023\/02\/braided_belt_elastic_3-50x50.webp 50w\" sizes=\"auto, (max-width: 2000px) 100vw, 2000px\" src=\"https:\/\/www.tekislastik.com\/wp-content\/uploads\/2023\/02\/braided_belt_elastic_3.webp\" alt=\"\" title=\"\"><\/div><\/div>[\/vc_column][vc_column width=&#8220;1\/3&#8243;]<div class=\"d-inline-block \" ><div class=\"pix-img-el    text-left d-inline-block  w-100 rounded-0\"  ><img loading=\"lazy\" decoding=\"async\" class=\"card-img2 pix-img-elem rounded-0  h-1002\" style=\"height:auto;\" width=\"2000\" height=\"2000\" srcset=\"https:\/\/www.tekislastik.com\/wp-content\/uploads\/2023\/02\/braided_belt_elastic_4.webp 2000w, https:\/\/www.tekislastik.com\/wp-content\/uploads\/2023\/02\/braided_belt_elastic_4-300x300.webp 300w, https:\/\/www.tekislastik.com\/wp-content\/uploads\/2023\/02\/braided_belt_elastic_4-1024x1024.webp 1024w, https:\/\/www.tekislastik.com\/wp-content\/uploads\/2023\/02\/braided_belt_elastic_4-150x150.webp 150w, https:\/\/www.tekislastik.com\/wp-content\/uploads\/2023\/02\/braided_belt_elastic_4-768x768.webp 768w, https:\/\/www.tekislastik.com\/wp-content\/uploads\/2023\/02\/braided_belt_elastic_4-1536x1536.webp 1536w, https:\/\/www.tekislastik.com\/wp-content\/uploads\/2023\/02\/braided_belt_elastic_4-400x400.webp 400w, https:\/\/www.tekislastik.com\/wp-content\/uploads\/2023\/02\/braided_belt_elastic_4-75x75.webp 75w, https:\/\/www.tekislastik.com\/wp-content\/uploads\/2023\/02\/braided_belt_elastic_4-460x460.webp 460w, https:\/\/www.tekislastik.com\/wp-content\/uploads\/2023\/02\/braided_belt_elastic_4-16x16.webp 16w, https:\/\/www.tekislastik.com\/wp-content\/uploads\/2023\/02\/braided_belt_elastic_4-600x600.webp 600w, https:\/\/www.tekislastik.com\/wp-content\/uploads\/2023\/02\/braided_belt_elastic_4-100x100.webp 100w, https:\/\/www.tekislastik.com\/wp-content\/uploads\/2023\/02\/braided_belt_elastic_4-50x50.webp 50w\" sizes=\"auto, (max-width: 2000px) 100vw, 2000px\" src=\"https:\/\/www.tekislastik.com\/wp-content\/uploads\/2023\/02\/braided_belt_elastic_4.webp\" alt=\"\" title=\"\"><\/div><\/div>[\/vc_column][vc_column width=&#8220;1\/3&#8243;]<div class=\"d-inline-block \" ><div class=\"pix-img-el    text-left d-inline-block  w-100 rounded-0\"  ><img loading=\"lazy\" decoding=\"async\" class=\"card-img2 pix-img-elem rounded-0  h-1002\" style=\"height:auto;\" width=\"2000\" height=\"2000\" srcset=\"https:\/\/www.tekislastik.com\/wp-content\/uploads\/2023\/02\/braided_belt_elastic.webp 2000w, https:\/\/www.tekislastik.com\/wp-content\/uploads\/2023\/02\/braided_belt_elastic-300x300.webp 300w, https:\/\/www.tekislastik.com\/wp-content\/uploads\/2023\/02\/braided_belt_elastic-1024x1024.webp 1024w, https:\/\/www.tekislastik.com\/wp-content\/uploads\/2023\/02\/braided_belt_elastic-150x150.webp 150w, https:\/\/www.tekislastik.com\/wp-content\/uploads\/2023\/02\/braided_belt_elastic-768x768.webp 768w, https:\/\/www.tekislastik.com\/wp-content\/uploads\/2023\/02\/braided_belt_elastic-1536x1536.webp 1536w, https:\/\/www.tekislastik.com\/wp-content\/uploads\/2023\/02\/braided_belt_elastic-400x400.webp 400w, https:\/\/www.tekislastik.com\/wp-content\/uploads\/2023\/02\/braided_belt_elastic-75x75.webp 75w, https:\/\/www.tekislastik.com\/wp-content\/uploads\/2023\/02\/braided_belt_elastic-460x460.webp 460w, https:\/\/www.tekislastik.com\/wp-content\/uploads\/2023\/02\/braided_belt_elastic-16x16.webp 16w, https:\/\/www.tekislastik.com\/wp-content\/uploads\/2023\/02\/braided_belt_elastic-600x600.webp 600w, https:\/\/www.tekislastik.com\/wp-content\/uploads\/2023\/02\/braided_belt_elastic-100x100.webp 100w, https:\/\/www.tekislastik.com\/wp-content\/uploads\/2023\/02\/braided_belt_elastic-50x50.webp 50w\" sizes=\"auto, (max-width: 2000px) 100vw, 2000px\" src=\"https:\/\/www.tekislastik.com\/wp-content\/uploads\/2023\/02\/braided_belt_elastic.webp\" alt=\"\" title=\"\"><\/div><\/div>[\/vc_column][\/vc_row][vc_row pix_particles_check=&#8220;&#8220;][vc_column][vc_column_text el_class=&#8220;text-darking&#8220;]Ein <a href=\"https:\/\/www.tekislastik.com\/de\/produkte\/elastisch\/geflochtenes-gummiband\/\">geflochtenes Gummiband<\/a> ist ein Material, das f\u00fcr die Herstellung von G\u00fcrteln verwendet wird. Es wird durch Verflechten mehrerer elastischer Str\u00e4nge zu einem starken, flexiblen und haltbaren Material hergestellt. Diese Art von Gummiband wird h\u00e4ufig f\u00fcr Kleidung, Accessoires und Sportartikel verwendet, da es ein hohes Ma\u00df an Dehnbarkeit und R\u00fcckstellverm\u00f6gen bietet.\r\nNeben seiner St\u00e4rke und Flexibilit\u00e4t wird geflochtenes Gummiband auch f\u00fcr seine Haltbarkeit und Verschlei\u00dffestigkeit gesch\u00e4tzt. Es wird h\u00e4ufig f\u00fcr stark beanspruchte Anwendungen verwendet, wie z. B. f\u00fcr Sportbekleidung, bei denen es wichtig ist, dass das Gummiband seine Form beh\u00e4lt und nicht rei\u00dft.\r\nEin weiterer Vorteil von geflochtenem G\u00fcrtelgummi ist seine glatte Textur, die f\u00fcr ein angenehmes Tragegef\u00fchl sorgt und die Haut nicht so leicht reizt. Dies macht es zu einem beliebten Material f\u00fcr H\u00fcftgurte, Hosentr\u00e4ger und andere Kleidungsst\u00fccke, die in direkten Kontakt mit der Haut kommen.\r\nSchlie\u00dflich l\u00e4sst sich geflochtener G\u00fcrtelgummi auch leicht verarbeiten, zuschneiden und einn\u00e4hen. Das macht es zu einem vielseitigen Material f\u00fcr viele Anwendungen, das von Bekleidungs- und Accessoireherstellern und N\u00e4hbegeisterten h\u00e4ufig verwendet wird.[\/vc_column_text]<div  class=\"pix-heading-el text-left  vc_custom_1676040930021\"><div><div class=\"slide-in-container\"><h2 class=\"text-dark-opacity-7 font-weight-bold heading-text el-title_custom_color mb-12\" style=\"\" data-anim-type=\"\" data-anim-delay=\"0\">Wie wird ein geflochtenes Gummiband hergestellt?<\/h2><\/div><\/div><\/div>[\/vc_column][\/vc_row][vc_row pix_particles_check=&#8220;&#8220;][vc_column][vc_column_text el_class=&#8220;text-darking&#8220;]Das Herstellungsverfahren f\u00fcr geflochtene Gummib\u00e4nder besteht aus mehreren Schritten:\r\n\r\n<strong>Rohmaterialien<\/strong>: Elastische F\u00e4den werden in der Regel aus einem synthetischen Material wie Polyester oder Elasthan hergestellt, das so verarbeitet wurde, dass es die gew\u00fcnschte Dehnbarkeit und R\u00fcckstellkraft aufweist.\r\n\r\n<strong>Flechten<\/strong>: Die elastischen F\u00e4den werden dann zu einer einzigen, starken und flexiblen Schnur geflochten. Dies geschieht in der Regel mit einer Strickmaschine, die die Dr\u00e4hte zu einem engen, ineinandergreifenden Muster verdreht.\r\n\r\n<strong>Schneiden<\/strong>: Die geflochtene Kordel wird dann je nach Verwendungszweck auf die gew\u00fcnschte L\u00e4nge zugeschnitten. So kann beispielsweise ein elastisches Taillenband auf eine bestimmte L\u00e4nge f\u00fcr einen Hosenbund oder eine l\u00e4ngere L\u00e4nge f\u00fcr ein Tragetuch zugeschnitten werden.\r\n\r\n<strong>Verpacken<\/strong>: Der fertige geflochtene G\u00fcrtelreifen wird dann verpackt und f\u00fcr den Versand an den Kunden vorbereitet.\r\n\r\nDies sind die grundlegenden Schritte bei der Herstellung von geflochtenen G\u00fcrtelgummis. Der genaue Ablauf kann je nach Hersteller und Art des geflochtenen Gummibandes leicht variieren.\r\n\r\nDer Herstellungsprozess erfolgt in der Regel in gro\u00dfem Ma\u00dfstab mit industriellen Strickmaschinen und Beschichtungsanlagen. Die Maschinen werden in der Regel von Facharbeitern bedient, die den Prozess \u00fcberwachen, um sicherzustellen, dass die geflochtene Schnur die gew\u00fcnschte Qualit\u00e4t aufweist und keine M\u00e4ngel oder Unstimmigkeiten vorhanden sind.\r\n\r\nNeben dem Herstellungsprozess werden auch Qualit\u00e4tskontrollma\u00dfnahmen durchgef\u00fchrt, um sicherzustellen, dass das geflochtene Gummiband den Industrienormen und den Kundenspezifikationen entspricht. Dazu geh\u00f6ren Ausdauer-, Dehnungs- und R\u00fcckstellpr\u00fcfungen sowie Sichtkontrollen zur \u00dcberpr\u00fcfung auf M\u00e4ngel.\r\n\r\nNach der Herstellung kann das geflochtene Gummiband f\u00fcr eine Vielzahl von Anwendungen verwendet werden, darunter Bekleidung, Accessoires und Sportartikel. Es ist ein vielseitiges Material, das ein hohes Ma\u00df an Dehnbarkeit und R\u00fcckstellverm\u00f6gen bietet und sich daher ideal f\u00fcr Kleidungsst\u00fccke und Artikel eignet, die einen engen und bequemen Sitz erfordern.[\/vc_column_text]<div  class=\"pix-heading-el text-left  vc_custom_1676040986731\"><div><div class=\"slide-in-container\"><h2 class=\"text-dark-opacity-7 font-weight-bold heading-text el-title_custom_color mb-12\" style=\"\" data-anim-type=\"\" data-anim-delay=\"0\">Ist Teki\u015f Lastik Braided Belt Elastic Hersteller?<\/h2><\/div><\/div><\/div>[vc_column_text el_class=&#8220;text-darking&#8220;]Wenn es darum geht, einen Hersteller von qualitativ hochwertigen geflochtenen Gummib\u00e4ndern zu finden, sollte Teki\u015f Lastik ganz oben auf Ihrer Liste stehen. Mit \u00fcber 25 Jahren Erfahrung in der Branche hat sich das Unternehmen den Ruf erworben, au\u00dfergew\u00f6hnliche Produkte und einen un\u00fcbertroffenen Kundenservice zu bieten.\r\n\r\nTeki\u015f Lastik stellt nicht nur erstklassige elastische Flechtb\u00e4nder her, sondern legt auch gro\u00dfen Wert auf soziale Verantwortung und Nachhaltigkeit. Das Unternehmen hat sich verpflichtet, umweltbewusst zu handeln und Ma\u00dfnahmen zu ergreifen, um die Kundenzufriedenheit zu gew\u00e4hrleisten und die hohen Qualit\u00e4tsstandards aufrechtzuerhalten.[\/vc_column_text][\/vc_column][\/vc_row]","protected":false},"excerpt":{"rendered":"[vc_row pix_particles_check=&#8220;&#8220;][vc_column][vc_column_text] Was ist ein elastischer Flechtg\u00fcrtel? [\/vc_column_text][\/vc_column][\/vc_row][vc_row pix_particles_check=&#8220;&#8220; css=&#8220;.vc_custom_1676026741351{margin-bottom: 30px !important;}&#8220;][vc_column width=&#8220;1\/3&#8243;][\/vc_column][vc_column width=&#8220;1\/3&#8243;][\/vc_column][vc_column width=&#8220;1\/3&#8243;][\/vc_column][\/vc_row][vc_row pix_particles_check=&#8220;&#8220;][vc_column][vc_column_text el_class=&#8220;text-darking&#8220;]Ein geflochtenes Gummiband ist ein Material, das f\u00fcr die Herstellung von G\u00fcrteln verwendet wird. Es wird durch Verflechten mehrerer elastischer Str\u00e4nge zu einem starken,&#8230;","protected":false},"author":1,"featured_media":55593,"parent":0,"menu_order":0,"comment_status":"closed","ping_status":"closed","template":"","meta":{"footnotes":""},"class_list":["post-55685","page","type-page","status-publish","has-post-thumbnail","hentry"],"_links":{"self":[{"href":"https:\/\/www.tekislastik.com\/de\/wp-json\/wp\/v2\/pages\/55685","targetHints":{"allow":["GET"]}}],"collection":[{"href":"https:\/\/www.tekislastik.com\/de\/wp-json\/wp\/v2\/pages"}],"about":[{"href":"https:\/\/www.tekislastik.com\/de\/wp-json\/wp\/v2\/types\/page"}],"author":[{"embeddable":true,"href":"https:\/\/www.tekislastik.com\/de\/wp-json\/wp\/v2\/users\/1"}],"replies":[{"embeddable":true,"href":"https:\/\/www.tekislastik.com\/de\/wp-json\/wp\/v2\/comments?post=55685"}],"version-history":[{"count":0,"href":"https:\/\/www.tekislastik.com\/de\/wp-json\/wp\/v2\/pages\/55685\/revisions"}],"wp:featuredmedia":[{"embeddable":true,"href":"https:\/\/www.tekislastik.com\/de\/wp-json\/wp\/v2\/media\/55593"}],"wp:attachment":[{"href":"https:\/\/www.tekislastik.com\/de\/wp-json\/wp\/v2\/media?parent=55685"}],"curies":[{"name":"wp","href":"https:\/\/api.w.org\/{rel}","templated":true}]}}