{"id":26230,"date":"2022-06-22T07:21:30","date_gmt":"2022-06-22T07:21:30","guid":{"rendered":"https:\/\/www.tekislastik.com\/kontakt"},"modified":"2022-12-14T14:23:11","modified_gmt":"2022-12-14T14:23:11","slug":"kontakt","status":"publish","type":"page","link":"https:\/\/www.tekislastik.com\/de\/kontakt\/","title":{"rendered":"Kontakt"},"content":{"rendered":"[vc_section full_width=&#8220;stretch_row_content&#8220; pix_over_visibility=&#8220;&#8220; responsive_css=&#8220;{&#8222;pix_res_sm_pt&#8222;:&#8222;60&#8222;,&#8222;pix_res_md_pt&#8222;:&#8222;60&#8222;}&#8220; css=&#8220;.vc_custom_1640683265969{padding-top: 0px !important;}&#8220;][vc_row full_width=&#8220;stretch_row_content_no_spaces&#8220; pix_particles_check=&#8220;&#8220;][vc_column]<div id=\"el1604460437187-f31d4d08-70ef\" class=\"pix-highlighted-element text-center  vc_custom_1655883081666\"><h1 class=\"pix-highlighted-items \" style=\"\" data-anim-type=\"\" data-anim-delay=\"0\"><span class=\"\"><span class=\"pix-highlighted-text pix-highlight-item font-weight-normal  heading-font text-heading-default\">Kontakt<\/span><\/span><\/h1><\/div><div class=\"pix-el-text w-100 text-center  vc_custom_1655883100683\" ><div class=\"d-inline-block\" style=\"max-width:600px;\"><p class=\"text-20  text-body-default text-center font-weight-bold\" ><span class=\"text-body-default animate-in d-inline-block\" data-anim-delay=\"100\" data-anim-type=\"fade-in-up\">Kontaktieren Sie uns, wann immer, wo immer, was immer Sie wollen.\r\nBitte schauen Sie unten f\u00fcr unsere Kontaktinformationen und Standorte.<\/span><\/p><\/div><\/div>[vc_gmaps link=&#8220;#E-8_JTNDaWZyYW1lJTIwc3JjJTNEJTIyaHR0cHMlM0ElMkYlMkZ3d3cuZ29vZ2xlLmNvbSUyRm1hcHMlMkZlbWJlZCUzRnBiJTNEJTIxMW0xOCUyMTFtMTIlMjExbTMlMjExZDMwMDguODg4NjA4Mzg3NzU2JTIxMmQyOC44NTYxMTg1MTUzNzU0NzglMjEzZDQxLjA0OTU2NDk3OTI5NjY1JTIxMm0zJTIxMWYwJTIxMmYwJTIxM2YwJTIxM20yJTIxMWkxMDI0JTIxMmk3NjglMjE0ZjEzLjElMjEzbTMlMjExbTIlMjExczB4MTRjYWE1NGI1YWQ0NTRiOSUyNTNBMHhkZTQ0ZTliZGY5M2FlOGJkJTIxMnNUZWtpJTI1QzUlMjU5RiUyNTIwTGFzdGlrJTIxNWUwJTIxM20yJTIxMXN0ciUyMTJzdHIlMjE0djE2Mzg1MTU5OTQwMDAlMjE1bTIlMjExc3RyJTIxMnN0ciUyMiUyMHdpZHRoJTNEJTIyNjAwJTIyJTIwaGVpZ2h0JTNEJTIyNDUwJTIyJTIwc3R5bGUlM0QlMjJib3JkZXIlM0EwJTNCJTIyJTIwYWxsb3dmdWxsc2NyZWVuJTNEJTIyJTIyJTIwbG9hZGluZyUzRCUyMmxhenklMjIlM0UlM0MlMkZpZnJhbWUlM0U=&#8220; css=&#8220;.vc_custom_1640071017011{margin-bottom: 0px !important;}&#8220;][\/vc_column][\/vc_row][\/vc_section][vc_section full_width=&#8220;stretch_row&#8220; pix_over_visibility=&#8220;&#8220; responsive_css=&#8220;{&#8222;pix_res_sm_pt&#8222;:&#8222;20&#8222;,&#8222;pix_res_sm_pb&#8222;:&#8222;20&#8222;,&#8222;pix_res_md_pt&#8222;:&#8222;40&#8222;,&#8222;pix_res_md_pb&#8222;:&#8222;40&#8222;}&#8220; css=&#8220;.vc_custom_1604715535677{padding-top: 80px !important;padding-bottom: 80px !important;background-color: #ffffff !important;}&#8220; el_id=&#8220;pix_section_contact&#8220;][vc_row pix_particles_check=&#8220;&#8220;][vc_column width=&#8220;1\/3&#8243;]<a class=\"text-center \"  href=\"#\" target=\"\"><div id=\"duo-icon-31443314\" class=\"pix-icon text-center  vc_custom_1640070808717\"><div class=\"rounded-circle d-inline-block feature_img  bg-gradient-primary-light\"   style=\" width:108px;height:108px;position:relative;line-height:108px;text-align:center;\"><i style=\"display:inline-block;font-size:60px;line-height:60px;\" class=\"text-gradient-primary align-middle pixicon-support-1\"><\/i><\/div><\/div><\/a><div class=\"pix-el-text w-100 text-center  vc_custom_1655883130090\" ><div class=\"d-inline-block\" style=\"max-width:600px;\"><p class=\"text-20 m-0 text-heading-default text-center font-weight-bold secondary-font\" >Rufnummer<\/p><\/div><\/div><div class=\"pix-el-text w-100 text-center  vc_custom_1640070860999\" ><div class=\"d-inline-block\" style=\"max-width:600px;\"><p class=\"text-20 m-0 text-body-default text-center \" >+0850 532 13 31<\/p><\/div><\/div>[\/vc_column][vc_column width=&#8220;1\/3&#8243;]<a class=\"text-center \"  href=\"#\" target=\"\"><div id=\"duo-icon-139117142\" class=\"pix-icon text-center  vc_custom_1640070819906\"><div class=\"rounded-circle d-inline-block feature_img  bg-gradient-primary-light\"   style=\" width:108px;height:108px;position:relative;line-height:108px;text-align:center;\"><i style=\"display:inline-block;font-size:60px;line-height:60px;\" class=\"text-gradient-primary align-middle pixicon-email-open-2\"><\/i><\/div><\/div><\/a><div class=\"pix-el-text w-100 text-center  vc_custom_1655883144917\" ><div class=\"d-inline-block\" style=\"max-width:600px;\"><p class=\"text-20 m-0 text-heading-default text-center font-weight-bold secondary-font\" >E-Mail<\/p><\/div><\/div><div class=\"pix-el-text w-100 text-center  vc_custom_1640070839211\" ><div class=\"d-inline-block\" style=\"max-width:600px;\"><p class=\"text-20 m-0 text-body-default text-center \" >info@tekislastik.com<\/p><\/div><\/div>[\/vc_column][vc_column width=&#8220;1\/3&#8243;]<a class=\"text-center \"  href=\"#\" target=\"\"><div id=\"duo-icon-111551868\" class=\"pix-icon text-center  vc_custom_1640070827269\"><div class=\"rounded-circle d-inline-block feature_img  bg-gradient-primary-light\"   style=\" width:108px;height:108px;position:relative;line-height:108px;text-align:center;\"><i style=\"display:inline-block;font-size:60px;line-height:60px;\" class=\"text-gradient-primary align-middle pixicon-world-map-pin\"><\/i><\/div><\/div><\/a><div class=\"pix-el-text w-100 text-center  vc_custom_1640070882633\" ><div class=\"d-inline-block\" style=\"max-width:600px;\"><p class=\"text-18 m-0 text-heading-default text-center font-weight-bold secondary-font\" >Fevzi\u00e7akmak Mah. Osmangazi Cad. 2088.Sk No:9 Ba\u011fc\u0131lar\/ \u0130stanbul<\/p><\/div><\/div>[\/vc_column][\/vc_row][vc_row equal_height=&#8220;yes&#8220; pix_particles_check=&#8220;&#8220; css=&#8220;.vc_custom_1604461320159{padding-top: 40px !important;}&#8220;][vc_column width=&#8220;1\/2&#8243; css=&#8220;.vc_custom_1604461408957{padding-top: 50px !important;}&#8220;]<div class=\"pix-content-box card      vc_custom_1613516207795    rounded-10 shadow-lg shadow-hover-lg fly-sm bg- w-100  \"   ><div class=\"scene scene-over\"><\/div><div class=\"\" style=\"z-index:30;position:relative;\"><a href=\"#\" ><div id=\"1638542419880-5378ad37-a939\" class=\"media  vc_custom_1655883495428\"><div class=\"mr-3 feature_img \"   style=\"position:relative;text-align:center;\"><i style=\"display:inline-block;font-size:40px;min-width:40px;line-height:40px;\" class=\"text-gradient-primary align-middle pixicon-map-pinned-2\"><\/i><\/div><div class=\"media-body text-left\"><h6 class=\"font-weight-bold  secondary-font text-heading-default  \" style=\"padding-top:8px;\"  >Fabrik<\/h6><div class=\"text-body-default text-18     \" style=\"\"  >Fevzi\u00e7akmak Mah. Osmangazi Cad. 2088.Sk No:2 Ba\u011fc\u0131lar\/ \u0130stanbul<\/div><\/div><\/div><\/a><\/div><\/div><div class=\"pix-content-box card      vc_custom_1613516207795    rounded-10 shadow-lg shadow-hover-lg fly-sm bg- w-100  \"   ><div class=\"scene scene-over\"><\/div><div class=\"\" style=\"z-index:30;position:relative;\"><a href=\"#\" ><div id=\"1638542433623-99f35a20-0cd5\" class=\"media  vc_custom_1655883513969\"><div class=\"mr-3 feature_img \"   style=\"position:relative;text-align:center;\"><i style=\"display:inline-block;font-size:40px;min-width:40px;line-height:40px;\" class=\"text-gradient-primary align-middle pixicon-map-pinned-2\"><\/i><\/div><div class=\"media-body text-left\"><h6 class=\"font-weight-bold  secondary-font text-heading-default  \" style=\"padding-top:8px;\"  >Laden Sie<\/h6><div class=\"text-body-default text-18     \" style=\"\"  >Mehmet Nesih \u00d6zmen Mah. Akasya Sok. No:7 Dirican \u0130\u015f Merkezi 34173 Gungoren\/Istanbul<\/div><\/div><\/div><\/a><\/div><\/div><div class=\"pix-content-box card      vc_custom_1613516207795    rounded-10 shadow-lg shadow-hover-lg fly-sm bg- w-100  \"   ><div class=\"scene scene-over\"><\/div><div class=\"\" style=\"z-index:30;position:relative;\"><a href=\"#\" ><div id=\"1607291086140-5b051fdd-5ca5\" class=\"media  vc_custom_1655883529647\"><div class=\"mr-3 feature_img \"   style=\"position:relative;text-align:center;\"><i style=\"display:inline-block;font-size:40px;min-width:40px;line-height:40px;\" class=\"text-gradient-primary align-middle pixicon-map-pinned-2\"><\/i><\/div><div class=\"media-body text-left\"><h6 class=\"font-weight-bold  secondary-font text-heading-default  \" style=\"padding-top:8px;\"  >Digitales B\u00fcro<\/h6><div class=\"text-body-default text-18     \" style=\"\"  >Fevzi\u00e7akmak Mah. Osmangazi Cad. 2088.Sk No:9 Ba\u011fc\u0131lar\/ \u0130stanbul<\/div><\/div><\/div><\/a><\/div><\/div>[\/vc_column][vc_column width=&#8220;1\/2&#8243; css=&#8220;.vc_custom_1592323090921{padding-top: 20px !important;padding-bottom: 20px !important;}&#8220;]<div role=\"form\" class=\"wpcf7\" id=\"wpcf7-f26189-o1\" lang=\"en-US\" dir=\"ltr\">\n<div class=\"screen-reader-response\"><p role=\"status\" aria-live=\"polite\" aria-atomic=\"true\"><\/p> <ul><\/ul><\/div>\n<form action=\"\/de\/wp-json\/wp\/v2\/pages\/26230#wpcf7-f26189-o1\" method=\"post\" class=\"wpcf7-form init\" novalidate=\"novalidate\" data-status=\"init\">\n<div style=\"display: none;\">\n<input type=\"hidden\" name=\"_wpcf7\" value=\"26189\" \/>\n<input type=\"hidden\" name=\"_wpcf7_version\" value=\"5.5.3\" \/>\n<input type=\"hidden\" name=\"_wpcf7_locale\" value=\"en_US\" \/>\n<input type=\"hidden\" name=\"_wpcf7_unit_tag\" value=\"wpcf7-f26189-o1\" \/>\n<input type=\"hidden\" name=\"_wpcf7_container_post\" value=\"0\" \/>\n<input type=\"hidden\" name=\"_wpcf7_posted_data_hash\" value=\"\" \/>\n<\/div>\n<div class=\"pix-contact7-form\"><div class=\"row\" style=\"margin-top:25px\">\n<div class=\"col-md-6\">\n         <label class=\"label-color\"> Name <\/label><br \/>\n         <span class=\"wpcf7-form-control-wrap yourname\"><input type=\"text\" name=\"yourname\" value=\"\" size=\"40\" class=\"wpcf7-form-control wpcf7-text wpcf7-validates-as-required\" aria-required=\"true\" aria-invalid=\"false\" \/><\/span><\/p>\n<\/div>\n<div class=\"col-md-6\">\n         <label class=\"label-color\"> Email<\/label><br \/>\n                 <span class=\"wpcf7-form-control-wrap your-email\"><input type=\"email\" name=\"your-email\" value=\"\" size=\"40\" class=\"wpcf7-form-control wpcf7-text wpcf7-email wpcf7-validates-as-required wpcf7-validates-as-email\" aria-required=\"true\" aria-invalid=\"false\" \/><\/span>\n    <\/div>\n<\/div>\n<div class=\"row\"   style=\"margin-top:25px\">\n<div class=\"col-md-12\">\n<p><label class=\"label-color\"> Nachricht<\/label><br \/>\n    <span class=\"wpcf7-form-control-wrap your-message\"><textarea name=\"your-message\" cols=\"40\" rows=\"3\" class=\"wpcf7-form-control wpcf7-textarea\" aria-invalid=\"false\"><\/textarea><\/span>\n<\/div>\n<\/div>\n<div class=\"row\"   style=\"margin-top:25px;font-size:14px;\">\n<div class=\"col-md-12\">\n<p><span class=\"wpcf7-form-control-wrap acik_riza1\"><span class=\"wpcf7-form-control wpcf7-checkbox wpcf7-validates-as-required\"><span class=\"wpcf7-list-item first last\"><input type=\"checkbox\" name=\"acik_riza1[]\" value=\"\" \/><span class=\"wpcf7-list-item-label\"><\/span><\/span><\/span><\/span> Ich erkl\u00e4re, dass mir die erforderlichen Informationen zur Verf\u00fcgung gestellt wurden, dass ich den Text gelesen und verstanden habe, dass meine hierin angegebenen personenbezogenen Daten von TEK\u0130\u015e LAST\u0130K verarbeitet und an die im <a href=\"https:\/\/www.tekislastik.com\/de\/klarstellungstext\/\"> Klarstellungstext <\/a> der Institution I genannten nat\u00fcrlichen und juristischen Personen \u00fcbermittelt werden gelesen haben, ohne unter Einfluss zu stehen. In \u00dcbereinstimmung mit dem Gesetz Nr. 6698 zum Schutz personenbezogener Daten (\u201eKVKK\u201c); Ich akzeptiere, erkl\u00e4re und versichere, dass ich ausdr\u00fccklich zugestimmt habe. Ich habe Ihre Datenschutz- und Cookie-Richtlinie gelesen.<\/p>\n<\/div>\n<\/div>\n<div class=\"row\"  style=\"margin-top:25px\">\n<div class=\"col-md-12\">\n<p><input type=\"submit\" value=\"Einreichen\" class=\"wpcf7-form-control has-spinner wpcf7-submit btn-nice\" \/>\n<\/p><\/div>\n<\/div>\n<\/div><div class=\"wpcf7-response-output\" aria-hidden=\"true\"><\/div><\/form><\/div>[\/vc_column][\/vc_row][\/vc_section][vc_section full_width=&#8220;stretch_row&#8220; pix_over_visibility=&#8220;&#8220; responsive_css=&#8220;{&#8222;pix_res_sm_pt&#8222;:&#8222;20&#8222;,&#8222;pix_res_sm_pb&#8222;:&#8222;20&#8222;,&#8222;pix_res_md_pt&#8222;:&#8222;40&#8222;,&#8222;pix_res_md_pb&#8222;:&#8222;40&#8222;}&#8220; css=&#8220;.vc_custom_1640683212765{padding-top: 0px !important;padding-bottom: 0px !important;background-color: #ffffff !important;}&#8220;][vc_row pix_particles_check=&#8220;&#8220;][vc_column content_align=&#8220;text-center&#8220;]<div id=\"duo-icon-102441003\" class=\"pix-icon d-inline-block \"><div class=\"rounded-circle d-inline-block2 d-inline-flex align-items-center justify-content-center line-height-0 bg-secondary-light \"   style=\" width:64.8px;height:64.8px;position:relative;text-align:center;\"><div class=\"text-secondary\" style=\"display:inline-block;width:36px;height:36px;;font-size:36px;\"><svg width=\"100%\" height=\"100%\" viewBox=\"0 0 24 24\" version=\"1.1\" xmlns=\"http:\/\/www.w3.org\/2000\/svg\" xmlns:xlink=\"http:\/\/www.w3.org\/1999\/xlink\"> <defs><\/defs> <g stroke=\"none\" stroke-width=\"1\" fill=\"none\" fill-rule=\"evenodd\"> <path d=\"M18,8 L16,8 C15.4477153,8 15,7.55228475 15,7 C15,6.44771525 15.4477153,6 16,6 L18,6 L18,4 C18,3.44771525 18.4477153,3 19,3 C19.5522847,3 20,3.44771525 20,4 L20,6 L22,6 C22.5522847,6 23,6.44771525 23,7 C23,7.55228475 22.5522847,8 22,8 L20,8 L20,10 C20,10.5522847 19.5522847,11 19,11 C18.4477153,11 18,10.5522847 18,10 L18,8 Z M9,11 C6.790861,11 5,9.209139 5,7 C5,4.790861 6.790861,3 9,3 C11.209139,3 13,4.790861 13,7 C13,9.209139 11.209139,11 9,11 Z\" fill=\"#000000\" fill-rule=\"nonzero\" opacity=\"0.3\"><\/path> <path d=\"M0.00065168429,20.1992055 C0.388258525,15.4265159 4.26191235,13 8.98334134,13 C13.7712164,13 17.7048837,15.2931929 17.9979143,20.2 C18.0095879,20.3954741 17.9979143,21 17.2466999,21 C13.541124,21 8.03472472,21 0.727502227,21 C0.476712155,21 -0.0204617505,20.45918 0.00065168429,20.1992055 Z\" fill=\"#000000\" fill-rule=\"nonzero\"><\/path> <\/g> <\/svg><\/div><\/div><\/div><div id=\"el1604461103870-4117127c-f8fa\" class=\"pix-highlighted-element text-center  vc_custom_1670314181247\"><h3 class=\"pix-highlighted-items \" style=\"\" data-anim-type=\"\" data-anim-delay=\"0\"><span class=\"\"><span class=\"pix-highlighted-text pix-highlight-item font-weight-normal  heading-font text-heading-default\">Folgen Sie uns auf <\/span><\/span><span id=\"el1604461103870-4117127c-f8fa-1\" class=\"pix-highlight-bg align-middle2  el1604461103870-4117127c-f8fa-1 animate-in\" data-anim-type=\"highlight-grow\" data-anim-delay=\"200\"><span class=\"pix-highlighted-text  pix-highlight-item font-weight-normal  font-weight-bold heading-font text-heading-default\">Soziale Netzwerke<\/span><\/span><\/h3><\/div><div class=\"text-heading-default text-center pix-social-icons font-weight-bold d-inline-block  vc_custom_1638864111732\" style=\"font-size:32px;\"><a href=\"https:\/\/www.facebook.com\/tekiselastic\/\" aria-label=\"\" class=\"text-heading-default animate-in d-inline-block fly-sm  px-3\" data-anim-type=\"fade-in-up\" data-anim-delay=\"400\" target=\"_blank\" rel=\"noopener\"><i class=\"pixicon-facebook3\" style=\"\"><\/i><\/a><a href=\"https:\/\/tr.linkedin.com\/company\/tekislastik\" aria-label=\"\" class=\"text-heading-default animate-in d-inline-block fly-sm  px-3\" data-anim-type=\"fade-in-up\" data-anim-delay=\"500\" target=\"_blank\" rel=\"noopener\"><i class=\"pixicon-linkedin2\" style=\"\"><\/i><\/a><a href=\"https:\/\/www.instagram.com\/tekislastik\/\" aria-label=\"\" class=\"text-heading-default animate-in d-inline-block fly-sm  px-3\" data-anim-type=\"fade-in-up\" data-anim-delay=\"600\" target=\"_blank\" rel=\"noopener\"><i class=\"pixicon-instagram2\" style=\"\"><\/i><\/a><a href=\"https:\/\/www.youtube.com\/channel\/UCAzE0PIdZXXrd93RlJinZBw\" aria-label=\"\" class=\"text-heading-default animate-in d-inline-block fly-sm  px-3\" data-anim-type=\"fade-in-up\" data-anim-delay=\"700\" target=\"_blank\" rel=\"noopener\"><i class=\"pixicon-youtube2\" style=\"\"><\/i><\/a><a href=\"https:\/\/tr.pinterest.com\/tekiselastic\/\" aria-label=\"\" class=\"text-heading-default animate-in d-inline-block fly-sm  px-3\" data-anim-type=\"fade-in-up\" data-anim-delay=\"800\" target=\"_blank\" rel=\"noopener\"><i class=\"pixicon-pinterest2\" style=\"\"><\/i><\/a><\/div>[\/vc_column][\/vc_row][\/vc_section]","protected":false},"excerpt":{"rendered":"[vc_section full_width=&#8220;stretch_row_content&#8220; pix_over_visibility=&#8220;&#8220; responsive_css=&#8220;{&#8222;pix_res_sm_pt&#8222;:&#8222;60&#8222;,&#8222;pix_res_md_pt&#8222;:&#8222;60&#8222;}&#8220; css=&#8220;.vc_custom_1640683265969{padding-top: 0px !important;}&#8220;][vc_row full_width=&#8220;stretch_row_content_no_spaces&#8220; pix_particles_check=&#8220;&#8220;][vc_column][vc_gmaps link=&#8220;#E-8_JTNDaWZyYW1lJTIwc3JjJTNEJTIyaHR0cHMlM0ElMkYlMkZ3d3cuZ29vZ2xlLmNvbSUyRm1hcHMlMkZlbWJlZCUzRnBiJTNEJTIxMW0xOCUyMTFtMTIlMjExbTMlMjExZDMwMDguODg4NjA4Mzg3NzU2JTIxMmQyOC44NTYxMTg1MTUzNzU0NzglMjEzZDQxLjA0OTU2NDk3OTI5NjY1JTIxMm0zJTIxMWYwJTIxMmYwJTIxM2YwJTIxM20yJTIxMWkxMDI0JTIxMmk3NjglMjE0ZjEzLjElMjEzbTMlMjExbTIlMjExczB4MTRjYWE1NGI1YWQ0NTRiOSUyNTNBMHhkZTQ0ZTliZGY5M2FlOGJkJTIxMnNUZWtpJTI1QzUlMjU5RiUyNTIwTGFzdGlrJTIxNWUwJTIxM20yJTIxMXN0ciUyMTJzdHIlMjE0djE2Mzg1MTU5OTQwMDAlMjE1bTIlMjExc3RyJTIxMnN0ciUyMiUyMHdpZHRoJTNEJTIyNjAwJTIyJTIwaGVpZ2h0JTNEJTIyNDUwJTIyJTIwc3R5bGUlM0QlMjJib3JkZXIlM0EwJTNCJTIyJTIwYWxsb3dmdWxsc2NyZWVuJTNEJTIyJTIyJTIwbG9hZGluZyUzRCUyMmxhenklMjIlM0UlM0MlMkZpZnJhbWUlM0U=&#8220; css=&#8220;.vc_custom_1640071017011{margin-bottom: 0px !important;}&#8220;][\/vc_column][\/vc_row][\/vc_section][vc_section full_width=&#8220;stretch_row&#8220; pix_over_visibility=&#8220;&#8220; responsive_css=&#8220;{&#8222;pix_res_sm_pt&#8222;:&#8222;20&#8222;,&#8222;pix_res_sm_pb&#8222;:&#8222;20&#8222;,&#8222;pix_res_md_pt&#8222;:&#8222;40&#8222;,&#8222;pix_res_md_pb&#8222;:&#8222;40&#8222;}&#8220; css=&#8220;.vc_custom_1604715535677{padding-top: 80px !important;padding-bottom: 80px !important;background-color: #ffffff !important;}&#8220; el_id=&#8220;pix_section_contact&#8220;][vc_row pix_particles_check=&#8220;&#8220;][vc_column width=&#8220;1\/3&#8243;][\/vc_column][vc_column width=&#8220;1\/3&#8243;][\/vc_column][vc_column width=&#8220;1\/3&#8243;][\/vc_column][\/vc_row][vc_row equal_height=&#8220;yes&#8220; pix_particles_check=&#8220;&#8220; css=&#8220;.vc_custom_1604461320159{padding-top: 40px !important;}&#8220;][vc_column width=&#8220;1\/2&#8243; css=&#8220;.vc_custom_1604461408957{padding-top: 50px !important;}&#8220;][\/vc_column][vc_column width=&#8220;1\/2&#8243; css=&#8220;.vc_custom_1592323090921{padding-top: 20px&#8230;","protected":false},"author":1,"featured_media":23390,"parent":0,"menu_order":0,"comment_status":"closed","ping_status":"closed","template":"","meta":{"footnotes":""},"class_list":["post-26230","page","type-page","status-publish","has-post-thumbnail","hentry"],"_links":{"self":[{"href":"https:\/\/www.tekislastik.com\/de\/wp-json\/wp\/v2\/pages\/26230","targetHints":{"allow":["GET"]}}],"collection":[{"href":"https:\/\/www.tekislastik.com\/de\/wp-json\/wp\/v2\/pages"}],"about":[{"href":"https:\/\/www.tekislastik.com\/de\/wp-json\/wp\/v2\/types\/page"}],"author":[{"embeddable":true,"href":"https:\/\/www.tekislastik.com\/de\/wp-json\/wp\/v2\/users\/1"}],"replies":[{"embeddable":true,"href":"https:\/\/www.tekislastik.com\/de\/wp-json\/wp\/v2\/comments?post=26230"}],"version-history":[{"count":0,"href":"https:\/\/www.tekislastik.com\/de\/wp-json\/wp\/v2\/pages\/26230\/revisions"}],"wp:featuredmedia":[{"embeddable":true,"href":"https:\/\/www.tekislastik.com\/de\/wp-json\/wp\/v2\/media\/23390"}],"wp:attachment":[{"href":"https:\/\/www.tekislastik.com\/de\/wp-json\/wp\/v2\/media?parent=26230"}],"curies":[{"name":"wp","href":"https:\/\/api.w.org\/{rel}","templated":true}]}}