{"id":26172,"date":"2022-06-20T10:36:57","date_gmt":"2022-06-20T10:36:57","guid":{"rendered":"https:\/\/www.tekislastik.com\/druck-und-werbung"},"modified":"2025-11-17T17:25:37","modified_gmt":"2025-11-17T14:25:37","slug":"druck-und-werbung","status":"publish","type":"page","link":"https:\/\/www.tekislastik.com\/de\/sektoren\/druck-und-werbung\/","title":{"rendered":"Druck und Werbung"},"content":{"rendered":"<p>[vc_section full_width=&#8220;stretch_row&#8220; pix_over_visibility=&#8220;&#8220; bottom_divider_select=&#8220;8&#8243; b_has_animation=&#8220;true&#8220; b_2_color=&#8220;rgba(255,255,255,0.01)&#8220; b_3_is_gradient=&#8220;true&#8220; b_3_color=&#8220;rgba(0,0,0,0.08)&#8220; b_3_color_2=&#8220;rgba(255,255,255,0.01)&#8220; b_3_animation=&#8220;fade-in-up&#8220; t_flip_h=&#8220;true&#8220; pix_overlay_color=&#8220;primary-light&#8220; responsive_css=&#8220;{&#8222;pix_res_sm_pt&#8222;:&#8222;20&#8222;,&#8222;pix_res_sm_pb&#8222;:&#8222;20&#8222;,&#8222;pix_res_md_pt&#8222;:&#8222;40&#8222;,&#8222;pix_res_md_pb&#8222;:&#8222;40&#8222;}&#8220; css=&#8220;.vc_custom_1613527161475{padding-top: 110px !important;padding-bottom: 110px !important;}&#8220; t_custom_height=&#8220;200px&#8220; b_custom_height=&#8220;300px&#8220; pix_overlay_opacity=&#8220;1&#8243; b_3_delay=&#8220;300&#8243;][vc_row full_width=&#8220;stretch_row&#8220; content_placement=&#8220;middle&#8220; pix_particles_check=&#8220;&#8220; responsive_css=&#8220;{&#8222;pix_res_sm_pt&#8222;:&#8222;40&#8222;,&#8222;pix_res_sm_pb&#8222;:&#8222;40&#8222;,&#8222;pix_res_md_pt&#8222;:&#8222;40&#8222;,&#8222;pix_res_md_pb&#8222;:&#8222;40&#8222;}&#8220;][vc_column width=&#8220;1\/2&#8243; css=&#8220;.vc_custom_1604715604745{padding-top: 20px !important;padding-bottom: 20px !important;}&#8220;]<div id=\"el1613521949772-0c712dee-cf78\" class=\"pix-highlighted-element text-left  vc_custom_1655722021016\"><h1 class=\"pix-highlighted-items \" style=\"\" data-anim-type=\"\" data-anim-delay=\"0\"><span class=\"\"><span class=\"pix-highlighted-text pix-highlight-item font-weight-normal  heading-font text-heading-default\">Druck und Werbung<\/span><\/span><\/h1><\/div><div class=\"pix-el-text w-100   vc_custom_1676614774153\" ><p class=\"text-20  text-dark-opacity-8  \" >Die Druck und Werbeindustrie besteht aus dem Druck von Texten und Bildern auf Materialien wie Papier, Stoff, Leder und Kunststoff. Sie umfasst auch die Vervielf\u00e4ltigung von Druckerzeugnissen und ist mit der Werbeindustrie verflochten.<\/p><\/div><div class=\"pix-el-text w-100   vc_custom_1676614783272\" ><p class=\"text-20  text-dark-opacity-8  \" >Elastische und nicht elastische Stoffe dienen zur \u00e4sthetischen Vervollst\u00e4ndigung, zum Binden, Verbinden und Dekorieren in solchen M\u00e4rkten. Dar\u00fcber hinaus sind der Mehrwert und die Erh\u00f6hung der Funktionalit\u00e4t weitere Merkmale f\u00fcr die Druckerei&#038;Promotion.<\/p><\/div><div class=\"pix-el-text w-100   vc_custom_1676614793847\" ><p class=\"text-20  text-dark-opacity-8  \" >Dementsprechend werden schmale Gewebe f\u00fcr Dekoration, Verpackung und Transport verwendet. Die Dekoration von Souvenirs mit dicken oder d\u00fcnnen B\u00e4ndern und Streifen f\u00fcr Geschenkverpackungen, Verzierungen f\u00fcr Tortenverpackungen, Spielzeug, Blumen und Hochzeitsbonbons sind weitere Bereiche.<\/p><\/div>[\/vc_column][vc_column width=&#8220;1\/2&#8243; content_align=&#8220;text-center&#8220;]<div class=\"d-inline-block \" ><div class=\"pix-img-el    shadow-lg shadow-hover-lg scale-sm text-center d-inline-block  w-100 rounded-10\"  data-jarallax-element=\"50 \"><img loading=\"lazy\" decoding=\"async\" class=\"card-img2 pix-img-elem rounded-10  h-1002\" style=\"height:auto;\" width=\"1024\" height=\"1024\" srcset=\"https:\/\/www.tekislastik.com\/wp-content\/uploads\/2025\/11\/printing_promotion.jpg 1024w, https:\/\/www.tekislastik.com\/wp-content\/uploads\/2025\/11\/printing_promotion-300x300.jpg 300w, https:\/\/www.tekislastik.com\/wp-content\/uploads\/2025\/11\/printing_promotion-150x150.jpg 150w, https:\/\/www.tekislastik.com\/wp-content\/uploads\/2025\/11\/printing_promotion-768x768.jpg 768w, https:\/\/www.tekislastik.com\/wp-content\/uploads\/2025\/11\/printing_promotion-400x400.jpg 400w, https:\/\/www.tekislastik.com\/wp-content\/uploads\/2025\/11\/printing_promotion-75x75.jpg 75w, https:\/\/www.tekislastik.com\/wp-content\/uploads\/2025\/11\/printing_promotion-460x460.jpg 460w, https:\/\/www.tekislastik.com\/wp-content\/uploads\/2025\/11\/printing_promotion-600x600.jpg 600w, https:\/\/www.tekislastik.com\/wp-content\/uploads\/2025\/11\/printing_promotion-100x100.jpg 100w, https:\/\/www.tekislastik.com\/wp-content\/uploads\/2025\/11\/printing_promotion-50x50.jpg 50w\" sizes=\"auto, (max-width: 1024px) 100vw, 1024px\" src=\"https:\/\/www.tekislastik.com\/wp-content\/uploads\/2025\/11\/printing_promotion.jpg\" alt=\"Druck und Werbung\" title=\"\"><\/div><\/div>[\/vc_column][\/vc_row][vc_row full_width=&#8220;stretch_row&#8220; content_placement=&#8220;middle&#8220; pix_particles_check=&#8220;&#8220; responsive_css=&#8220;{&#8222;pix_res_sm_pt&#8222;:&#8222;40&#8222;,&#8222;pix_res_sm_pb&#8222;:&#8222;40&#8222;,&#8222;pix_res_md_pt&#8222;:&#8222;40&#8222;,&#8222;pix_res_md_pb&#8222;:&#8222;40&#8222;}&#8220;][vc_column width=&#8220;1\/2&#8243; css=&#8220;.vc_custom_1604715604745{padding-top: 20px !important;padding-bottom: 20px !important;}&#8220;]<div class=\"d-inline-block \" ><div class=\"pix-img-el    shadow-lg shadow-hover-lg scale-sm text-center d-inline-block  w-100 rounded-10\"  data-jarallax-element=\"50 \"><img loading=\"lazy\" decoding=\"async\" class=\"card-img2 pix-img-elem rounded-10  h-1002\" style=\"height:auto;\" width=\"1024\" height=\"1024\" srcset=\"https:\/\/www.tekislastik.com\/wp-content\/uploads\/2025\/11\/printing_promotion_1.jpg 1024w, https:\/\/www.tekislastik.com\/wp-content\/uploads\/2025\/11\/printing_promotion_1-300x300.jpg 300w, https:\/\/www.tekislastik.com\/wp-content\/uploads\/2025\/11\/printing_promotion_1-150x150.jpg 150w, https:\/\/www.tekislastik.com\/wp-content\/uploads\/2025\/11\/printing_promotion_1-768x768.jpg 768w, https:\/\/www.tekislastik.com\/wp-content\/uploads\/2025\/11\/printing_promotion_1-400x400.jpg 400w, https:\/\/www.tekislastik.com\/wp-content\/uploads\/2025\/11\/printing_promotion_1-75x75.jpg 75w, https:\/\/www.tekislastik.com\/wp-content\/uploads\/2025\/11\/printing_promotion_1-460x460.jpg 460w, https:\/\/www.tekislastik.com\/wp-content\/uploads\/2025\/11\/printing_promotion_1-600x600.jpg 600w, https:\/\/www.tekislastik.com\/wp-content\/uploads\/2025\/11\/printing_promotion_1-100x100.jpg 100w, https:\/\/www.tekislastik.com\/wp-content\/uploads\/2025\/11\/printing_promotion_1-50x50.jpg 50w\" sizes=\"auto, (max-width: 1024px) 100vw, 1024px\" src=\"https:\/\/www.tekislastik.com\/wp-content\/uploads\/2025\/11\/printing_promotion_1.jpg\" alt=\"Druck und werbung\" title=\"\"><\/div><\/div>[\/vc_column][vc_column width=&#8220;1\/2&#8243; content_align=&#8220;text-center&#8220;]<div class=\"pix-el-text w-100 text-left  vc_custom_1676614806394\" ><p class=\"text-20  text-dark-opacity-8 text-left \" >Unsere Fachleute fertigen flache Gummib\u00e4nder in Breiten von 4 mm bis 16 mm und runde Gummib\u00e4nder in Breiten von 1 mm bis 10 mm. Dar\u00fcber hinaus stellen wir diese in verschiedenen Gewichten, Farben, Typen und Materialien her, die in Aktenordnern und Mappen verwendet werden. Wir stellen auch gewebte Gummib\u00e4nder und gewebte B\u00e4nder f\u00fcr Dekorationen her.<\/p><\/div><div class=\"pix-el-text w-100 text-left  vc_custom_1676614817103\" ><p class=\"text-20  text-dark-opacity-8 text-left \" >Teki\u015f Lastik betrachtet die Qualit\u00e4ts und Haltbarkeitsstandards als eine wichtige Grundlage unserer Unternehmenspolitik. Um dies zu gew\u00e4hrleisten, garantieren wir, dass alle unsere Produkte das Zertifikat OEKO-TEX Standard 100 besitzen. Au\u00dferdem k\u00f6nnen Sie auf diesen Link klicken, um dies zu best\u00e4tigen.<\/p><\/div><div class=\"pix-el-text w-100 text-left  vc_custom_1676614829486\" ><p class=\"text-20  text-dark-opacity-8 text-left \" >Z\u00f6gern Sie nicht, uns zu kontaktieren, wenn Sie Printing&#038;Promotion ben\u00f6tigen. Check below the most popular printing&#038;promotion products<\/p><\/div>[\/vc_column][\/vc_row][\/vc_section][vc_section full_width=&#8220;stretch_row&#8220; pix_over_visibility=&#8220;&#8220; responsive_css=&#8220;{&#8222;pix_res_sm_pb&#8222;:&#8222;20&#8222;,&#8222;pix_res_md_pb&#8222;:&#8222;20&#8222;}&#8220; css=&#8220;.vc_custom_1614130072438{padding-top: 20px !important;padding-bottom: 60px !important;background-color: #ffffff !important;border-radius: 10px !important;}&#8220; el_id=&#8220;pix_section_services&#8220;][vc_row pix_particles_check=&#8220;&#8220; responsive_css=&#8220;{&#8222;pix_res_sm_pb&#8222;:&#8222;40&#8222;,&#8222;pix_res_md_pb&#8222;:&#8222;40&#8222;}&#8220; css=&#8220;.vc_custom_1613524951106{padding-bottom: 80px !important;}&#8220;][vc_column]<div id=\"el1603925735052-9e8ebf61-2524\" class=\"pix-highlighted-element text-center  vc_custom_1640681986313\"><div class=\"d-inline-block\" style=\"max-width:600px;\"><h2 class=\"pix-highlighted-items \" style=\"\" data-anim-type=\"\" data-anim-delay=\"0\"><span class=\"\"><span class=\"pix-highlighted-text pix-highlight-item font-weight-normal  heading-font text-heading-default\">Check below the <\/span><\/span><span id=\"el1603925735052-9e8ebf61-2524-1\" class=\"pix-highlight-bg align-middle2  el1603925735052-9e8ebf61-2524-1 animate-in\" data-anim-type=\"highlight-grow\" data-anim-delay=\"200\"><span class=\"pix-highlighted-text  pix-highlight-item font-weight-normal  font-weight-bold heading-font text-heading-default\">most popular<\/span><\/span><span class=\"\"><span class=\"pix-highlighted-text pix-highlight-item font-weight-normal  heading-font text-heading-default\"> printing&promotion products<\/span><\/span><\/h2><\/div><\/div>[\/vc_column][\/vc_row][vc_row pix_particles_check=&#8220;&#8220;][vc_column width=&#8220;1\/3&#8243;]<a  href=\"https:\/\/www.tekislastik.com\/de\/produkte\/elastisch\/geflochtenes-gummiband\/flaches-gummiband\/\" class=\" fly\"><div class=\"card   vc_custom_1656312946244  rounded-lg  overflow-hidden shadow-sm shadow-hover fly-sm  animate-in \" data-anim-delay=\"100\" data-anim-type=\"fade-in-up\"><img decoding=\"async\" src=\"https:\/\/www.tekislastik.com\/wp-content\/plugins\/pixfort-core\/functions\/images\/loading.webp\" data-srcset=\"https:\/\/www.tekislastik.com\/wp-content\/uploads\/2021\/12\/flat-elastic-2-300x192.jpg 300w, https:\/\/www.tekislastik.com\/wp-content\/uploads\/2021\/12\/flat-elastic-2-600x384.jpg 600w, https:\/\/www.tekislastik.com\/wp-content\/uploads\/2021\/12\/flat-elastic-2-1024x655.jpg 1024w, https:\/\/www.tekislastik.com\/wp-content\/uploads\/2021\/12\/flat-elastic-2-768x491.jpg 768w, https:\/\/www.tekislastik.com\/wp-content\/uploads\/2021\/12\/flat-elastic-2-622x400.jpg 622w, https:\/\/www.tekislastik.com\/wp-content\/uploads\/2021\/12\/flat-elastic-2.jpg 1329w\" data-src=\"https:\/\/www.tekislastik.com\/wp-content\/uploads\/2021\/12\/flat-elastic-2.jpg\" class=\"pix-lazy\" loading=\"lazy\" alt=\"Flache Gummib\u00e4nder\" title=\"\"><div class=\"pix-card-content\"><div class=\"card-body\"><div class=\"d-flex justify-content-between align-items-center font-weight-bold text-heading-default\"><h6 style=\"\" class=\"card-title mb-0 font-weight-bold text-heading-default\">Flache Gummib\u00e4nder<\/h6><h6 style=\"\" class=\"font-weight-bold text-heading-default pixicon-angle-right\"><\/h6><\/div><\/div><\/div><\/div><\/a>[\/vc_column][vc_column width=&#8220;1\/3&#8243; content_align=&#8220;text-center&#8220;]<a  href=\"https:\/\/www.tekislastik.com\/de\/produkte\/elastisch\/geflochtenes-gummiband\/elastik-kordel\/\" class=\" fly\"><div class=\"card   vc_custom_1675261251681  rounded-lg  overflow-hidden shadow-sm shadow-hover fly-sm  animate-in \" data-anim-delay=\"200\" data-anim-type=\"fade-in-up\"><img decoding=\"async\" src=\"https:\/\/www.tekislastik.com\/wp-content\/plugins\/pixfort-core\/functions\/images\/loading.webp\" data-srcset=\"https:\/\/www.tekislastik.com\/wp-content\/uploads\/2023\/02\/round_elastic_for_agenda-2-300x192.jpg 300w, https:\/\/www.tekislastik.com\/wp-content\/uploads\/2023\/02\/round_elastic_for_agenda-2-1024x654.jpg 1024w, https:\/\/www.tekislastik.com\/wp-content\/uploads\/2023\/02\/round_elastic_for_agenda-2-768x491.jpg 768w, https:\/\/www.tekislastik.com\/wp-content\/uploads\/2023\/02\/round_elastic_for_agenda-2-1536x981.jpg 1536w, https:\/\/www.tekislastik.com\/wp-content\/uploads\/2023\/02\/round_elastic_for_agenda-2-2048x1309.jpg 2048w, https:\/\/www.tekislastik.com\/wp-content\/uploads\/2023\/02\/round_elastic_for_agenda-2-622x400.jpg 622w, https:\/\/www.tekislastik.com\/wp-content\/uploads\/2023\/02\/round_elastic_for_agenda-2-600x383.jpg 600w\" data-src=\"https:\/\/www.tekislastik.com\/wp-content\/uploads\/2023\/02\/round_elastic_for_agenda-2-scaled.jpg\" class=\"pix-lazy\" loading=\"lazy\" alt=\"Runde Gummib\u00e4nder\" title=\"\"><div class=\"pix-card-content\"><div class=\"card-body\"><div class=\"d-flex justify-content-between align-items-center font-weight-bold text-heading-default\"><h6 style=\"\" class=\"card-title mb-0 font-weight-bold text-heading-default\">Runde Gummib\u00e4nder<\/h6><h6 style=\"\" class=\"font-weight-bold text-heading-default pixicon-angle-right\"><\/h6><\/div><\/div><\/div><\/div><\/a>[\/vc_column][vc_column width=&#8220;1\/3&#8243;]<a  href=\"https:\/\/www.tekislastik.com\/de\/produkte\/farbband\/\" class=\" fly\"><div class=\"card   vc_custom_1656312985872  rounded-lg  overflow-hidden shadow-sm shadow-hover fly-sm  animate-in \" data-anim-delay=\"300\" data-anim-type=\"fade-in-up\"><img decoding=\"async\" src=\"https:\/\/www.tekislastik.com\/wp-content\/plugins\/pixfort-core\/functions\/images\/loading.webp\" data-srcset=\"https:\/\/www.tekislastik.com\/wp-content\/uploads\/2021\/12\/ribbon-3-300x192.jpg 300w, https:\/\/www.tekislastik.com\/wp-content\/uploads\/2021\/12\/ribbon-3-600x384.jpg 600w, https:\/\/www.tekislastik.com\/wp-content\/uploads\/2021\/12\/ribbon-3-1024x655.jpg 1024w, https:\/\/www.tekislastik.com\/wp-content\/uploads\/2021\/12\/ribbon-3-768x491.jpg 768w, https:\/\/www.tekislastik.com\/wp-content\/uploads\/2021\/12\/ribbon-3-622x400.jpg 622w, https:\/\/www.tekislastik.com\/wp-content\/uploads\/2021\/12\/ribbon-3.jpg 1329w\" data-src=\"https:\/\/www.tekislastik.com\/wp-content\/uploads\/2021\/12\/ribbon-3.jpg\" class=\"pix-lazy\" loading=\"lazy\" alt=\"Farbband\" title=\"\"><div class=\"pix-card-content\"><div class=\"card-body\"><div class=\"d-flex justify-content-between align-items-center font-weight-bold text-heading-default\"><h6 style=\"\" class=\"card-title mb-0 font-weight-bold text-heading-default\">Farbband<\/h6><h6 style=\"\" class=\"font-weight-bold text-heading-default pixicon-angle-right\"><\/h6><\/div><\/div><\/div><\/div><\/a>[\/vc_column][\/vc_row][\/vc_section]<\/p>\n","protected":false},"excerpt":{"rendered":"[vc_section full_width=&#8220;stretch_row&#8220; pix_over_visibility=&#8220;&#8220; bottom_divider_select=&#8220;8&#8243; b_has_animation=&#8220;true&#8220; b_2_color=&#8220;rgba(255,255,255,0.01)&#8220; b_3_is_gradient=&#8220;true&#8220; b_3_color=&#8220;rgba(0,0,0,0.08)&#8220; b_3_color_2=&#8220;rgba(255,255,255,0.01)&#8220; b_3_animation=&#8220;fade-in-up&#8220; t_flip_h=&#8220;true&#8220; pix_overlay_color=&#8220;primary-light&#8220; responsive_css=&#8220;{&#8222;pix_res_sm_pt&#8222;:&#8222;20&#8222;,&#8222;pix_res_sm_pb&#8222;:&#8222;20&#8222;,&#8222;pix_res_md_pt&#8222;:&#8222;40&#8222;,&#8222;pix_res_md_pb&#8222;:&#8222;40&#8222;}&#8220; css=&#8220;.vc_custom_1613527161475{padding-top: 110px !important;padding-bottom: 110px !important;}&#8220; t_custom_height=&#8220;200px&#8220; b_custom_height=&#8220;300px&#8220; pix_overlay_opacity=&#8220;1&#8243; b_3_delay=&#8220;300&#8243;][vc_row full_width=&#8220;stretch_row&#8220; content_placement=&#8220;middle&#8220; pix_particles_check=&#8220;&#8220; responsive_css=&#8220;{&#8222;pix_res_sm_pt&#8222;:&#8222;40&#8222;,&#8222;pix_res_sm_pb&#8222;:&#8222;40&#8222;,&#8222;pix_res_md_pt&#8222;:&#8222;40&#8222;,&#8222;pix_res_md_pb&#8222;:&#8222;40&#8222;}&#8220;][vc_column width=&#8220;1\/2&#8243; css=&#8220;.vc_custom_1604715604745{padding-top: 20px !important;padding-bottom: 20px !important;}&#8220;][\/vc_column][vc_column width=&#8220;1\/2&#8243; content_align=&#8220;text-center&#8220;][\/vc_column][\/vc_row][vc_row full_width=&#8220;stretch_row&#8220; content_placement=&#8220;middle&#8220; pix_particles_check=&#8220;&#8220; responsive_css=&#8220;{&#8222;pix_res_sm_pt&#8222;:&#8222;40&#8222;,&#8222;pix_res_sm_pb&#8222;:&#8222;40&#8222;,&#8222;pix_res_md_pt&#8222;:&#8222;40&#8222;,&#8222;pix_res_md_pb&#8222;:&#8222;40&#8222;}&#8220;][vc_column width=&#8220;1\/2&#8243; css=&#8220;.vc_custom_1604715604745{padding-top:&#8230;","protected":false},"author":1,"featured_media":63550,"parent":26142,"menu_order":0,"comment_status":"closed","ping_status":"closed","template":"","meta":{"footnotes":""},"class_list":["post-26172","page","type-page","status-publish","has-post-thumbnail","hentry"],"_links":{"self":[{"href":"https:\/\/www.tekislastik.com\/de\/wp-json\/wp\/v2\/pages\/26172","targetHints":{"allow":["GET"]}}],"collection":[{"href":"https:\/\/www.tekislastik.com\/de\/wp-json\/wp\/v2\/pages"}],"about":[{"href":"https:\/\/www.tekislastik.com\/de\/wp-json\/wp\/v2\/types\/page"}],"author":[{"embeddable":true,"href":"https:\/\/www.tekislastik.com\/de\/wp-json\/wp\/v2\/users\/1"}],"replies":[{"embeddable":true,"href":"https:\/\/www.tekislastik.com\/de\/wp-json\/wp\/v2\/comments?post=26172"}],"version-history":[{"count":1,"href":"https:\/\/www.tekislastik.com\/de\/wp-json\/wp\/v2\/pages\/26172\/revisions"}],"predecessor-version":[{"id":72583,"href":"https:\/\/www.tekislastik.com\/de\/wp-json\/wp\/v2\/pages\/26172\/revisions\/72583"}],"up":[{"embeddable":true,"href":"https:\/\/www.tekislastik.com\/de\/wp-json\/wp\/v2\/pages\/26142"}],"wp:featuredmedia":[{"embeddable":true,"href":"https:\/\/www.tekislastik.com\/de\/wp-json\/wp\/v2\/media\/63550"}],"wp:attachment":[{"href":"https:\/\/www.tekislastik.com\/de\/wp-json\/wp\/v2\/media?parent=26172"}],"curies":[{"name":"wp","href":"https:\/\/api.w.org\/{rel}","templated":true}]}}