{"id":26166,"date":"2022-06-20T10:23:48","date_gmt":"2022-06-20T10:23:48","guid":{"rendered":"https:\/\/www.tekislastik.com\/zubehor-fur-haustiere"},"modified":"2025-09-24T13:46:47","modified_gmt":"2025-09-24T10:46:47","slug":"zubehor-fur-haustiere","status":"publish","type":"page","link":"https:\/\/www.tekislastik.com\/de\/sektoren\/zubehor-fur-haustiere\/","title":{"rendered":"Zubeh\u00f6r f\u00fcr Haustiere"},"content":{"rendered":"<p>[vc_section full_width=&#8220;stretch_row&#8220; pix_over_visibility=&#8220;&#8220; bottom_divider_select=&#8220;8&#8243; b_has_animation=&#8220;true&#8220; b_2_color=&#8220;rgba(255,255,255,0.01)&#8220; b_3_is_gradient=&#8220;true&#8220; b_3_color=&#8220;rgba(0,0,0,0.08)&#8220; b_3_color_2=&#8220;rgba(255,255,255,0.01)&#8220; b_3_animation=&#8220;fade-in-up&#8220; t_flip_h=&#8220;true&#8220; pix_overlay_color=&#8220;primary-light&#8220; responsive_css=&#8220;{&#8222;pix_res_sm_pt&#8222;:&#8222;20&#8222;,&#8222;pix_res_sm_pb&#8222;:&#8222;20&#8222;,&#8222;pix_res_md_pt&#8222;:&#8222;40&#8222;,&#8222;pix_res_md_pb&#8222;:&#8222;40&#8222;}&#8220; css=&#8220;.vc_custom_1640012345587{padding-top: 0px !important;padding-bottom: 0px !important;}&#8220; t_custom_height=&#8220;200px&#8220; b_custom_height=&#8220;300px&#8220; pix_overlay_opacity=&#8220;1&#8243; b_3_delay=&#8220;300&#8243;][vc_row full_width=&#8220;stretch_row&#8220; content_placement=&#8220;middle&#8220; pix_particles_check=&#8220;&#8220; responsive_css=&#8220;{&#8222;pix_res_sm_pt&#8222;:&#8222;40&#8222;,&#8222;pix_res_sm_pb&#8222;:&#8222;40&#8222;,&#8222;pix_res_md_pt&#8222;:&#8222;40&#8222;,&#8222;pix_res_md_pb&#8222;:&#8222;40&#8222;}&#8220;][vc_column width=&#8220;1\/2&#8243; css=&#8220;.vc_custom_1604715604745{padding-top: 20px !important;padding-bottom: 20px !important;}&#8220;]<div id=\"el1613521949772-0c712dee-cf78\" class=\"pix-highlighted-element text-left  vc_custom_1655721180760\"><h1 class=\"pix-highlighted-items \" style=\"\" data-anim-type=\"\" data-anim-delay=\"0\"><span class=\"\"><span class=\"pix-highlighted-text pix-highlight-item font-weight-normal  heading-font text-heading-default\">Zubeh\u00f6r f\u00fcr Haustiere: Katzen- und Hundehalsb\u00e4nder<\/span><\/span><\/h1><\/div><div class=\"pix-el-text w-100   vc_custom_1676614238491\" ><p class=\"text-20  text-dark-opacity-8  \" >Zubeh\u00f6r f\u00fcr Haustiere. Katzen und Hundehalsb\u00e4nder, die Industrie f\u00fcr Heimtierzubeh\u00f6r, auch Petconomy genannt, ist der industrielle Markt f\u00fcr Heimtiere, einschlie\u00dflich Produktion, Verbrauch, kulturelle Aktivit\u00e4ten und Veranstaltungen. Au\u00dferdem bietet sie den Haustierbesitzern nicht nur die M\u00f6glichkeit, mit ihren Haustieren zu spielen und Spa\u00df zu haben, sondern auch Vorteile f\u00fcr die F\u00e4higkeiten zu erlangen, in denen sie sich gegenseitig gut sind.<\/p><\/div><div class=\"pix-el-text w-100   vc_custom_1676614250528\" ><p class=\"text-20  text-dark-opacity-8  \" >Tekis Elastic bietet verschiedene Dienstleistungen f\u00fcr die wachsende und expandierende Industrie f\u00fcr Haustierzubeh\u00f6r an. Dar\u00fcber hinaus produzieren unsere Experten vor allem hochwertige und spektakul\u00e4re Designs von 10mm, 15mm, 20mm und 25mm Gurtb\u00e4ndern, die in Halsb\u00e4ndern, geflochtenen Seilen und Brustgurten verwendet werden.<\/p><\/div><div class=\"pix-el-text w-100   vc_custom_1676614274913\" ><p class=\"text-20  text-dark-opacity-7  \" >Au\u00dferdem stellen wir einzigartige 6mm, 8mm, 10mm, geflochtene Seile und Katzen-Hundehalsb\u00e4nder her. Die Kunden k\u00f6nnen alle M\u00f6glichkeiten der Designs w\u00e4hlen, wie was auch immer sie wollen, auf unserer festen Farbe Band durch Digitaldruck-Technologie hergestellt.<\/p><\/div><div class=\"pix-el-text w-100   vc_custom_1676614285417\" ><p class=\"text-20  text-dark-opacity-8  \" >Au\u00dferdem liefert unsere N\u00e4herei hochwertige Accessoires aus Kunststoff, Metall und Leder. Unsere Kunden k\u00f6nnen das Design, die L\u00e4ngenma\u00dfe und die stilvolle Verpackung frei w\u00e4hlen und die Produkte als Markenzeichen kennzeichnen.<\/p><\/div><div class=\"pix-el-text w-100   vc_custom_1676614302042\" ><p class=\"text-20  text-dark-opacity-8  \" >Teki\u015f Lastik betrachtet die Qualit\u00e4ts- und Haltbarkeitsstandards als eine wichtige Grundlage unserer Unternehmenspolitik. Um dies zu gew\u00e4hrleisten, garantieren wir, dass alle unsere Produkte das Zertifikat OEKO-TEX Standard 100 besitzen. Au\u00dferdem k\u00f6nnen Sie auf diesen Link klicken, um dies zu best\u00e4tigen.<\/p><\/div><div class=\"pix-el-text w-100   vc_custom_1676614313743\" ><p class=\"text-20  text-dark-opacity-8  \" >Z\u00f6gern Sie nicht, uns zu kontaktieren, wenn Sie Zubeh\u00f6r f\u00fcr Haustiere ben\u00f6tigen.<\/p><\/div>[\/vc_column][vc_column width=&#8220;1\/2&#8243; content_align=&#8220;text-center&#8220;]<div class=\"d-inline-block \" ><div class=\"pix-img-el    shadow-lg shadow-hover-lg scale-sm text-center d-inline-block  w-100 rounded-10\"  data-jarallax-element=\"50 \"><img loading=\"lazy\" decoding=\"async\" class=\"card-img2 pix-img-elem rounded-10  h-1002\" style=\"height:auto;\" width=\"6672\" height=\"6672\" srcset=\"https:\/\/www.tekislastik.com\/wp-content\/uploads\/2025\/09\/pet_accessories.webp 6672w, https:\/\/www.tekislastik.com\/wp-content\/uploads\/2025\/09\/pet_accessories-300x300.webp 300w, https:\/\/www.tekislastik.com\/wp-content\/uploads\/2025\/09\/pet_accessories-1024x1024.webp 1024w, https:\/\/www.tekislastik.com\/wp-content\/uploads\/2025\/09\/pet_accessories-150x150.webp 150w, https:\/\/www.tekislastik.com\/wp-content\/uploads\/2025\/09\/pet_accessories-768x768.webp 768w, https:\/\/www.tekislastik.com\/wp-content\/uploads\/2025\/09\/pet_accessories-1536x1536.webp 1536w, https:\/\/www.tekislastik.com\/wp-content\/uploads\/2025\/09\/pet_accessories-2048x2048.webp 2048w, https:\/\/www.tekislastik.com\/wp-content\/uploads\/2025\/09\/pet_accessories-400x400.webp 400w, https:\/\/www.tekislastik.com\/wp-content\/uploads\/2025\/09\/pet_accessories-75x75.webp 75w, https:\/\/www.tekislastik.com\/wp-content\/uploads\/2025\/09\/pet_accessories-460x460.webp 460w, https:\/\/www.tekislastik.com\/wp-content\/uploads\/2025\/09\/pet_accessories-600x600.webp 600w, https:\/\/www.tekislastik.com\/wp-content\/uploads\/2025\/09\/pet_accessories-100x100.webp 100w, https:\/\/www.tekislastik.com\/wp-content\/uploads\/2025\/09\/pet_accessories-50x50.webp 50w\" sizes=\"auto, (max-width: 6672px) 100vw, 6672px\" src=\"https:\/\/www.tekislastik.com\/wp-content\/uploads\/2025\/09\/pet_accessories.webp\" alt=\"Zubeh\u00f6r f\u00fcr Haustiere\" title=\"\"><\/div><\/div>[\/vc_column][\/vc_row][\/vc_section][vc_section full_width=&#8220;stretch_row&#8220; pix_over_visibility=&#8220;&#8220; responsive_css=&#8220;{&#8222;pix_res_sm_pb&#8222;:&#8222;20&#8222;,&#8222;pix_res_md_pb&#8222;:&#8222;20&#8222;}&#8220; css=&#8220;.vc_custom_1614130072438{padding-top: 20px !important;padding-bottom: 60px !important;background-color: #ffffff !important;border-radius: 10px !important;}&#8220; el_id=&#8220;pix_section_services&#8220;][vc_row pix_particles_check=&#8220;&#8220; responsive_css=&#8220;{&#8222;pix_res_sm_pb&#8222;:&#8222;40&#8222;,&#8222;pix_res_md_pb&#8222;:&#8222;40&#8222;}&#8220; css=&#8220;.vc_custom_1613524951106{padding-bottom: 80px !important;}&#8220;][vc_column]<div id=\"el1603925735052-9e8ebf61-2524\" class=\"pix-highlighted-element text-center  vc_custom_1670312430958\"><div class=\"d-inline-block\" style=\"max-width:600px;\"><h2 class=\"pix-highlighted-items \" style=\"\" data-anim-type=\"\" data-anim-delay=\"0\"><span class=\"\"><span class=\"pix-highlighted-text pix-highlight-item font-weight-normal  heading-font text-heading-default\">Pr\u00fcfen Sie unter dem <\/span><\/span><span id=\"el1603925735052-9e8ebf61-2524-1\" class=\"pix-highlight-bg align-middle2  el1603925735052-9e8ebf61-2524-1 animate-in\" data-anim-type=\"highlight-grow\" data-anim-delay=\"200\"><span class=\"pix-highlighted-text  pix-highlight-item font-weight-normal  font-weight-bold heading-font text-heading-default\">am beliebtesten<\/span><\/span><span class=\"\"><span class=\"pix-highlighted-text pix-highlight-item font-weight-normal  heading-font text-heading-default\"> Halsb\u00e4nder f\u00fcr Haustiere<\/span><\/span><\/h2><\/div><\/div>[\/vc_column][\/vc_row][vc_row pix_particles_check=&#8220;&#8220;][vc_column width=&#8220;1\/3&#8243;]<a  href=\"https:\/\/www.tekislastik.com\/de\/product\/collar-straps\/\" class=\" fly\"><div class=\"card   vc_custom_1656312630413  rounded-lg  overflow-hidden shadow-sm shadow-hover fly-sm  animate-in \" data-anim-delay=\"100\" data-anim-type=\"fade-in-up\"><img decoding=\"async\" src=\"https:\/\/www.tekislastik.com\/wp-content\/plugins\/pixfort-core\/functions\/images\/loading.webp\" data-srcset=\"https:\/\/www.tekislastik.com\/wp-content\/uploads\/2021\/12\/collar-300x265.jpg 300w, https:\/\/www.tekislastik.com\/wp-content\/uploads\/2021\/12\/collar-600x530.jpg 600w, https:\/\/www.tekislastik.com\/wp-content\/uploads\/2021\/12\/collar-1024x905.jpg 1024w, https:\/\/www.tekislastik.com\/wp-content\/uploads\/2021\/12\/collar-768x678.jpg 768w, https:\/\/www.tekislastik.com\/wp-content\/uploads\/2021\/12\/collar.jpg 1200w\" data-src=\"https:\/\/www.tekislastik.com\/wp-content\/uploads\/2021\/12\/collar.jpg\" class=\"pix-lazy\" loading=\"lazy\" alt=\"Kragenriemen\" title=\"\"><div class=\"pix-card-content\"><div class=\"card-body\"><div class=\"d-flex justify-content-between align-items-center font-weight-bold text-heading-default\"><h6 style=\"\" class=\"card-title mb-0 font-weight-bold text-heading-default\">Kragenriemen<\/h6><h6 style=\"\" class=\"font-weight-bold text-heading-default pixicon-angle-right\"><\/h6><\/div><\/div><\/div><\/div><\/a>[\/vc_column][\/vc_row][\/vc_section][vc_row pix_particles_check=&#8220;&#8220;][vc_column el_class=&#8220;heading-hidden&#8220;]<div  class=\"pix-heading-el text-center \"><div><div class=\"slide-in-container\"><h2 class=\"text-white font-weight-bold heading-text el-title_custom_color mb-12\" style=\"\" data-anim-type=\"\" data-anim-delay=\"0\">Pet Accessories<\/h2><\/div><\/div><\/div><div  class=\"pix-heading-el text-center \"><div><div class=\"slide-in-container\"><h3 class=\"text-white font-weight-bold heading-text el-title_custom_color mb-12\" style=\"\" data-anim-type=\"\" data-anim-delay=\"0\">Pet Accessories<\/h3><\/div><\/div><\/div>[\/vc_column][\/vc_row]<\/p>\n","protected":false},"excerpt":{"rendered":"[vc_section full_width=&#8220;stretch_row&#8220; pix_over_visibility=&#8220;&#8220; bottom_divider_select=&#8220;8&#8243; b_has_animation=&#8220;true&#8220; b_2_color=&#8220;rgba(255,255,255,0.01)&#8220; b_3_is_gradient=&#8220;true&#8220; b_3_color=&#8220;rgba(0,0,0,0.08)&#8220; b_3_color_2=&#8220;rgba(255,255,255,0.01)&#8220; b_3_animation=&#8220;fade-in-up&#8220; t_flip_h=&#8220;true&#8220; pix_overlay_color=&#8220;primary-light&#8220; responsive_css=&#8220;{&#8222;pix_res_sm_pt&#8222;:&#8222;20&#8222;,&#8222;pix_res_sm_pb&#8222;:&#8222;20&#8222;,&#8222;pix_res_md_pt&#8222;:&#8222;40&#8222;,&#8222;pix_res_md_pb&#8222;:&#8222;40&#8222;}&#8220; css=&#8220;.vc_custom_1640012345587{padding-top: 0px !important;padding-bottom: 0px !important;}&#8220; t_custom_height=&#8220;200px&#8220; b_custom_height=&#8220;300px&#8220; pix_overlay_opacity=&#8220;1&#8243; b_3_delay=&#8220;300&#8243;][vc_row full_width=&#8220;stretch_row&#8220; content_placement=&#8220;middle&#8220; pix_particles_check=&#8220;&#8220; responsive_css=&#8220;{&#8222;pix_res_sm_pt&#8222;:&#8222;40&#8222;,&#8222;pix_res_sm_pb&#8222;:&#8222;40&#8222;,&#8222;pix_res_md_pt&#8222;:&#8222;40&#8222;,&#8222;pix_res_md_pb&#8222;:&#8222;40&#8222;}&#8220;][vc_column width=&#8220;1\/2&#8243; css=&#8220;.vc_custom_1604715604745{padding-top: 20px !important;padding-bottom: 20px !important;}&#8220;][\/vc_column][vc_column width=&#8220;1\/2&#8243; content_align=&#8220;text-center&#8220;][\/vc_column][\/vc_row][\/vc_section][vc_section full_width=&#8220;stretch_row&#8220; pix_over_visibility=&#8220;&#8220; responsive_css=&#8220;{&#8222;pix_res_sm_pb&#8222;:&#8222;20&#8222;,&#8222;pix_res_md_pb&#8222;:&#8222;20&#8222;}&#8220; css=&#8220;.vc_custom_1614130072438{padding-top: 20px !important;padding-bottom:&#8230;","protected":false},"author":1,"featured_media":63662,"parent":26142,"menu_order":0,"comment_status":"closed","ping_status":"closed","template":"","meta":{"footnotes":""},"class_list":["post-26166","page","type-page","status-publish","has-post-thumbnail","hentry"],"_links":{"self":[{"href":"https:\/\/www.tekislastik.com\/de\/wp-json\/wp\/v2\/pages\/26166","targetHints":{"allow":["GET"]}}],"collection":[{"href":"https:\/\/www.tekislastik.com\/de\/wp-json\/wp\/v2\/pages"}],"about":[{"href":"https:\/\/www.tekislastik.com\/de\/wp-json\/wp\/v2\/types\/page"}],"author":[{"embeddable":true,"href":"https:\/\/www.tekislastik.com\/de\/wp-json\/wp\/v2\/users\/1"}],"replies":[{"embeddable":true,"href":"https:\/\/www.tekislastik.com\/de\/wp-json\/wp\/v2\/comments?post=26166"}],"version-history":[{"count":1,"href":"https:\/\/www.tekislastik.com\/de\/wp-json\/wp\/v2\/pages\/26166\/revisions"}],"predecessor-version":[{"id":70368,"href":"https:\/\/www.tekislastik.com\/de\/wp-json\/wp\/v2\/pages\/26166\/revisions\/70368"}],"up":[{"embeddable":true,"href":"https:\/\/www.tekislastik.com\/de\/wp-json\/wp\/v2\/pages\/26142"}],"wp:featuredmedia":[{"embeddable":true,"href":"https:\/\/www.tekislastik.com\/de\/wp-json\/wp\/v2\/media\/63662"}],"wp:attachment":[{"href":"https:\/\/www.tekislastik.com\/de\/wp-json\/wp\/v2\/media?parent=26166"}],"curies":[{"name":"wp","href":"https:\/\/api.w.org\/{rel}","templated":true}]}}