{"id":26035,"date":"2022-06-17T08:23:45","date_gmt":"2022-06-17T08:23:45","guid":{"rendered":"https:\/\/www.tekislastik.com\/bekleidungsindustrie"},"modified":"2025-11-17T14:50:40","modified_gmt":"2025-11-17T11:50:40","slug":"bekleidungsindustrie","status":"publish","type":"page","link":"https:\/\/www.tekislastik.com\/de\/bekleidungsindustrie\/","title":{"rendered":"Bekleidungsindustrie"},"content":{"rendered":"<p>[vc_section full_width=&#8220;stretch_row&#8220; pix_over_visibility=&#8220;&#8220; bottom_divider_select=&#8220;8&#8243; b_has_animation=&#8220;true&#8220; b_2_color=&#8220;rgba(255,255,255,0.01)&#8220; b_3_is_gradient=&#8220;true&#8220; b_3_color=&#8220;rgba(0,0,0,0.08)&#8220; b_3_color_2=&#8220;rgba(255,255,255,0.01)&#8220; b_3_animation=&#8220;fade-in-up&#8220; t_flip_h=&#8220;true&#8220; pix_overlay_color=&#8220;primary-light&#8220; responsive_css=&#8220;{&#8222;pix_res_sm_pt&#8222;:&#8222;20&#8222;,&#8222;pix_res_sm_pb&#8222;:&#8222;20&#8222;,&#8222;pix_res_md_pt&#8222;:&#8222;40&#8222;,&#8222;pix_res_md_pb&#8222;:&#8222;40&#8222;}&#8220; css=&#8220;.vc_custom_1613527161475{padding-top: 110px !important;padding-bottom: 110px !important;}&#8220; t_custom_height=&#8220;200px&#8220; b_custom_height=&#8220;300px&#8220; pix_overlay_opacity=&#8220;1&#8243; b_3_delay=&#8220;300&#8243;][vc_row full_width=&#8220;stretch_row&#8220; content_placement=&#8220;middle&#8220; pix_particles_check=&#8220;&#8220; responsive_css=&#8220;{&#8222;pix_res_sm_pt&#8222;:&#8222;40&#8222;,&#8222;pix_res_sm_pb&#8222;:&#8222;40&#8222;,&#8222;pix_res_md_pt&#8222;:&#8222;40&#8222;,&#8222;pix_res_md_pb&#8222;:&#8222;40&#8222;}&#8220;][vc_column width=&#8220;1\/2&#8243; css=&#8220;.vc_custom_1604715604745{padding-top: 20px !important;padding-bottom: 20px !important;}&#8220;]<div id=\"el1613521949772-0c712dee-cf78\" class=\"pix-highlighted-element text-left  vc_custom_1655722537890\"><h1 class=\"pix-highlighted-items \" style=\"\" data-anim-type=\"\" data-anim-delay=\"0\"><span class=\"\"><span class=\"pix-highlighted-text pix-highlight-item font-weight-normal  heading-font text-heading-default\">Bekleidungsindustrie<\/span><\/span><\/h1><\/div><div class=\"pix-el-text w-100   vc_custom_1676613833997\" ><p class=\"text-20  text-dark-opacity-8  \" >Die Bekleidungsindustrie hat einen gro\u00dfen Anwendungsbereich, der alle tragbaren Produkte, Methoden und Prozesse umfasst. Au\u00dferdem f\u00fchrt sie zur Schaffung von Materialien f\u00fcr die Lieferungen. Eine der wichtigsten dieser Organisationen ist die Industrie f\u00fcr Accessoires, die den Wert der Textilwaren erh\u00f6ht.<\/p><\/div><div class=\"pix-el-text w-100   vc_custom_1676613846101\" ><p class=\"text-20  text-dark-opacity-8  \" >Elastische und nicht elastische Schmaltextilien dienen zum Binden, verbinden, Anpassen an den K\u00f6rper, zum Hinzuf\u00fcgen von Funktionalit\u00e4t, zur \u00e4sthetischen Vervollst\u00e4ndigung und zur Versch\u00f6nerung von Ausschnitt, Armausschnitt, Taille, Beinen und Kanten der Kleidungsst\u00fccke.<\/p><\/div><div class=\"pix-el-text w-100   vc_custom_1676613860885\" ><p class=\"text-20  text-dark-opacity-8  \" >Der Hauptverwendungsbereich umfasst Kragen, \u00c4rmel, Taille und Seitenteile von Kleidungsst\u00fccken f\u00fcr \u00e4sthetische Zwecke, zum abschlie\u00dfen und Binden, Kombinieren, Anpassen und Dekorieren. Auch alle Arten von Kleidung, einschlie\u00dflich Tag und Nachtw\u00e4sche, Unterw\u00e4sche und Kleidungsst\u00fccke f\u00fcr M\u00e4nner, Frauen und Kinder, geh\u00f6ren zu den Verwendungsbereichen.<\/p><\/div><div class=\"pix-el-text w-100   vc_custom_1676613874926\" ><p class=\"text-20  text-dark-opacity-8  \" >Solche Stoffe sind f\u00fcr die Bekleidungsindustrie aufgrund ihrer ergonomischen, \u00e4sthetischen, komplement\u00e4ren und kosteng\u00fcnstigen Eigenschaften von Bedeutung. Elastomerfasern sind die Komponenten, die die Elastizit\u00e4t und die elastischen Eigenschaften erh\u00f6hen, die in Stirnb\u00e4ndern, Hosentr\u00e4gern und Boxergummis verwendet werden. Der Elastizit\u00e4tsgrad wird bei solchen Stoffen durch die Kettl\u00e4nge eingestellt.<\/p><\/div>[\/vc_column][vc_column width=&#8220;1\/2&#8243; content_align=&#8220;text-center&#8220;]<div class=\"d-inline-block \" ><div class=\"pix-img-el    shadow-lg shadow-hover-lg scale-sm text-center d-inline-block  w-100 rounded-10\"  data-jarallax-element=\"50 \"><img loading=\"lazy\" decoding=\"async\" class=\"card-img2 pix-img-elem rounded-10  h-1002\" style=\"height:auto;\" width=\"1024\" height=\"1024\" srcset=\"https:\/\/www.tekislastik.com\/wp-content\/uploads\/2025\/11\/textile_industry_1.jpg 1024w, https:\/\/www.tekislastik.com\/wp-content\/uploads\/2025\/11\/textile_industry_1-300x300.jpg 300w, https:\/\/www.tekislastik.com\/wp-content\/uploads\/2025\/11\/textile_industry_1-150x150.jpg 150w, https:\/\/www.tekislastik.com\/wp-content\/uploads\/2025\/11\/textile_industry_1-768x768.jpg 768w, https:\/\/www.tekislastik.com\/wp-content\/uploads\/2025\/11\/textile_industry_1-400x400.jpg 400w, https:\/\/www.tekislastik.com\/wp-content\/uploads\/2025\/11\/textile_industry_1-75x75.jpg 75w, https:\/\/www.tekislastik.com\/wp-content\/uploads\/2025\/11\/textile_industry_1-460x460.jpg 460w, https:\/\/www.tekislastik.com\/wp-content\/uploads\/2025\/11\/textile_industry_1-600x600.jpg 600w, https:\/\/www.tekislastik.com\/wp-content\/uploads\/2025\/11\/textile_industry_1-100x100.jpg 100w, https:\/\/www.tekislastik.com\/wp-content\/uploads\/2025\/11\/textile_industry_1-50x50.jpg 50w\" sizes=\"auto, (max-width: 1024px) 100vw, 1024px\" src=\"https:\/\/www.tekislastik.com\/wp-content\/uploads\/2025\/11\/textile_industry_1.jpg\" alt=\"Bekleidungsindustrie\" title=\"\"><\/div><\/div>[\/vc_column][\/vc_row][vc_row full_width=&#8220;stretch_row&#8220; content_placement=&#8220;middle&#8220; pix_particles_check=&#8220;&#8220; responsive_css=&#8220;{&#8222;pix_res_sm_pt&#8222;:&#8222;40&#8222;,&#8222;pix_res_sm_pb&#8222;:&#8222;40&#8222;,&#8222;pix_res_md_pt&#8222;:&#8222;40&#8222;,&#8222;pix_res_md_pb&#8222;:&#8222;40&#8222;}&#8220;][vc_column width=&#8220;1\/2&#8243; css=&#8220;.vc_custom_1604715604745{padding-top: 20px !important;padding-bottom: 20px !important;}&#8220;]<div class=\"d-inline-block \" ><div class=\"pix-img-el    shadow-lg shadow-hover-lg scale-sm text-center d-inline-block  w-100 rounded-10\"  data-jarallax-element=\"50 \"><img loading=\"lazy\" decoding=\"async\" class=\"card-img2 pix-img-elem rounded-10  h-1002\" style=\"height:auto;\" width=\"1024\" height=\"1024\" srcset=\"https:\/\/www.tekislastik.com\/wp-content\/uploads\/2025\/11\/textile_industry.jpg 1024w, https:\/\/www.tekislastik.com\/wp-content\/uploads\/2025\/11\/textile_industry-300x300.jpg 300w, https:\/\/www.tekislastik.com\/wp-content\/uploads\/2025\/11\/textile_industry-150x150.jpg 150w, https:\/\/www.tekislastik.com\/wp-content\/uploads\/2025\/11\/textile_industry-768x768.jpg 768w, https:\/\/www.tekislastik.com\/wp-content\/uploads\/2025\/11\/textile_industry-400x400.jpg 400w, https:\/\/www.tekislastik.com\/wp-content\/uploads\/2025\/11\/textile_industry-75x75.jpg 75w, https:\/\/www.tekislastik.com\/wp-content\/uploads\/2025\/11\/textile_industry-460x460.jpg 460w, https:\/\/www.tekislastik.com\/wp-content\/uploads\/2025\/11\/textile_industry-600x600.jpg 600w, https:\/\/www.tekislastik.com\/wp-content\/uploads\/2025\/11\/textile_industry-100x100.jpg 100w, https:\/\/www.tekislastik.com\/wp-content\/uploads\/2025\/11\/textile_industry-50x50.jpg 50w\" sizes=\"auto, (max-width: 1024px) 100vw, 1024px\" src=\"https:\/\/www.tekislastik.com\/wp-content\/uploads\/2025\/11\/textile_industry.jpg\" alt=\"Bekleidungsindustrie\" title=\"\"><\/div><\/div>[\/vc_column][vc_column width=&#8220;1\/2&#8243; content_align=&#8220;text-center&#8220;]<div class=\"pix-el-text w-100 text-left  vc_custom_1676613930173\" ><p class=\"text-20  text-dark-opacity-8 text-left \" >B\u00e4nder, Kordeln, Schr\u00e4gb\u00e4nder sind schmale gewebte Produkte, neben Gummib\u00e4ndern in der Kleidung verwendet werden. Sie sind funktionell und dekorativ und haben gl\u00e4nzende Eigenschaften.<\/p><\/div><div class=\"pix-el-text w-100 text-left  vc_custom_1676614076420\" ><p class=\"text-20  text-dark-opacity-8 text-left \" >Die Firma Teki\u015f Lastik stellt hochwertige gewebte Gummib\u00e4nder von 10 mm bis 160 mm her, mit unterschiedlichen Aspekten wie Flexibilit\u00e4t, Gewicht, Materialien und Farben. Dar\u00fcber hinaus sind gewirkte Gummib\u00e4nder von 5 mm bis 60 mm g\u00fcnstiger und haben k\u00fcrzere Produktionszeiten. Au\u00dferdem stellen wir flache und Runde Gummib\u00e4nder, gewebte B\u00e4nder und Kordeln her, die auf dem Markt sehr gefragt sind.<\/p><\/div><div class=\"pix-el-text w-100 text-left  vc_custom_1676614087676\" ><p class=\"text-20  text-dark-opacity-8 text-left \" >Teki\u015f Lastik betrachtet die Qualit\u00e4ts und Haltbarkeitsstandards als eine wichtige Grundlage unserer Unternehmen. Um dies zu gew\u00e4hrleisten, garantieren wir, dass alle unsere Produkte das Zertifikat OEKO-TEX Standard 100 besitzen. Sie k\u00f6nnen auf diesen Link klicken, um es zu best\u00e4tigen<\/p><\/div><div class=\"pix-el-text w-100 text-left  vc_custom_1676614101445\" ><p class=\"text-20  text-dark-opacity-8 text-left \" >Z\u00f6gern Sie nicht, sich mit uns in Verbindung zu setzen, wenn Sie elastische Produkte f\u00fcr Kleidungsst\u00fccke ben\u00f6tigen.<\/p><\/div>[\/vc_column][\/vc_row][\/vc_section][vc_section full_width=&#8220;stretch_row&#8220; pix_over_visibility=&#8220;&#8220; responsive_css=&#8220;{&#8222;pix_res_sm_pb&#8222;:&#8222;20&#8222;,&#8222;pix_res_md_pb&#8222;:&#8222;20&#8222;}&#8220; css=&#8220;.vc_custom_1614130072438{padding-top: 20px !important;padding-bottom: 60px !important;background-color: #ffffff !important;border-radius: 10px !important;}&#8220; el_id=&#8220;pix_section_services&#8220;][vc_row pix_particles_check=&#8220;&#8220; responsive_css=&#8220;{&#8222;pix_res_sm_pb&#8222;:&#8222;40&#8222;,&#8222;pix_res_md_pb&#8222;:&#8222;40&#8222;}&#8220; css=&#8220;.vc_custom_1613524951106{padding-bottom: 80px !important;}&#8220;][vc_column]<div id=\"el1603925735052-9e8ebf61-2524\" class=\"pix-highlighted-element text-center  vc_custom_1670310676856\"><div class=\"d-inline-block\" style=\"max-width:600px;\"><h2 class=\"pix-highlighted-items \" style=\"\" data-anim-type=\"\" data-anim-delay=\"0\"><span class=\"\"><span class=\"pix-highlighted-text pix-highlight-item font-weight-normal  heading-font text-heading-default\">Pr\u00fcfen Sie unter dem <\/span><\/span><span id=\"el1603925735052-9e8ebf61-2524-1\" class=\"pix-highlight-bg align-middle2  el1603925735052-9e8ebf61-2524-1 animate-in\" data-anim-type=\"highlight-grow\" data-anim-delay=\"200\"><span class=\"pix-highlighted-text  pix-highlight-item font-weight-normal  font-weight-bold heading-font text-heading-default\">am beliebtesten<\/span><\/span><span class=\"\"><span class=\"pix-highlighted-text pix-highlight-item font-weight-normal  heading-font text-heading-default\"> Bekleidungsprodukte<\/span><\/span><\/h2><\/div><\/div>[\/vc_column][\/vc_row][vc_row pix_particles_check=&#8220;&#8220;][vc_column width=&#8220;1\/3&#8243;][\/vc_column][vc_column width=&#8220;1\/3&#8243;][\/vc_column][\/vc_row][vc_row pix_particles_check=&#8220;&#8220;][vc_column width=&#8220;1\/2&#8243;]<a  href=\"https:\/\/www.tekislastik.com\/de\/produkte\/elastisch\/gewebtes-elastik\/knopfloch-gummi\/\" class=\" fly\"><div class=\"card   vc_custom_1656148165219  rounded-lg  overflow-hidden shadow-sm shadow-hover fly-sm  animate-in \" data-anim-delay=\"200\" data-anim-type=\"fade-in-up\"><img decoding=\"async\" src=\"https:\/\/www.tekislastik.com\/wp-content\/plugins\/pixfort-core\/functions\/images\/loading.webp\" data-srcset=\"https:\/\/www.tekislastik.com\/wp-content\/uploads\/2021\/12\/buttonhole-elastic-300x169.jpg 300w, https:\/\/www.tekislastik.com\/wp-content\/uploads\/2021\/12\/buttonhole-elastic-1024x576.jpg 1024w, https:\/\/www.tekislastik.com\/wp-content\/uploads\/2021\/12\/buttonhole-elastic-768x432.jpg 768w, https:\/\/www.tekislastik.com\/wp-content\/uploads\/2021\/12\/buttonhole-elastic-1536x864.jpg 1536w, https:\/\/www.tekislastik.com\/wp-content\/uploads\/2021\/12\/buttonhole-elastic-600x338.jpg 600w, https:\/\/www.tekislastik.com\/wp-content\/uploads\/2021\/12\/buttonhole-elastic.jpg 1600w\" data-src=\"https:\/\/www.tekislastik.com\/wp-content\/uploads\/2021\/12\/buttonhole-elastic.jpg\" class=\"pix-lazy\" loading=\"lazy\" alt=\"Knopfloch Gummizug\" title=\"\"><div class=\"pix-card-content\"><div class=\"card-body\"><div class=\"d-flex justify-content-between align-items-center font-weight-bold text-heading-default\"><h6 style=\"\" class=\"card-title mb-0 font-weight-bold text-heading-default\">Knopfloch Gummizug<\/h6><h6 style=\"\" class=\"font-weight-bold text-heading-default pixicon-angle-right\"><\/h6><\/div><\/div><\/div><\/div><\/a><a  href=\"https:\/\/www.tekislastik.com\/de\/produkte\/kordel\/\" class=\" fly\"><div class=\"card   vc_custom_1670310783866  rounded-lg  overflow-hidden shadow-sm shadow-hover fly-sm  animate-in \" data-anim-delay=\"200\" data-anim-type=\"fade-in-up\"><img decoding=\"async\" src=\"https:\/\/www.tekislastik.com\/wp-content\/plugins\/pixfort-core\/functions\/images\/loading.webp\" data-srcset=\"https:\/\/www.tekislastik.com\/wp-content\/uploads\/2021\/12\/cord-300x201.jpg 300w, https:\/\/www.tekislastik.com\/wp-content\/uploads\/2021\/12\/cord-768x514.jpg 768w, https:\/\/www.tekislastik.com\/wp-content\/uploads\/2021\/12\/cord-600x402.jpg 600w, https:\/\/www.tekislastik.com\/wp-content\/uploads\/2021\/12\/cord.jpg 929w\" data-src=\"https:\/\/www.tekislastik.com\/wp-content\/uploads\/2021\/12\/cord.jpg\" class=\"pix-lazy\" loading=\"lazy\" alt=\"Schn\u00fcre\" title=\"\"><div class=\"pix-card-content\"><div class=\"card-body\"><div class=\"d-flex justify-content-between align-items-center font-weight-bold text-heading-default\"><h6 style=\"\" class=\"card-title mb-0 font-weight-bold text-heading-default\">Schn\u00fcre<\/h6><h6 style=\"\" class=\"font-weight-bold text-heading-default pixicon-angle-right\"><\/h6><\/div><\/div><\/div><\/div><\/a>[\/vc_column][vc_column width=&#8220;1\/2&#8243; content_align=&#8220;text-center&#8220;]<a  href=\"https:\/\/www.tekislastik.com\/de\/produkte\/gurtband\/gewebtes-band\/\" class=\" fly\"><div class=\"card   vc_custom_1670310770649  rounded-lg  overflow-hidden shadow-sm shadow-hover fly-sm  animate-in \" data-anim-delay=\"300\" data-anim-type=\"fade-in-up\"><img decoding=\"async\" src=\"https:\/\/www.tekislastik.com\/wp-content\/plugins\/pixfort-core\/functions\/images\/loading.webp\" data-srcset=\"https:\/\/www.tekislastik.com\/wp-content\/uploads\/2021\/12\/tape_for_garment-300x169.jpg 300w, https:\/\/www.tekislastik.com\/wp-content\/uploads\/2021\/12\/tape_for_garment-1024x576.jpg 1024w, https:\/\/www.tekislastik.com\/wp-content\/uploads\/2021\/12\/tape_for_garment-768x432.jpg 768w, https:\/\/www.tekislastik.com\/wp-content\/uploads\/2021\/12\/tape_for_garment-1536x864.jpg 1536w, https:\/\/www.tekislastik.com\/wp-content\/uploads\/2021\/12\/tape_for_garment-600x338.jpg 600w, https:\/\/www.tekislastik.com\/wp-content\/uploads\/2021\/12\/tape_for_garment.jpg 1600w\" data-src=\"https:\/\/www.tekislastik.com\/wp-content\/uploads\/2021\/12\/tape_for_garment.jpg\" class=\"pix-lazy\" loading=\"lazy\" alt=\"Gewebte B\u00e4nder\" title=\"\"><div class=\"pix-card-content\"><div class=\"card-body\"><div class=\"d-flex justify-content-between align-items-center font-weight-bold text-heading-default\"><h6 style=\"\" class=\"card-title mb-0 font-weight-bold text-heading-default\">Gewebte B\u00e4nder<\/h6><h6 style=\"\" class=\"font-weight-bold text-heading-default pixicon-angle-right\"><\/h6><\/div><\/div><\/div><\/div><\/a><a  href=\"https:\/\/www.tekislastik.com\/de\/produkte\/elastisch\/gewebtes-elastik\/\" class=\" fly\"><div class=\"card   vc_custom_1656148246867  rounded-lg  overflow-hidden shadow-sm shadow-hover fly-sm  animate-in \" data-anim-delay=\"100\" data-anim-type=\"fade-in-up\"><img decoding=\"async\" src=\"https:\/\/www.tekislastik.com\/wp-content\/plugins\/pixfort-core\/functions\/images\/loading.webp\" data-srcset=\"https:\/\/www.tekislastik.com\/wp-content\/uploads\/2021\/12\/elastic-tapes-underwear-300x201.jpg 300w, https:\/\/www.tekislastik.com\/wp-content\/uploads\/2021\/12\/elastic-tapes-underwear-600x402.jpg 600w, https:\/\/www.tekislastik.com\/wp-content\/uploads\/2021\/12\/elastic-tapes-underwear-768x514.jpg 768w, https:\/\/www.tekislastik.com\/wp-content\/uploads\/2021\/12\/elastic-tapes-underwear.jpg 929w\" data-src=\"https:\/\/www.tekislastik.com\/wp-content\/uploads\/2021\/12\/elastic-tapes-underwear.jpg\" class=\"pix-lazy\" loading=\"lazy\" alt=\"Elastische B\u00e4nder\" title=\"\"><div class=\"pix-card-content\"><div class=\"card-body\"><div class=\"d-flex justify-content-between align-items-center font-weight-bold text-heading-default\"><h6 style=\"\" class=\"card-title mb-0 font-weight-bold text-heading-default\">Elastische B\u00e4nder<\/h6><h6 style=\"\" class=\"font-weight-bold text-heading-default pixicon-angle-right\"><\/h6><\/div><\/div><\/div><\/div><\/a>[\/vc_column][\/vc_row][\/vc_section]<\/p>\n","protected":false},"excerpt":{"rendered":"[vc_section full_width=&#8220;stretch_row&#8220; pix_over_visibility=&#8220;&#8220; bottom_divider_select=&#8220;8&#8243; b_has_animation=&#8220;true&#8220; b_2_color=&#8220;rgba(255,255,255,0.01)&#8220; b_3_is_gradient=&#8220;true&#8220; b_3_color=&#8220;rgba(0,0,0,0.08)&#8220; b_3_color_2=&#8220;rgba(255,255,255,0.01)&#8220; b_3_animation=&#8220;fade-in-up&#8220; t_flip_h=&#8220;true&#8220; pix_overlay_color=&#8220;primary-light&#8220; responsive_css=&#8220;{&#8222;pix_res_sm_pt&#8222;:&#8222;20&#8222;,&#8222;pix_res_sm_pb&#8222;:&#8222;20&#8222;,&#8222;pix_res_md_pt&#8222;:&#8222;40&#8222;,&#8222;pix_res_md_pb&#8222;:&#8222;40&#8222;}&#8220; css=&#8220;.vc_custom_1613527161475{padding-top: 110px !important;padding-bottom: 110px !important;}&#8220; t_custom_height=&#8220;200px&#8220; b_custom_height=&#8220;300px&#8220; pix_overlay_opacity=&#8220;1&#8243; b_3_delay=&#8220;300&#8243;][vc_row full_width=&#8220;stretch_row&#8220; content_placement=&#8220;middle&#8220; pix_particles_check=&#8220;&#8220; responsive_css=&#8220;{&#8222;pix_res_sm_pt&#8222;:&#8222;40&#8222;,&#8222;pix_res_sm_pb&#8222;:&#8222;40&#8222;,&#8222;pix_res_md_pt&#8222;:&#8222;40&#8222;,&#8222;pix_res_md_pb&#8222;:&#8222;40&#8222;}&#8220;][vc_column width=&#8220;1\/2&#8243; css=&#8220;.vc_custom_1604715604745{padding-top: 20px !important;padding-bottom: 20px !important;}&#8220;][\/vc_column][vc_column width=&#8220;1\/2&#8243; content_align=&#8220;text-center&#8220;][\/vc_column][\/vc_row][vc_row full_width=&#8220;stretch_row&#8220; content_placement=&#8220;middle&#8220; pix_particles_check=&#8220;&#8220; responsive_css=&#8220;{&#8222;pix_res_sm_pt&#8222;:&#8222;40&#8222;,&#8222;pix_res_sm_pb&#8222;:&#8222;40&#8222;,&#8222;pix_res_md_pt&#8222;:&#8222;40&#8222;,&#8222;pix_res_md_pb&#8222;:&#8222;40&#8222;}&#8220;][vc_column width=&#8220;1\/2&#8243; css=&#8220;.vc_custom_1604715604745{padding-top:&#8230;","protected":false},"author":1,"featured_media":63591,"parent":0,"menu_order":0,"comment_status":"closed","ping_status":"closed","template":"","meta":{"footnotes":""},"class_list":["post-26035","page","type-page","status-publish","has-post-thumbnail","hentry"],"_links":{"self":[{"href":"https:\/\/www.tekislastik.com\/de\/wp-json\/wp\/v2\/pages\/26035","targetHints":{"allow":["GET"]}}],"collection":[{"href":"https:\/\/www.tekislastik.com\/de\/wp-json\/wp\/v2\/pages"}],"about":[{"href":"https:\/\/www.tekislastik.com\/de\/wp-json\/wp\/v2\/types\/page"}],"author":[{"embeddable":true,"href":"https:\/\/www.tekislastik.com\/de\/wp-json\/wp\/v2\/users\/1"}],"replies":[{"embeddable":true,"href":"https:\/\/www.tekislastik.com\/de\/wp-json\/wp\/v2\/comments?post=26035"}],"version-history":[{"count":1,"href":"https:\/\/www.tekislastik.com\/de\/wp-json\/wp\/v2\/pages\/26035\/revisions"}],"predecessor-version":[{"id":72505,"href":"https:\/\/www.tekislastik.com\/de\/wp-json\/wp\/v2\/pages\/26035\/revisions\/72505"}],"wp:featuredmedia":[{"embeddable":true,"href":"https:\/\/www.tekislastik.com\/de\/wp-json\/wp\/v2\/media\/63591"}],"wp:attachment":[{"href":"https:\/\/www.tekislastik.com\/de\/wp-json\/wp\/v2\/media?parent=26035"}],"curies":[{"name":"wp","href":"https:\/\/api.w.org\/{rel}","templated":true}]}}