{"id":25890,"date":"2022-06-16T09:02:34","date_gmt":"2022-06-16T09:02:34","guid":{"rendered":"https:\/\/www.tekislastik.com\/qualitat"},"modified":"2023-02-16T15:24:30","modified_gmt":"2023-02-16T15:24:30","slug":"qualitat","status":"publish","type":"page","link":"https:\/\/www.tekislastik.com\/de\/qualitat\/","title":{"rendered":"Qualit\u00e4t"},"content":{"rendered":"<p>[vc_section full_width=&#8220;stretch_row&#8220; pix_over_visibility=&#8220;&#8220; css=&#8220;.vc_custom_1591317408897{padding-top: 0px !important;}&#8220;][vc_row full_width=&#8220;stretch_row_content_no_spaces&#8220; pix_particles_check=&#8220;&#8220; el_class=&#8220;pix-scale-in-sm&#8220;][vc_column]<div class=\" mb-3 mb-md-0 animate-in\" data-anim-type=\"fade-in-up\" data-anim-delay=\"0\"><div class=\"card w-100 h-100 bg-gradient-primary  vc_custom_1655370906348  pix-hover-item rounded-0 position-relative overflow-hidden2 text-white tilt fancy_card\" ><img decoding=\"async\" src=\"https:\/\/www.tekislastik.com\/wp-content\/plugins\/pixfort-core\/functions\/images\/loading.webp\" data-srcset=\"https:\/\/www.tekislastik.com\/wp-content\/uploads\/2021\/12\/quality-check-2-300x109.jpg 300w, https:\/\/www.tekislastik.com\/wp-content\/uploads\/2021\/12\/quality-check-2-600x217.jpg 600w, https:\/\/www.tekislastik.com\/wp-content\/uploads\/2021\/12\/quality-check-2-1024x370.jpg 1024w, https:\/\/www.tekislastik.com\/wp-content\/uploads\/2021\/12\/quality-check-2-768x278.jpg 768w, https:\/\/www.tekislastik.com\/wp-content\/uploads\/2021\/12\/quality-check-2.jpg 1200w\" data-src=\"https:\/\/www.tekislastik.com\/wp-content\/uploads\/2021\/12\/quality-check-2-1024x370.jpg\" class=\"pix-lazy card-img pix-bg-image rounded-0 h-100 pix-opacity-7 pix-hover-opacity-7\" loading=\"lazy\" alt=\"\" title=\"\"><div class=\"card-img-overlay overflow-visible d-inline-block w-100 pix-img-overlay pix-p-30 d-flex align-items-end text-center\"><div class=\"w-100 \"><h2 class=\"card-title  text-white font-weight-bold mb-0 animate-in\" style=\"\">Qualit\u00e4t ist eine Entscheidung<\/h2><p class=\"card-text pix-pt-10 text-light-opacity-7 text-20\" style=\"\">Teki\u015f Lastik produziert und bedient seine Kunden, die Qualit\u00e4t bevorzugen, mit einer strengen Politik der Qualit\u00e4tsstandards.<\/p><\/div><\/div><\/div><\/div>[\/vc_column][\/vc_row][vc_row full_width=&#8220;stretch_row&#8220; content_placement=&#8220;top&#8220; pix_particles_check=&#8220;&#8220; css=&#8220;.vc_custom_1638949382873{padding-top: 60px !important;padding-bottom: 40px !important;}&#8220;][vc_column width=&#8220;1\/2&#8243;][vc_row_inner][vc_column_inner width=&#8220;1\/2&#8243;]<div class=\"d-inline-block \" ><div class=\"animate-in d-inline-block\" data-anim-type=\"fade-in-up\" data-anim-delay=\"200\"><a href=\"https:\/\/www.tekislastik.com\/wp-content\/uploads\/2021\/12\/iso-18001.pdf\"  class=\"pix-img-el  vc_custom_1664347788653   text-left d-inline-block  rounded-xl\" ><img loading=\"lazy\" decoding=\"async\" class=\"pix-lazy2 card-img2 rounded-xl h-1002\" src=\"https:\/\/www.tekislastik.com\/wp-content\/uploads\/2021\/12\/iso-18001.png\" srcset=\"https:\/\/www.tekislastik.com\/wp-content\/uploads\/2021\/12\/iso-18001.png 417w, https:\/\/www.tekislastik.com\/wp-content\/uploads\/2021\/12\/iso-18001-212x300.png 212w\" width=\"417\" height=\"590\" alt=\"Zertifikat\" style=\"height:auto;\" title=\"\"><\/a><\/div><\/div><div class=\"d-inline-block \" ><div class=\"animate-in d-inline-block\" data-anim-type=\"fade-in-up\" data-anim-delay=\"600\"><a href=\"https:\/\/www.tekislastik.com\/wp-content\/uploads\/2021\/12\/iso-9001.pdf\"  class=\"pix-img-el  vc_custom_1664347749927   text-left d-inline-block  rounded-xl\" ><img loading=\"lazy\" decoding=\"async\" class=\"pix-lazy2 card-img2 rounded-xl h-1002\" src=\"https:\/\/www.tekislastik.com\/wp-content\/uploads\/2021\/12\/iso-9001.png\" srcset=\"https:\/\/www.tekislastik.com\/wp-content\/uploads\/2021\/12\/iso-9001.png 417w, https:\/\/www.tekislastik.com\/wp-content\/uploads\/2021\/12\/iso-9001-212x300.png 212w\" width=\"417\" height=\"590\" alt=\"Zertifikat\" style=\"height:auto;\" title=\"\"><\/a><\/div><\/div>[\/vc_column_inner][vc_column_inner width=&#8220;1\/2&#8243;]<div class=\"d-inline-block \" ><div class=\"animate-in d-inline-block\" data-anim-type=\"fade-in-up\" data-anim-delay=\"400\"><a href=\"https:\/\/www.tekislastik.com\/wp-content\/uploads\/2022\/01\/Oeko-tex-Certificate-2022.pdf\"  class=\"pix-img-el  vc_custom_1664347780405   text-left d-inline-block  rounded-xl\" ><img loading=\"lazy\" decoding=\"async\" class=\"pix-lazy2 card-img2 rounded-xl h-1002\" src=\"https:\/\/www.tekislastik.com\/wp-content\/uploads\/2022\/01\/oeko-tex.png\" srcset=\"https:\/\/www.tekislastik.com\/wp-content\/uploads\/2022\/01\/oeko-tex.png 417w, https:\/\/www.tekislastik.com\/wp-content\/uploads\/2022\/01\/oeko-tex-212x300.png 212w\" width=\"417\" height=\"590\" alt=\"Zertifikat\" style=\"height:auto;\" title=\"\"><\/a><\/div><\/div><div class=\"d-inline-block \" ><div class=\"animate-in d-inline-block\" data-anim-type=\"fade-in-up\" data-anim-delay=\"800\"><a href=\"https:\/\/www.tekislastik.com\/wp-content\/uploads\/2021\/12\/iso-14001.png\"  class=\"pix-img-el  vc_custom_1664347744453   text-left d-inline-block  rounded-xl\" ><img loading=\"lazy\" decoding=\"async\" class=\"pix-lazy2 card-img2 rounded-xl h-1002\" src=\"https:\/\/www.tekislastik.com\/wp-content\/uploads\/2021\/12\/iso-14001.png\" srcset=\"https:\/\/www.tekislastik.com\/wp-content\/uploads\/2021\/12\/iso-14001.png 417w, https:\/\/www.tekislastik.com\/wp-content\/uploads\/2021\/12\/iso-14001-212x300.png 212w\" width=\"417\" height=\"590\" alt=\"Zertifikat\" style=\"height:auto;\" title=\"\"><\/a><\/div><\/div>[\/vc_column_inner][\/vc_row_inner][\/vc_column][vc_column width=&#8220;1\/2&#8243; content_align=&#8220;text-center&#8220; css=&#8220;.vc_custom_1638949601394{padding-top: 100px !important;padding-right: 30px !important;padding-bottom: 100px !important;padding-left: 30px !important;}&#8220;]<div id=\"el1669276361910-2d9e387d-9afc\" class=\"mb-3 text-center  vc_custom_1655370923598\"><h1 class=\"mb-32 pix-sliding-headline-2 animate-in font-weight-bold secondary-font \" data-anim-type=\"pix-sliding-text\" pix-anim-delay=\"500\" data-class=\"secondary-font text-heading-default\" style=\"\"><span class=\"slide-in-container \"><span class=\"pix-sliding-item secondary-font text-heading-default\" style=\"transition-delay: 0ms;\">Zertifizierung&#32;<\/span><\/span> <\/h1><\/div><div class=\"pix-el-text w-100 text-center \" ><div class=\"d-inline-block\" style=\"max-width:640px;\"><p class=\"text-18  text-dark-opacity-8 text-center \" ><span class=\"text-dark-opacity-8 animate-in d-inline-block\" data-anim-delay=\"200\" data-anim-type=\"fade-in-up\">Wir produzieren alle unsere Produkte wie Elastics, Tapes, B\u00e4nder und Bias Tapes unter dem OEKO-TEX-Zertifikat und f\u00fchren unsere anderen organisatorischen Prozesse wie Management und Arbeitsmedizin mit verschiedenen ISO-Zertifikaten durch.<\/span><\/p><\/div><\/div><div class=\"clients row   vc_custom_1643349988153\"><div class=\"d-none d-md-block clearfix w-100 col-12\"><\/div><div class=\"col-md col-12 -3  text-center client2 d-inline-block2 d-inline-flex client\"><a target=\"_self\" href=\"https:\/\/www.oeko-tex.com\/en\/label-check?tx_avsite_validitycheck%5Baction%5D=check&amp;tx_avsite_validitycheck%5Bcontroller%5D=Validity&amp;cHash=07353bd4b930f358743a3f1b45bf9364#c9\" class=\"client2 align-self-center py-3 d-inline-block w-100\" title=\"\" rel=\"noopener\"><img loading=\"lazy\" decoding=\"async\" src=\"https:\/\/www.tekislastik.com\/wp-content\/uploads\/2021\/12\/oeko-tex-logo.png\" srcset=\"https:\/\/www.tekislastik.com\/wp-content\/uploads\/2021\/12\/oeko-tex-logo-300x96.png 300w, https:\/\/www.tekislastik.com\/wp-content\/uploads\/2021\/12\/oeko-tex-logo.png 398w\" sizes=\"auto, (max-width: 398px) 100vw, 398px\" width=\"398\" height=\"127\" class=\"animate-in\" alt=\"\" data-anim-type=\"fade-in-up\" data-anim-delay=\"1000\" title=\"\"><\/a><\/div><div class=\"col-md col-12 -3  text-center client2 d-inline-block2 d-inline-flex client\"><div class=\"py-3 d-inline-block align-self-center w-100\" title=\"\"><img loading=\"lazy\" decoding=\"async\" src=\"https:\/\/www.tekislastik.com\/wp-content\/uploads\/2021\/12\/recycle.jpg\" srcset=\"https:\/\/www.tekislastik.com\/wp-content\/uploads\/2021\/12\/recycle.jpg 125w, https:\/\/www.tekislastik.com\/wp-content\/uploads\/2021\/12\/recycle-75x75.jpg 75w, https:\/\/www.tekislastik.com\/wp-content\/uploads\/2021\/12\/recycle-100x100.jpg 100w\" sizes=\"auto, (max-width: 125px) 100vw, 125px\" width=\"125\" height=\"125\" class=\"animate-in\" alt=\"\" data-anim-type=\"fade-in-up\" data-anim-delay=\"1200\" title=\"\"><\/div><\/div><div class=\"col-md col-12 -3  text-center client2 d-inline-block2 d-inline-flex client\"><div class=\"py-3 d-inline-block align-self-center w-100\" title=\"\"><img loading=\"lazy\" decoding=\"async\" src=\"https:\/\/www.tekislastik.com\/wp-content\/uploads\/2021\/12\/iso_9001.jpg\" srcset=\"https:\/\/www.tekislastik.com\/wp-content\/uploads\/2021\/12\/iso_9001-300x225.jpg 300w, https:\/\/www.tekislastik.com\/wp-content\/uploads\/2021\/12\/iso_9001-768x576.jpg 768w, https:\/\/www.tekislastik.com\/wp-content\/uploads\/2021\/12\/iso_9001-600x450.jpg 600w, https:\/\/www.tekislastik.com\/wp-content\/uploads\/2021\/12\/iso_9001.jpg 866w\" sizes=\"auto, (max-width: 866px) 100vw, 866px\" width=\"866\" height=\"650\" class=\"animate-in\" alt=\"\" data-anim-type=\"fade-in-up\" data-anim-delay=\"1400\" title=\"\"><\/div><\/div><\/div>\n[\/vc_column][\/vc_row][vc_row full_width=&#8220;stretch_row&#8220; content_placement=&#8220;middle&#8220; pix_particles_check=&#8220;&#8220; responsive_css=&#8220;{&#8222;pix_res_sm_pt&#8222;:&#8222;40&#8222;,&#8222;pix_res_sm_pb&#8222;:&#8222;40&#8222;,&#8222;pix_res_md_pt&#8222;:&#8222;40&#8222;,&#8222;pix_res_md_pb&#8222;:&#8222;40&#8222;}&#8220; css=&#8220;.vc_custom_1638949824212{padding-bottom: 100px !important;}&#8220;][vc_column width=&#8220;1\/2&#8243; responsive_css=&#8220;{&#8222;pix_res_sm_pt&#8222;:&#8222;20&#8222;,&#8222;pix_res_sm_pb&#8222;:&#8222;20&#8222;,&#8222;pix_res_md_pt&#8222;:&#8222;20&#8222;,&#8222;pix_res_md_pb&#8222;:&#8222;20&#8222;}&#8220; css=&#8220;.vc_custom_1613616585471{padding-top: 80px !important;padding-bottom: 80px !important;}&#8220;]<div id=\"el1613521949772-0c712dee-cf78\" class=\"pix-highlighted-element text-left  vc_custom_1669276435293\"><h2 class=\"pix-highlighted-items \" style=\"\" data-anim-type=\"\" data-anim-delay=\"0\"><span class=\"\"><span class=\"pix-highlighted-text pix-highlight-item font-weight-normal  heading-font text-heading-default\">Die Produktion kann nicht mit einem einzigen Arbeitsgang abgeschlossen werden<\/span><\/span><\/h2><\/div><div class=\"pix-el-text w-100   vc_custom_1676561063988\" ><p class=\"text-20  text-dark-opacity-8  \" >Nach dem Weben oder Stricken unserer Produkte werden ihre Haltbarkeit und Festigkeit durch Verfahren wie direkte Fixierung und Veredelung erh\u00f6ht, und es werden Gummib\u00e4nder oder B\u00e4nder hergestellt, um die Dehnbarkeit am ersten Tag nach dem Waschen \u00fcber viele Jahre hinweg zu erhalten.<\/p><\/div>[\/vc_column][vc_column width=&#8220;1\/2&#8243; content_align=&#8220;text-center&#8220;]<div class=\"pix-photo-stack pix-img-2  vc_custom_1664348011400\"><div class=\"img-el\" ><div class=\"w-100 pix-bounce-sm pix-duration-slow\"><div class=\"animate-in d-inline-block w-100\" data-anim-type=\"fade-in-up\" data-anim-delay=\"400\"><div class=\"tilt\"><img decoding=\"async\" width=\"979\" height=\"772\" class=\"pix-lazy rounded-lg shadow-lg shadow-hover-lg scale-sm d-inline-block\" loading=\"lazy\" data-srcset=\"https:\/\/www.tekislastik.com\/wp-content\/uploads\/2021\/12\/fixed-300x237.jpg 300w, https:\/\/www.tekislastik.com\/wp-content\/uploads\/2021\/12\/fixed-768x606.jpg 768w, https:\/\/www.tekislastik.com\/wp-content\/uploads\/2021\/12\/fixed-600x473.jpg 600w, https:\/\/www.tekislastik.com\/wp-content\/uploads\/2021\/12\/fixed.jpg 979w\" src=\"https:\/\/www.tekislastik.com\/wp-content\/plugins\/pixfort-core\/functions\/images\/loading.webp\" data-src=\"https:\/\/www.tekislastik.com\/wp-content\/uploads\/2021\/12\/fixed.jpg\" alt=\"Produktion\" title=\"\"><\/div><\/div><\/div><\/div><div class=\"img-el\" ><div class=\"w-100 pix-bounce-sm pix-duration-slow\"><div class=\"animate-in d-inline-block w-100\" data-anim-type=\"fade-in-up\" data-anim-delay=\"500\"><div class=\"tilt\"><img decoding=\"async\" width=\"1107\" height=\"1213\" class=\"pix-lazy rounded-lg shadow-lg shadow-hover-lg scale-sm d-inline-block\" loading=\"lazy\" data-srcset=\"https:\/\/www.tekislastik.com\/wp-content\/uploads\/2021\/12\/fixed_2-274x300.jpg 274w, https:\/\/www.tekislastik.com\/wp-content\/uploads\/2021\/12\/fixed_2-935x1024.jpg 935w, https:\/\/www.tekislastik.com\/wp-content\/uploads\/2021\/12\/fixed_2-768x842.jpg 768w, https:\/\/www.tekislastik.com\/wp-content\/uploads\/2021\/12\/fixed_2-600x657.jpg 600w, https:\/\/www.tekislastik.com\/wp-content\/uploads\/2021\/12\/fixed_2.jpg 1107w\" src=\"https:\/\/www.tekislastik.com\/wp-content\/plugins\/pixfort-core\/functions\/images\/loading.webp\" data-src=\"https:\/\/www.tekislastik.com\/wp-content\/uploads\/2021\/12\/fixed_2.jpg\" alt=\"Produktion\" title=\"\"><\/div><\/div><\/div><\/div><\/div>[\/vc_column][\/vc_row][\/vc_section]<\/p>\n","protected":false},"excerpt":{"rendered":"[vc_section full_width=&#8220;stretch_row&#8220; pix_over_visibility=&#8220;&#8220; css=&#8220;.vc_custom_1591317408897{padding-top: 0px !important;}&#8220;][vc_row full_width=&#8220;stretch_row_content_no_spaces&#8220; pix_particles_check=&#8220;&#8220; el_class=&#8220;pix-scale-in-sm&#8220;][vc_column][\/vc_column][\/vc_row][vc_row full_width=&#8220;stretch_row&#8220; content_placement=&#8220;top&#8220; pix_particles_check=&#8220;&#8220; css=&#8220;.vc_custom_1638949382873{padding-top: 60px !important;padding-bottom: 40px !important;}&#8220;][vc_column width=&#8220;1\/2&#8243;][vc_row_inner][vc_column_inner width=&#8220;1\/2&#8243;][\/vc_column_inner][vc_column_inner width=&#8220;1\/2&#8243;][\/vc_column_inner][\/vc_row_inner][\/vc_column][vc_column width=&#8220;1\/2&#8243; content_align=&#8220;text-center&#8220; css=&#8220;.vc_custom_1638949601394{padding-top: 100px !important;padding-right: 30px !important;padding-bottom: 100px !important;padding-left: 30px !important;}&#8220;][\/vc_column][\/vc_row][vc_row full_width=&#8220;stretch_row&#8220; content_placement=&#8220;middle&#8220; pix_particles_check=&#8220;&#8220; responsive_css=&#8220;{&#8222;pix_res_sm_pt&#8222;:&#8222;40&#8222;,&#8222;pix_res_sm_pb&#8222;:&#8222;40&#8222;,&#8222;pix_res_md_pt&#8222;:&#8222;40&#8222;,&#8222;pix_res_md_pb&#8222;:&#8222;40&#8222;}&#8220; css=&#8220;.vc_custom_1638949824212{padding-bottom: 100px !important;}&#8220;][vc_column width=&#8220;1\/2&#8243; responsive_css=&#8220;{&#8222;pix_res_sm_pt&#8222;:&#8222;20&#8222;,&#8222;pix_res_sm_pb&#8222;:&#8222;20&#8222;,&#8222;pix_res_md_pt&#8222;:&#8222;20&#8222;,&#8222;pix_res_md_pb&#8222;:&#8222;20&#8222;}&#8220;&#8230;","protected":false},"author":1,"featured_media":23503,"parent":0,"menu_order":0,"comment_status":"closed","ping_status":"closed","template":"","meta":{"footnotes":""},"class_list":["post-25890","page","type-page","status-publish","has-post-thumbnail","hentry"],"_links":{"self":[{"href":"https:\/\/www.tekislastik.com\/de\/wp-json\/wp\/v2\/pages\/25890","targetHints":{"allow":["GET"]}}],"collection":[{"href":"https:\/\/www.tekislastik.com\/de\/wp-json\/wp\/v2\/pages"}],"about":[{"href":"https:\/\/www.tekislastik.com\/de\/wp-json\/wp\/v2\/types\/page"}],"author":[{"embeddable":true,"href":"https:\/\/www.tekislastik.com\/de\/wp-json\/wp\/v2\/users\/1"}],"replies":[{"embeddable":true,"href":"https:\/\/www.tekislastik.com\/de\/wp-json\/wp\/v2\/comments?post=25890"}],"version-history":[{"count":0,"href":"https:\/\/www.tekislastik.com\/de\/wp-json\/wp\/v2\/pages\/25890\/revisions"}],"wp:featuredmedia":[{"embeddable":true,"href":"https:\/\/www.tekislastik.com\/de\/wp-json\/wp\/v2\/media\/23503"}],"wp:attachment":[{"href":"https:\/\/www.tekislastik.com\/de\/wp-json\/wp\/v2\/media?parent=25890"}],"curies":[{"name":"wp","href":"https:\/\/api.w.org\/{rel}","templated":true}]}}